{"id":1106,"date":"2018-01-09T20:25:00","date_gmt":"2018-01-09T20:25:00","guid":{"rendered":"https:\/\/pocketlearningspanish.com\/?page_id=1106"},"modified":"2025-05-26T21:31:22","modified_gmt":"2025-05-26T19:31:22","slug":"politica-de-privacidad","status":"publish","type":"page","link":"https:\/\/conversaspanishinstitute.com\/es\/politica-de-privacidad\/","title":{"rendered":"Pol\u00edtica de privacidad"},"content":{"rendered":"<div data-elementor-type=\"wp-post\" data-elementor-id=\"1106\" class=\"elementor elementor-1106\" data-elementor-post-type=\"page\">\n\t\t\t\t\t\t<section data-particle_enable=\"false\" data-particle-mobile-disabled=\"false\" class=\"elementor-section elementor-top-section elementor-element elementor-element-d16b1cf about-us elementor-section-boxed elementor-section-height-default elementor-section-height-default\" data-id=\"d16b1cf\" data-element_type=\"section\" data-settings=\"{&quot;background_background&quot;:&quot;classic&quot;,&quot;jet_parallax_layout_list&quot;:[],&quot;shape_divider_bottom&quot;:&quot;curve&quot;,&quot;shape_divider_bottom_negative&quot;:&quot;yes&quot;}\">\n\t\t\t\t\t\t\t<div class=\"elementor-background-overlay\"><\/div>\n\t\t\t\t\t\t<div class=\"elementor-shape elementor-shape-bottom\" aria-hidden=\"true\" data-negative=\"true\">\n\t\t\t<svg xmlns=\"http:\/\/www.w3.org\/2000\/svg\" viewbox=\"0 0 1000 100\" preserveaspectratio=\"none\">\n\t<path class=\"elementor-shape-fill\" d=\"M500,97C126.7,96.3,0.8,19.8,0,0v100l1000,0V1C1000,19.4,873.3,97.8,500,97z\"\/>\n<\/svg>\t\t<\/div>\n\t\t\t\t\t<div class=\"elementor-container elementor-column-gap-default\">\n\t\t\t\t\t<div class=\"elementor-column elementor-col-100 elementor-top-column elementor-element elementor-element-12261c2\" data-id=\"12261c2\" data-element_type=\"column\">\n\t\t\t<div class=\"elementor-widget-wrap elementor-element-populated\">\n\t\t\t\t\t\t<div class=\"elementor-element elementor-element-8277194 elementor-widget__width-initial elementor-widget elementor-widget-heading\" data-id=\"8277194\" data-element_type=\"widget\" data-widget_type=\"heading.default\">\n\t\t\t\t<div class=\"elementor-widget-container\">\n\t\t\t\t\t<h2 class=\"elementor-heading-title elementor-size-default\"><b><i>Pol\u00edtica de privacidad de Conversa Spanish Institute<\/i><\/b><\/h2>\t\t\t\t<\/div>\n\t\t\t\t<\/div>\n\t\t\t\t\t<\/div>\n\t\t<\/div>\n\t\t\t\t\t<\/div>\n\t\t<\/section>\n\t\t\t\t<section data-particle_enable=\"false\" data-particle-mobile-disabled=\"false\" class=\"elementor-section elementor-top-section elementor-element elementor-element-658ea4d elementor-section-boxed elementor-section-height-default elementor-section-height-default\" data-id=\"658ea4d\" data-element_type=\"section\" data-settings=\"{&quot;background_background&quot;:&quot;classic&quot;,&quot;jet_parallax_layout_list&quot;:[]}\">\n\t\t\t\t\t\t<div class=\"elementor-container elementor-column-gap-default\">\n\t\t\t\t\t<div class=\"elementor-column elementor-col-100 elementor-top-column elementor-element elementor-element-88add30\" data-id=\"88add30\" data-element_type=\"column\">\n\t\t\t<div class=\"elementor-widget-wrap elementor-element-populated\">\n\t\t\t\t\t\t<div class=\"elementor-element elementor-element-c42a185 elementor-widget elementor-widget-text-editor\" data-id=\"c42a185\" data-element_type=\"widget\" data-widget_type=\"text-editor.default\">\n\t\t\t\t<div class=\"elementor-widget-container\">\n\t\t\t\t\t\t\t\t\t<h4><b>Introducci\u00f3n<\/b><\/h4><p><span style=\"font-weight: 400;\">En Conversa Spanish Institute, estamos comprometidos con la protecci\u00f3n y seguridad de la informaci\u00f3n personal, adhiri\u00e9ndonos al Reglamento General de Protecci\u00f3n de Datos (RGPD) y a las leyes locales espa\u00f1olas. Defendemos los principios de legalidad, lealtad y transparencia.<\/span><\/p><h4><b>\u00a0<\/b><\/h4><h4><b>Identidad del responsable del tratamiento<\/b><\/h4><ul><li aria-level=\"1\"><b>Nombre de la empresa<\/b>: CONVERSA 2021 LANGUAGE INSTITUTE SL<\/li><li aria-level=\"1\"><b>Nombre comercial<\/b>: Conversa Spanish Institute<\/li><li style=\"font-weight: 400;\" aria-level=\"1\"><b>CIF<\/b><span style=\"font-weight: 400;\">: B16808891<\/span><\/li><li style=\"font-weight: 400;\" aria-level=\"1\"><b>Direcci\u00f3n<\/b><span style=\"font-weight: 400;\">: Av. del Marqu\u00e9s de Sotelo 3, Planta 2, Puerta 4, 46002 Valencia<\/span><\/li><li style=\"font-weight: 400;\" aria-level=\"1\"><b>Correo electr\u00f3nico<\/b><span style=\"font-weight: 400;\">: admin@conversainstitute.com<\/span><\/li><li style=\"font-weight: 400;\" aria-level=\"1\"><b>Tel\u00e9fono<\/b><span style=\"font-weight: 400;\">: +34 961 25 87 67<\/span><\/li><li style=\"font-weight: 400;\" aria-level=\"1\"><b>Actividad<\/b><span style=\"font-weight: 400;\">: Difusi\u00f3n y ense\u00f1anza de idiomas<\/span><\/li><\/ul><div>\u00a0<\/div><h4><b>\u00a0<\/b><\/h4><h4><b>Datos personales que recogemos<\/b><\/h4><p><span style=\"font-weight: 400;\">Recogemos datos para la gesti\u00f3n de nuestros servicios educativos:<\/span><\/p><ul><li style=\"font-weight: 400;\" aria-level=\"1\"><b>Identificaci\u00f3n y contacto<\/b><span style=\"font-weight: 400;\">: Nombre, direcci\u00f3n de correo electr\u00f3nico, direcci\u00f3n f\u00edsica, n\u00famero de tel\u00e9fono.<\/span><\/li><li style=\"font-weight: 400;\" aria-level=\"1\"><b>Datos financieros<\/b><span style=\"font-weight: 400;\">: Informaci\u00f3n sobre el pago.<\/span><\/li><li style=\"font-weight: 400;\" aria-level=\"1\"><b>Datos acad\u00e9micos<\/b><span style=\"font-weight: 400;\">: Informaci\u00f3n sobre el rendimiento escolar.<\/span><\/li><li style=\"font-weight: 400;\" aria-level=\"1\"><b>Datos m\u00e9dicos<\/b><span style=\"font-weight: 400;\">: Informaci\u00f3n m\u00e9dica necesaria para adaptaciones o requisitos especiales.<\/span><\/li><\/ul><div>\u00a0<\/div><div><h4>\u00a0<\/h4><h4><b>Consentimiento para la captura y publicaci\u00f3n de im\u00e1genes\/v\u00eddeos<\/b><\/h4><p>CONVERSA 2021 LANGUAGE INSTITUTE SL es el Responsable del Tratamiento de los datos personales del Titular y le informa que dichos datos ser\u00e1n tratados de conformidad con lo dispuesto en el Reglamento (UE) 2016\/679, de 27 de abril (GDPR), la Ley Org\u00e1nica 3\/2018, de 5 de diciembre (LOPDGDD), y la Ley (ES) 1\/1982 de protecci\u00f3n civil, derecho al honor, a la intimidad personal y familiar y a la propia imagen, por lo que se le facilita la siguiente informaci\u00f3n del tratamiento:<\/p><p>Finalidades y legitimaci\u00f3n del tratamiento: captaci\u00f3n de im\u00e1genes y grabaci\u00f3n de v\u00eddeos con y sin voz, de las actividades realizadas por el Responsable del Tratamiento (con el consentimiento del interesado, art. 6.1.a GDPR) para ser colgadas en los murales internos del centro, as\u00ed como publicaci\u00f3n en medios del Responsable del Tratamiento, incluidas las redes sociales del mismo.<\/p><\/div><div>\u00a0<\/div><h4><b>\u00bfCu\u00e1nto tiempo conservaremos tus datos?<\/b><\/h4><ul><li style=\"font-weight: 400;\" aria-level=\"1\"><b>Datos del cliente<\/b><span style=\"font-weight: 400;\">: Hasta 4 a\u00f1os seg\u00fan la Ley de Delitos y Sanciones en el Orden Social, 5 a\u00f1os seg\u00fan el Art\u00edculo 1964 del C\u00f3digo Civil, 6 a\u00f1os seg\u00fan el Art\u00edculo 30 del C\u00f3digo de Comercio, y hasta 10 a\u00f1os seg\u00fan la Ley de Prevenci\u00f3n del Blanqueo de Capitales y Financiaci\u00f3n del Terrorismo.<\/span><\/li><li style=\"font-weight: 400;\" aria-level=\"1\"><b>Datos del suscriptor<\/b><span style=\"font-weight: 400;\">: Desde el momento de la suscripci\u00f3n hasta que se den de baja.<\/span><\/li><li style=\"font-weight: 400;\" aria-level=\"1\"><b>Datos de clientes potenciales<\/b><span style=\"font-weight: 400;\">: Hasta dos a\u00f1os despu\u00e9s de la \u00faltima interacci\u00f3n.<\/span><\/li><\/ul><div>\u00a0<\/div><h4><b>\u00bfCu\u00e1les son tus derechos sobre tus datos?<\/b><\/h4><p><span style=\"font-weight: 400;\">Puedes solicitar el acceso, la rectificaci\u00f3n, la supresi\u00f3n, la limitaci\u00f3n del tratamiento, la oposici\u00f3n al tratamiento y la portabilidad de tus datos. Para ejercer estos derechos, ponte en contacto con admin@conversainstitute.com. Si no est\u00e1s satisfecho, tienes derecho a presentar una reclamaci\u00f3n ante la Autoridad de Control (<\/span><a href=\"http:\/\/www.agpd.es\/\"><b>www.agpd.es<\/b><\/a><span style=\"font-weight: 400;\">).<\/span><\/p><p><span style=\"font-weight: 400;\">\u00a0<\/span><\/p><h4><b>Notificaci\u00f3n y declaraci\u00f3n de infracciones<\/b><\/h4><p><span style=\"font-weight: 400;\">En caso de que se produzca una brecha de  seguridad que afecte a tus datos, se te informar\u00e1 sin demora.<\/span><\/p><p><span style=\"font-weight: 400;\">\u00a0<\/span><\/p><h4><b>\u00bfA qui\u00e9n se comunicar\u00e1n tus datos?<\/b><\/h4><p><span style=\"font-weight: 400;\">S\u00f3lo compartimos tus datos con los terceros necesarios para prestar nuestros servicios educativos y cumplir las obligaciones legales. Todos los terceros cumplen la normativa sobre protecci\u00f3n de datos.<\/span><\/p><p><span style=\"font-weight: 400;\">\u00a0<\/span><\/p><h4><b>Transferencias internacionales<\/b><\/h4><p><span style=\"font-weight: 400;\">Cualquier transferencia internacional de datos se lleva a cabo de conformidad con las garant\u00edas adecuadas y seg\u00fan el acuerdo del Escudo de la Privacidad.<\/span><\/p><p><span style=\"font-weight: 400;\">\u00a0<\/span><\/p><h4><b>Cambios en la Pol\u00edtica de Privacidad<\/b><\/h4><p><span style=\"font-weight: 400;\">Nos reservamos el derecho a modificar esta pol\u00edtica para adaptarla a los cambios legislativos o a las pr\u00e1cticas del sector. Los cambios se anunciar\u00e1n con antelaci\u00f3n.<\/span><\/p>\t\t\t\t\t\t\t\t<\/div>\n\t\t\t\t<\/div>\n\t\t\t\t\t<\/div>\n\t\t<\/div>\n\t\t\t\t\t<\/div>\n\t\t<\/section>\n\t\t\t\t<\/div>","protected":false},"excerpt":{"rendered":"<p>Pol\u00edtica de privacidad de Conversa Spanish Institute Introducci\u00f3n En Conversa Spanish Institute, estamos comprometidos con la protecci\u00f3n y seguridad de la informaci\u00f3n personal, adhiri\u00e9ndonos al Reglamento General de Protecci\u00f3n de Datos (RGPD) y a las leyes locales espa\u00f1olas. Defendemos los principios de legalidad, lealtad y transparencia. Identidad del Responsable del Tratamiento Nombre comercial: INSTITUTO DE IDIOMAS CONVERSA 2021 SL [...]<\/p>","protected":false},"author":1,"featured_media":0,"parent":0,"menu_order":0,"comment_status":"closed","ping_status":"closed","template":"elementor_header_footer","meta":{"_acf_changed":false,"footnotes":""},"class_list":["post-1106","page","type-page","status-publish","hentry"],"acf":[],"jetpack_sharing_enabled":true,"_links":{"self":[{"href":"https:\/\/conversaspanishinstitute.com\/es\/wp-json\/wp\/v2\/pages\/1106","targetHints":{"allow":["GET"]}}],"collection":[{"href":"https:\/\/conversaspanishinstitute.com\/es\/wp-json\/wp\/v2\/pages"}],"about":[{"href":"https:\/\/conversaspanishinstitute.com\/es\/wp-json\/wp\/v2\/types\/page"}],"author":[{"embeddable":true,"href":"https:\/\/conversaspanishinstitute.com\/es\/wp-json\/wp\/v2\/users\/1"}],"replies":[{"embeddable":true,"href":"https:\/\/conversaspanishinstitute.com\/es\/wp-json\/wp\/v2\/comments?post=1106"}],"version-history":[{"count":33,"href":"https:\/\/conversaspanishinstitute.com\/es\/wp-json\/wp\/v2\/pages\/1106\/revisions"}],"predecessor-version":[{"id":18449,"href":"https:\/\/conversaspanishinstitute.com\/es\/wp-json\/wp\/v2\/pages\/1106\/revisions\/18449"}],"wp:attachment":[{"href":"https:\/\/conversaspanishinstitute.com\/es\/wp-json\/wp\/v2\/media?parent=1106"}],"curies":[{"name":"wp","href":"https:\/\/api.w.org\/{rel}","templated":true}]}}