{"id":12353,"date":"2023-04-03T13:57:42","date_gmt":"2023-04-03T13:57:42","guid":{"rendered":"https:\/\/conversaspanishinstitute.com\/?page_id=12353"},"modified":"2025-05-27T17:19:54","modified_gmt":"2025-05-27T15:19:54","slug":"consentimiento-para-la-captura-y-publicacion-de-imagenes","status":"publish","type":"page","link":"https:\/\/conversaspanishinstitute.com\/es\/consentimiento-para-la-captacion-y-publicacion-de-imagenes\/","title":{"rendered":"Consentimiento para la captaci\u00f3n y publicaci\u00f3n de im\u00e1genes"},"content":{"rendered":"<div data-elementor-type=\"wp-page\" data-elementor-id=\"12353\" class=\"elementor elementor-12353\" data-elementor-post-type=\"page\">\n\t\t\t\t\t\t<section data-particle_enable=\"false\" data-particle-mobile-disabled=\"false\" class=\"elementor-section elementor-top-section elementor-element elementor-element-ea03c08 about-us elementor-section-boxed elementor-section-height-default elementor-section-height-default\" data-id=\"ea03c08\" data-element_type=\"section\" data-e-type=\"section\" data-settings=\"{&quot;background_background&quot;:&quot;classic&quot;,&quot;jet_parallax_layout_list&quot;:[],&quot;shape_divider_bottom&quot;:&quot;curve&quot;,&quot;shape_divider_bottom_negative&quot;:&quot;yes&quot;}\">\n\t\t\t\t\t\t\t<div class=\"elementor-background-overlay\"><\/div>\n\t\t\t\t\t\t<div class=\"elementor-shape elementor-shape-bottom\" aria-hidden=\"true\" data-negative=\"true\">\n\t\t\t<svg xmlns=\"http:\/\/www.w3.org\/2000\/svg\" viewbox=\"0 0 1000 100\" preserveaspectratio=\"none\">\n\t<path class=\"elementor-shape-fill\" d=\"M500,97C126.7,96.3,0.8,19.8,0,0v100l1000,0V1C1000,19.4,873.3,97.8,500,97z\"\/>\n<\/svg>\t\t<\/div>\n\t\t\t\t\t<div class=\"elementor-container elementor-column-gap-default\">\n\t\t\t\t\t<div class=\"elementor-column elementor-col-100 elementor-top-column elementor-element elementor-element-03c7418\" data-id=\"03c7418\" data-element_type=\"column\" data-e-type=\"column\">\n\t\t\t<div class=\"elementor-widget-wrap elementor-element-populated\">\n\t\t\t\t\t\t<div class=\"elementor-element elementor-element-69edb73 elementor-widget__width-initial elementor-widget elementor-widget-heading\" data-id=\"69edb73\" data-element_type=\"widget\" data-e-type=\"widget\" data-widget_type=\"heading.default\">\n\t\t\t\t<div class=\"elementor-widget-container\">\n\t\t\t\t\t<h2 class=\"elementor-heading-title elementor-size-default\"><b><i>Consentimiento para la captaci\u00f3n y publicaci\u00f3n de im\u00e1genes<\/i><\/b><\/h2>\t\t\t\t<\/div>\n\t\t\t\t<\/div>\n\t\t\t\t\t<\/div>\n\t\t<\/div>\n\t\t\t\t\t<\/div>\n\t\t<\/section>\n\t\t\t\t<section data-particle_enable=\"false\" data-particle-mobile-disabled=\"false\" class=\"elementor-section elementor-top-section elementor-element elementor-element-95146e9 elementor-section-boxed elementor-section-height-default elementor-section-height-default\" data-id=\"95146e9\" data-element_type=\"section\" data-e-type=\"section\" data-settings=\"{&quot;jet_parallax_layout_list&quot;:[]}\">\n\t\t\t\t\t\t<div class=\"elementor-container elementor-column-gap-default\">\n\t\t\t\t\t<div class=\"elementor-column elementor-col-100 elementor-top-column elementor-element elementor-element-b57239a\" data-id=\"b57239a\" data-element_type=\"column\" data-e-type=\"column\">\n\t\t\t<div class=\"elementor-widget-wrap elementor-element-populated\">\n\t\t\t\t\t\t<div class=\"elementor-element elementor-element-f868ded elementor-widget elementor-widget-accordion\" data-id=\"f868ded\" data-element_type=\"widget\" data-e-type=\"widget\" data-widget_type=\"accordion.default\">\n\t\t\t\t<div class=\"elementor-widget-container\">\n\t\t\t\t\t\t\t<div class=\"elementor-accordion\">\n\t\t\t\t\t\t\t<div class=\"elementor-accordion-item\">\n\t\t\t\t\t<div id=\"elementor-tab-title-2601\" class=\"elementor-tab-title\" data-tab=\"1\" role=\"button\" aria-controls=\"elementor-tab-content-2601\" aria-expanded=\"false\">\n\t\t\t\t\t\t\t\t\t\t\t\t\t<span class=\"elementor-accordion-icon elementor-accordion-icon-left\" aria-hidden=\"true\">\n\t\t\t\t\t\t\t\t\t\t\t\t\t\t\t<span class=\"elementor-accordion-icon-closed\"><i class=\"fas fa-chevron-right\"><\/i><\/span>\n\t\t\t\t\t\t\t\t<span class=\"elementor-accordion-icon-opened\"><i class=\"fas fa-chevron-down\"><\/i><\/span>\n\t\t\t\t\t\t\t\t\t\t\t\t\t\t<\/span>\n\t\t\t\t\t\t\t\t\t\t\t\t<a class=\"elementor-accordion-title\" tabindex=\"0\">\ud83c\uddea\ud83c\udde6 Consentimiento para la captaci\u00f3n y publicaci\u00f3n de im\u00e1genes <\/a>\n\t\t\t\t\t<\/div>\n\t\t\t\t\t<div id=\"elementor-tab-content-2601\" class=\"elementor-tab-content elementor-clearfix\" data-tab=\"1\" role=\"region\" aria-labelledby=\"elementor-tab-title-2601\"><p>CONVERSA 2021 LANGUAGE INSTITUTE SL es el <strong>Responsable del tratamiento <\/strong>de los datos personales del <strong>Interesado <\/strong>y le informa de que estos datos se tratar\u00e1n de conformidad con lo dispuesto en el Reglamento (UE) 2016\/679, de 27 de abril (GDPR), la Ley Org\u00e1nica 3\/2018, de 5 de diciembre (LOPDGDD), y la Ley (ES) 1\/1982 de protecci\u00f3n civil, derecho al honor, intimidad personal y familiar y a la propia imagen, por lo que se le facilita la siguiente informaci\u00f3n del tratamiento:<\/p><p><strong>Multas y legitimaci\u00f3n del tratamiento<\/strong>captaci\u00f3n de im\u00e1genes y grabaci\u00f3n de v\u00eddeos con y sin voz, de las actividades llevadas a cabo por el Responsable del tratamiento (con el consentimiento del interesado, art. 6.1.a GDPR) para ser colgadas en los murales internos del centro, as\u00ed como la publicaci\u00f3n en medios de comunicaci\u00f3n del Responsable, incluidas las redes sociales del mismo.<\/p><p><strong>Criterios de conservaci\u00f3n de los datos<\/strong>se conservar\u00e1n durante no m\u00e1s tiempo del necesario para mantener el fin del tratamiento o existan prescripciones legales que dicaminen su custodia y cuando ya no sea necesario para ello, se suprimir\u00e1n con medidas de seguridad adecuadas para garantizar la anonimizaci\u00f3n de los datos o la destrucci\u00f3n total de los mismos.<\/p><p><strong>Derechos que asisten al Interesado<\/strong>: Revocar el consentimiento en cualquier momento. Acceso, rectificaci\u00f3n, portabilidad y supresi\u00f3n de sus datos y limitaci\u00f3n u oposici\u00f3n al tratamiento. Presentar una reclamaci\u00f3n ante la Autoridad de control (<a href=\"http:\/\/www.aepd.es\">www.aepd.es<\/a> ) si considera que el tratamiento no se ajusta a la normativa vigente.<\/p><p><strong>Datos de contacto para ejercer sus derechos: <\/strong>INSTITUTO DE IDIOMAS CONVERSA 2021 SL. Avda. Arag\u00f3n n\u00ba30 bajo local 11. 46021, Valencia. Correo electr\u00f3nico: <a href=\"mailto:admin@conversainstitute.com\">admin@conversainstitute.com<\/a><\/p><p><strong>Comunicaci\u00f3n de los datos<\/strong>no se comunicar\u00e1n los datos a terceros sin su consentimiento, salvo obligaci\u00f3n legal. El padre\/madre\/tutor legal puede autorizar o no el tratamiento se\u00f1alando con una \"x\" en la casilla correspondiente de S\u00cd (doy el consentimiento) o NO (no doy el consentimiento) para las acciones indicadas en el formulario.<\/p><\/div>\n\t\t\t\t<\/div>\n\t\t\t\t\t\t\t<div class=\"elementor-accordion-item\">\n\t\t\t\t\t<div id=\"elementor-tab-title-2602\" class=\"elementor-tab-title\" data-tab=\"2\" role=\"button\" aria-controls=\"elementor-tab-content-2602\" aria-expanded=\"false\">\n\t\t\t\t\t\t\t\t\t\t\t\t\t<span class=\"elementor-accordion-icon elementor-accordion-icon-left\" aria-hidden=\"true\">\n\t\t\t\t\t\t\t\t\t\t\t\t\t\t\t<span class=\"elementor-accordion-icon-closed\"><i class=\"fas fa-chevron-right\"><\/i><\/span>\n\t\t\t\t\t\t\t\t<span class=\"elementor-accordion-icon-opened\"><i class=\"fas fa-chevron-down\"><\/i><\/span>\n\t\t\t\t\t\t\t\t\t\t\t\t\t\t<\/span>\n\t\t\t\t\t\t\t\t\t\t\t\t<a class=\"elementor-accordion-title\" tabindex=\"0\">\ud83c\uddfa\ud83c\uddf8 Consentimiento para la captura y publicaci\u00f3n de im\u00e1genes<\/a>\n\t\t\t\t\t<\/div>\n\t\t\t\t\t<div id=\"elementor-tab-content-2602\" class=\"elementor-tab-content elementor-clearfix\" data-tab=\"2\" role=\"region\" aria-labelledby=\"elementor-tab-title-2602\"><p>CONVERSA 2021 LANGUAGE INSTITUTE SL es el Responsable del Tratamiento de los datos personales del Titular y le informa que dichos datos ser\u00e1n tratados de conformidad con lo dispuesto en el Reglamento (UE) 2016\/679, de 27 de abril (GDPR), la Ley Org\u00e1nica 3\/2018, de 5 de diciembre (LOPDGDD), y la Ley (ES) 1\/1982 de protecci\u00f3n civil, derecho al honor, a la intimidad personal y familiar y a la propia imagen, por lo que se le facilita la siguiente informaci\u00f3n del tratamiento:<\/p><p>Finalidades y legitimaci\u00f3n del tratamiento: captaci\u00f3n de im\u00e1genes y grabaci\u00f3n de v\u00eddeos con y sin voz, de las actividades realizadas por el Responsable del Tratamiento (con el consentimiento del interesado, art. 6.1.a GDPR) para ser colgadas en los murales internos del centro, as\u00ed como publicaci\u00f3n en medios del Responsable del Tratamiento, incluidas las redes sociales del mismo.<\/p><p>Criterios de conservaci\u00f3n de los datos: se conservar\u00e1n durante un plazo no superior al necesario para el mantenimiento de la finalidad del tratamiento o existan exigencias legales que impongan su custodia y cuando ya no sea necesario para dicha finalidad, se suprimir\u00e1n con las medidas de seguridad adecuadas para garantizar la anonimizaci\u00f3n de los datos o su destrucci\u00f3n total.<\/p><p>Derechos del Interesado: Retirar el consentimiento en cualquier momento. Acceder, rectificar, portar y suprimir sus datos y a la limitaci\u00f3n u oposici\u00f3n al tratamiento. Presentar una reclamaci\u00f3n ante la autoridad de control (www.aepd.es) si consideras que el tratamiento no se ajusta a la normativa vigente.<\/p><p>Datos de contacto para ejercer tus derechos: INSTITUTO DE IDIOMAS CONVERSA 2021 SL. Avda. Arag\u00f3n n\u00ba30 bajo local 11. 46021, Valencia. Correo electr\u00f3nico: admin@conversainstitute.com<\/p><p>Comunicaci\u00f3n de datos: los datos no ser\u00e1n comunicados a terceros sin tu consentimiento, salvo obligaci\u00f3n legal. El padre\/madre\/tutor legal puede autorizar o no el tratamiento marcando con una \"x\" en la casilla correspondiente S\u00cd (doy mi consentimiento) o NO (no doy mi consentimiento) para las acciones mencionadas en el formulario.<\/p><\/div>\n\t\t\t\t<\/div>\n\t\t\t\t\t\t\t<div class=\"elementor-accordion-item\">\n\t\t\t\t\t<div id=\"elementor-tab-title-2603\" class=\"elementor-tab-title\" data-tab=\"3\" role=\"button\" aria-controls=\"elementor-tab-content-2603\" aria-expanded=\"false\">\n\t\t\t\t\t\t\t\t\t\t\t\t\t<span class=\"elementor-accordion-icon elementor-accordion-icon-left\" aria-hidden=\"true\">\n\t\t\t\t\t\t\t\t\t\t\t\t\t\t\t<span class=\"elementor-accordion-icon-closed\"><i class=\"fas fa-chevron-right\"><\/i><\/span>\n\t\t\t\t\t\t\t\t<span class=\"elementor-accordion-icon-opened\"><i class=\"fas fa-chevron-down\"><\/i><\/span>\n\t\t\t\t\t\t\t\t\t\t\t\t\t\t<\/span>\n\t\t\t\t\t\t\t\t\t\t\t\t<a class=\"elementor-accordion-title\" tabindex=\"0\">\ud83c\uddeb\ud83c\uddf7 Consentimiento para la captura y publicaci\u00f3n de im\u00e1genes<\/a>\n\t\t\t\t\t<\/div>\n\t\t\t\t\t<div id=\"elementor-tab-content-2603\" class=\"elementor-tab-content elementor-clearfix\" data-tab=\"3\" role=\"region\" aria-labelledby=\"elementor-tab-title-2603\"><p>CONVERSA 2021 LANGUAGE INSTITUTE SL es el responsable del tratamiento de los datos personales de la persona afectada y le informamos que dichos datos ser\u00e1n tratados de conformidad con lo dispuesto en el Reglamento (UE) 2016\/679 de 27 de abril (GDPR), de la ley org\u00e1nica 3\/2018 de 5 de diciembre (LOPDGDD) y de la ley (ES) 1\/1982 sobre la protecci\u00f3n civil, el derecho al honor, a la intimidad personal y familiar y a la propia imagen, por lo que te facilitamos la siguiente informaci\u00f3n de tratamiento :<\/p><p>Finalidad y licitud del tratamiento: captaci\u00f3n de im\u00e1genes y grabaci\u00f3n de v\u00eddeos con y sin voz, de actividades realizadas por el responsable del tratamiento (con el consentimiento de la persona afectada, art. 6.1.a GDPR) para ser reproducidas en las pinturas murales internas del centro, y publicaci\u00f3n en los medios de comunicaci\u00f3n del responsable del tratamiento (con el consentimiento de la persona afectada, art. 6.1.a GDPR). 6.1.a GDPR) para ser reproducidas en las pinturas murales internas del centro, as\u00ed como la publicaci\u00f3n en los medios de comunicaci\u00f3n del responsable del tratamiento, incluidas las redes sociales del mismo.<\/p><p>Criterios de conservaci\u00f3n de los datos : los datos se conservar\u00e1n durante un per\u00edodo no superior al necesario para la realizaci\u00f3n de la finalidad del tratamiento o a la existencia de requisitos legales que impongan su conservaci\u00f3n y, cuando no sean m\u00e1s necesarios a tal fin, se complementar\u00e1n con las medidas de seguridad adecuadas para garantizar el anonimato de los datos o la destrucci\u00f3n total de los mismos.<\/p><p>Derechos de la persona afectada: retirar su consentimiento en cualquier momento. Acceso, rectificaci\u00f3n, portabilidad y supresi\u00f3n de sus datos y limitaci\u00f3n u oposici\u00f3n al tratamiento. Presenta una reclamaci\u00f3n a la autoridad de control (www.aepd.es) si crees que el tratamiento no se ajusta a la legislaci\u00f3n vigente.<\/p><p>Coordonn\u00e9es pour l'exercice de vos droits : INSTITUTO DE LENGUAS CONVERSA 2021 SL. Avda. Arag\u00f3n n\u00ba30 bajo local 11. 46021, Valencia. Correo electr\u00f3nico: admin@conversainstitute.com<\/p><p>Comunicaci\u00f3n de datos: los datos no se comunicar\u00e1n a terceros sin tu consentimiento, salvo en caso de obligaci\u00f3n legal. El padre\/madre\/tutor legal puede autorizar o no el tratamiento marcando con una \"x\" el caso correspondiente OUI (doy mi consentimiento) o NON (no doy mi consentimiento) para las acciones mencionadas en el formulario.<\/p><\/div>\n\t\t\t\t<\/div>\n\t\t\t\t\t\t\t<div class=\"elementor-accordion-item\">\n\t\t\t\t\t<div id=\"elementor-tab-title-2604\" class=\"elementor-tab-title\" data-tab=\"4\" role=\"button\" aria-controls=\"elementor-tab-content-2604\" aria-expanded=\"false\">\n\t\t\t\t\t\t\t\t\t\t\t\t\t<span class=\"elementor-accordion-icon elementor-accordion-icon-left\" aria-hidden=\"true\">\n\t\t\t\t\t\t\t\t\t\t\t\t\t\t\t<span class=\"elementor-accordion-icon-closed\"><i class=\"fas fa-chevron-right\"><\/i><\/span>\n\t\t\t\t\t\t\t\t<span class=\"elementor-accordion-icon-opened\"><i class=\"fas fa-chevron-down\"><\/i><\/span>\n\t\t\t\t\t\t\t\t\t\t\t\t\t\t<\/span>\n\t\t\t\t\t\t\t\t\t\t\t\t<a class=\"elementor-accordion-title\" tabindex=\"0\">\ud83c\uddee\ud83c\uddf9 Consenso sobre la adquisici\u00f3n y publicaci\u00f3n de im\u00e1genes<\/a>\n\t\t\t\t\t<\/div>\n\t\t\t\t\t<div id=\"elementor-tab-content-2604\" class=\"elementor-tab-content elementor-clearfix\" data-tab=\"4\" role=\"region\" aria-labelledby=\"elementor-tab-title-2604\"><p>CONVERSA 2021 LANGUAGE INSTITUTE SL es el Titular del tratamiento de los datos personales del Interesado e informa que dichos datos ser\u00e1n tratados de conformidad con las disposiciones del Reglamento (UE) 2016\/679 del 27 de abril (GDPR), della Legge Organica 3\/2018 del 5 dicembre (LOPDGDD), e della Legge (ES) 1\/1982 sulla protezione civile, il diritto all'onore, la privacy personale e familiare e l'immagine di s\u00e9, per i quali Le vengono fornite le seguenti informazioni sul trattamento:<\/p><p>Finalidad y legitimidad del tratamiento: adquisici\u00f3n de im\u00e1genes y registro de v\u00eddeo con y sin voz, de las actividades llevadas a cabo por el Titular (con el consentimiento del interesado, art. 6.1.a GDPR) para adjuntar a los murales internos del centro, as\u00ed como publicaci\u00f3n en los medios del Titular, incluidas las redes sociales del mismo.<\/p><p>Criterios de conservaci\u00f3n de los datos: los datos se conservar\u00e1n durante un periodo no superior al necesario para el mantenimiento de las finalidades del tratamiento o a aquel en el que existan obligaciones legales que no impongan su custodia y. cuando no sean m\u00e1s necesarios para dichas finalidades, se cancelar\u00e1n con medidas de seguridad adecuadas para garantizar la protecci\u00f3n de los datos, cuando no sean m\u00e1s necesarios para tal fin, se cancelar\u00e1n con medidas de seguridad adecuadas para garantizar la anonimizaci\u00f3n de los datos o la destrucci\u00f3n total de los mismos.<\/p><p>Derechos del interesado: revoca el consentimiento en cualquier momento. Acceso, rectificaci\u00f3n, portabilidad y cancelaci\u00f3n de tus datos y limitaci\u00f3n u oposici\u00f3n al tratamiento. Presenta una reclamaci\u00f3n a la autoridad de control (www.aepd.es) si detectas que el tratamiento no se ajusta a la normativa vigente.<\/p><p>Dati di contatto per l'esercizio dei diritti: INSTITUTO DE IDIOMAS CONVERSA 2021 SL. Avda. Arag\u00f3n n\u00ba30 bajo local 11. 46021, Valencia. Correo electr\u00f3nico: admin@conversainstitute.com<\/p><p>Comunicaci\u00f3n de datos: los datos no se comunicar\u00e1n a terceros sin el consentimiento del usuario, a menos que no sea obligatorio por ley. El genitor\/tutor legal puede autorizar o no el tratamiento marcando con una \"x\" en la casilla correspondiente SI (acepto) o NO (no acepto) para las acciones indicadas en el m\u00f3dulo.<\/p><\/div>\n\t\t\t\t<\/div>\n\t\t\t\t\t\t\t\t<\/div>\n\t\t\t\t\t\t<\/div>\n\t\t\t\t<\/div>\n\t\t\t\t\t<\/div>\n\t\t<\/div>\n\t\t\t\t\t<\/div>\n\t\t<\/section>\n\t\t\t\t<\/div>","protected":false},"excerpt":{"rendered":"<p>Consentimiento para la captaci\u00f3n y publicaci\u00f3n de im\u00e1genes \ud83c\uddea\ud83c\udde6 Consentimiento para la captaci\u00f3n y publicaci\u00f3n de im\u00e1genes CONVERSA 2021 LANGUAGE INSTITUTE SL es el Responsable del tratamiento de los datos personales del Interesado y le informa de que estos datos se tratar\u00e1n de conformidad con lo dispuesto en el Reglamento (UE) 2016\/679, de 27 de [&hellip;]<\/p>\n","protected":false},"author":21,"featured_media":0,"parent":0,"menu_order":0,"comment_status":"closed","ping_status":"closed","template":"elementor_header_footer","meta":{"_acf_changed":false,"footnotes":""},"class_list":["post-12353","page","type-page","status-publish","hentry"],"acf":[],"jetpack_sharing_enabled":true,"_links":{"self":[{"href":"https:\/\/conversaspanishinstitute.com\/es\/wp-json\/wp\/v2\/pages\/12353","targetHints":{"allow":["GET"]}}],"collection":[{"href":"https:\/\/conversaspanishinstitute.com\/es\/wp-json\/wp\/v2\/pages"}],"about":[{"href":"https:\/\/conversaspanishinstitute.com\/es\/wp-json\/wp\/v2\/types\/page"}],"author":[{"embeddable":true,"href":"https:\/\/conversaspanishinstitute.com\/es\/wp-json\/wp\/v2\/users\/21"}],"replies":[{"embeddable":true,"href":"https:\/\/conversaspanishinstitute.com\/es\/wp-json\/wp\/v2\/comments?post=12353"}],"version-history":[{"count":3,"href":"https:\/\/conversaspanishinstitute.com\/es\/wp-json\/wp\/v2\/pages\/12353\/revisions"}],"predecessor-version":[{"id":18489,"href":"https:\/\/conversaspanishinstitute.com\/es\/wp-json\/wp\/v2\/pages\/12353\/revisions\/18489"}],"wp:attachment":[{"href":"https:\/\/conversaspanishinstitute.com\/es\/wp-json\/wp\/v2\/media?parent=12353"}],"curies":[{"name":"wp","href":"https:\/\/api.w.org\/{rel}","templated":true}]}}