{"id":15308,"date":"2024-07-12T08:43:36","date_gmt":"2024-07-12T08:43:36","guid":{"rendered":"https:\/\/conversaspanishinstitute.com\/?page_id=15308"},"modified":"2025-05-27T15:43:30","modified_gmt":"2025-05-27T13:43:30","slug":"condiciones-para-grupos-educativos-visitantes","status":"publish","type":"page","link":"https:\/\/conversaspanishinstitute.com\/es\/condiciones-para-grupos-educativos-visitantes\/","title":{"rendered":"Condiciones para los Grupos Educativos Visitantes"},"content":{"rendered":"<div data-elementor-type=\"wp-page\" data-elementor-id=\"15308\" class=\"elementor elementor-15308\" data-elementor-post-type=\"page\">\n\t\t\t\t\t\t<section data-particle_enable=\"false\" data-particle-mobile-disabled=\"false\" class=\"elementor-section elementor-top-section elementor-element elementor-element-9319719 about-us elementor-section-boxed elementor-section-height-default elementor-section-height-default\" data-id=\"9319719\" data-element_type=\"section\" data-settings=\"{&quot;background_background&quot;:&quot;classic&quot;,&quot;jet_parallax_layout_list&quot;:[],&quot;shape_divider_bottom&quot;:&quot;curve&quot;,&quot;shape_divider_bottom_negative&quot;:&quot;yes&quot;}\">\n\t\t\t\t\t\t\t<div class=\"elementor-background-overlay\"><\/div>\n\t\t\t\t\t\t<div class=\"elementor-shape elementor-shape-bottom\" aria-hidden=\"true\" data-negative=\"true\">\n\t\t\t<svg xmlns=\"http:\/\/www.w3.org\/2000\/svg\" viewbox=\"0 0 1000 100\" preserveaspectratio=\"none\">\n\t<path class=\"elementor-shape-fill\" d=\"M500,97C126.7,96.3,0.8,19.8,0,0v100l1000,0V1C1000,19.4,873.3,97.8,500,97z\"\/>\n<\/svg>\t\t<\/div>\n\t\t\t\t\t<div class=\"elementor-container elementor-column-gap-default\">\n\t\t\t\t\t<div class=\"elementor-column elementor-col-100 elementor-top-column elementor-element elementor-element-ba257ef\" data-id=\"ba257ef\" data-element_type=\"column\">\n\t\t\t<div class=\"elementor-widget-wrap elementor-element-populated\">\n\t\t\t\t\t\t<div class=\"elementor-element elementor-element-adba750 elementor-widget__width-initial elementor-widget elementor-widget-heading\" data-id=\"adba750\" data-element_type=\"widget\" data-widget_type=\"heading.default\">\n\t\t\t\t<div class=\"elementor-widget-container\">\n\t\t\t\t\t<h2 class=\"elementor-heading-title elementor-size-default\"><b><i>Condiciones para grupos escolares<\/i><\/b><\/h2>\t\t\t\t<\/div>\n\t\t\t\t<\/div>\n\t\t\t\t\t<\/div>\n\t\t<\/div>\n\t\t\t\t\t<\/div>\n\t\t<\/section>\n\t\t\t\t<section data-particle_enable=\"false\" data-particle-mobile-disabled=\"false\" class=\"elementor-section elementor-top-section elementor-element elementor-element-51742eec elementor-section-boxed elementor-section-height-default elementor-section-height-default\" data-id=\"51742eec\" data-element_type=\"section\" data-settings=\"{&quot;jet_parallax_layout_list&quot;:[]}\">\n\t\t\t\t\t\t<div class=\"elementor-container elementor-column-gap-default\">\n\t\t\t\t\t<div class=\"elementor-column elementor-col-100 elementor-top-column elementor-element elementor-element-4de6397\" data-id=\"4de6397\" data-element_type=\"column\">\n\t\t\t<div class=\"elementor-widget-wrap elementor-element-populated\">\n\t\t\t\t\t\t<div class=\"elementor-element elementor-element-e3574f9 elementor-widget elementor-widget-text-editor\" data-id=\"e3574f9\" data-element_type=\"widget\" data-widget_type=\"text-editor.default\">\n\t\t\t\t<div class=\"elementor-widget-container\">\n\t\t\t\t\t\t\t\t\t<h3><span style=\"font-weight: 700; font-size: 1.5rem;\">Introducci\u00f3n<\/span><\/h3>\n<p>Adem\u00e1s de las condiciones generales de Conversa Spanish Institute, las siguientes condiciones espec\u00edficas se aplican exclusivamente a los grupos escolares que participan en viajes ling\u00fc\u00edsticos organizados por Conversa Spanish Institute. Estos t\u00e9rminos est\u00e1n dise\u00f1ados para garantizar una comprensi\u00f3n clara y una gesti\u00f3n fluida de los servicios prestados a los centros escolares visitantes.<\/p>\n<h4><br><\/h4>\n<h4><b>Representante del centro<\/b><\/h4>\n<p>La Escuela Visitante nombra a un representante responsable del viaje ling\u00fc\u00edstico a Valencia. Este representante actuar\u00e1 de acuerdo con los t\u00e9rminos y condiciones descritos en este acuerdo.<\/p>\n<h4><br><\/h4>\n<h4><b>Objetivo<\/b><\/h4>\n<p>Conversa Spanish Institute proporciona cursos de ense\u00f1anza de espa\u00f1ol como lengua extranjera, junto con alojamiento, traslados y actividades relacionadas con estos cursos dise\u00f1adas espec\u00edficamente para la Escuela Visitante durante su estancia en Valencia.<\/p>\n<h4><br><\/h4>\n<h4><b>Servicios prestados<\/b><\/h4>\n<ul>\n<li><strong>Apoyo ling\u00fc\u00edstico\/viajes<\/strong>: Conversa se compromete a proporcionar apoyo ling\u00fc\u00edstico y de viaje seg\u00fan lo establecido en la propuesta inicial acordada por ambas partes.<\/li>\n<li><strong>Servicios adicionales<\/strong>: Cualquier servicio adicional se a\u00f1adir\u00e1 a la propuesta inicial y ser\u00e1 acordado por ambas partes.<\/li>\n<\/ul>\n<div>&nbsp;<br><br><\/div>\n<h4><b>Reservas y pagos<\/b><\/h4>\n<ul>\n<li><strong>Dep\u00f3sito inicial<\/strong>: La Escuela Visitante aportar\u00e1 30% del total de los honorarios por los servicios prestados por Conversa a la firma de este contrato.<\/li>\n<li><strong>Pago final<\/strong>: El importe restante debe ser abonado por la Escuela Visitante al menos 30 d\u00edas antes de la llegada de los estudiantes a Valencia. Todas las tasas deben ser cobradas por la Escuela Visitante a los padres\/tutores\/representantes legales de los estudiantes y transferidas a Conversa.<\/li>\n<\/ul>\n<div>&nbsp;<br><br><\/div>\n<h4><b>Cancelaciones, devoluciones y aplazamientos<\/b><\/h4>\n<ul>\n<li><strong>Notificaci\u00f3n de cancelaci\u00f3n<\/strong>: Debe hacerse lo antes posible.<\/li>\n<li><strong>Tasas de cancelaci\u00f3n<\/strong>:\n<ul>\n<li>100% del valor total si se cancela despu\u00e9s de la llegada.<\/li>\n<li>70% del valor total si se cancela antes de 30 d\u00edas de la llegada prevista.<\/li>\n<li>Reembolso \u00edntegro (menos una tasa de cancelaci\u00f3n de 100 euros) si no se expide el visado de estudiante, siempre que la cancelaci\u00f3n se produzca m\u00e1s de 30 d\u00edas antes de la llegada prevista.<\/li>\n<\/ul>\n<\/li>\n<li><strong>Aplazamientos<\/strong>: Puede realizarse sin cargo si se notifica con m\u00e1s de 30 d\u00edas de antelaci\u00f3n a la llegada prevista. Los aplazamientos con menos de 14 d\u00edas de antelaci\u00f3n a la llegada prevista est\u00e1n sujetos a gastos de cancelaci\u00f3n.<\/li>\n<\/ul>\n<div>&nbsp;<br><br><\/div>\n<h4><b>Presentaci\u00f3n obligatoria de informaci\u00f3n sobre los estudiantes<\/b><\/h4>\n<p>La Escuela Visitante debe asegurarse de que se obtienen todos los consentimientos necesarios de los padres o tutores legales y de que se cumplimenta y env\u00eda el formulario de informaci\u00f3n del alumno a Conversa a m\u00e1s tardar 30 d\u00edas antes del viaje. No facilitar esta informaci\u00f3n a tiempo puede dar lugar a problemas de alojamiento y a la denegaci\u00f3n de la participaci\u00f3n en el viaje.<\/p>\t\t\t\t\t\t\t\t<\/div>\n\t\t\t\t<\/div>\n\t\t\t\t\t<\/div>\n\t\t<\/div>\n\t\t\t\t\t<\/div>\n\t\t<\/section>\n\t\t\t\t<\/div>","protected":false},"excerpt":{"rendered":"<p>T\u00e9rminos y condiciones para grupos escolares Introducci\u00f3n Junto a los t\u00e9rminos y condiciones generales de Conversa Spanish Institute, los siguientes t\u00e9rminos y condiciones espec\u00edficos se aplican exclusivamente a los grupos escolares que participan en viajes ling\u00fc\u00edsticos organizados por Conversa Spanish Institute. Estos t\u00e9rminos est\u00e1n dise\u00f1ados para garantizar una comprensi\u00f3n clara y una gesti\u00f3n fluida de los servicios prestados a [...].<\/p>","protected":false},"author":1,"featured_media":0,"parent":0,"menu_order":0,"comment_status":"closed","ping_status":"closed","template":"","meta":{"_acf_changed":false,"footnotes":""},"class_list":["post-15308","page","type-page","status-publish","hentry"],"acf":[],"jetpack_sharing_enabled":true,"_links":{"self":[{"href":"https:\/\/conversaspanishinstitute.com\/es\/wp-json\/wp\/v2\/pages\/15308","targetHints":{"allow":["GET"]}}],"collection":[{"href":"https:\/\/conversaspanishinstitute.com\/es\/wp-json\/wp\/v2\/pages"}],"about":[{"href":"https:\/\/conversaspanishinstitute.com\/es\/wp-json\/wp\/v2\/types\/page"}],"author":[{"embeddable":true,"href":"https:\/\/conversaspanishinstitute.com\/es\/wp-json\/wp\/v2\/users\/1"}],"replies":[{"embeddable":true,"href":"https:\/\/conversaspanishinstitute.com\/es\/wp-json\/wp\/v2\/comments?post=15308"}],"version-history":[{"count":22,"href":"https:\/\/conversaspanishinstitute.com\/es\/wp-json\/wp\/v2\/pages\/15308\/revisions"}],"predecessor-version":[{"id":18470,"href":"https:\/\/conversaspanishinstitute.com\/es\/wp-json\/wp\/v2\/pages\/15308\/revisions\/18470"}],"wp:attachment":[{"href":"https:\/\/conversaspanishinstitute.com\/es\/wp-json\/wp\/v2\/media?parent=15308"}],"curies":[{"name":"wp","href":"https:\/\/api.w.org\/{rel}","templated":true}]}}