{"id":17829,"date":"2025-03-26T18:34:13","date_gmt":"2025-03-26T17:34:13","guid":{"rendered":"https:\/\/conversaspanishinstitute.com\/?page_id=17829"},"modified":"2025-03-26T19:19:22","modified_gmt":"2025-03-26T18:19:22","slug":"luistestpage","status":"publish","type":"page","link":"https:\/\/conversaspanishinstitute.com\/es\/luistestpage\/","title":{"rendered":"LuisTestPage"},"content":{"rendered":"<div data-elementor-type=\"wp-page\" data-elementor-id=\"17829\" class=\"elementor elementor-17829\" data-elementor-post-type=\"page\">\n\t\t\t\t\t\t<section data-particle_enable=\"false\" data-particle-mobile-disabled=\"false\" class=\"elementor-section elementor-top-section elementor-element elementor-element-755bb8b elementor-section-boxed elementor-section-height-default elementor-section-height-default\" data-id=\"755bb8b\" data-element_type=\"section\" data-settings=\"{&quot;jet_parallax_layout_list&quot;:[]}\">\n\t\t\t\t\t\t<div class=\"elementor-container elementor-column-gap-default\">\n\t\t\t\t\t<div class=\"elementor-column elementor-col-100 elementor-top-column elementor-element elementor-element-19d5db5\" data-id=\"19d5db5\" data-element_type=\"column\">\n\t\t\t<div class=\"elementor-widget-wrap elementor-element-populated\">\n\t\t\t\t\t\t<div class=\"elementor-element elementor-element-cc51520 elementor-widget elementor-widget-shortcode\" data-id=\"cc51520\" data-element_type=\"widget\" data-widget_type=\"shortcode.default\">\n\t\t\t\t<div class=\"elementor-widget-container\">\n\t\t\t\t\t\t\t<div class=\"elementor-shortcode\"><div class='fluentform ff-default fluentform_wrapper_43 ffs_custom_wrap'><form data-form_id=\"43\" id=\"fluentform_43\" class=\"frm-fluent-form fluent_form_43 ff-el-form-top ff_form_instance_43_1 ff-form-loading ff_calc_form ffs_custom\" data-form_instance=\"ff_form_instance_43_1\" method=\"POST\" action=\"\" ><fieldset  style=\"border: none!important;margin: 0!important;padding: 0!important;background-color: transparent!important;box-shadow: none!important;outline: none!important; min-inline-size: 100%;\">\n                    <legend class=\"ff_screen_reader_title\" style=\"display: block; margin: 0!important;padding: 0!important;height: 0!important;text-indent: -999999px;width: 0!important;overflow:hidden;\">Calculadora de niveles de estudio<\/legend><input type='hidden' name='__fluent_form_embded_post_id' value='17829' \/><input type=\"hidden\" id=\"_fluentform_43_fluentformnonce\" name=\"_fluentform_43_fluentformnonce\" value=\"b66470dfc6\" \/><input type=\"hidden\" name=\"_wp_http_referer\" value=\"\/es\/wp-json\/wp\/v2\/pages\/17829\" \/><div class='ff-el-group'><div class=\"ff-el-input--label asterisk-right\"><label for='ff_43_dropdown_levels_initial' aria-label=\"Mi nivel actual de espa\u00f1ol es\">Mi nivel actual de espa\u00f1ol es<\/label><\/div><div class='ff-el-input--content'><select name=\"dropdown_levels_initial\" id=\"ff_43_dropdown_levels_initial\" class=\"ff-el-form-control\" data-name=\"dropdown_levels_initial\" data-calc_value=\"0\"  aria-invalid=\"false\" aria-required=\"false\"><option value=\"\">- Selecciona -<\/option><option data-calc_value=\"0\" data-custom-properties=\"0\" value=\"item_6\"  >Sin nivel<\/option><option data-calc_value=\"60\" data-custom-properties=\"60\" value=\"Option 1\"  >Nivel A1<\/option><option data-calc_value=\"150\" data-custom-properties=\"150\" value=\"Option 2\"  >Nivel A2<\/option><option data-calc_value=\"270\" data-custom-properties=\"270\" value=\"item_3\"  >Nivel B1<\/option><option data-calc_value=\"420\" data-custom-properties=\"420\" value=\"item_4\"  >Nivel B2<\/option><\/select><\/div><\/div><div class='ff-el-group has-conditions'><div class=\"ff-el-input--label asterisk-right\"><label for='ff_43_dropdown_2' aria-label=\"Me gustar\u00eda conseguir:\">Me gustar\u00eda conseguir:<\/label><\/div><div class='ff-el-input--content'><select name=\"dropdown_2\" id=\"ff_43_dropdown_2\" class=\"ff-el-form-control\" data-name=\"dropdown_2\" data-calc_value=\"0\"  aria-invalid=\"false\" aria-required=\"false\"><option value=\"\">- Selecciona -<\/option><option data-calc_value=\"60\" data-custom-properties=\"60\" value=\"Option 1\"  >Nivel A1<\/option><option data-calc_value=\"150\" data-custom-properties=\"150\" value=\"Option 2\"  >Nivel A2<\/option><option data-calc_value=\"270\" data-custom-properties=\"270\" value=\"item_3\"  >Nivel B1<\/option><option data-calc_value=\"420\" data-custom-properties=\"420\" value=\"item_4\"  >Nivel B2<\/option><option data-calc_value=\"600\" data-custom-properties=\"600\" value=\"item_5\"  >Nivel C1<\/option><\/select><\/div><\/div><div class='ff-el-group has-conditions'><div class=\"ff-el-input--label asterisk-right\"><label for='ff_43_dropdown_1' aria-label=\"Me gustar\u00eda conseguir:\">Me gustar\u00eda conseguir:<\/label><\/div><div class='ff-el-input--content'><select name=\"dropdown_1\" id=\"ff_43_dropdown_1\" class=\"ff-el-form-control\" data-name=\"dropdown_1\" data-calc_value=\"0\"  aria-invalid=\"false\" aria-required=\"false\"><option value=\"\">- Selecciona -<\/option><option data-calc_value=\"150\" data-custom-properties=\"150\" value=\"Option 2\"  >Nivel A2<\/option><option data-calc_value=\"270\" data-custom-properties=\"270\" value=\"item_3\"  >Nivel B1<\/option><option data-calc_value=\"420\" data-custom-properties=\"420\" value=\"item_4\"  >Nivel B2<\/option><option data-calc_value=\"600\" data-custom-properties=\"600\" value=\"item_5\"  >Nivel C1<\/option><\/select><\/div><\/div><div class='ff-el-group has-conditions'><div class=\"ff-el-input--label asterisk-right\"><label for='ff_43_dropdown_3' aria-label=\"Me gustar\u00eda conseguir:\">Me gustar\u00eda conseguir:<\/label><\/div><div class='ff-el-input--content'><select name=\"dropdown_3\" id=\"ff_43_dropdown_3\" class=\"ff-el-form-control\" data-name=\"dropdown_3\" data-calc_value=\"0\"  aria-invalid=\"false\" aria-required=\"false\"><option value=\"\">- Selecciona -<\/option><option data-calc_value=\"270\" data-custom-properties=\"270\" value=\"item_3\"  >Nivel B1<\/option><option data-calc_value=\"420\" data-custom-properties=\"420\" value=\"item_4\"  >Nivel B2<\/option><option data-calc_value=\"600\" data-custom-properties=\"600\" value=\"item_5\"  >Nivel C1<\/option><\/select><\/div><\/div><div class='ff-el-group has-conditions'><div class=\"ff-el-input--label asterisk-right\"><label for='ff_43_dropdown_4' aria-label=\"Me gustar\u00eda conseguir:\">Me gustar\u00eda conseguir:<\/label><\/div><div class='ff-el-input--content'><select name=\"dropdown_4\" id=\"ff_43_dropdown_4\" class=\"ff-el-form-control\" data-name=\"dropdown_4\" data-calc_value=\"0\"  aria-invalid=\"false\" aria-required=\"false\"><option value=\"\">- Selecciona -<\/option><option data-calc_value=\"420\" data-custom-properties=\"420\" value=\"item_4\"  >Nivel B2<\/option><option data-calc_value=\"600\" data-custom-properties=\"600\" value=\"item_5\"  >Nivel C1<\/option><\/select><\/div><\/div><div class='ff-el-group has-conditions'><div class=\"ff-el-input--label asterisk-right\"><label for='ff_43_dropdown_5' aria-label=\"Me gustar\u00eda conseguir:\">Me gustar\u00eda conseguir:<\/label><\/div><div class='ff-el-input--content'><select name=\"dropdown_5\" id=\"ff_43_dropdown_5\" class=\"ff-el-form-control\" data-name=\"dropdown_5\" data-calc_value=\"0\"  aria-invalid=\"false\" aria-required=\"false\"><option value=\"\">- Selecciona -<\/option><option data-calc_value=\"600\" data-custom-properties=\"600\" value=\"item_5\"  >Nivel C1<\/option><\/select><\/div><\/div><div class='ff-el-group'><div class=\"ff-el-input--label asterisk-right\"><label for='ff_43_rangeslider' aria-label=\"\u00bfCu\u00e1ntas horas estudiar\u00e1s al d\u00eda?\">\u00bfCu\u00e1ntas horas estudiar\u00e1s al d\u00eda?<\/label><\/div><div class='ff-el-input--content'><div class='ff_slider_wrapper'><input name=\"rangeslider\" class=\"ff-el-form-control\" value=\"0.5\" min=\"0.5\" max=\"8\" type=\"range\" data-name=\"rangeslider\" id=\"ff_43_rangeslider\" data-default_value=\"0.5\" step=\"0.5\" data-calc_value=\"0.5\"  aria-invalid='false' aria-required=\"false\"><div class='ff_range_value'>0.5<\/div><\/div><\/div><\/div><div data-name=\"ff_cn_id_1\"  class='ff-t-container ff-column-container ff_columns_total_2  has-conditions'><div class='ff-t-cell ff-t-column-1' style='flex-basis: 60%;'><\/div><div class='ff-t-cell ff-t-column-2' style='flex-basis: 40%;'><div class='ff-el-group'><div class=\"ff-el-input--label asterisk-right\"><label for='ff_43_numeric_field_months' aria-label=\"Mes\/es estimado\/s\">Mes\/es estimado\/s<\/label><\/div><div class='ff-el-input--content'><input type=\"text\" name=\"numeric_field_months\" id=\"ff_43_numeric_field_months\" class=\"ff-el-form-control  ff_has_formula\" data-name=\"numeric_field_months\" data-calculation_formula=\"round( ( ( ( (+{select.dropdown_2}+{select.dropdown_1}+{select.dropdown_3}+{select.dropdown_4}+{select.dropdown_5} )-{select.dropdown_levels_initial}  )\/{input.rangeslider} ) )  \/ 30  , 0)\" readonly=\"1\"  aria-invalid=\"false\" aria-required=\"false\"><\/div><\/div><\/div><\/div><div class='ff-el-group ff-text-left ff_submit_btn_wrapper'><button type=\"submit\" class=\"ff-btn ff-btn-submit ff-btn-md ff_btn_style\" >Enviar formulario<\/button><\/div><\/fieldset><input type=\"hidden\" name=\"trp-form-language\" value=\"es\"\/><\/form><div id='fluentform_43_errors' class='ff-errors-in-stack ff_form_instance_43_1 ff-form-loading_errors ff_form_instance_43_1_errors'><\/div><\/div>        <script type=\"text\/javascript\">\n            window.fluent_form_ff_form_instance_43_1 = {\"id\":\"43\",\"settings\":{\"layout\":{\"labelPlacement\":\"top\",\"helpMessagePlacement\":\"with_label\",\"errorMessagePlacement\":\"inline\"},\"restrictions\":{\"denyEmptySubmission\":{\"enabled\":false}}},\"form_instance\":\"ff_form_instance_43_1\",\"form_id_selector\":\"fluentform_43\",\"rules\":{\"dropdown_levels_initial\":{\"required\":{\"value\":false,\"message\":\"Este campo es obligatorio\",\"global_message\":\"Este campo es obligatorio\",\"global\":true}},\"dropdown_2\":{\"required\":{\"value\":false,\"message\":\"Este campo es obligatorio\",\"global_message\":\"Este campo es obligatorio\",\"global\":true}},\"dropdown_1\":{\"required\":{\"value\":false,\"message\":\"Este campo es obligatorio\",\"global_message\":\"Este campo es obligatorio\",\"global\":true}},\"dropdown_3\":{\"required\":{\"value\":false,\"message\":\"Este campo es obligatorio\",\"global_message\":\"Este campo es obligatorio\",\"global\":true}},\"dropdown_4\":{\"required\":{\"value\":false,\"message\":\"Este campo es obligatorio\",\"global_message\":\"Este campo es obligatorio\",\"global\":true}},\"dropdown_5\":{\"required\":{\"value\":false,\"message\":\"Este campo es obligatorio\",\"global_message\":\"Este campo es obligatorio\",\"global\":true}},\"rangeslider\":{\"required\":{\"value\":false,\"message\":\"This field is required\",\"global\":false,\"global_message\":\"Este campo es obligatorio\"}},\"numeric_field_months\":{\"required\":{\"value\":false,\"message\":\"Este campo es obligatorio\",\"global_message\":\"Este campo es obligatorio\",\"global\":true},\"numeric\":{\"value\":true,\"message\":\"Este campo debe contener valor num\\u00e9rico\",\"global_message\":\"Este campo debe contener valor num\\u00e9rico\",\"global\":true},\"min\":{\"value\":\"\",\"message\":\"La validaci\\u00f3n falla por el valor m\\u00ednimo\",\"global_message\":\"La validaci\\u00f3n falla por el valor m\\u00ednimo\",\"global\":true},\"max\":{\"value\":\"\",\"message\":\"La validaci\\u00f3n falla por el valor m\\u00e1ximo\",\"global_message\":\"La validaci\\u00f3n falla por el valor m\\u00e1ximo\",\"global\":true},\"digits\":{\"value\":\"\",\"message\":\"La validaci\\u00f3n falla por d\\u00edgitos limitados\",\"global_message\":\"La validaci\\u00f3n falla por d\\u00edgitos limitados\",\"global\":true}}},\"debounce_time\":300,\"conditionals\":{\"dropdown_2\":{\"type\":\"any\",\"status\":true,\"conditions\":[{\"field\":\"dropdown_levels_initial\",\"value\":\"item_6\",\"operator\":\"=\"}]},\"dropdown_1\":{\"type\":\"any\",\"status\":true,\"conditions\":[{\"field\":\"dropdown_levels_initial\",\"value\":\"Option 1\",\"operator\":\"=\"}]},\"dropdown_3\":{\"type\":\"any\",\"status\":true,\"conditions\":[{\"field\":\"dropdown_levels_initial\",\"value\":\"Option 2\",\"operator\":\"=\"}]},\"dropdown_4\":{\"type\":\"any\",\"status\":true,\"conditions\":[{\"field\":\"dropdown_levels_initial\",\"value\":\"item_3\",\"operator\":\"=\"}]},\"dropdown_5\":{\"type\":\"any\",\"status\":true,\"conditions\":[{\"field\":\"dropdown_levels_initial\",\"value\":\"item_4\",\"operator\":\"=\"}]},\"ff_cn_id_1\":{\"type\":\"any\",\"status\":true,\"conditions\":[{\"field\":\"dropdown_2\",\"value\":\"\",\"operator\":\"!=\"},{\"field\":\"dropdown_1\",\"value\":\"\",\"operator\":\"!=\"},{\"field\":\"dropdown_3\",\"value\":\"\",\"operator\":\"!=\"},{\"field\":\"dropdown_4\",\"value\":\"\",\"operator\":\"!=\"},{\"field\":\"dropdown_5\",\"value\":\"\",\"operator\":\"!=\"}]},\"numeric_field_months\":{\"conditions\":[],\"status\":false,\"type\":\"any\",\"container_condition\":{\"type\":\"any\",\"status\":true,\"conditions\":[{\"field\":\"dropdown_2\",\"value\":\"\",\"operator\":\"!=\"},{\"field\":\"dropdown_1\",\"value\":\"\",\"operator\":\"!=\"},{\"field\":\"dropdown_3\",\"value\":\"\",\"operator\":\"!=\"},{\"field\":\"dropdown_4\",\"value\":\"\",\"operator\":\"!=\"},{\"field\":\"dropdown_5\",\"value\":\"\",\"operator\":\"!=\"}]}}}};\n                    <\/script>\n        <\/div>\n\t\t\t\t\t\t<\/div>\n\t\t\t\t<\/div>\n\t\t\t\t\t<\/div>\n\t\t<\/div>\n\t\t\t\t\t<\/div>\n\t\t<\/section>\n\t\t\t\t<\/div>","protected":false},"excerpt":{"rendered":"","protected":false},"author":68,"featured_media":0,"parent":0,"menu_order":0,"comment_status":"closed","ping_status":"closed","template":"","meta":{"_acf_changed":false,"footnotes":""},"class_list":["post-17829","page","type-page","status-publish","hentry"],"acf":[],"jetpack_sharing_enabled":true,"_links":{"self":[{"href":"https:\/\/conversaspanishinstitute.com\/es\/wp-json\/wp\/v2\/pages\/17829","targetHints":{"allow":["GET"]}}],"collection":[{"href":"https:\/\/conversaspanishinstitute.com\/es\/wp-json\/wp\/v2\/pages"}],"about":[{"href":"https:\/\/conversaspanishinstitute.com\/es\/wp-json\/wp\/v2\/types\/page"}],"author":[{"embeddable":true,"href":"https:\/\/conversaspanishinstitute.com\/es\/wp-json\/wp\/v2\/users\/68"}],"replies":[{"embeddable":true,"href":"https:\/\/conversaspanishinstitute.com\/es\/wp-json\/wp\/v2\/comments?post=17829"}],"version-history":[{"count":7,"href":"https:\/\/conversaspanishinstitute.com\/es\/wp-json\/wp\/v2\/pages\/17829\/revisions"}],"predecessor-version":[{"id":17839,"href":"https:\/\/conversaspanishinstitute.com\/es\/wp-json\/wp\/v2\/pages\/17829\/revisions\/17839"}],"wp:attachment":[{"href":"https:\/\/conversaspanishinstitute.com\/es\/wp-json\/wp\/v2\/media?parent=17829"}],"curies":[{"name":"wp","href":"https:\/\/api.w.org\/{rel}","templated":true}]}}