{"id":4272,"date":"2022-01-24T11:23:35","date_gmt":"2022-01-24T11:23:35","guid":{"rendered":"http:\/\/conversaspanishinstitute.com\/?page_id=4272"},"modified":"2025-05-23T21:44:35","modified_gmt":"2025-05-23T19:44:35","slug":"aviso-legal","status":"publish","type":"page","link":"https:\/\/conversaspanishinstitute.com\/es\/aviso-legal\/","title":{"rendered":"Aviso legal"},"content":{"rendered":"<div data-elementor-type=\"wp-post\" data-elementor-id=\"4272\" class=\"elementor elementor-4272\" data-elementor-post-type=\"page\">\n\t\t\t\t\t\t<section data-particle_enable=\"false\" data-particle-mobile-disabled=\"false\" class=\"elementor-section elementor-top-section elementor-element elementor-element-3846889 about-us elementor-section-boxed elementor-section-height-default elementor-section-height-default\" data-id=\"3846889\" data-element_type=\"section\" data-settings=\"{&quot;background_background&quot;:&quot;classic&quot;,&quot;jet_parallax_layout_list&quot;:[],&quot;shape_divider_bottom&quot;:&quot;curve&quot;,&quot;shape_divider_bottom_negative&quot;:&quot;yes&quot;}\">\n\t\t\t\t\t\t\t<div class=\"elementor-background-overlay\"><\/div>\n\t\t\t\t\t\t<div class=\"elementor-shape elementor-shape-bottom\" aria-hidden=\"true\" data-negative=\"true\">\n\t\t\t<svg xmlns=\"http:\/\/www.w3.org\/2000\/svg\" viewbox=\"0 0 1000 100\" preserveaspectratio=\"none\">\n\t<path class=\"elementor-shape-fill\" d=\"M500,97C126.7,96.3,0.8,19.8,0,0v100l1000,0V1C1000,19.4,873.3,97.8,500,97z\"\/>\n<\/svg>\t\t<\/div>\n\t\t\t\t\t<div class=\"elementor-container elementor-column-gap-default\">\n\t\t\t\t\t<div class=\"elementor-column elementor-col-100 elementor-top-column elementor-element elementor-element-bab403f\" data-id=\"bab403f\" data-element_type=\"column\">\n\t\t\t<div class=\"elementor-widget-wrap elementor-element-populated\">\n\t\t\t\t\t\t<div class=\"elementor-element elementor-element-79b3866 elementor-widget__width-initial elementor-widget elementor-widget-heading\" data-id=\"79b3866\" data-element_type=\"widget\" data-widget_type=\"heading.default\">\n\t\t\t\t<div class=\"elementor-widget-container\">\n\t\t\t\t\t<h2 class=\"elementor-heading-title elementor-size-default\"><i><b>Aviso legal de Conversa Spanish Institute<\/b><\/i><\/h2>\t\t\t\t<\/div>\n\t\t\t\t<\/div>\n\t\t\t\t\t<\/div>\n\t\t<\/div>\n\t\t\t\t\t<\/div>\n\t\t<\/section>\n\t\t\t\t<section data-particle_enable=\"false\" data-particle-mobile-disabled=\"false\" class=\"elementor-section elementor-top-section elementor-element elementor-element-658ea4d elementor-section-boxed elementor-section-height-default elementor-section-height-default\" data-id=\"658ea4d\" data-element_type=\"section\" data-settings=\"{&quot;background_background&quot;:&quot;classic&quot;,&quot;jet_parallax_layout_list&quot;:[]}\">\n\t\t\t\t\t\t<div class=\"elementor-container elementor-column-gap-default\">\n\t\t\t\t\t<div class=\"elementor-column elementor-col-100 elementor-top-column elementor-element elementor-element-88add30\" data-id=\"88add30\" data-element_type=\"column\">\n\t\t\t<div class=\"elementor-widget-wrap elementor-element-populated\">\n\t\t\t\t\t\t<div class=\"elementor-element elementor-element-c42a185 elementor-widget elementor-widget-text-editor\" data-id=\"c42a185\" data-element_type=\"widget\" data-widget_type=\"text-editor.default\">\n\t\t\t\t<div class=\"elementor-widget-container\">\n\t\t\t\t\t\t\t\t\t<h3><span style=\"font-size: 1rem;\">Todos los elementos que componen el contenido de esta p\u00e1gina web, identificados por el dominio<b> <\/b><\/span><a style=\"font-size: 1rem;\" href=\"http:\/\/conversaspanishinstitute.com\/es\/\"><b>https:\/\/www.conversaspanishinstitute.com<\/b><\/a><span style=\"font-size: 1rem;\"><b>,<\/b> <a href=\"https:\/\/app.conversaspanishinstitute.com\"><b>https:\/\/app.conversaspanishinstitute.com<\/b><\/a><\/span><span style=\"font-size: 1rem;\"><b> <\/b>o cualquier subdominio, incluidos los nombres comerciales, marcas o signos distintivos que contengan, est\u00e1n protegidos por derechos de autor.<\/span><\/h3><div><span style=\"font-size: 1rem;\"><br><\/span><\/div>\n<h4><b>Datos Identificativos del Responsable<\/b><\/h4>\n<ul>\n<li style=\"font-weight: 400;\" aria-level=\"1\"><b>Nombre de la empresa<\/b><span style=\"font-weight: 400;\">: CONVERSA 2021 LANGUAGE INSTITUTE SL<\/span><\/li>\n<li style=\"font-weight: 400;\" aria-level=\"1\"><b>Nombre comercial<\/b><span style=\"font-weight: 400;\">: Conversa Spanish Institute<\/span><\/li>\n<li style=\"font-weight: 400;\" aria-level=\"1\"><b>CIF<\/b><span style=\"font-weight: 400;\">: B16808891<\/span><\/li>\n<li style=\"font-weight: 400;\" aria-level=\"1\"><b>Direcci\u00f3n fiscal<\/b><span style=\"font-weight: 400;\">: <\/span><span style=\"font-weight: 400;\">&nbsp;C\/ Marqu\u00e9s de Sotelo,3, planta 2, puerta 4 46002, Valencia<\/span><\/li>\n<li style=\"font-weight: 400;\" aria-level=\"1\"><b>Correo electr\u00f3nico<\/b><span style=\"font-weight: 400;\">: admin@conversainstitute.com<\/span><\/li>\n<li style=\"font-weight: 400;\" aria-level=\"1\"><b>Actividad<\/b><span style=\"font-weight: 400;\">: Difusi\u00f3n y ense\u00f1anza de idiomas<\/span><\/li>\n<\/ul>\n<div>&nbsp;<br><br><\/div>\n<h4><b>Confidencialidad y protecci\u00f3n de datos<\/b><\/h4>\n<p>El titular informa al Usuario que existe un fichero automatizado donde se almacenan los datos que nos has facilitado. La finalidad de dicho fichero es el mantenimiento y gesti\u00f3n de la relaci\u00f3n con el usuario y el suministro de informaci\u00f3n. El titular solicitar\u00e1 al usuario los datos necesarios para la prestaci\u00f3n del servicio en el momento de la aceptaci\u00f3n de dichas condiciones generales. El usuario puede leer \u00edntegramente <a href=\"https:\/\/conversaspanishinstitute.com\/es\/politica-de-privacidad\/\" style=\"\"><b>pol\u00edtica de privacidad aqu\u00ed.<\/b><\/a><\/p>\n<h4><b><br><\/b><\/h4><h4><b>Ficheros y formularios de inscripci\u00f3n<\/b><\/h4>\n<p><span style=\"font-weight: 400;\">La cumplimentaci\u00f3n del formulario de registro es imprescindible para acceder a algunos de los servicios ofrecidos en la web. Si no facilitas los datos solicitados o no est\u00e1s de acuerdo con esta pol\u00edtica de protecci\u00f3n de datos, no podr\u00e1s inscribirte o registrarte ni participar en las promociones para las que tus datos sean necesarios.<\/span><\/p>\n<p><span style=\"font-weight: 400;\">Los datos personales que se obtengan de ti cuando te registres como Usuario se introducir\u00e1n en un fichero gestionado de forma segura por el titular. El fichero tiene implantadas las medidas de seguridad necesarias para mantener la confidencialidad de los datos que nos facilitas.<\/span><\/p>\n<h4><b><br><\/b><\/h4><h4><b>Exactitud y veracidad de los datos facilitados<\/b><\/h4>\n<p><span style=\"font-weight: 400;\">El usuario es el \u00fanico responsable de la exactitud y veracidad de los datos. El propietario queda exento de cualquier responsabilidad al respecto. Ser\u00e1n los usuarios quienes garanticen que los datos facilitados son aut\u00e9nticos, exactos, no han variado y siguen siendo los mismos. Tambi\u00e9n se comprometer\u00e1n a mantenerlos actualizados. El titular no ser\u00e1 responsable de los hipot\u00e9ticos perjuicios que la utilizaci\u00f3n de dicha informaci\u00f3n pudiera ocasionar.<\/span><\/p>\n<h4><b><br><\/b><\/h4><h4><b>Pol\u00edtica de cookies<\/b><\/h4>\n<p>Utilizamos cookies para mejorar tu experiencia de usuario. Si navegas por nuestro sitio web, estar\u00e1s aceptando el uso de cookies en las condiciones establecidas en este <b><a href=\"https:\/\/conversaspanishinstitute.com\/es\/politica-de-cookies\/\" style=\"\">Pol\u00edtica de cookies.<\/a> <\/b><span style=\"font-weight: 400;\">Esta pol\u00edtica puede ser actualizada, por lo que te invitamos a revisarla regularmente.<\/span><\/p>\n<p><b>\u00bfQu\u00e9 son las cookies y para qu\u00e9 se utilizan?<\/b><span style=\"font-weight: 400;\"> Las cookies son peque\u00f1os archivos que se instalan en el ordenador o dispositivo durante el recorrido por la web\/aplicaciones para mantener un registro de tus preferencias y recordarlas cuando vuelvas a visitarnos. El objetivo es facilitar el uso y la navegaci\u00f3n de los usuarios.<\/span><\/p>\n<p><b>\u00bfC\u00f3mo utilizamos las cookies?<\/b><span style=\"font-weight: 400;\"> Navegar por el sitio web de conversaspanishinstitute.com implica que se pueden instalar los siguientes tipos de cookies:<\/span><\/p>\n<ul>\n<li style=\"font-weight: 400;\" aria-level=\"1\"><b>Cookies esenciales<\/b><span style=\"font-weight: 400;\">: Son estrictamente necesarias para el funcionamiento de un sitio web. Sin ellas, un sitio web no puede funcionar correctamente. Por esta raz\u00f3n, no solicitamos tu consentimiento expl\u00edcito en relaci\u00f3n con estas cookies.<\/span><\/li>\n<li style=\"font-weight: 400;\" aria-level=\"1\"><b>Cookies funcionales<\/b><span style=\"font-weight: 400;\">: Se utilizan para mejorar la funcionalidad del sitio web. Por ejemplo, cookies que recuerdan el contenido que has visto anteriormente en este sitio web o la direcci\u00f3n de correo electr\u00f3nico y la contrase\u00f1a proporcionadas durante el registro en una visita anterior.<\/span><\/li>\n<li style=\"\" aria-level=\"1\"><b style=\"font-weight: 400;\">Cookies anal\u00edticas y publicitarias propias o de terceros<\/b><span style=\"font-weight: 400;\">: Nos proporcionan informaci\u00f3n estad\u00edstica sobre el uso que hacen los usuarios del portal. Estas cookies no permiten la identificaci\u00f3n del usuario ya que la informaci\u00f3n que recogen es an\u00f3nima y s\u00f3lo se utilizar\u00e1n para mejorar las p\u00e1ginas y la navegaci\u00f3n por el portal, estad\u00edsticas de uso, velocidades de b\u00fasqueda, medici\u00f3n de la actividad del sitio web, etc. Este sitio web utiliza Google Analytics, una herramienta gratuita de an\u00e1lisis web. Puedes encontrar m\u00e1s informaci\u00f3n aqu\u00ed: <\/span><a href=\"https:\/\/developers.google.com\/analytics\/devguides\/collection\/analyticsjs\/cookie-usage\" style=\"\"><b>https:\/\/developers.google.com\/analytics\/devguides\/collection\/analyticsjs\/cookie-usage<\/b><\/a><\/li>\n<\/ul>\n<div>&nbsp;<\/div>\n<p><b>\u00bfC\u00f3mo puedes impedir la instalaci\u00f3n de cookies?<\/b><span style=\"font-weight: 400;\"> Puedes permitir, bloquear o eliminar las cookies instaladas en tu equipo mediante la configuraci\u00f3n de las opciones de tu navegador de internet. En el caso de que las bloquees, es posible que ciertos servicios que necesitan su uso no est\u00e9n disponibles para ti. A continuaci\u00f3n te ofrecemos enlaces donde encontrar\u00e1s informaci\u00f3n sobre c\u00f3mo puedes activar tus preferencias en los principales navegadores:<\/span><\/p>\n<ul>\n<li style=\"\" aria-level=\"1\"><a href=\"https:\/\/support.mozilla.org\/es\/kb\/cookies-informacion-que-los-sitios-web-guardan-en-\" style=\"\"><b>Cookies Firefox<\/b><\/a><\/li>\n<li style=\"\" aria-level=\"1\"><a href=\"https:\/\/support.google.com\/chrome\/answer\/95647?hl=es\"><b>Cookies Cromo<\/b><\/a><\/li>\n<li style=\"\" aria-level=\"1\"><a href=\"http:\/\/windows.microsoft.com\/es-xl\/internet-explorer\/delete-manage-cookies#ie=ie-11\"><b>Cookies IExplorer<\/b><\/a><\/li>\n<li style=\"\" aria-level=\"1\"><a href=\"https:\/\/support.apple.com\/kb\/ph5042\"><b>Safari de Cookies<\/b><\/a><\/li>\n<li style=\"\" aria-level=\"1\"><a href=\"http:\/\/help.opera.com\/Linux\/10.60\/es-ES\/cookies.html\" style=\"\"><b>Cookies Opera<\/b><\/a><\/li>\n<\/ul>\n<div>&nbsp;<br><br><\/div>\n<h4><b>Medidas de seguridad<\/b><\/h4>\n<p><span style=\"font-weight: 400;\">El propietario ha adoptado las medidas de seguridad necesarias para proteger los datos personales. Adem\u00e1s, procura instalar otras medidas y recursos t\u00e9cnicos a su alcance para almacenar adecuadamente los datos proporcionados y garantizar que nadie pueda utilizarlos maliciosamente, modificarlos, perderlos, utilizarlos sin permiso o robarlos. El titular no ser\u00e1 responsable de los da\u00f1os y perjuicios que se produzcan por las siguientes causas y que sean ajenas al titular: interferencias, omisiones, interrupciones, virus inform\u00e1ticos, aver\u00edas telef\u00f3nicas o desconexiones en el sistema electr\u00f3nico; retrasos u obst\u00e1culos en el uso del sistema electr\u00f3nico causados por sobrecargas de l\u00edneas telef\u00f3nicas o sobrecargas en otros sistemas electr\u00f3nicos.<\/span><\/p>\n<h4><b><br><\/b><\/h4><h4><b>Aceptaci\u00f3n y consentimiento<\/b><\/h4>\n<p><span style=\"font-weight: 400;\">El usuario debe conocer las condiciones de protecci\u00f3n de datos y su tratamiento a tales efectos por parte del titular. Algunos de los servicios ofrecidos en el portal pueden contener condiciones particulares y supuestos espec\u00edficos en materia de protecci\u00f3n de datos. Para la interpretaci\u00f3n, cumplimiento o incumplimiento de estas condiciones, las partes se someten expresamente a la Jurisdicci\u00f3n de los Juzgados y Tribunales de la ciudad de Valencia.<\/span><\/p>\t\t\t\t\t\t\t\t<\/div>\n\t\t\t\t<\/div>\n\t\t\t\t\t<\/div>\n\t\t<\/div>\n\t\t\t\t\t<\/div>\n\t\t<\/section>\n\t\t\t\t<\/div>","protected":false},"excerpt":{"rendered":"<p>Aviso Legal de Conversa Spanish Institute Todos los elementos que integran el contenido de esta p\u00e1gina web, identificados con el dominio https:\/\/www.conversaspanishinstitute.com, https:\/\/app.conversaspanishinstitute.com o cualquier subdominio, incluidos los nombres comerciales, marcas o signos distintivos contenidos en los mismos, est\u00e1n protegidos por derechos de autor. Datos Identificativos del Responsable Raz\u00f3n Social: INSTITUTO DE IDIOMAS CONVERSA 2021 SL Nombre Comercial: Conversa [...]<\/p>","protected":false},"author":6,"featured_media":0,"parent":0,"menu_order":0,"comment_status":"closed","ping_status":"closed","template":"elementor_header_footer","meta":{"_acf_changed":false,"footnotes":""},"class_list":["post-4272","page","type-page","status-publish","hentry"],"acf":[],"jetpack_sharing_enabled":true,"_links":{"self":[{"href":"https:\/\/conversaspanishinstitute.com\/es\/wp-json\/wp\/v2\/pages\/4272","targetHints":{"allow":["GET"]}}],"collection":[{"href":"https:\/\/conversaspanishinstitute.com\/es\/wp-json\/wp\/v2\/pages"}],"about":[{"href":"https:\/\/conversaspanishinstitute.com\/es\/wp-json\/wp\/v2\/types\/page"}],"author":[{"embeddable":true,"href":"https:\/\/conversaspanishinstitute.com\/es\/wp-json\/wp\/v2\/users\/6"}],"replies":[{"embeddable":true,"href":"https:\/\/conversaspanishinstitute.com\/es\/wp-json\/wp\/v2\/comments?post=4272"}],"version-history":[{"count":19,"href":"https:\/\/conversaspanishinstitute.com\/es\/wp-json\/wp\/v2\/pages\/4272\/revisions"}],"predecessor-version":[{"id":18412,"href":"https:\/\/conversaspanishinstitute.com\/es\/wp-json\/wp\/v2\/pages\/4272\/revisions\/18412"}],"wp:attachment":[{"href":"https:\/\/conversaspanishinstitute.com\/es\/wp-json\/wp\/v2\/media?parent=4272"}],"curies":[{"name":"wp","href":"https:\/\/api.w.org\/{rel}","templated":true}]}}