{"id":4285,"date":"2022-01-24T11:38:29","date_gmt":"2022-01-24T11:38:29","guid":{"rendered":"http:\/\/conversaspanishinstitute.com\/?page_id=4285"},"modified":"2025-05-23T21:40:19","modified_gmt":"2025-05-23T19:40:19","slug":"politica-de-cookies","status":"publish","type":"page","link":"https:\/\/conversaspanishinstitute.com\/es\/politica-de-cookies\/","title":{"rendered":"Pol\u00edtica de cookies"},"content":{"rendered":"<div data-elementor-type=\"wp-post\" data-elementor-id=\"4285\" class=\"elementor elementor-4285\" data-elementor-post-type=\"page\">\n\t\t\t\t\t\t<section data-particle_enable=\"false\" data-particle-mobile-disabled=\"false\" class=\"elementor-section elementor-top-section elementor-element elementor-element-98a49ba about-us elementor-section-boxed elementor-section-height-default elementor-section-height-default\" data-id=\"98a49ba\" data-element_type=\"section\" data-settings=\"{&quot;background_background&quot;:&quot;classic&quot;,&quot;jet_parallax_layout_list&quot;:[],&quot;shape_divider_bottom&quot;:&quot;curve&quot;,&quot;shape_divider_bottom_negative&quot;:&quot;yes&quot;}\">\n\t\t\t\t\t\t\t<div class=\"elementor-background-overlay\"><\/div>\n\t\t\t\t\t\t<div class=\"elementor-shape elementor-shape-bottom\" aria-hidden=\"true\" data-negative=\"true\">\n\t\t\t<svg xmlns=\"http:\/\/www.w3.org\/2000\/svg\" viewbox=\"0 0 1000 100\" preserveaspectratio=\"none\">\n\t<path class=\"elementor-shape-fill\" d=\"M500,97C126.7,96.3,0.8,19.8,0,0v100l1000,0V1C1000,19.4,873.3,97.8,500,97z\"\/>\n<\/svg>\t\t<\/div>\n\t\t\t\t\t<div class=\"elementor-container elementor-column-gap-default\">\n\t\t\t\t\t<div class=\"elementor-column elementor-col-100 elementor-top-column elementor-element elementor-element-0040506\" data-id=\"0040506\" data-element_type=\"column\">\n\t\t\t<div class=\"elementor-widget-wrap elementor-element-populated\">\n\t\t\t\t\t\t<div class=\"elementor-element elementor-element-e7b2ff9 elementor-widget__width-initial elementor-widget elementor-widget-heading\" data-id=\"e7b2ff9\" data-element_type=\"widget\" data-widget_type=\"heading.default\">\n\t\t\t\t<div class=\"elementor-widget-container\">\n\t\t\t\t\t<h2 class=\"elementor-heading-title elementor-size-default\"><b><i>Pol\u00edtica de cookies de Conversa Spanish Institute<\/i><\/b><\/h2>\t\t\t\t<\/div>\n\t\t\t\t<\/div>\n\t\t\t\t\t<\/div>\n\t\t<\/div>\n\t\t\t\t\t<\/div>\n\t\t<\/section>\n\t\t\t\t<section data-particle_enable=\"false\" data-particle-mobile-disabled=\"false\" class=\"elementor-section elementor-top-section elementor-element elementor-element-658ea4d elementor-section-boxed elementor-section-height-default elementor-section-height-default\" data-id=\"658ea4d\" data-element_type=\"section\" data-settings=\"{&quot;background_background&quot;:&quot;classic&quot;,&quot;jet_parallax_layout_list&quot;:[]}\">\n\t\t\t\t\t\t<div class=\"elementor-container elementor-column-gap-default\">\n\t\t\t\t\t<div class=\"elementor-column elementor-col-100 elementor-top-column elementor-element elementor-element-88add30\" data-id=\"88add30\" data-element_type=\"column\">\n\t\t\t<div class=\"elementor-widget-wrap elementor-element-populated\">\n\t\t\t\t\t\t<div class=\"elementor-element elementor-element-c42a185 elementor-widget elementor-widget-text-editor\" data-id=\"c42a185\" data-element_type=\"widget\" data-widget_type=\"text-editor.default\">\n\t\t\t\t<div class=\"elementor-widget-container\">\n\t\t\t\t\t\t\t\t\t<h3><b style=\"font-size: 1.5rem;\">Visi\u00f3n general<\/b><\/h3>\n<p><span style=\"font-weight: 400;\">Las cookies son peque\u00f1os archivos de texto que los sitios web colocan en tu dispositivo mientras navegas. Son procesados y almacenados por tu navegador web. En s\u00ed mismas, las cookies son inofensivas y cumplen funciones cruciales para los sitios web. Sin embargo, pueden utilizarse de forma malintencionada, ya que pueden almacenar informaci\u00f3n que va desde preferencias b\u00e1sicas hasta datos personales. En Conversa Spanish Institute, creemos en ser transparentes sobre c\u00f3mo recopilamos y utilizamos los datos relacionados contigo.<\/span><\/p>\n<p><b><br><\/b><\/p><p><b>\u00bfC\u00f3mo utilizamos las cookies?<\/b><br><span style=\"font-weight: 400;\">Utilizamos cookies para mejorar tu experiencia de navegaci\u00f3n mediante:<\/span><\/p>\n<ul>\n<li style=\"font-weight: 400;\" aria-level=\"1\"><b>Personalizar el contenido<\/b><span style=\"font-weight: 400;\">: Las cookies nos ayudan a recordar tus ajustes y preferencias, permiti\u00e9ndonos adaptar contenidos como cursos y precios.<\/span><\/li>\n<li style=\"font-weight: 400;\" aria-level=\"1\"><b>Analizar nuestro tr\u00e1fico web<\/b><span style=\"font-weight: 400;\">: Utilizamos cookies para identificar qu\u00e9 p\u00e1ginas se est\u00e1n utilizando. Esto nos ayuda a analizar los datos sobre el tr\u00e1fico de la p\u00e1gina web y a mejorar nuestro sitio web para adaptarlo a las necesidades de los clientes.<\/span><\/li>\n<li style=\"font-weight: 400;\" aria-level=\"1\"><b>Mejorar el rendimiento<\/b><span style=\"font-weight: 400;\">: Las cookies pueden ayudar a acelerar los procesos del sitio web para una mejor experiencia del usuario.<\/span><\/li>\n<\/ul>\n<div>&nbsp;<br><br><\/div>\n<p><b>Tipos de cookies que utilizamos<\/b><\/p>\n<ul>\n<li><b style=\"font-family: var( --e-global-typography-text-font-family ), Sans-serif; font-size: 16px;\">Esencial<\/b><span style=\"font-family: var( --e-global-typography-text-font-family ), Sans-serif; font-size: 16px;\">: Son necesarias para que funcione nuestro sitio web y no se pueden desactivar. Por lo general, s\u00f3lo se establecen en respuesta a acciones realizadas por ti que equivalen a una solicitud de servicios, como establecer tus preferencias de privacidad o iniciar sesi\u00f3n.<\/span><\/li>\n<li><b style=\"font-family: var( --e-global-typography-text-font-family ), Sans-serif; font-size: 1rem;\">Rendimiento<\/b><span style=\"font-family: var( --e-global-typography-text-font-family ), Sans-serif; font-size: 1rem;\">: Recopilar informaci\u00f3n sobre c\u00f3mo interact\u00faan los visitantes con nuestro sitio, proporcion\u00e1ndonos datos sobre nuestro rendimiento.<\/span><\/li>\n<li><b style=\"font-family: var( --e-global-typography-text-font-family ), Sans-serif; font-size: 1rem;\">Funcional<\/b><span style=\"font-family: var( --e-global-typography-text-font-family ), Sans-serif; font-size: 1rem;\">: Nos permiten recordar las elecciones que haces en nuestro sitio y proporcionar funciones mejoradas y m\u00e1s personalizadas.<\/span><\/li>\n<li><b style=\"font-family: var( --e-global-typography-text-font-family ), Sans-serif; font-size: 1rem;\">Anal\u00edtica<\/b><span style=\"font-family: var( --e-global-typography-text-font-family ), Sans-serif; font-size: 1rem;\">: Nos ayudan a comprender c\u00f3mo se relacionan los visitantes con el sitio web. Utilizamos estos datos para optimizar nuestro sitio web y nuestros servicios.<\/span><\/li>\n<li><b style=\"font-family: var( --e-global-typography-text-font-family ), Sans-serif; font-size: 1rem;\">Publicidad<\/b><span style=\"font-family: var( --e-global-typography-text-font-family ), Sans-serif; font-size: 1rem;\">: Se utilizan para ofrecerte anuncios m\u00e1s relevantes para ti y tus intereses. Tambi\u00e9n se utilizan para limitar el n\u00famero de veces que ves un anuncio, as\u00ed como para ayudar a medir la eficacia de la campa\u00f1a publicitaria.<\/span><\/li>\n<\/ul>\n<p><b><br><\/b><\/p><p><b><br><\/b><\/p><p><b>Tus opciones respecto a las cookies<\/b><\/p>\n<p><span style=\"font-weight: 400;\">Tienes derecho a decidir si aceptas o rechazas las cookies. Puedes ejercer tus preferencias sobre cookies configurando tu navegador para que acepte o rechace cookies. A continuaci\u00f3n te indicamos c\u00f3mo puedes hacerlo:<\/span><\/p>\n<ol>\n<li style=\"font-weight: 400;\" aria-level=\"1\"><b>Configuraci\u00f3n del navegador<\/b><span style=\"font-weight: 400;\">: La mayor\u00eda de los navegadores web permiten cierto control de la mayor\u00eda de las cookies a trav\u00e9s de la configuraci\u00f3n del navegador. Puedes configurar tu navegador para que te avise cuando se env\u00ede una cookie o para rechazarlas por completo. Sin embargo, si desactivas las cookies, algunas partes de nuestro sitio pueden no funcionar correctamente o ser considerablemente m\u00e1s lentas.<\/span><\/li>\n<li style=\"font-weight: 400;\" aria-level=\"1\"><b>Herramienta de consentimiento de cookies<\/b><span style=\"font-weight: 400;\">: Puedes utilizar nuestra Herramienta de Consentimiento de Cookies para personalizar tus preferencias de cookies. La herramienta registrar\u00e1 cu\u00e1ndo has dado tu consentimiento a nuestra pol\u00edtica de cookies y te pedir\u00e1 que vuelvas a darlo peri\u00f3dicamente para asegurarse de que las preferencias est\u00e1n actualizadas.<\/span><\/li>\n<li style=\"\" aria-level=\"1\"><b style=\"font-weight: 400;\">Gesti\u00f3n de terceros<\/b><span style=\"font-weight: 400;\">: Para rechazar que terceros utilicen cookies para la publicidad basada en el comportamiento, visita <\/span><a href=\"http:\/\/www.youronlinechoices.eu\/\" style=\"\"><b>Digital Interactivo Europeo<\/b><span style=\"font-weight: 400;\"> <\/span><b>Alianza publicitaria<\/b><\/a><b> <\/b><span style=\"font-weight: 400;\">para la UE o Digital Advertising Alliance para EE.UU.<\/span><\/li>\n<\/ol>\n<div>&nbsp;<\/div>\n<div><b><br><\/b><\/div><div><b>Revocaci\u00f3n y eliminaci\u00f3n de cookies<\/b><b><br><\/b><\/div>\n<div><b>&nbsp;<\/b><\/div>\n<p><span style=\"font-weight: 400;\">Puedes permitir, bloquear o eliminar las cookies instaladas en tu equipo mediante la configuraci\u00f3n de las opciones del navegador instalado en tu ordenador.<\/span><\/p>\n<p><span style=\"font-weight: 400;\">Para m\u00e1s informaci\u00f3n sobre el navegador Firefox, haz clic en<\/span><b> <a href=\"https:\/\/support.mozilla.org\/en-US\/kb\/enable-and-disable-cookies-website-preferences\">aqu\u00ed.<\/a>.<\/b><\/p>\n<p><span style=\"font-weight: 400;\">Para m\u00e1s informaci\u00f3n sobre el navegador Chrome, haz clic en <\/span><b><a href=\"https:\/\/support.google.com\/chrome\/answer\/95647?hl=es\">aqu\u00ed.<\/a>.<\/b><\/p>\n<p><span style=\"font-weight: 400;\">Para m\u00e1s informaci\u00f3n sobre el navegador Explorer, haz clic en<\/span><b> <a href=\"https:\/\/support.microsoft.com\/en-us\/help\/17442\/windows-internet-explorer-delete-manage-cookies\">aqu\u00ed.<\/a>.<\/b><\/p>\n<p><span style=\"font-weight: 400;\">Para m\u00e1s informaci\u00f3n sobre el navegador Safari, haz clic en <\/span><b><a href=\"https:\/\/support.apple.com\/en-us\/HT201265\">aqu\u00ed.<\/a>.<\/b><\/p>\n<p><span style=\"font-weight: 400;\">Para m\u00e1s informaci\u00f3n sobre el navegador Opera, haz clic en <\/span><b><a href=\"https:\/\/help.opera.com\/en\/latest\/web-preferences\/#cookies\">aqu\u00ed.<\/a>.<\/b><\/p>\n<p><b><br><\/b><\/p><p><b>Actualizaciones de esta Pol\u00edtica<\/b><\/p>\n<p><span style=\"font-weight: 400;\">Nuestra Pol\u00edtica de Cookies puede cambiar de vez en cuando y todas las actualizaciones se publicar\u00e1n en esta p\u00e1gina. Los cambios en la pol\u00edtica se aplicar\u00e1n \u00fanicamente a la informaci\u00f3n recopilada despu\u00e9s de la fecha del cambio.&nbsp;<\/span><\/p>\n<p><b><br><\/b><\/p><p><b>Contacta con nosotros<\/b><\/p>\n<p><span style=\"font-weight: 400;\">Si tienes preguntas sobre nuestra pol\u00edtica de cookies, puedes ponerte en contacto con nosotros por correo electr\u00f3nico en <\/span><b><i>admin@conversainstitute.com.<\/i><\/b><\/p>\n<p><br style=\"font-weight: 400;\"><br style=\"font-weight: 400;\"><\/p>\t\t\t\t\t\t\t\t<\/div>\n\t\t\t\t<\/div>\n\t\t\t\t\t<\/div>\n\t\t<\/div>\n\t\t\t\t\t<\/div>\n\t\t<\/section>\n\t\t\t\t<\/div>","protected":false},"excerpt":{"rendered":"<p>Pol\u00edtica de cookies de Conversa Spanish Institute Visi\u00f3n generalLas cookies son peque\u00f1os archivos de texto que los sitios web colocan en tu dispositivo mientras navegas. Son procesados y almacenados por tu navegador web. En s\u00ed mismas, las cookies son inofensivas y cumplen funciones cruciales para los sitios web. Sin embargo, pueden utilizarse de forma malintencionada, ya que<\/p>","protected":false},"author":6,"featured_media":0,"parent":0,"menu_order":0,"comment_status":"closed","ping_status":"closed","template":"elementor_header_footer","meta":{"_acf_changed":false,"footnotes":""},"class_list":["post-4285","page","type-page","status-publish","hentry"],"acf":[],"jetpack_sharing_enabled":true,"_links":{"self":[{"href":"https:\/\/conversaspanishinstitute.com\/es\/wp-json\/wp\/v2\/pages\/4285","targetHints":{"allow":["GET"]}}],"collection":[{"href":"https:\/\/conversaspanishinstitute.com\/es\/wp-json\/wp\/v2\/pages"}],"about":[{"href":"https:\/\/conversaspanishinstitute.com\/es\/wp-json\/wp\/v2\/types\/page"}],"author":[{"embeddable":true,"href":"https:\/\/conversaspanishinstitute.com\/es\/wp-json\/wp\/v2\/users\/6"}],"replies":[{"embeddable":true,"href":"https:\/\/conversaspanishinstitute.com\/es\/wp-json\/wp\/v2\/comments?post=4285"}],"version-history":[{"count":25,"href":"https:\/\/conversaspanishinstitute.com\/es\/wp-json\/wp\/v2\/pages\/4285\/revisions"}],"predecessor-version":[{"id":18409,"href":"https:\/\/conversaspanishinstitute.com\/es\/wp-json\/wp\/v2\/pages\/4285\/revisions\/18409"}],"wp:attachment":[{"href":"https:\/\/conversaspanishinstitute.com\/es\/wp-json\/wp\/v2\/media?parent=4285"}],"curies":[{"name":"wp","href":"https:\/\/api.w.org\/{rel}","templated":true}]}}