{"id":12458,"date":"2023-05-23T18:59:39","date_gmt":"2023-05-23T18:59:39","guid":{"rendered":"https:\/\/conversaspanishinstitute.com\/?post_type=product&#038;p=12458"},"modified":"2023-05-23T19:07:38","modified_gmt":"2023-05-23T19:07:38","slug":"programa-de-desarrollo-profesional-certificado-de-verano-para-profesores-de-espanol-en-valencia","status":"publish","type":"product","link":"https:\/\/conversaspanishinstitute.com\/es\/producto\/programa-de-desarrollo-profesional-certificado-de-verano-para-profesores-de-espanol-en-valencia\/","title":{"rendered":"Programa de desarrollo profesional certificado de verano para profesores de espa\u00f1ol en Valencia"},"content":{"rendered":"<p><strong>\u00bfQu\u00e9 incluye la formaci\u00f3n?<\/strong><\/p>\n<ul>\n<li>20 horas de curso virtual + 20 horas de curso presencial en la escuela de Conversa Spanish Institute<\/li>\n<li>Acceso gratuito durante un a\u00f1o a la membres\u00eda de formaci\u00f3n continua de ELEInternacional<\/li>\n<li>Tour por el centro de Valencia<\/li>\n<li>Certificado de asistencia<\/li>\n<\/ul>\n<p>*No se incluye alojamiento, transporte y manutenci\u00f3n durante la estancia.<\/p>\n<p><strong>\u00bfQu\u00e9 contenidos tiene la formaci\u00f3n?<\/strong><\/p>\n<ul>\n<li><strong>Programa del curso virtual <\/strong>(a trav\u00e9s de la plataforma educativa) - 20 horas\n<ul>\n<li><u>M\u00f3dulo 1 Ense\u00f1anza de lenguas a ni\u00f1os y adolescentes<\/u> (4 horas)\n<ul>\n<li>Etapas del desarrollo cognitivo infantil (2h)<\/li>\n<li>C\u00f3mo ense\u00f1ar a adolescentes (2h)<\/li>\n<\/ul>\n<\/li>\n<li><u>M\u00f3dulo 2 La ense\u00f1anza de los contenidos del curr\u00edculo<\/u> (4 h)\n<ul>\n<li>La ense\u00f1anza del l\u00e9xico (2h)<\/li>\n<li>La ense\u00f1anza de la pronunciaci\u00f3n, entonaci\u00f3n y ortograf\u00eda (2h)<\/li>\n<\/ul>\n<\/li>\n<li><u>M\u00f3dulo 3 Factores individuales en la ense\u00f1anza de idiomas I<\/u> (4h)\n<ul>\n<li>El tratamiento del error (2h)<\/li>\n<li>La ense\u00f1anza respetuosa (2h)<\/li>\n<\/ul>\n<\/li>\n<li><u>M\u00f3dulo 4 Factores individuales en la ense\u00f1anza de idiomas II<\/u> (4h)\n<ul>\n<li>Alteraciones en los factores\/procesos cognitivos del alumnado de L2\/LE(I) (2h)<\/li>\n<li>Alteraciones en los factores\/procesos cognitivos del alumnado de L2\/LE(II) (2h)<\/li>\n<\/ul>\n<\/li>\n<li><u>M\u00f3dulo 5 Creaci\u00f3n de materiales did\u00e1cticos<\/u> (4h)\n<ul>\n<li>Dise\u00f1o de materiales con Canva (1h)<\/li>\n<li>Dise\u00f1o de materiales con <em>Power Point<\/em> (3h)<\/li>\n<\/ul>\n<\/li>\n<li><strong>Programa del curso presencial<\/strong> (Valencia) - 20 horas\n<ul>\n<li>Lunes - <u>M\u00f3dulo 1 Ense\u00f1anza de lenguas a ni\u00f1os y adolescentes<\/u> (4h)\n<ul>\n<li>La motivaci\u00f3n en el aula de espa\u00f1ol (2h)<\/li>\n<li>Gesti\u00f3n de aula y din\u00e1micas de grupo (2h)<\/li>\n<\/ul>\n<\/li>\n<li>Martes - <u>M\u00f3dulo 2 La ense\u00f1anza de los contenidos del curr\u00edculo<\/u> (4 h)\n<ul>\n<li>Ense\u00f1anza de la gram\u00e1tica. Nuevas perspectivas (2h)<\/li>\n<li>El componente intercultural (2 h)<\/li>\n<\/ul>\n<\/li>\n<li>Mi\u00e9rcoles - <u>M\u00f3dulo 3 Factores individuales en la ense\u00f1anza de idiomas I<\/u> (4h)\n<ul>\n<li>Aprendizaje emocional y afectivo (2h)<\/li>\n<li>C\u00f3mo trabajar las emociones en el aula (2h)<\/li>\n<\/ul>\n<\/li>\n<li>Jueves - <u>M\u00f3dulo 4 Factores individuales en la ense\u00f1anza de idiomas II<\/u> (4h)\n<ul>\n<li>El desarrollo de la identidad ling\u00fc\u00edstica (2h)<\/li>\n<li>Ayudar a que los estudiantes encuentren su propia voz en espa\u00f1ol (2h)<\/li>\n<\/ul>\n<\/li>\n<li>Viernes - <u>M\u00f3dulo 5 Creaci\u00f3n de materiales did\u00e1cticos<\/u> (4h)\n<ul>\n<li>Gamificaci\u00f3n (2h)<\/li>\n<li>Uso de plataformas y herramientas digitales (2h)<\/li>\n<\/ul>\n<\/li>\n<\/ul>\n<\/li>\n<\/ul>\n<\/li>\n<\/ul>","protected":false},"excerpt":{"rendered":"<p><strong>\u00bfQu\u00e9 incluye la formaci\u00f3n?<\/strong><\/p>\n<ul>\n<li>20 horas de curso virtual + 20 horas de curso presencial en la escuela de Conversa Spanish Institute<\/li>\n<li>Acceso gratuito durante un a\u00f1o a la membres\u00eda de formaci\u00f3n continua de ELEInternacional<\/li>\n<li>Tour por el centro de Valencia<\/li>\n<li>Certificado de asistencia<\/li>\n<\/ul>\n<p><strong>Fechas disponibles<\/strong><\/p>\n<ul>\n<li>17 al 21 de julio<\/li>\n<li>31 julio al 5 de agosto<\/li>\n<\/ul>\n<p>*No se incluye alojamiento, transporte y manutenci\u00f3n durante la estancia.<\/p>","protected":false},"featured_media":12459,"comment_status":"open","ping_status":"closed","template":"","meta":{"_acf_changed":false},"product_brand":[],"product_cat":[490],"product_tag":[],"class_list":{"0":"post-12458","1":"product","2":"type-product","3":"status-publish","4":"has-post-thumbnail","6":"product_cat-verano","8":"first","9":"instock","10":"virtual","11":"taxable","12":"purchasable","13":"product-type-simple"},"acf":[],"jetpack_sharing_enabled":true,"_links":{"self":[{"href":"https:\/\/conversaspanishinstitute.com\/es\/wp-json\/wp\/v2\/product\/12458","targetHints":{"allow":["GET"]}}],"collection":[{"href":"https:\/\/conversaspanishinstitute.com\/es\/wp-json\/wp\/v2\/product"}],"about":[{"href":"https:\/\/conversaspanishinstitute.com\/es\/wp-json\/wp\/v2\/types\/product"}],"replies":[{"embeddable":true,"href":"https:\/\/conversaspanishinstitute.com\/es\/wp-json\/wp\/v2\/comments?post=12458"}],"version-history":[{"count":0,"href":"https:\/\/conversaspanishinstitute.com\/es\/wp-json\/wp\/v2\/product\/12458\/revisions"}],"wp:featuredmedia":[{"embeddable":true,"href":"https:\/\/conversaspanishinstitute.com\/es\/wp-json\/wp\/v2\/media\/12459"}],"wp:attachment":[{"href":"https:\/\/conversaspanishinstitute.com\/es\/wp-json\/wp\/v2\/media?parent=12458"}],"wp:term":[{"taxonomy":"product_brand","embeddable":true,"href":"https:\/\/conversaspanishinstitute.com\/es\/wp-json\/wp\/v2\/product_brand?post=12458"},{"taxonomy":"product_cat","embeddable":true,"href":"https:\/\/conversaspanishinstitute.com\/es\/wp-json\/wp\/v2\/product_cat?post=12458"},{"taxonomy":"product_tag","embeddable":true,"href":"https:\/\/conversaspanishinstitute.com\/es\/wp-json\/wp\/v2\/product_tag?post=12458"}],"curies":[{"name":"wp","href":"https:\/\/api.w.org\/{rel}","templated":true}]}}