{"id":17055,"date":"2024-12-04T12:06:07","date_gmt":"2024-12-04T11:06:07","guid":{"rendered":"https:\/\/conversaspanishinstitute.com\/?post_type=product&#038;p=17055"},"modified":"2025-08-19T20:33:30","modified_gmt":"2025-08-19T18:33:30","slug":"aprender-espanol-para-vivir-en-espana-ebook","status":"publish","type":"product","link":"https:\/\/conversaspanishinstitute.com\/es\/producto\/aprender-espanol-para-vivir-en-espana-ebook\/","title":{"rendered":"Aprender espa\u00f1ol para vivir en Espa\u00f1a eBook"},"content":{"rendered":"<p>\u00bfPlaneas vivir, trabajar o viajar a Espa\u00f1a? Esta gu\u00eda esencial para aprender espa\u00f1ol est\u00e1 pensada para cualquiera que quiera comunicarse con confianza en la vida cotidiana. Tanto si est\u00e1s sorteando la burocracia, comprando en los mercados locales o haciendo nuevos amigos, este pr\u00e1ctico libro electr\u00f3nico te proporcionar\u00e1 el vocabulario clave, las explicaciones gramaticales y las frases comunes que necesitas.<\/p>\n<p>&nbsp;<\/p>\n<p>\u2714\ufe0f Cubre situaciones de la vida real en Espa\u00f1a<\/p>\n<p>\u2714\ufe0f Explicaciones gramaticales claras<\/p>\n<p>\u2714\ufe0f Vocabulario \u00fatil para el d\u00eda a d\u00eda conversations<\/p>\n<p>\u2714\ufe0f Perfecto para principiantes y alumnos de nivel intermedio<\/p>\n<p>&nbsp;<\/p>\n<p>\u00a1Desc\u00e1rgalo ahora y empieza a hablar espa\u00f1ol con confianza!<\/p>","protected":false},"excerpt":{"rendered":"<p>\u00bfPlaneas vivir, trabajar o viajar a Espa\u00f1a? Esta gu\u00eda esencial para aprender espa\u00f1ol est\u00e1 pensada para cualquiera que quiera comunicarse con confianza en la vida cotidiana. Tanto si est\u00e1s sorteando la burocracia, comprando en los mercados locales o haciendo nuevos amigos, este pr\u00e1ctico libro electr\u00f3nico te proporcionar\u00e1 el vocabulario clave, las explicaciones gramaticales y las frases comunes que necesitas.<\/p>\n<p>&nbsp;<\/p>\n<p>\u2714\ufe0f Cubre situaciones de la vida real en Espa\u00f1a<\/p>\n<p>\u2714\ufe0f Explicaciones gramaticales claras<\/p>\n<p>\u2714\ufe0f Vocabulario \u00fatil para el d\u00eda a d\u00eda conversations<\/p>\n<p>\u2714\ufe0f Perfecto para principiantes y alumnos de nivel intermedio<\/p>\n<p>&nbsp;<\/p>\n<p>\u00a1Desc\u00e1rgalo ahora y empieza a hablar espa\u00f1ol con confianza!<\/p>","protected":false},"featured_media":17056,"comment_status":"open","ping_status":"closed","template":"","meta":{"_acf_changed":false},"product_brand":[],"product_cat":[608],"product_tag":[],"class_list":{"0":"post-17055","1":"product","2":"type-product","3":"status-publish","4":"has-post-thumbnail","6":"product_cat-ebooks","8":"first","9":"instock","10":"sale","11":"downloadable","12":"taxable","13":"shipping-taxable","14":"purchasable","15":"product-type-simple"},"acf":[],"jetpack_sharing_enabled":true,"_links":{"self":[{"href":"https:\/\/conversaspanishinstitute.com\/es\/wp-json\/wp\/v2\/product\/17055","targetHints":{"allow":["GET"]}}],"collection":[{"href":"https:\/\/conversaspanishinstitute.com\/es\/wp-json\/wp\/v2\/product"}],"about":[{"href":"https:\/\/conversaspanishinstitute.com\/es\/wp-json\/wp\/v2\/types\/product"}],"replies":[{"embeddable":true,"href":"https:\/\/conversaspanishinstitute.com\/es\/wp-json\/wp\/v2\/comments?post=17055"}],"version-history":[{"count":4,"href":"https:\/\/conversaspanishinstitute.com\/es\/wp-json\/wp\/v2\/product\/17055\/revisions"}],"predecessor-version":[{"id":17625,"href":"https:\/\/conversaspanishinstitute.com\/es\/wp-json\/wp\/v2\/product\/17055\/revisions\/17625"}],"wp:featuredmedia":[{"embeddable":true,"href":"https:\/\/conversaspanishinstitute.com\/es\/wp-json\/wp\/v2\/media\/17056"}],"wp:attachment":[{"href":"https:\/\/conversaspanishinstitute.com\/es\/wp-json\/wp\/v2\/media?parent=17055"}],"wp:term":[{"taxonomy":"product_brand","embeddable":true,"href":"https:\/\/conversaspanishinstitute.com\/es\/wp-json\/wp\/v2\/product_brand?post=17055"},{"taxonomy":"product_cat","embeddable":true,"href":"https:\/\/conversaspanishinstitute.com\/es\/wp-json\/wp\/v2\/product_cat?post=17055"},{"taxonomy":"product_tag","embeddable":true,"href":"https:\/\/conversaspanishinstitute.com\/es\/wp-json\/wp\/v2\/product_tag?post=17055"}],"curies":[{"name":"wp","href":"https:\/\/api.w.org\/{rel}","templated":true}]}}