{"id":19091,"date":"2025-09-12T10:59:50","date_gmt":"2025-09-12T08:59:50","guid":{"rendered":"https:\/\/conversaspanishinstitute.com\/?post_type=product&#038;p=19091"},"modified":"2025-09-12T11:02:49","modified_gmt":"2025-09-12T09:02:49","slug":"preparacion-de-examenes-de-espanol-dele-y-siele-en-grupo-40-horas","status":"publish","type":"product","link":"https:\/\/conversaspanishinstitute.com\/es\/producto\/preparacion-de-examenes-de-espanol-dele-y-siele-en-grupo-40-horas\/","title":{"rendered":"Preparaci\u00f3n de ex\u00e1menes de espa\u00f1ol DELE y SIELE en grupo 40 horas"},"content":{"rendered":"<p>Preparaci\u00f3n de ex\u00e1menes de espa\u00f1ol DELE y SIELE en grupo mensual (40 horas al mes).<\/p>","protected":false},"excerpt":{"rendered":"<p>Preparaci\u00f3n de ex\u00e1menes de espa\u00f1ol DELE y SIELE en grupo mensual (40 horas al mes).<\/p>","protected":false},"featured_media":18007,"comment_status":"open","ping_status":"closed","template":"","meta":{"_acf_changed":false},"product_brand":[],"product_cat":[268],"product_tag":[],"class_list":{"0":"post-19091","1":"product","2":"type-product","3":"status-publish","4":"has-post-thumbnail","6":"product_cat-preparacion-dele","8":"first","9":"instock","10":"purchasable","11":"product-type-simple"},"acf":[],"jetpack_sharing_enabled":true,"_links":{"self":[{"href":"https:\/\/conversaspanishinstitute.com\/es\/wp-json\/wp\/v2\/product\/19091","targetHints":{"allow":["GET"]}}],"collection":[{"href":"https:\/\/conversaspanishinstitute.com\/es\/wp-json\/wp\/v2\/product"}],"about":[{"href":"https:\/\/conversaspanishinstitute.com\/es\/wp-json\/wp\/v2\/types\/product"}],"replies":[{"embeddable":true,"href":"https:\/\/conversaspanishinstitute.com\/es\/wp-json\/wp\/v2\/comments?post=19091"}],"version-history":[{"count":1,"href":"https:\/\/conversaspanishinstitute.com\/es\/wp-json\/wp\/v2\/product\/19091\/revisions"}],"predecessor-version":[{"id":19093,"href":"https:\/\/conversaspanishinstitute.com\/es\/wp-json\/wp\/v2\/product\/19091\/revisions\/19093"}],"wp:featuredmedia":[{"embeddable":true,"href":"https:\/\/conversaspanishinstitute.com\/es\/wp-json\/wp\/v2\/media\/18007"}],"wp:attachment":[{"href":"https:\/\/conversaspanishinstitute.com\/es\/wp-json\/wp\/v2\/media?parent=19091"}],"wp:term":[{"taxonomy":"product_brand","embeddable":true,"href":"https:\/\/conversaspanishinstitute.com\/es\/wp-json\/wp\/v2\/product_brand?post=19091"},{"taxonomy":"product_cat","embeddable":true,"href":"https:\/\/conversaspanishinstitute.com\/es\/wp-json\/wp\/v2\/product_cat?post=19091"},{"taxonomy":"product_tag","embeddable":true,"href":"https:\/\/conversaspanishinstitute.com\/es\/wp-json\/wp\/v2\/product_tag?post=19091"}],"curies":[{"name":"wp","href":"https:\/\/api.w.org\/{rel}","templated":true}]}}