{"id":6460,"date":"2022-02-15T21:18:16","date_gmt":"2022-02-15T21:18:16","guid":{"rendered":"http:\/\/conversaspanishinstitute.com\/?post_type=product&#038;p=6460"},"modified":"2023-11-22T12:54:58","modified_gmt":"2023-11-22T12:54:58","slug":"curso-intensivo-de-espanol","status":"publish","type":"product","link":"https:\/\/conversaspanishinstitute.com\/es\/product\/intensive-spanish-course\/","title":{"rendered":"Curso intensivo de espa\u00f1ol"},"content":{"rendered":"<p><span id=\"attr-85d4d0b1-92b4-426f-9c68-8adecd6f9b4c\">Nuestras clases est\u00e1n equipadas con todo lo que necesitas para tener \u00e9xito en tu aprendizaje. Te daremos todos los materiales adaptados a tu nivel. Despu\u00e9s del curso, tendr\u00e1s la oportunidad de seguir practicando y mejorando tu nivel con un curso online complementario.<\/span><\/p>\n<p><span id=\"attr-85d4d0b1-92b4-426f-9c68-8adecd6f9b4c\">Durante la semana tendremos diferentes actividades dentro y fuera del aula que te permitir\u00e1n descubrir mejor la cultura espa\u00f1ola.<\/span><\/p>\n<p><small><strong>CONDICIONES<\/strong><\/small><br \/>\n<small id=\"attr-ab04ca40-8cd4-4d3b-84d9-fea6eb51af49\">El precio incluye libros, actividades y recursos complementarios, 20h\/semana de curso presencial y online. Los gastos de traslado y alojamiento no est\u00e1n incluidos.<\/small><\/p>","protected":false},"excerpt":{"rendered":"<p><em><span id=\"attr-e526a35e-ea36-4abd-9508-ff9268f45266\">Este curso es perfecto para poder<\/span><strong><span id=\"attr-f56e3dfd-2d9a-4ea5-9404-381312b5ecbe\">\u00a0sumergirte en la lengua y la cultura espa\u00f1olas<\/span><\/strong><span id=\"attr-85d4d0b1-92b4-426f-9c68-8adecd6f9b4c\">. 20 lecciones de espa\u00f1ol por semana repartidas en 4 horas de clases diarias. Tambi\u00e9n puedes combinar este curso con nuestras clases privadas de conversaci\u00f3n para poder obtener la experiencia completa.<\/span><\/em><\/p>","protected":false},"featured_media":7532,"comment_status":"closed","ping_status":"closed","template":"","meta":{"_acf_changed":false},"product_brand":[],"product_cat":[266,524],"product_tag":[],"class_list":{"0":"post-6460","1":"product","2":"type-product","3":"status-publish","4":"has-post-thumbnail","6":"product_cat-cursos-intensivos","7":"product_cat-recurrente","9":"first","10":"instock","11":"sold-individually","12":"taxable","13":"shipping-taxable","14":"purchasable","15":"product-type-variable"},"booking_location":null,"booking_location_type":null,"booking_duration":null,"booking_duration_unit":null,"booking_buffer":null,"booking_cost":null,"booking_resources":null,"acf":[],"jetpack_sharing_enabled":true,"_links":{"self":[{"href":"https:\/\/conversaspanishinstitute.com\/es\/wp-json\/wp\/v2\/product\/6460","targetHints":{"allow":["GET"]}}],"collection":[{"href":"https:\/\/conversaspanishinstitute.com\/es\/wp-json\/wp\/v2\/product"}],"about":[{"href":"https:\/\/conversaspanishinstitute.com\/es\/wp-json\/wp\/v2\/types\/product"}],"replies":[{"embeddable":true,"href":"https:\/\/conversaspanishinstitute.com\/es\/wp-json\/wp\/v2\/comments?post=6460"}],"version-history":[{"count":1,"href":"https:\/\/conversaspanishinstitute.com\/es\/wp-json\/wp\/v2\/product\/6460\/revisions"}],"predecessor-version":[{"id":17465,"href":"https:\/\/conversaspanishinstitute.com\/es\/wp-json\/wp\/v2\/product\/6460\/revisions\/17465"}],"wp:featuredmedia":[{"embeddable":true,"href":"https:\/\/conversaspanishinstitute.com\/es\/wp-json\/wp\/v2\/media\/7532"}],"wp:attachment":[{"href":"https:\/\/conversaspanishinstitute.com\/es\/wp-json\/wp\/v2\/media?parent=6460"}],"wp:term":[{"taxonomy":"product_brand","embeddable":true,"href":"https:\/\/conversaspanishinstitute.com\/es\/wp-json\/wp\/v2\/product_brand?post=6460"},{"taxonomy":"product_cat","embeddable":true,"href":"https:\/\/conversaspanishinstitute.com\/es\/wp-json\/wp\/v2\/product_cat?post=6460"},{"taxonomy":"product_tag","embeddable":true,"href":"https:\/\/conversaspanishinstitute.com\/es\/wp-json\/wp\/v2\/product_tag?post=6460"}],"curies":[{"name":"wp","href":"https:\/\/api.w.org\/{rel}","templated":true}]}}