{"id":13107,"date":"2023-12-06T10:49:16","date_gmt":"2023-12-06T10:49:16","guid":{"rendered":"https:\/\/conversaspanishinstitute.com\/?page_id=13107"},"modified":"2024-03-19T13:53:46","modified_gmt":"2024-03-19T13:53:46","slug":"offres-demploi","status":"publish","type":"page","link":"https:\/\/conversaspanishinstitute.com\/fr\/offres-demploi\/","title":{"rendered":"Offres d'emploi Odontologie"},"content":{"rendered":"<div data-elementor-type=\"wp-page\" data-elementor-id=\"13107\" class=\"elementor elementor-13107\" data-elementor-post-type=\"page\">\n\t\t\t\t\t\t<section data-particle_enable=\"false\" data-particle-mobile-disabled=\"false\" class=\"elementor-section elementor-top-section elementor-element elementor-element-e2dd2dd elementor-section-boxed elementor-section-height-default elementor-section-height-default\" data-id=\"e2dd2dd\" data-element_type=\"section\" data-settings=\"{&quot;jet_parallax_layout_list&quot;:[]}\">\n\t\t\t\t\t\t<div class=\"elementor-container elementor-column-gap-default\">\n\t\t\t\t\t<div class=\"elementor-column elementor-col-100 elementor-top-column elementor-element elementor-element-6689755\" data-id=\"6689755\" data-element_type=\"column\">\n\t\t\t<div class=\"elementor-widget-wrap elementor-element-populated\">\n\t\t\t\t\t\t<div class=\"elementor-element elementor-element-f121937 elementor-widget elementor-widget-heading\" data-id=\"f121937\" data-element_type=\"widget\" data-widget_type=\"heading.default\">\n\t\t\t\t<div class=\"elementor-widget-container\">\n\t\t\t\t\t<h2 class=\"elementor-heading-title elementor-size-default\">Offre d'emploi<br><br>Sp\u00e9cialiste en ELE pour Odontologie\/Salud<\/h2>\t\t\t\t<\/div>\n\t\t\t\t<\/div>\n\t\t\t\t\t<\/div>\n\t\t<\/div>\n\t\t\t\t\t<\/div>\n\t\t<\/section>\n\t\t\t\t<section data-particle_enable=\"false\" data-particle-mobile-disabled=\"false\" class=\"elementor-section elementor-top-section elementor-element elementor-element-c6b5480 elementor-section-boxed elementor-section-height-default elementor-section-height-default\" data-id=\"c6b5480\" data-element_type=\"section\" data-settings=\"{&quot;jet_parallax_layout_list&quot;:[]}\">\n\t\t\t\t\t\t<div class=\"elementor-container elementor-column-gap-default\">\n\t\t\t\t\t<div class=\"elementor-column elementor-col-100 elementor-top-column elementor-element elementor-element-fa98df9\" data-id=\"fa98df9\" data-element_type=\"column\">\n\t\t\t<div class=\"elementor-widget-wrap elementor-element-populated\">\n\t\t\t\t\t\t<div class=\"elementor-element elementor-element-96245ad elementor-widget elementor-widget-text-editor\" data-id=\"96245ad\" data-element_type=\"widget\" data-widget_type=\"text-editor.default\">\n\t\t\t\t<div class=\"elementor-widget-container\">\n\t\t\t\t\t\t\t\t\t<p>En Conversa Spanish Institute Valencia, nous souhaitons int\u00e9grer \u00e0 notre \u00e9quipe de docteurs un professeur d'espagnol ayant de l'exp\u00e9rience dans l'enseignement de mati\u00e8res sp\u00e9cifiques, plus concr\u00e8tement dans le domaine de la sant\u00e9 et de l'odontologie.<\/p>\n<p>Dans tous les cas, les candidats doivent pr\u00e9senter leurs exp\u00e9riences, tant dans l'enseignement de l'espagnol en tant que langue \u00e9trang\u00e8re que dans le domaine de l'odontologie.<\/p>\n<p><span style=\"color: var( --e-global-color-text ); font-family: var( --e-global-typography-text-font-family ), Sans-serif; font-size: 1rem;\">Les fonctions sont les suivantes :<\/span><\/p><ul><li><ul><li style=\"font-size: 16px;\">Cr\u00e9er et adapter le mat\u00e9riel en fonction des besoins du groupe.<\/li>\n<li style=\"font-size: 16px;\">R\u00e9aliser les s\u00e9ances de contenu, qu'elles soient en direct ou saisies.<\/li><li style=\"font-size: 16px;\">R\u00e9soudre les doutes et les questions gr\u00e2ce aux s\u00e9ances de tutorat.<\/li><li style=\"font-size: 16px;\">Corriger les activit\u00e9s et les t\u00e2ches.<\/li>\n<\/ul>\n<\/li>\n<li>Modalit\u00e9 : \u00e0 distance (mais elle est valoris\u00e9e si le professeur r\u00e9side \u00e0 Valence).<\/li>\n<li>Tipo de contrato : Media jornada<\/li>\n<li>Salaire : selon la convention<\/li>\n<li>Horaire : por definir\n<\/li>\n<\/ul>\n<div><br><\/div>\n<p><strong>Demande d'information<\/strong>:<\/p>\n<ul>\n<li>Sois un enseignant cr\u00e9atif, flexible et charismatique.<\/li>\n<li>Estudios superiores, preferiblemente conectados con el \u00e1mbito de la educaci\u00f3n.<\/li>\n<li>Estudios espec\u00edficos de ense\u00f1anza de espa\u00f1ol como lengua extranjera (ELE).<\/li>\n<li>\u00c9tudes sp\u00e9cifiques d'enseignement de l'espagnol pour des objectifs sp\u00e9cifiques (EFE), particuli\u00e8rement li\u00e9s \u00e0 la sant\u00e9 et \u00e0 l'odontologie.<\/li>\n<li>Exp\u00e9rience minimale de 6 mois dans l'enseignement de l'espagnol.<\/li>\n<li>Exp\u00e9rience dans l'enseignement en ligne ou dans des contextes virtuels.<\/li>\n<li>Connaissances en informatique et utilisation de plateformes.<\/li>\n<\/ul>\t\t\t\t\t\t\t\t<\/div>\n\t\t\t\t<\/div>\n\t\t\t\t<div class=\"elementor-element elementor-element-1e143ff fluent-form-widget-step-header-yes fluent-form-widget-step-progressbar-yes fluentform-widget-submit-button-custom elementor-widget elementor-widget-fluent-form-widget\" data-id=\"1e143ff\" data-element_type=\"widget\" data-widget_type=\"fluent-form-widget.default\">\n\t\t\t\t<div class=\"elementor-widget-container\">\n\t\t\t\t\t\n            <div class=\"fluentform-widget-wrapper fluentform-widget-align-default\">\n\n            \n                        <\/div>\n\n            \t\t\t\t<\/div>\n\t\t\t\t<\/div>\n\t\t\t\t\t<\/div>\n\t\t<\/div>\n\t\t\t\t\t<\/div>\n\t\t<\/section>\n\t\t\t\t<\/div>","protected":false},"excerpt":{"rendered":"<p>Offre d'emploi Sp\u00e9cialiste en ELE pour Odontologie\/Salud En Conversa Spanish Institute Valencia queremos incorporar a nuestro equipo docente a un profesor de espa\u00f1ol con experiencia en la ense\u00f1anza de fines espec\u00edficos, m\u00e1s concretamente en el \u00e1mbito de la salud y la odontolog\u00eda. En todos los casos, se pedir\u00e1n muestras que demuestren la experiencia del [...]<\/p>","protected":false},"author":1,"featured_media":12411,"parent":0,"menu_order":0,"comment_status":"closed","ping_status":"closed","template":"","meta":{"_acf_changed":false,"footnotes":""},"class_list":["post-13107","page","type-page","status-publish","has-post-thumbnail","hentry"],"acf":[],"jetpack_sharing_enabled":true,"_links":{"self":[{"href":"https:\/\/conversaspanishinstitute.com\/fr\/wp-json\/wp\/v2\/pages\/13107","targetHints":{"allow":["GET"]}}],"collection":[{"href":"https:\/\/conversaspanishinstitute.com\/fr\/wp-json\/wp\/v2\/pages"}],"about":[{"href":"https:\/\/conversaspanishinstitute.com\/fr\/wp-json\/wp\/v2\/types\/page"}],"author":[{"embeddable":true,"href":"https:\/\/conversaspanishinstitute.com\/fr\/wp-json\/wp\/v2\/users\/1"}],"replies":[{"embeddable":true,"href":"https:\/\/conversaspanishinstitute.com\/fr\/wp-json\/wp\/v2\/comments?post=13107"}],"version-history":[{"count":1,"href":"https:\/\/conversaspanishinstitute.com\/fr\/wp-json\/wp\/v2\/pages\/13107\/revisions"}],"predecessor-version":[{"id":13879,"href":"https:\/\/conversaspanishinstitute.com\/fr\/wp-json\/wp\/v2\/pages\/13107\/revisions\/13879"}],"wp:featuredmedia":[{"embeddable":true,"href":"https:\/\/conversaspanishinstitute.com\/fr\/wp-json\/wp\/v2\/media\/12411"}],"wp:attachment":[{"href":"https:\/\/conversaspanishinstitute.com\/fr\/wp-json\/wp\/v2\/media?parent=13107"}],"curies":[{"name":"wp","href":"https:\/\/api.w.org\/{rel}","templated":true}]}}