{"id":13373,"date":"2024-01-07T18:18:31","date_gmt":"2024-01-07T18:18:31","guid":{"rendered":"https:\/\/conversaspanishinstitute.com\/?page_id=13373"},"modified":"2024-01-12T08:12:59","modified_gmt":"2024-01-12T08:12:59","slug":"offre-demploi-en-ligne","status":"publish","type":"page","link":"https:\/\/conversaspanishinstitute.com\/fr\/oferta-de-empleo-ele-online\/","title":{"rendered":"Offre d'emploi - ELE online"},"content":{"rendered":"<div data-elementor-type=\"wp-page\" data-elementor-id=\"13373\" class=\"elementor elementor-13373\" data-elementor-post-type=\"page\">\n\t\t\t\t\t\t<section data-particle_enable=\"false\" data-particle-mobile-disabled=\"false\" class=\"elementor-section elementor-top-section elementor-element elementor-element-21b49e5 elementor-section-boxed elementor-section-height-default elementor-section-height-default\" data-id=\"21b49e5\" data-element_type=\"section\" data-e-type=\"section\" data-settings=\"{&quot;jet_parallax_layout_list&quot;:[]}\">\n\t\t\t\t\t\t<div class=\"elementor-container elementor-column-gap-default\">\n\t\t\t\t\t<div class=\"elementor-column elementor-col-100 elementor-top-column elementor-element elementor-element-4f59fee\" data-id=\"4f59fee\" data-element_type=\"column\" data-e-type=\"column\">\n\t\t\t<div class=\"elementor-widget-wrap elementor-element-populated\">\n\t\t\t\t\t\t<div class=\"elementor-element elementor-element-1b8c52d elementor-widget elementor-widget-heading\" data-id=\"1b8c52d\" data-element_type=\"widget\" data-e-type=\"widget\" data-widget_type=\"heading.default\">\n\t\t\t\t<div class=\"elementor-widget-container\">\n\t\t\t\t\t<h2 class=\"elementor-heading-title elementor-size-medium\">Offre d'emploi<\/h2>\t\t\t\t<\/div>\n\t\t\t\t<\/div>\n\t\t\t\t<div class=\"elementor-element elementor-element-11eca2a elementor-widget elementor-widget-heading\" data-id=\"11eca2a\" data-element_type=\"widget\" data-e-type=\"widget\" data-widget_type=\"heading.default\">\n\t\t\t\t<div class=\"elementor-widget-container\">\n\t\t\t\t\t<h2 class=\"elementor-heading-title elementor-size-large\">PROCESO CERRADO <br><br>Docente ELE online horario LATAM<\/h2>\t\t\t\t<\/div>\n\t\t\t\t<\/div>\n\t\t\t\t\t<\/div>\n\t\t<\/div>\n\t\t\t\t\t<\/div>\n\t\t<\/section>\n\t\t\t\t<section data-particle_enable=\"false\" data-particle-mobile-disabled=\"false\" class=\"elementor-section elementor-top-section elementor-element elementor-element-934e70d elementor-section-boxed elementor-section-height-default elementor-section-height-default\" data-id=\"934e70d\" data-element_type=\"section\" data-e-type=\"section\" data-settings=\"{&quot;jet_parallax_layout_list&quot;:[]}\">\n\t\t\t\t\t\t<div class=\"elementor-container elementor-column-gap-default\">\n\t\t\t\t\t<div class=\"elementor-column elementor-col-100 elementor-top-column elementor-element elementor-element-91c4b57\" data-id=\"91c4b57\" data-element_type=\"column\" data-e-type=\"column\">\n\t\t\t<div class=\"elementor-widget-wrap elementor-element-populated\">\n\t\t\t\t\t\t<div class=\"elementor-element elementor-element-1fa1384 elementor-widget elementor-widget-text-editor\" data-id=\"1fa1384\" data-element_type=\"widget\" data-e-type=\"widget\" data-widget_type=\"text-editor.default\">\n\t\t\t\t<div class=\"elementor-widget-container\">\n\t\t\t\t\t\t\t\t\t<p><span style=\"font-weight: 400;\">En Conversa Spanish Institute (Valencia) apostamos por la calidad, no solo en nuestros programas y servicios hacia nuestros estudiantes, sino dando prioridad a la satisfacci\u00f3n y reconocimiento de nuestro equipo.<\/span><\/p><p><span style=\"font-weight: 400;\">Si tu veux faire partie de la famille Conversa, nous nous effor\u00e7ons de cr\u00e9er une place de <strong>docente de espa\u00f1ol online en horario de LATAM.\u00a0<\/strong><\/span><\/p><p><span style=\"font-weight: 400;\">Nous recherchons des enseignants pleins d'\u00e9nergie et d'enthousiasme, qui souhaitent faire partie d'une \u00e9quipe dynamique dans un \u00e9tablissement en pleine croissance et qui ont l'habitude de donner des cours dans ce contexte.<\/span><\/p><p>\u00a0<\/p><p><span style=\"font-weight: 400;\">El salario ser\u00e1 acorde a lo establecido dentro del Convenio para Ense\u00f1anzas no Regladas : https:\/\/www.boe.es\/eli\/es\/res\/2022\/07\/19\/(13).<\/span><\/p><p>\u00a0<\/p><p><span style=\"font-weight: 400;\">Funciones :<\/span><span style=\"font-weight: 400;\"><br \/><\/span><span style=\"font-weight: 400;\">- Conception et correction d'activit\u00e9s sur notre plateforme.<\/span><\/p><p><span style=\"font-weight: 400;\">- Tutorias, clases de conversaci\u00f3n, clases de cultura en zoom\/google meet.<\/span><span style=\"font-weight: 400;\"><br \/><\/span><span style=\"font-weight: 400;\">- Transmettre le programme \u00e9ducatif cr\u00e9\u00e9 par Conversa.<\/span><span style=\"font-weight: 400;\"><br \/><\/span><span style=\"font-weight: 400;\">- Experiencia previa en clases online.<\/span><span style=\"font-weight: 400;\"><br \/><\/span><span style=\"font-weight: 400;\">- Exp\u00e9rience avec des \u00e9tudiants de diff\u00e9rentes nationalit\u00e9s.<\/span><span style=\"font-weight: 400;\"><br \/><\/span><span style=\"font-weight: 400;\">- Impartir todos los niveles del MCER (A1-C2).<\/span><span style=\"font-weight: 400;\"><br \/><\/span><span style=\"font-weight: 400;\">- T\u00e2ches acad\u00e9mico-administratives : liste d'assistance, \u00e9valuation, r\u00e9unions, etc.<\/span><\/p><p><span style=\"font-weight: 400;\">Requisitos :<\/span><\/p><ul><li style=\"font-weight: 400;\" aria-level=\"1\"><span style=\"font-weight: 400;\">Experiencia en clases online.<\/span><\/li><li style=\"font-weight: 400;\" aria-level=\"1\"><span style=\"font-weight: 400;\">Nous recherchons des docents qui ont de l'\u00e9nergie et de l'envie, qui sont r\u00e9solus et qui travaillent bien en \u00e9quipe.<\/span><\/li><li style=\"font-weight: 400;\" aria-level=\"1\"><span style=\"font-weight: 400;\">Titre que tu as obtenu pour le poste (Filologie, Magist\u00e8re, Formation en ELE, etc.).<\/span><\/li><li style=\"font-weight: 400;\" aria-level=\"1\"><b>Il est imp\u00e9ratif de vivre en Am\u00e9rique latine \u00e0 l'heure de nos \u00e9l\u00e8ves.<\/b><\/li><\/ul><div><b>\u00a0<\/b><\/div><p><span style=\"font-weight: 400;\">Se valorar\u00e1 :<\/span><\/p><ul><li style=\"font-weight: 400;\" aria-level=\"1\"><span style=\"font-weight: 400;\">El conocimiento de idiomas.<\/span><\/li><li style=\"font-weight: 400;\" aria-level=\"1\"><span style=\"font-weight: 400;\">L'utilisation de plates-formes \u00e9ducatives et d'espaces virtuels.<\/span><\/li><li style=\"font-weight: 400;\" aria-level=\"1\"><span style=\"font-weight: 400;\">Connaissances en mati\u00e8re de cr\u00e9ation et d'adaptation de mat\u00e9riels didactiques.<\/span><\/li><\/ul>\t\t\t\t\t\t\t\t<\/div>\n\t\t\t\t<\/div>\n\t\t\t\t\t<\/div>\n\t\t<\/div>\n\t\t\t\t\t<\/div>\n\t\t<\/section>\n\t\t\t\t<section data-particle_enable=\"false\" data-particle-mobile-disabled=\"false\" class=\"elementor-section elementor-top-section elementor-element elementor-element-9c5671a elementor-section-boxed elementor-section-height-default elementor-section-height-default\" data-id=\"9c5671a\" data-element_type=\"section\" data-e-type=\"section\" data-settings=\"{&quot;jet_parallax_layout_list&quot;:[]}\">\n\t\t\t\t\t\t<div class=\"elementor-container elementor-column-gap-default\">\n\t\t\t\t\t<div class=\"elementor-column elementor-col-100 elementor-top-column elementor-element elementor-element-81735a6\" data-id=\"81735a6\" data-element_type=\"column\" data-e-type=\"column\">\n\t\t\t<div class=\"elementor-widget-wrap elementor-element-populated\">\n\t\t\t\t\t\t<div class=\"elementor-element elementor-element-8c3dd23 fluent-form-widget-step-header-yes fluent-form-widget-step-progressbar-yes fluentform-widget-submit-button-custom elementor-widget elementor-widget-fluent-form-widget\" data-id=\"8c3dd23\" data-element_type=\"widget\" data-e-type=\"widget\" data-widget_type=\"fluent-form-widget.default\">\n\t\t\t\t<div class=\"elementor-widget-container\">\n\t\t\t\t\t\n            <div class=\"fluentform-widget-wrapper fluentform-widget-align-default\">\n\n            \n                        <\/div>\n\n            \t\t\t\t<\/div>\n\t\t\t\t<\/div>\n\t\t\t\t\t<\/div>\n\t\t<\/div>\n\t\t\t\t\t<\/div>\n\t\t<\/section>\n\t\t\t\t<\/div>","protected":false},"excerpt":{"rendered":"<p>Oferta de empleo PROCESO CERRADO Docente ELE online horario LATAM En Conversa Spanish Institute (Valencia) apostamos por la calidad, no solo en nuestros programas y servicios hacia nuestros estudiantes, sino dando prioridad a la satisfacci\u00f3n y reconocimiento de nuestro equipo. Si quieres formar parte de la familia Conversa, estamos buscando cubrir una plaza de docente [&hellip;]<\/p>\n","protected":false},"author":1,"featured_media":0,"parent":0,"menu_order":0,"comment_status":"closed","ping_status":"closed","template":"","meta":{"_acf_changed":false,"footnotes":""},"class_list":["post-13373","page","type-page","status-publish","hentry"],"acf":[],"jetpack_sharing_enabled":true,"_links":{"self":[{"href":"https:\/\/conversaspanishinstitute.com\/fr\/wp-json\/wp\/v2\/pages\/13373","targetHints":{"allow":["GET"]}}],"collection":[{"href":"https:\/\/conversaspanishinstitute.com\/fr\/wp-json\/wp\/v2\/pages"}],"about":[{"href":"https:\/\/conversaspanishinstitute.com\/fr\/wp-json\/wp\/v2\/types\/page"}],"author":[{"embeddable":true,"href":"https:\/\/conversaspanishinstitute.com\/fr\/wp-json\/wp\/v2\/users\/1"}],"replies":[{"embeddable":true,"href":"https:\/\/conversaspanishinstitute.com\/fr\/wp-json\/wp\/v2\/comments?post=13373"}],"version-history":[{"count":0,"href":"https:\/\/conversaspanishinstitute.com\/fr\/wp-json\/wp\/v2\/pages\/13373\/revisions"}],"wp:attachment":[{"href":"https:\/\/conversaspanishinstitute.com\/fr\/wp-json\/wp\/v2\/media?parent=13373"}],"curies":[{"name":"wp","href":"https:\/\/api.w.org\/{rel}","templated":true}]}}