{"id":15308,"date":"2024-07-12T08:43:36","date_gmt":"2024-07-12T08:43:36","guid":{"rendered":"https:\/\/conversaspanishinstitute.com\/?page_id=15308"},"modified":"2025-05-27T15:43:30","modified_gmt":"2025-05-27T13:43:30","slug":"conditions-pour-les-groupes-educatifs-en-visite","status":"publish","type":"page","link":"https:\/\/conversaspanishinstitute.com\/fr\/conditions-pour-les-groupes-educatifs-en-visite\/","title":{"rendered":"Conditions g\u00e9n\u00e9rales pour les groupes \u00e9ducatifs en visite"},"content":{"rendered":"<div data-elementor-type=\"wp-page\" data-elementor-id=\"15308\" class=\"elementor elementor-15308\" data-elementor-post-type=\"page\">\n\t\t\t\t\t\t<section data-particle_enable=\"false\" data-particle-mobile-disabled=\"false\" class=\"elementor-section elementor-top-section elementor-element elementor-element-9319719 about-us elementor-section-boxed elementor-section-height-default elementor-section-height-default\" data-id=\"9319719\" data-element_type=\"section\" data-settings=\"{&quot;background_background&quot;:&quot;classic&quot;,&quot;jet_parallax_layout_list&quot;:[],&quot;shape_divider_bottom&quot;:&quot;curve&quot;,&quot;shape_divider_bottom_negative&quot;:&quot;yes&quot;}\">\n\t\t\t\t\t\t\t<div class=\"elementor-background-overlay\"><\/div>\n\t\t\t\t\t\t<div class=\"elementor-shape elementor-shape-bottom\" aria-hidden=\"true\" data-negative=\"true\">\n\t\t\t<svg xmlns=\"http:\/\/www.w3.org\/2000\/svg\" viewbox=\"0 0 1000 100\" preserveaspectratio=\"none\">\n\t<path class=\"elementor-shape-fill\" d=\"M500,97C126.7,96.3,0.8,19.8,0,0v100l1000,0V1C1000,19.4,873.3,97.8,500,97z\"\/>\n<\/svg>\t\t<\/div>\n\t\t\t\t\t<div class=\"elementor-container elementor-column-gap-default\">\n\t\t\t\t\t<div class=\"elementor-column elementor-col-100 elementor-top-column elementor-element elementor-element-ba257ef\" data-id=\"ba257ef\" data-element_type=\"column\">\n\t\t\t<div class=\"elementor-widget-wrap elementor-element-populated\">\n\t\t\t\t\t\t<div class=\"elementor-element elementor-element-adba750 elementor-widget__width-initial elementor-widget elementor-widget-heading\" data-id=\"adba750\" data-element_type=\"widget\" data-widget_type=\"heading.default\">\n\t\t\t\t<div class=\"elementor-widget-container\">\n\t\t\t\t\t<h2 class=\"elementor-heading-title elementor-size-default\"><b><i>Conditions g\u00e9n\u00e9rales pour les groupes scolaires<\/i><\/b><\/h2>\t\t\t\t<\/div>\n\t\t\t\t<\/div>\n\t\t\t\t\t<\/div>\n\t\t<\/div>\n\t\t\t\t\t<\/div>\n\t\t<\/section>\n\t\t\t\t<section data-particle_enable=\"false\" data-particle-mobile-disabled=\"false\" class=\"elementor-section elementor-top-section elementor-element elementor-element-51742eec elementor-section-boxed elementor-section-height-default elementor-section-height-default\" data-id=\"51742eec\" data-element_type=\"section\" data-settings=\"{&quot;jet_parallax_layout_list&quot;:[]}\">\n\t\t\t\t\t\t<div class=\"elementor-container elementor-column-gap-default\">\n\t\t\t\t\t<div class=\"elementor-column elementor-col-100 elementor-top-column elementor-element elementor-element-4de6397\" data-id=\"4de6397\" data-element_type=\"column\">\n\t\t\t<div class=\"elementor-widget-wrap elementor-element-populated\">\n\t\t\t\t\t\t<div class=\"elementor-element elementor-element-e3574f9 elementor-widget elementor-widget-text-editor\" data-id=\"e3574f9\" data-element_type=\"widget\" data-widget_type=\"text-editor.default\">\n\t\t\t\t<div class=\"elementor-widget-container\">\n\t\t\t\t\t\t\t\t\t<h3><span style=\"font-weight: 700; font-size: 1.5rem;\">Introduction<\/span><\/h3>\n<p>Parall\u00e8lement aux conditions g\u00e9n\u00e9rales de Conversa Spanish Institute, les conditions sp\u00e9cifiques suivantes s'appliquent exclusivement aux groupes scolaires participant aux voyages linguistiques organis\u00e9s par Conversa Spanish Institute. Ces conditions sont con\u00e7ues pour assurer une compr\u00e9hension claire et une gestion harmonieuse des services fournis aux \u00e9coles visiteuses.<\/p>\n<h4><br><\/h4>\n<h4><b>Nomination<\/b><\/h4>\n<p>L'\u00e9cole invitante d\u00e9signe un repr\u00e9sentant responsable du voyage linguistique \u00e0 Valence. Ce repr\u00e9sentant agira conform\u00e9ment aux termes et conditions \u00e9nonc\u00e9s dans le pr\u00e9sent accord.<\/p>\n<h4><br><\/h4>\n<h4><b>Objectif<\/b><\/h4>\n<p>Conversa Spanish Institute propose des cours d'espagnol langue \u00e9trang\u00e8re, ainsi que l'h\u00e9bergement, les transferts et les activit\u00e9s li\u00e9es \u00e0 ces cours et sp\u00e9cialement con\u00e7ues pour l'\u00e9cole invit\u00e9e pendant son s\u00e9jour \u00e0 Valence.<\/p>\n<h4><br><\/h4>\n<h4><b>Services fournis<\/b><\/h4>\n<ul>\n<li><strong>Soutien linguistique\/de voyage<\/strong>: Conversa s'engage \u00e0 fournir une assistance linguistique et de voyage comme indiqu\u00e9 dans la proposition initiale convenue par les deux parties.<\/li>\n<li><strong>Services suppl\u00e9mentaires<\/strong>: Tout service suppl\u00e9mentaire sera ajout\u00e9 \u00e0 la proposition initiale et fera l'objet d'un accord entre les deux parties.<\/li>\n<\/ul>\n<div>&nbsp;<br><br><\/div>\n<h4><b>R\u00e9servations et paiements<\/b><\/h4>\n<ul>\n<li><strong>D\u00e9p\u00f4t initial<\/strong>: L'\u00e9cole invitante fournira 30% des honoraires totaux pour les services fournis par Conversa \u00e0 la signature de ce contrat.<\/li>\n<li><strong>Paiement final<\/strong>: Le montant restant doit \u00eatre pay\u00e9 par l'\u00e9cole invitante au moins 30 jours avant l'arriv\u00e9e des \u00e9l\u00e8ves \u00e0 Valence. Tous les frais doivent \u00eatre collect\u00e9s par l'\u00e9cole invitante aupr\u00e8s des parents\/tuteurs\/repr\u00e9sentants l\u00e9gaux des \u00e9tudiants et transf\u00e9r\u00e9s \u00e0 Conversa.<\/li>\n<\/ul>\n<div>&nbsp;<br><br><\/div>\n<h4><b>Annulations, remboursements et reports<\/b><\/h4>\n<ul>\n<li><strong>Notification d'annulation<\/strong>: Doit \u00eatre fait le plus t\u00f4t possible.<\/li>\n<li><strong>Frais dus en cas d'annulation<\/strong>:\n<ul>\n<li>100% de la valeur totale en cas d'annulation apr\u00e8s l'arriv\u00e9e.<\/li>\n<li>70% de la valeur totale si elle est annul\u00e9e avant 30 jours de l'arriv\u00e9e pr\u00e9vue.<\/li>\n<li>Remboursement int\u00e9gral (moins 100 \u20ac de frais d'annulation) si le visa d'\u00e9tudiant n'est pas d\u00e9livr\u00e9, \u00e0 condition que l'annulation ait lieu plus de 30 jours avant l'arriv\u00e9e pr\u00e9vue.<\/li>\n<\/ul>\n<\/li>\n<li><strong>Reports<\/strong>: Peut \u00eatre effectu\u00e9e sans frais si elle est notifi\u00e9e plus de 30 jours avant l'arriv\u00e9e pr\u00e9vue. Les reports moins de 14 jours avant l'arriv\u00e9e pr\u00e9vue sont soumis \u00e0 des frais d'annulation.<\/li>\n<\/ul>\n<div>&nbsp;<br><br><\/div>\n<h4><b>Soumission obligatoire de renseignements sur l'\u00e9l\u00e8ve<\/b><\/h4>\n<p>L'\u00e9cole invitante doit s'assurer que tous les consentements n\u00e9cessaires sont obtenus aupr\u00e8s des parents ou des tuteurs l\u00e9gaux et que le formulaire d'information sur l'\u00e9l\u00e8ve Conversa est rempli et soumis au plus tard 30 jours avant le voyage. Le fait de ne pas fournir ces informations \u00e0 temps peut entra\u00eener des probl\u00e8mes d'adaptation et un refus de participation au voyage.<\/p>\t\t\t\t\t\t\t\t<\/div>\n\t\t\t\t<\/div>\n\t\t\t\t\t<\/div>\n\t\t<\/div>\n\t\t\t\t\t<\/div>\n\t\t<\/section>\n\t\t\t\t<\/div>","protected":false},"excerpt":{"rendered":"<p>Conditions g\u00e9n\u00e9rales pour les groupes scolaires Introduction Parall\u00e8lement aux conditions g\u00e9n\u00e9rales de Conversa Spanish Institute, les conditions sp\u00e9cifiques suivantes s'appliquent exclusivement aux groupes scolaires participant aux voyages linguistiques organis\u00e9s par Conversa Spanish Institute. Ces conditions ont pour but d'assurer une bonne compr\u00e9hension et une bonne gestion des services fournis aux [...]<\/p>","protected":false},"author":1,"featured_media":0,"parent":0,"menu_order":0,"comment_status":"closed","ping_status":"closed","template":"","meta":{"_acf_changed":false,"footnotes":""},"class_list":["post-15308","page","type-page","status-publish","hentry"],"acf":[],"jetpack_sharing_enabled":true,"_links":{"self":[{"href":"https:\/\/conversaspanishinstitute.com\/fr\/wp-json\/wp\/v2\/pages\/15308","targetHints":{"allow":["GET"]}}],"collection":[{"href":"https:\/\/conversaspanishinstitute.com\/fr\/wp-json\/wp\/v2\/pages"}],"about":[{"href":"https:\/\/conversaspanishinstitute.com\/fr\/wp-json\/wp\/v2\/types\/page"}],"author":[{"embeddable":true,"href":"https:\/\/conversaspanishinstitute.com\/fr\/wp-json\/wp\/v2\/users\/1"}],"replies":[{"embeddable":true,"href":"https:\/\/conversaspanishinstitute.com\/fr\/wp-json\/wp\/v2\/comments?post=15308"}],"version-history":[{"count":22,"href":"https:\/\/conversaspanishinstitute.com\/fr\/wp-json\/wp\/v2\/pages\/15308\/revisions"}],"predecessor-version":[{"id":18470,"href":"https:\/\/conversaspanishinstitute.com\/fr\/wp-json\/wp\/v2\/pages\/15308\/revisions\/18470"}],"wp:attachment":[{"href":"https:\/\/conversaspanishinstitute.com\/fr\/wp-json\/wp\/v2\/media?parent=15308"}],"curies":[{"name":"wp","href":"https:\/\/api.w.org\/{rel}","templated":true}]}}