{"id":4272,"date":"2022-01-24T11:23:35","date_gmt":"2022-01-24T11:23:35","guid":{"rendered":"http:\/\/conversaspanishinstitute.com\/?page_id=4272"},"modified":"2025-05-23T21:44:35","modified_gmt":"2025-05-23T19:44:35","slug":"avis-juridique","status":"publish","type":"page","link":"https:\/\/conversaspanishinstitute.com\/fr\/avis-juridique\/","title":{"rendered":"Avis juridique"},"content":{"rendered":"<div data-elementor-type=\"wp-post\" data-elementor-id=\"4272\" class=\"elementor elementor-4272\" data-elementor-post-type=\"page\">\n\t\t\t\t\t\t<section data-particle_enable=\"false\" data-particle-mobile-disabled=\"false\" class=\"elementor-section elementor-top-section elementor-element elementor-element-3846889 about-us elementor-section-boxed elementor-section-height-default elementor-section-height-default\" data-id=\"3846889\" data-element_type=\"section\" data-settings=\"{&quot;background_background&quot;:&quot;classic&quot;,&quot;jet_parallax_layout_list&quot;:[],&quot;shape_divider_bottom&quot;:&quot;curve&quot;,&quot;shape_divider_bottom_negative&quot;:&quot;yes&quot;}\">\n\t\t\t\t\t\t\t<div class=\"elementor-background-overlay\"><\/div>\n\t\t\t\t\t\t<div class=\"elementor-shape elementor-shape-bottom\" aria-hidden=\"true\" data-negative=\"true\">\n\t\t\t<svg xmlns=\"http:\/\/www.w3.org\/2000\/svg\" viewbox=\"0 0 1000 100\" preserveaspectratio=\"none\">\n\t<path class=\"elementor-shape-fill\" d=\"M500,97C126.7,96.3,0.8,19.8,0,0v100l1000,0V1C1000,19.4,873.3,97.8,500,97z\"\/>\n<\/svg>\t\t<\/div>\n\t\t\t\t\t<div class=\"elementor-container elementor-column-gap-default\">\n\t\t\t\t\t<div class=\"elementor-column elementor-col-100 elementor-top-column elementor-element elementor-element-bab403f\" data-id=\"bab403f\" data-element_type=\"column\">\n\t\t\t<div class=\"elementor-widget-wrap elementor-element-populated\">\n\t\t\t\t\t\t<div class=\"elementor-element elementor-element-79b3866 elementor-widget__width-initial elementor-widget elementor-widget-heading\" data-id=\"79b3866\" data-element_type=\"widget\" data-widget_type=\"heading.default\">\n\t\t\t\t<div class=\"elementor-widget-container\">\n\t\t\t\t\t<h2 class=\"elementor-heading-title elementor-size-default\"><i><b>Mentions l\u00e9gales de Conversa Spanish Institute<\/b><\/i><\/h2>\t\t\t\t<\/div>\n\t\t\t\t<\/div>\n\t\t\t\t\t<\/div>\n\t\t<\/div>\n\t\t\t\t\t<\/div>\n\t\t<\/section>\n\t\t\t\t<section data-particle_enable=\"false\" data-particle-mobile-disabled=\"false\" class=\"elementor-section elementor-top-section elementor-element elementor-element-658ea4d elementor-section-boxed elementor-section-height-default elementor-section-height-default\" data-id=\"658ea4d\" data-element_type=\"section\" data-settings=\"{&quot;background_background&quot;:&quot;classic&quot;,&quot;jet_parallax_layout_list&quot;:[]}\">\n\t\t\t\t\t\t<div class=\"elementor-container elementor-column-gap-default\">\n\t\t\t\t\t<div class=\"elementor-column elementor-col-100 elementor-top-column elementor-element elementor-element-88add30\" data-id=\"88add30\" data-element_type=\"column\">\n\t\t\t<div class=\"elementor-widget-wrap elementor-element-populated\">\n\t\t\t\t\t\t<div class=\"elementor-element elementor-element-c42a185 elementor-widget elementor-widget-text-editor\" data-id=\"c42a185\" data-element_type=\"widget\" data-widget_type=\"text-editor.default\">\n\t\t\t\t<div class=\"elementor-widget-container\">\n\t\t\t\t\t\t\t\t\t<h3><span style=\"font-size: 1rem;\">Tous les \u00e9l\u00e9ments qui constituent le contenu de cette page web, identifi\u00e9s par le domaine.<b> <\/b><\/span><a style=\"font-size: 1rem;\" href=\"http:\/\/conversaspanishinstitute.com\/fr\/\"><b>https:\/\/www.conversaspanishinstitute.com<\/b><\/a><span style=\"font-size: 1rem;\"><b>,<\/b> <a href=\"https:\/\/app.conversaspanishinstitute.com\"><b>https:\/\/app.conversaspanishinstitute.com<\/b><\/a><\/span><span style=\"font-size: 1rem;\"><b> <\/b>ou tout sous-domaine, y compris les noms commerciaux, les marques ou les signes distinctifs qu'ils contiennent, sont prot\u00e9g\u00e9s par le droit d'auteur.<\/span><\/h3><div><span style=\"font-size: 1rem;\"><br><\/span><\/div>\n<h4><b>Donn\u00e9es identifiables de la partie responsable<\/b><\/h4>\n<ul>\n<li style=\"font-weight: 400;\" aria-level=\"1\"><b>Nom de l'entreprise<\/b><span style=\"font-weight: 400;\">: CONVERSA 2021 INSTITUT DE LANGUES SL<\/span><\/li>\n<li style=\"font-weight: 400;\" aria-level=\"1\"><b>Nom commercial<\/b><span style=\"font-weight: 400;\">: Conversa Spanish Institute<\/span><\/li>\n<li style=\"font-weight: 400;\" aria-level=\"1\"><b>CIF<\/b><span style=\"font-weight: 400;\">: B16808891<\/span><\/li>\n<li style=\"font-weight: 400;\" aria-level=\"1\"><b>Adresse fiscale<\/b><span style=\"font-weight: 400;\">: <\/span><span style=\"font-weight: 400;\">&nbsp;C\/ Marqu\u00e9s de Sotelo,3, planta 2, puerta 4 46002, Valencia<\/span><\/li>\n<li style=\"font-weight: 400;\" aria-level=\"1\"><b>Courriel<\/b><span style=\"font-weight: 400;\">: admin@conversainstitute.com<\/span><\/li>\n<li style=\"font-weight: 400;\" aria-level=\"1\"><b>Activit\u00e9<\/b><span style=\"font-weight: 400;\">: Diffusion et enseignement des langues<\/span><\/li>\n<\/ul>\n<div>&nbsp;<br><br><\/div>\n<h4><b>Confidentialit\u00e9 et protection des donn\u00e9es<\/b><\/h4>\n<p>Le propri\u00e9taire informe l'utilisateur qu'il existe un fichier automatis\u00e9 o\u00f9 sont stock\u00e9es les donn\u00e9es que tu as fournies. Ce fichier a pour but de maintenir et de g\u00e9rer la relation avec l'utilisateur et de lui fournir des informations. Le propri\u00e9taire demandera \u00e0 l'utilisateur les donn\u00e9es n\u00e9cessaires \u00e0 la fourniture du service au moment de l'acceptation desdites conditions g\u00e9n\u00e9rales. <a href=\"https:\/\/conversaspanishinstitute.com\/fr\/politique-de-confidentialite\/\" style=\"\"><b>politique de confidentialit\u00e9 ici.<\/b><\/a><\/p>\n<h4><b><br><\/b><\/h4><h4><b>Dossiers et formulaires d'inscription<\/b><\/h4>\n<p><span style=\"font-weight: 400;\">Remplir le formulaire d'inscription est indispensable pour profiter de certains des services propos\u00e9s sur le web. Si tu ne fournis pas les donn\u00e9es demand\u00e9es ou si tu n'es pas d'accord avec cette politique de protection des donn\u00e9es, tu ne pourras pas t'inscrire ou t'enregistrer, ni participer aux promotions pour lesquelles tes donn\u00e9es sont n\u00e9cessaires.<\/span><\/p>\n<p><span style=\"font-weight: 400;\">Les donn\u00e9es personnelles obtenues de toi lorsque tu t'inscris en tant qu'Utilisateur seront inscrites dans un fichier g\u00e9r\u00e9 de mani\u00e8re s\u00e9curis\u00e9e par le propri\u00e9taire. Le fichier a mis en place les mesures de s\u00e9curit\u00e9 n\u00e9cessaires pour maintenir la confidentialit\u00e9 des donn\u00e9es que tu fournis.<\/span><\/p>\n<h4><b><br><\/b><\/h4><h4><b>Exactitude et v\u00e9racit\u00e9 des donn\u00e9es fournies<\/b><\/h4>\n<p><span style=\"font-weight: 400;\">L'utilisateur est seul responsable de l'exactitude et de la v\u00e9racit\u00e9 des donn\u00e9es. Le propri\u00e9taire est exon\u00e9r\u00e9 de toute responsabilit\u00e9 \u00e0 cet \u00e9gard. Ce seront les utilisateurs qui garantiront que les donn\u00e9es fournies sont authentiques, exactes, qu'elles n'ont pas chang\u00e9 et qu'elles restent les m\u00eames. Ils s'engageront \u00e9galement \u00e0 les tenir \u00e0 jour. Le propri\u00e9taire ne sera pas responsable des dommages hypoth\u00e9tiques que l'utilisation de ces informations pourrait causer.<\/span><\/p>\n<h4><b><br><\/b><\/h4><h4><b>Politique en mati\u00e8re de cookies<\/b><\/h4>\n<p>Nous utilisons des cookies pour am\u00e9liorer ton exp\u00e9rience utilisateur. Si tu navigues sur notre site Internet, tu accepteras l'utilisation des cookies dans les conditions \u00e9tablies dans le pr\u00e9sent. <b><a href=\"https:\/\/conversaspanishinstitute.com\/fr\/politique-en-matiere-de-cookies\/\" style=\"\">Politique en mati\u00e8re de cookies.<\/a> <\/b><span style=\"font-weight: 400;\">Cette politique peut \u00eatre mise \u00e0 jour, nous t'invitons donc \u00e0 la consulter r\u00e9guli\u00e8rement.<\/span><\/p>\n<p><b>Que sont les cookies et \u00e0 quoi servent-ils ?<\/b><span style=\"font-weight: 400;\"> Les cookies sont de petits fichiers qui sont install\u00e9s sur l'ordinateur ou l'appareil pendant le voyage \u00e0 travers le web\/les applications pour garder une trace de tes pr\u00e9f\u00e9rences et s'en souvenir lors d'une prochaine visite. L'objectif est de faciliter l'utilisation et la navigation des utilisateurs.<\/span><\/p>\n<p><b>Comment utilisons-nous les cookies ?<\/b><span style=\"font-weight: 400;\"> La navigation sur le site de conversaspanishinstitute.com implique que les types de cookies suivants puissent \u00eatre install\u00e9s :<\/span><\/p>\n<ul>\n<li style=\"font-weight: 400;\" aria-level=\"1\"><b>Biscuits essentiels<\/b><span style=\"font-weight: 400;\">: Ces \u00e9l\u00e9ments sont strictement n\u00e9cessaires au fonctionnement d'un site web. Sans eux, un site web ne peut pas fonctionner correctement. Pour cette raison, nous ne demandons pas ton consentement explicite concernant ces cookies.<\/span><\/li>\n<li style=\"font-weight: 400;\" aria-level=\"1\"><b>Cookies fonctionnels<\/b><span style=\"font-weight: 400;\">: Ils sont utilis\u00e9s pour am\u00e9liorer la fonctionnalit\u00e9 du site Web. Par exemple, les cookies qui se souviennent du contenu que tu as consult\u00e9 pr\u00e9c\u00e9demment sur ce site Web ou de l'adresse \u00e9lectronique et du mot de passe fournis lors de l'enregistrement lors d'une visite pr\u00e9c\u00e9dente.<\/span><\/li>\n<li style=\"\" aria-level=\"1\"><b style=\"font-weight: 400;\">Cookies analytiques et publicitaires propres ou appartenant \u00e0 des tiers.<\/b><span style=\"font-weight: 400;\">: Ils nous fournissent des informations statistiques sur la fa\u00e7on dont les utilisateurs utilisent le portail. Ces cookies ne permettent pas d'identifier l'utilisateur car les informations qu'ils collectent sont anonymes et ne seront utilis\u00e9es que pour am\u00e9liorer les pages et la navigation sur le portail, les statistiques d'utilisation, la vitesse de recherche, la mesure de l'activit\u00e9 du site Web, etc. Ce site utilise Google Analytics, un outil d'analyse web gratuit. Tu trouveras plus d'informations ici : <\/span><a href=\"https:\/\/developers.google.com\/analytics\/devguides\/collection\/analyticsjs\/cookie-usage\" style=\"\"><b>https:\/\/developers.google.com\/analytics\/devguides\/collection\/analyticsjs\/cookie-usage<\/b><\/a><\/li>\n<\/ul>\n<div>&nbsp;<\/div>\n<p><b>Comment peux-tu emp\u00eacher l'installation de cookies ?<\/b><span style=\"font-weight: 400;\"> Tu peux autoriser, bloquer ou supprimer les cookies install\u00e9s sur ton ordinateur en configurant les options de ton navigateur Internet. Dans le cas o\u00f9 tu les bloques, il est possible que certains services n\u00e9cessitant leur utilisation ne soient pas disponibles pour toi. Nous te proposons ci-dessous des liens o\u00f9 tu trouveras des informations sur la mani\u00e8re d'activer tes pr\u00e9f\u00e9rences dans les principaux navigateurs :<\/span><\/p>\n<ul>\n<li style=\"\" aria-level=\"1\"><a href=\"https:\/\/support.mozilla.org\/es\/kb\/cookies-informacion-que-los-sitios-web-guardan-en-\" style=\"\"><b>Cookies Firefox<\/b><\/a><\/li>\n<li style=\"\" aria-level=\"1\"><a href=\"https:\/\/support.google.com\/chrome\/answer\/95647?hl=es\"><b>Cookies Chrome<\/b><\/a><\/li>\n<li style=\"\" aria-level=\"1\"><a href=\"http:\/\/windows.microsoft.com\/es-xl\/internet-explorer\/delete-manage-cookies#ie=ie-11\"><b>Cookies IExplorer<\/b><\/a><\/li>\n<li style=\"\" aria-level=\"1\"><a href=\"https:\/\/support.apple.com\/kb\/ph5042\"><b>Cookies Safari<\/b><\/a><\/li>\n<li style=\"\" aria-level=\"1\"><a href=\"http:\/\/help.opera.com\/Linux\/10.60\/es-ES\/cookies.html\" style=\"\"><b>Cookies Opera<\/b><\/a><\/li>\n<\/ul>\n<div>&nbsp;<br><br><\/div>\n<h4><b>Mesures de s\u00e9curit\u00e9<\/b><\/h4>\n<p><span style=\"font-weight: 400;\">Le propri\u00e9taire a pris les mesures de s\u00e9curit\u00e9 n\u00e9cessaires pour prot\u00e9ger les donn\u00e9es personnelles. En outre, nous essayons d'installer d'autres mesures et ressources techniques \u00e0 notre disposition pour stocker correctement les donn\u00e9es fournies et s'assurer que personne ne peut les utiliser de fa\u00e7on malveillante, les modifier, les perdre, les utiliser sans autorisation ou les voler. Le propri\u00e9taire ne sera pas responsable des dommages s'ils ont \u00e9t\u00e9 caus\u00e9s par les causes suivantes et si la cause n'est pas li\u00e9e au propri\u00e9taire : interf\u00e9rence, omission, interruption, virus informatique, panne t\u00e9l\u00e9phonique ou d\u00e9connexion du syst\u00e8me \u00e9lectronique ; retards ou obstacles \u00e0 l'utilisation du syst\u00e8me \u00e9lectronique dus \u00e0 une surcharge des lignes t\u00e9l\u00e9phoniques ou d'autres syst\u00e8mes \u00e9lectroniques.<\/span><\/p>\n<h4><b><br><\/b><\/h4><h4><b>Acceptation et consentement<\/b><\/h4>\n<p><span style=\"font-weight: 400;\">L'utilisateur doit conna\u00eetre les conditions de protection et de traitement des donn\u00e9es \u00e0 ces fins par le propri\u00e9taire. Certains des services propos\u00e9s sur le portail peuvent avoir des conditions particuli\u00e8res et des hypoth\u00e8ses sp\u00e9cifiques concernant la protection des donn\u00e9es. En ce qui concerne l'interpr\u00e9tation, le respect ou le non-respect de ces conditions, les parties se soumettent express\u00e9ment \u00e0 la juridiction des cours et tribunaux de la ville de Valence.<\/span><\/p>\t\t\t\t\t\t\t\t<\/div>\n\t\t\t\t<\/div>\n\t\t\t\t\t<\/div>\n\t\t<\/div>\n\t\t\t\t\t<\/div>\n\t\t<\/section>\n\t\t\t\t<\/div>","protected":false},"excerpt":{"rendered":"<p>Mentions l\u00e9gales de Conversa Spanish Institute Tous les \u00e9l\u00e9ments qui constituent le contenu de cette page web, identifi\u00e9e par le domaine https:\/\/www.conversaspanishinstitute.com, https:\/\/app.conversaspanishinstitute.com ou tout sous-domaine, y compris les noms commerciaux, marques ou signes distinctifs qu'elle contient, sont prot\u00e9g\u00e9s par le droit d'auteur. Donn\u00e9es identifiables de la partie responsable Nom de l'entreprise : CONVERSA 2021 LANGUAGE INSTITUTE SL Nom commercial : Conversa [...]<\/p>","protected":false},"author":6,"featured_media":0,"parent":0,"menu_order":0,"comment_status":"closed","ping_status":"closed","template":"elementor_header_footer","meta":{"_acf_changed":false,"footnotes":""},"class_list":["post-4272","page","type-page","status-publish","hentry"],"acf":[],"jetpack_sharing_enabled":true,"_links":{"self":[{"href":"https:\/\/conversaspanishinstitute.com\/fr\/wp-json\/wp\/v2\/pages\/4272","targetHints":{"allow":["GET"]}}],"collection":[{"href":"https:\/\/conversaspanishinstitute.com\/fr\/wp-json\/wp\/v2\/pages"}],"about":[{"href":"https:\/\/conversaspanishinstitute.com\/fr\/wp-json\/wp\/v2\/types\/page"}],"author":[{"embeddable":true,"href":"https:\/\/conversaspanishinstitute.com\/fr\/wp-json\/wp\/v2\/users\/6"}],"replies":[{"embeddable":true,"href":"https:\/\/conversaspanishinstitute.com\/fr\/wp-json\/wp\/v2\/comments?post=4272"}],"version-history":[{"count":19,"href":"https:\/\/conversaspanishinstitute.com\/fr\/wp-json\/wp\/v2\/pages\/4272\/revisions"}],"predecessor-version":[{"id":18412,"href":"https:\/\/conversaspanishinstitute.com\/fr\/wp-json\/wp\/v2\/pages\/4272\/revisions\/18412"}],"wp:attachment":[{"href":"https:\/\/conversaspanishinstitute.com\/fr\/wp-json\/wp\/v2\/media?parent=4272"}],"curies":[{"name":"wp","href":"https:\/\/api.w.org\/{rel}","templated":true}]}}