{"id":4285,"date":"2022-01-24T11:38:29","date_gmt":"2022-01-24T11:38:29","guid":{"rendered":"http:\/\/conversaspanishinstitute.com\/?page_id=4285"},"modified":"2025-05-23T21:40:19","modified_gmt":"2025-05-23T19:40:19","slug":"politique-en-matiere-de-cookies","status":"publish","type":"page","link":"https:\/\/conversaspanishinstitute.com\/fr\/politique-en-matiere-de-cookies\/","title":{"rendered":"Politique en mati\u00e8re de cookies"},"content":{"rendered":"<div data-elementor-type=\"wp-post\" data-elementor-id=\"4285\" class=\"elementor elementor-4285\" data-elementor-post-type=\"page\">\n\t\t\t\t\t\t<section data-particle_enable=\"false\" data-particle-mobile-disabled=\"false\" class=\"elementor-section elementor-top-section elementor-element elementor-element-98a49ba about-us elementor-section-boxed elementor-section-height-default elementor-section-height-default\" data-id=\"98a49ba\" data-element_type=\"section\" data-settings=\"{&quot;background_background&quot;:&quot;classic&quot;,&quot;jet_parallax_layout_list&quot;:[],&quot;shape_divider_bottom&quot;:&quot;curve&quot;,&quot;shape_divider_bottom_negative&quot;:&quot;yes&quot;}\">\n\t\t\t\t\t\t\t<div class=\"elementor-background-overlay\"><\/div>\n\t\t\t\t\t\t<div class=\"elementor-shape elementor-shape-bottom\" aria-hidden=\"true\" data-negative=\"true\">\n\t\t\t<svg xmlns=\"http:\/\/www.w3.org\/2000\/svg\" viewbox=\"0 0 1000 100\" preserveaspectratio=\"none\">\n\t<path class=\"elementor-shape-fill\" d=\"M500,97C126.7,96.3,0.8,19.8,0,0v100l1000,0V1C1000,19.4,873.3,97.8,500,97z\"\/>\n<\/svg>\t\t<\/div>\n\t\t\t\t\t<div class=\"elementor-container elementor-column-gap-default\">\n\t\t\t\t\t<div class=\"elementor-column elementor-col-100 elementor-top-column elementor-element elementor-element-0040506\" data-id=\"0040506\" data-element_type=\"column\">\n\t\t\t<div class=\"elementor-widget-wrap elementor-element-populated\">\n\t\t\t\t\t\t<div class=\"elementor-element elementor-element-e7b2ff9 elementor-widget__width-initial elementor-widget elementor-widget-heading\" data-id=\"e7b2ff9\" data-element_type=\"widget\" data-widget_type=\"heading.default\">\n\t\t\t\t<div class=\"elementor-widget-container\">\n\t\t\t\t\t<h2 class=\"elementor-heading-title elementor-size-default\"><b><i>Politique en mati\u00e8re de cookies de Conversa Spanish Institute<\/i><\/b><\/h2>\t\t\t\t<\/div>\n\t\t\t\t<\/div>\n\t\t\t\t\t<\/div>\n\t\t<\/div>\n\t\t\t\t\t<\/div>\n\t\t<\/section>\n\t\t\t\t<section data-particle_enable=\"false\" data-particle-mobile-disabled=\"false\" class=\"elementor-section elementor-top-section elementor-element elementor-element-658ea4d elementor-section-boxed elementor-section-height-default elementor-section-height-default\" data-id=\"658ea4d\" data-element_type=\"section\" data-settings=\"{&quot;background_background&quot;:&quot;classic&quot;,&quot;jet_parallax_layout_list&quot;:[]}\">\n\t\t\t\t\t\t<div class=\"elementor-container elementor-column-gap-default\">\n\t\t\t\t\t<div class=\"elementor-column elementor-col-100 elementor-top-column elementor-element elementor-element-88add30\" data-id=\"88add30\" data-element_type=\"column\">\n\t\t\t<div class=\"elementor-widget-wrap elementor-element-populated\">\n\t\t\t\t\t\t<div class=\"elementor-element elementor-element-c42a185 elementor-widget elementor-widget-text-editor\" data-id=\"c42a185\" data-element_type=\"widget\" data-widget_type=\"text-editor.default\">\n\t\t\t\t<div class=\"elementor-widget-container\">\n\t\t\t\t\t\t\t\t\t<h3><b style=\"font-size: 1.5rem;\">Vue d'ensemble<\/b><\/h3>\n<p><span style=\"font-weight: 400;\">Les cookies sont de petits fichiers texte que les sites Internet placent sur ton appareil lorsque tu navigues. Ils sont trait\u00e9s et stock\u00e9s par ton navigateur web. En soi, les cookies sont inoffensifs et remplissent des fonctions cruciales pour les sites web. Cependant, ils peuvent \u00eatre utilis\u00e9s de mani\u00e8re malveillante car ils peuvent stocker des informations allant des pr\u00e9f\u00e9rences de base aux donn\u00e9es personnelles. Chez Conversa Spanish Institute, nous croyons en la transparence sur la fa\u00e7on dont nous collectons et utilisons les donn\u00e9es te concernant.<\/span><\/p>\n<p><b><br><\/b><\/p><p><b>Comment utilisons-nous les cookies ?<\/b><br><span style=\"font-weight: 400;\">Nous utilisons des cookies pour am\u00e9liorer ton exp\u00e9rience de navigation en :<\/span><\/p>\n<ul>\n<li style=\"font-weight: 400;\" aria-level=\"1\"><b>Personnaliser le contenu<\/b><span style=\"font-weight: 400;\">: Les cookies nous aident \u00e0 m\u00e9moriser tes param\u00e8tres et tes pr\u00e9f\u00e9rences, ce qui nous permet d'adapter le contenu tel que les cours et les prix.<\/span><\/li>\n<li style=\"font-weight: 400;\" aria-level=\"1\"><b>Analyse de notre trafic Web<\/b><span style=\"font-weight: 400;\">: Nous utilisons des cookies pour identifier les pages qui sont utilis\u00e9es. Cela nous aide \u00e0 analyser les donn\u00e9es sur le trafic des pages Web et \u00e0 am\u00e9liorer notre site Web afin de l'adapter aux besoins des clients.<\/span><\/li>\n<li style=\"font-weight: 400;\" aria-level=\"1\"><b>Am\u00e9liorer les performances<\/b><span style=\"font-weight: 400;\">: Les cookies peuvent aider \u00e0 acc\u00e9l\u00e9rer les processus du site Web pour une meilleure exp\u00e9rience utilisateur.<\/span><\/li>\n<\/ul>\n<div>&nbsp;<br><br><\/div>\n<p><b>Types de cookies que nous utilisons<\/b><\/p>\n<ul>\n<li><b style=\"font-family: var( --e-global-typography-text-font-family ), Sans-serif; font-size: 16px;\">Essentiel<\/b><span style=\"font-family: var( --e-global-typography-text-font-family ), Sans-serif; font-size: 16px;\">: Elles sont n\u00e9cessaires au fonctionnement de notre site Internet et ne peuvent pas \u00eatre d\u00e9sactiv\u00e9es. Ils ne sont g\u00e9n\u00e9ralement d\u00e9finis qu'en r\u00e9ponse \u00e0 des actions faites par toi qui \u00e9quivalent \u00e0 une demande de services, comme le r\u00e9glage de tes pr\u00e9f\u00e9rences en mati\u00e8re de confidentialit\u00e9 ou la connexion.<\/span><\/li>\n<li><b style=\"font-family: var( --e-global-typography-text-font-family ), Sans-serif; font-size: 1rem;\">Performance<\/b><span style=\"font-family: var( --e-global-typography-text-font-family ), Sans-serif; font-size: 1rem;\">: Recueillir des informations sur la fa\u00e7on dont les visiteurs interagissent avec notre site, ce qui nous fournit des donn\u00e9es sur nos performances.<\/span><\/li>\n<li><b style=\"font-family: var( --e-global-typography-text-font-family ), Sans-serif; font-size: 1rem;\">Fonctionnel<\/b><span style=\"font-family: var( --e-global-typography-text-font-family ), Sans-serif; font-size: 1rem;\">: Nous permettre de nous souvenir des choix que tu fais sur notre site et de fournir des fonctionnalit\u00e9s am\u00e9lior\u00e9es et plus personnalis\u00e9es.<\/span><\/li>\n<li><b style=\"font-family: var( --e-global-typography-text-font-family ), Sans-serif; font-size: 1rem;\">Analyse<\/b><span style=\"font-family: var( --e-global-typography-text-font-family ), Sans-serif; font-size: 1rem;\">: Nous aider \u00e0 comprendre comment les visiteurs s'engagent sur le site Web. Nous utilisons ces donn\u00e9es pour optimiser notre site web et nos services.<\/span><\/li>\n<li><b style=\"font-family: var( --e-global-typography-text-font-family ), Sans-serif; font-size: 1rem;\">Publicit\u00e9<\/b><span style=\"font-family: var( --e-global-typography-text-font-family ), Sans-serif; font-size: 1rem;\">: Utilis\u00e9s pour diffuser des publicit\u00e9s plus pertinentes pour toi et tes centres d'int\u00e9r\u00eat. Ils sont \u00e9galement utilis\u00e9s pour limiter le nombre de fois que tu vois une publicit\u00e9 ainsi que pour aider \u00e0 mesurer l'efficacit\u00e9 de la campagne publicitaire.<\/span><\/li>\n<\/ul>\n<p><b><br><\/b><\/p><p><b><br><\/b><\/p><p><b>Tes choix concernant les cookies<\/b><\/p>\n<p><span style=\"font-weight: 400;\">Tu as le droit de d\u00e9cider d'accepter ou de rejeter les cookies. Tu peux exercer tes pr\u00e9f\u00e9rences en mati\u00e8re de cookies en param\u00e9trant ton navigateur pour qu'il accepte ou rejette les cookies. Voici comment proc\u00e9der :<\/span><\/p>\n<ol>\n<li style=\"font-weight: 400;\" aria-level=\"1\"><b>Param\u00e8tres du navigateur<\/b><span style=\"font-weight: 400;\">: La plupart des navigateurs web permettent un certain contr\u00f4le de la plupart des cookies par le biais des param\u00e8tres du navigateur. Tu peux configurer ton navigateur pour qu'il t'alerte lorsqu'un cookie est envoy\u00e9 ou pour qu'il refuse compl\u00e8tement les cookies. Cependant, si tu d\u00e9sactives les cookies, certaines parties de notre site peuvent ne pas fonctionner correctement ou \u00eatre consid\u00e9rablement plus lentes.<\/span><\/li>\n<li style=\"font-weight: 400;\" aria-level=\"1\"><b>Outil de consentement aux cookies<\/b><span style=\"font-weight: 400;\">: Tu peux utiliser notre outil de consentement aux cookies pour personnaliser tes pr\u00e9f\u00e9rences en mati\u00e8re de cookies. L'outil enregistrera le moment o\u00f9 tu as consenti \u00e0 notre politique en mati\u00e8re de cookies et te demandera de consentir \u00e0 nouveau p\u00e9riodiquement pour s'assurer que les pr\u00e9f\u00e9rences sont \u00e0 jour.<\/span><\/li>\n<li style=\"\" aria-level=\"1\"><b style=\"font-weight: 400;\">Gestion par des tiers<\/b><span style=\"font-weight: 400;\">: Pour refuser que des tiers utilisent des cookies pour la publicit\u00e9 comportementale, visite . <\/span><a href=\"http:\/\/www.youronlinechoices.eu\/\" style=\"\"><b>Num\u00e9rique interactif europ\u00e9en<\/b><span style=\"font-weight: 400;\"> <\/span><b>Alliance publicitaire<\/b><\/a><b> <\/b><span style=\"font-weight: 400;\">pour l'UE ou Digital Advertising Alliance pour les \u00c9tats-Unis.<\/span><\/li>\n<\/ol>\n<div>&nbsp;<\/div>\n<div><b><br><\/b><\/div><div><b>R\u00e9vocation et suppression des cookies<\/b><b><br><\/b><\/div>\n<div><b>&nbsp;<\/b><\/div>\n<p><span style=\"font-weight: 400;\">Tu peux autoriser, bloquer ou supprimer les cookies install\u00e9s sur ton ordinateur en configurant les options du navigateur install\u00e9 sur ton ordinateur.<\/span><\/p>\n<p><span style=\"font-weight: 400;\">Pour plus d'informations sur le navigateur Firefox, clique sur<\/span><b> <a href=\"https:\/\/support.mozilla.org\/en-US\/kb\/enable-and-disable-cookies-website-preferences\">ici<\/a>.<\/b><\/p>\n<p><span style=\"font-weight: 400;\">Pour plus d'informations sur le navigateur Chrome, clique sur <\/span><b><a href=\"https:\/\/support.google.com\/chrome\/answer\/95647?hl=es\">ici<\/a>.<\/b><\/p>\n<p><span style=\"font-weight: 400;\">Pour plus d'informations sur le navigateur Explorer, clique sur<\/span><b> <a href=\"https:\/\/support.microsoft.com\/en-us\/help\/17442\/windows-internet-explorer-delete-manage-cookies\">ici<\/a>.<\/b><\/p>\n<p><span style=\"font-weight: 400;\">Pour plus d'informations sur le navigateur Safari, clique sur <\/span><b><a href=\"https:\/\/support.apple.com\/en-us\/HT201265\">ici<\/a>.<\/b><\/p>\n<p><span style=\"font-weight: 400;\">Pour plus d'informations sur le navigateur Opera, clique sur <\/span><b><a href=\"https:\/\/help.opera.com\/en\/latest\/web-preferences\/#cookies\">ici<\/a>.<\/b><\/p>\n<p><b><br><\/b><\/p><p><b>Mises \u00e0 jour de cette politique<\/b><\/p>\n<p><span style=\"font-weight: 400;\">Notre politique en mati\u00e8re de cookies peut \u00eatre modifi\u00e9e de temps \u00e0 autre et toutes les mises \u00e0 jour seront affich\u00e9es sur cette page. Les changements de politique ne s'appliqueront qu'aux informations collect\u00e9es apr\u00e8s la date du changement.&nbsp;<\/span><\/p>\n<p><b><br><\/b><\/p><p><b>Nous contacter<\/b><\/p>\n<p><span style=\"font-weight: 400;\">Si tu as des questions sur notre politique en mati\u00e8re de cookies, tu peux nous contacter par courriel \u00e0 l'adresse suivante . <\/span><b><i>admin@conversainstitute.com.<\/i><\/b><\/p>\n<p><br style=\"font-weight: 400;\"><br style=\"font-weight: 400;\"><\/p>\t\t\t\t\t\t\t\t<\/div>\n\t\t\t\t<\/div>\n\t\t\t\t\t<\/div>\n\t\t<\/div>\n\t\t\t\t\t<\/div>\n\t\t<\/section>\n\t\t\t\t<\/div>","protected":false},"excerpt":{"rendered":"<p>Politique en mati\u00e8re de cookies de Conversa Spanish Institute Pr\u00e9sentation Les cookies sont de petits fichiers texte que les sites Internet placent sur ton appareil lorsque tu navigues. Ils sont trait\u00e9s et stock\u00e9s par ton navigateur web. En soi, les cookies sont inoffensifs et remplissent des fonctions cruciales pour les sites web. Cependant, ils peuvent \u00eatre utilis\u00e9s de mani\u00e8re malveillante car ils<\/p>","protected":false},"author":6,"featured_media":0,"parent":0,"menu_order":0,"comment_status":"closed","ping_status":"closed","template":"elementor_header_footer","meta":{"_acf_changed":false,"footnotes":""},"class_list":["post-4285","page","type-page","status-publish","hentry"],"acf":[],"jetpack_sharing_enabled":true,"_links":{"self":[{"href":"https:\/\/conversaspanishinstitute.com\/fr\/wp-json\/wp\/v2\/pages\/4285","targetHints":{"allow":["GET"]}}],"collection":[{"href":"https:\/\/conversaspanishinstitute.com\/fr\/wp-json\/wp\/v2\/pages"}],"about":[{"href":"https:\/\/conversaspanishinstitute.com\/fr\/wp-json\/wp\/v2\/types\/page"}],"author":[{"embeddable":true,"href":"https:\/\/conversaspanishinstitute.com\/fr\/wp-json\/wp\/v2\/users\/6"}],"replies":[{"embeddable":true,"href":"https:\/\/conversaspanishinstitute.com\/fr\/wp-json\/wp\/v2\/comments?post=4285"}],"version-history":[{"count":25,"href":"https:\/\/conversaspanishinstitute.com\/fr\/wp-json\/wp\/v2\/pages\/4285\/revisions"}],"predecessor-version":[{"id":18409,"href":"https:\/\/conversaspanishinstitute.com\/fr\/wp-json\/wp\/v2\/pages\/4285\/revisions\/18409"}],"wp:attachment":[{"href":"https:\/\/conversaspanishinstitute.com\/fr\/wp-json\/wp\/v2\/media?parent=4285"}],"curies":[{"name":"wp","href":"https:\/\/api.w.org\/{rel}","templated":true}]}}