{"id":7938,"date":"2022-03-15T19:17:44","date_gmt":"2022-03-15T19:17:44","guid":{"rendered":"http:\/\/conversaspanishinstitute.com\/?page_id=7938"},"modified":"2022-03-17T03:31:14","modified_gmt":"2022-03-17T03:31:14","slug":"cafe-con-alvaro","status":"publish","type":"page","link":"https:\/\/conversaspanishinstitute.com\/fr\/cafe-con-alvaro\/","title":{"rendered":"Caf\u00e9 con \u00c1lvaro"},"content":{"rendered":"<div data-elementor-type=\"wp-post\" data-elementor-id=\"7938\" class=\"elementor elementor-7938\" data-elementor-post-type=\"page\">\n\t\t\t\t\t\t<section data-particle_enable=\"false\" data-particle-mobile-disabled=\"false\" class=\"elementor-section elementor-top-section elementor-element elementor-element-0535c4d about-us elementor-section-boxed elementor-section-height-default elementor-section-height-default\" data-id=\"0535c4d\" data-element_type=\"section\" data-settings=\"{&quot;background_background&quot;:&quot;classic&quot;,&quot;jet_parallax_layout_list&quot;:[]}\">\n\t\t\t\t\t\t\t<div class=\"elementor-background-overlay\"><\/div>\n\t\t\t\t\t\t\t<div class=\"elementor-container elementor-column-gap-default\">\n\t\t\t\t\t<div class=\"elementor-column elementor-col-100 elementor-top-column elementor-element elementor-element-468bc7a\" data-id=\"468bc7a\" data-element_type=\"column\">\n\t\t\t<div class=\"elementor-widget-wrap elementor-element-populated\">\n\t\t\t\t\t\t<div class=\"elementor-element elementor-element-f7a2bea elementor-invisible elementor-widget elementor-widget-heading\" data-id=\"f7a2bea\" data-element_type=\"widget\" data-settings=\"{&quot;_animation&quot;:&quot;slideInUp&quot;}\" data-widget_type=\"heading.default\">\n\t\t\t\t<div class=\"elementor-widget-container\">\n\t\t\t\t\t<h1 class=\"elementor-heading-title elementor-size-small\">Caf\u00e9 <span class=\"yell\">con \u00c1lvaro<\/span><\/h1>\t\t\t\t<\/div>\n\t\t\t\t<\/div>\n\t\t\t\t<div class=\"elementor-element elementor-element-e1107e2 elementor-widget elementor-widget-text-editor\" data-id=\"e1107e2\" data-element_type=\"widget\" data-widget_type=\"text-editor.default\">\n\t\t\t\t<div class=\"elementor-widget-container\">\n\t\t\t\t\t\t\t\t\t<p style=\"letter-spacing: normal;\">Aqu\u00ed puedes agendar una llamada con \u00c1lvaro, si no hay una fecha que te funcione pued escribir a alvaro@conversainstitute.com con tu disponibilidad y te responderemos enseguida \ud83d\ude42 .\u00a0<\/p>\t\t\t\t\t\t\t\t<\/div>\n\t\t\t\t<\/div>\n\t\t\t\t\t<\/div>\n\t\t<\/div>\n\t\t\t\t\t<\/div>\n\t\t<\/section>\n\t\t\t\t<section data-particle_enable=\"false\" data-particle-mobile-disabled=\"false\" class=\"elementor-section elementor-top-section elementor-element elementor-element-5ebee23 elementor-section-boxed elementor-section-height-default elementor-section-height-default\" data-id=\"5ebee23\" data-element_type=\"section\" data-settings=\"{&quot;background_background&quot;:&quot;classic&quot;,&quot;jet_parallax_layout_list&quot;:[]}\">\n\t\t\t\t\t\t<div class=\"elementor-container elementor-column-gap-default\">\n\t\t\t\t\t<div class=\"elementor-column elementor-col-100 elementor-top-column elementor-element elementor-element-3cb34d4\" data-id=\"3cb34d4\" data-element_type=\"column\">\n\t\t\t<div class=\"elementor-widget-wrap elementor-element-populated\">\n\t\t\t\t\t\t<div class=\"elementor-element elementor-element-c164dc5 elementor-widget elementor-widget-html\" data-id=\"c164dc5\" data-element_type=\"widget\" data-widget_type=\"html.default\">\n\t\t\t\t<div class=\"elementor-widget-container\">\n\t\t\t\t\t<iframe src=\"https:\/\/koalendar.com\/e\/cafe-con-alvaro?embed=true\" width=\"100%\" height=\"800px\" frameborder=\"0\"><\/iframe>\t\t\t\t<\/div>\n\t\t\t\t<\/div>\n\t\t\t\t\t<\/div>\n\t\t<\/div>\n\t\t\t\t\t<\/div>\n\t\t<\/section>\n\t\t\t\t<section data-particle_enable=\"false\" data-particle-mobile-disabled=\"false\" class=\"elementor-section elementor-top-section elementor-element elementor-element-8747f9c elementor-section-boxed elementor-section-height-default elementor-section-height-default\" data-id=\"8747f9c\" data-element_type=\"section\" data-settings=\"{&quot;jet_parallax_layout_list&quot;:[]}\">\n\t\t\t\t\t\t<div class=\"elementor-container elementor-column-gap-default\">\n\t\t\t\t\t<div class=\"elementor-column elementor-col-100 elementor-top-column elementor-element elementor-element-65d8cbf\" data-id=\"65d8cbf\" data-element_type=\"column\">\n\t\t\t<div class=\"elementor-widget-wrap elementor-element-populated\">\n\t\t\t\t\t\t<div class=\"elementor-element elementor-element-4afa5563 elementor-widget elementor-widget-text-editor\" data-id=\"4afa5563\" data-element_type=\"widget\" data-widget_type=\"text-editor.default\">\n\t\t\t\t<div class=\"elementor-widget-container\">\n\t\t\t\t\t\t\t\t\t<p><span style=\"font-size: inherit; font-style: inherit; font-weight: inherit; letter-spacing: 0.1px;\">Nous sommes plus qu'un<\/span><span class=\"yell\" style=\"font-size: inherit; font-style: inherit; font-weight: inherit; letter-spacing: 0.1px;\">\u00a0\u00e9cole de langues<\/span><\/p>\t\t\t\t\t\t\t\t<\/div>\n\t\t\t\t<\/div>\n\t\t\t\t<div class=\"elementor-element elementor-element-2a1113b elementor-widget elementor-widget-text-editor\" data-id=\"2a1113b\" data-element_type=\"widget\" data-widget_type=\"text-editor.default\">\n\t\t\t\t<div class=\"elementor-widget-container\">\n\t\t\t\t\t\t\t\t\t\u00c0 Conversa Spanish Institute,<strong> nous nous concentrons sur ton \u00e9tat d'esprit<\/strong> et t'aider \u00e0 surmonter les croyances n\u00e9gatives.\n\nGr\u00e2ce \u00e0 notre approche unique, tu d\u00e9velopperas de bons principes d'\u00e9tat d'esprit qui te mettront sur la voie pour enfin apprendre \u00e0 parler espagnol -. <strong>ne te contente pas de m\u00e9moriser les mots de vocabulaire<\/strong>.\n\nEn te concentrant sur tes <strong>motivation, confiance et r\u00e9silience<\/strong>Pour cela, nous posons des bases solides pour t'aider \u00e0 apprendre \u00e0 parler espagnol plus rapidement et plus facilement.\n<h5>Nous sommes ton avantage injuste pour apprendre une nouvelle langue.<\/h5>\t\t\t\t\t\t\t\t<\/div>\n\t\t\t\t<\/div>\n\t\t\t\t\t<\/div>\n\t\t<\/div>\n\t\t\t\t\t<\/div>\n\t\t<\/section>\n\t\t\t\t<section data-particle_enable=\"false\" data-particle-mobile-disabled=\"false\" class=\"elementor-section elementor-top-section elementor-element elementor-element-098ed3a elementor-section-boxed elementor-section-height-default elementor-section-height-default\" data-id=\"098ed3a\" data-element_type=\"section\" data-settings=\"{&quot;background_background&quot;:&quot;classic&quot;,&quot;jet_parallax_layout_list&quot;:[]}\">\n\t\t\t\t\t\t<div class=\"elementor-container elementor-column-gap-default\">\n\t\t\t\t\t<div class=\"elementor-column elementor-col-100 elementor-top-column elementor-element elementor-element-7574746\" data-id=\"7574746\" data-element_type=\"column\">\n\t\t\t<div class=\"elementor-widget-wrap elementor-element-populated\">\n\t\t\t\t\t\t<div class=\"elementor-element elementor-element-fd40db8 elementor-widget elementor-widget-image\" data-id=\"fd40db8\" data-element_type=\"widget\" data-widget_type=\"image.default\">\n\t\t\t\t<div class=\"elementor-widget-container\">\n\t\t\t\t\t\t\t\t\t\t\t\t\t\t\t<img decoding=\"async\" width=\"200\" height=\"193\" src=\"https:\/\/conversaspanishinstitute.com\/wp-content\/uploads\/2022\/01\/favicon.png\" class=\"attachment-full size-full wp-image-4449\" alt=\"\" \/>\t\t\t\t\t\t\t\t\t\t\t\t\t\t\t<\/div>\n\t\t\t\t<\/div>\n\t\t\t\t<div class=\"elementor-element elementor-element-43a2d9ec elementor-widget elementor-widget-heading\" data-id=\"43a2d9ec\" data-element_type=\"widget\" data-widget_type=\"heading.default\">\n\t\t\t\t<div class=\"elementor-widget-container\">\n\t\t\t\t\t<h2 class=\"elementor-heading-title elementor-size-default\">Notre g\u00e9nialit\u00e9 <span class=\"yell\">L'\u00e9quipe<\/span><\/h2>\t\t\t\t<\/div>\n\t\t\t\t<\/div>\n\t\t\t\t\t<\/div>\n\t\t<\/div>\n\t\t\t\t\t<\/div>\n\t\t<\/section>\n\t\t\t\t<section data-particle_enable=\"false\" data-particle-mobile-disabled=\"false\" class=\"elementor-section elementor-top-section elementor-element elementor-element-0753940 elementor-section-boxed elementor-section-height-default elementor-section-height-default\" data-id=\"0753940\" data-element_type=\"section\" data-settings=\"{&quot;background_background&quot;:&quot;classic&quot;,&quot;animation&quot;:&quot;none&quot;,&quot;jet_parallax_layout_list&quot;:[]}\">\n\t\t\t\t\t\t<div class=\"elementor-container elementor-column-gap-default\">\n\t\t\t\t\t<div class=\"elementor-column elementor-col-33 elementor-top-column elementor-element elementor-element-686e450 elementor-invisible\" data-id=\"686e450\" data-element_type=\"column\" data-settings=\"{&quot;background_background&quot;:&quot;gradient&quot;,&quot;animation&quot;:&quot;slideInUp&quot;}\">\n\t\t\t<div class=\"elementor-widget-wrap elementor-element-populated\">\n\t\t\t\t\t\t<div class=\"elementor-element elementor-element-58c2462c elementor-widget elementor-widget-image\" data-id=\"58c2462c\" data-element_type=\"widget\" data-widget_type=\"image.default\">\n\t\t\t\t<div class=\"elementor-widget-container\">\n\t\t\t\t\t\t\t\t\t\t\t\t\t\t\t<img fetchpriority=\"high\" decoding=\"async\" width=\"430\" height=\"417\" src=\"https:\/\/conversaspanishinstitute.com\/wp-content\/uploads\/2022\/02\/alvaro-bub.jpg\" class=\"elementor-animation-grow attachment-large size-large wp-image-6793\" alt=\"\" srcset=\"https:\/\/conversaspanishinstitute.com\/wp-content\/uploads\/2022\/02\/alvaro-bub.jpg 430w, https:\/\/conversaspanishinstitute.com\/wp-content\/uploads\/2022\/02\/alvaro-bub-300x291.jpg 300w\" sizes=\"(max-width: 430px) 100vw, 430px\" \/>\t\t\t\t\t\t\t\t\t\t\t\t\t\t\t<\/div>\n\t\t\t\t<\/div>\n\t\t\t\t<div class=\"elementor-element elementor-element-9888e57 elementor-widget elementor-widget-heading\" data-id=\"9888e57\" data-element_type=\"widget\" data-widget_type=\"heading.default\">\n\t\t\t\t<div class=\"elementor-widget-container\">\n\t\t\t\t\t<h2 class=\"elementor-heading-title elementor-size-default\"><span class=\"gra\">\u00c1lvaro Sesmillo<\/h2>\t\t\t\t<\/div>\n\t\t\t\t<\/div>\n\t\t\t\t<div class=\"elementor-element elementor-element-7ddb0d30 elementor-widget elementor-widget-text-editor\" data-id=\"7ddb0d30\" data-element_type=\"widget\" data-widget_type=\"text-editor.default\">\n\t\t\t\t<div class=\"elementor-widget-container\">\n\t\t\t\t\t\t\t\t\t<p>\u00c1lvaro a obtenu un dipl\u00f4me universitaire en philologie hispanique et un dipl\u00f4me d'\u00e9tudes sup\u00e9rieures en ELE \u00e0 l'Universit\u00e9 Complutense de Madrid. Il a \u00e9galement obtenu une ma\u00eetrise en enseignement de l'espagnol \u00e0 l'universit\u00e9 d'Alcal\u00e1. <strong>Il a enseign\u00e9 l'ELE\/EL2 aux Pays-Bas, en Pologne, \u00e0 Singapour et en Espagne.<\/strong> Il a dirig\u00e9 le d\u00e9partement de langue et de culture espagnoles \u00e0 l'Akademia Morska et a \u00e9t\u00e9 chef d'\u00e9tudes \u00e0 l'EF de Madrid. Il est l'auteur du cours num\u00e9rique<strong> <i>'Hablamos'<\/i> <\/strong>niveau B1 de Editorial Edinumen.<\/p>\t\t\t\t\t\t\t\t<\/div>\n\t\t\t\t<\/div>\n\t\t\t\t\t<\/div>\n\t\t<\/div>\n\t\t\t\t<div class=\"elementor-column elementor-col-33 elementor-top-column elementor-element elementor-element-fe1f132 elementor-invisible\" data-id=\"fe1f132\" data-element_type=\"column\" data-settings=\"{&quot;animation&quot;:&quot;slideInUp&quot;,&quot;background_background&quot;:&quot;gradient&quot;,&quot;animation_delay&quot;:100}\">\n\t\t\t<div class=\"elementor-widget-wrap elementor-element-populated\">\n\t\t\t\t\t\t<div class=\"elementor-element elementor-element-6cd99bb3 elementor-widget elementor-widget-image\" data-id=\"6cd99bb3\" data-element_type=\"widget\" data-widget_type=\"image.default\">\n\t\t\t\t<div class=\"elementor-widget-container\">\n\t\t\t\t\t\t\t\t\t\t\t\t\t\t\t<img decoding=\"async\" width=\"430\" height=\"417\" src=\"https:\/\/conversaspanishinstitute.com\/wp-content\/uploads\/2022\/02\/elena-esteve-buble-1.jpg\" class=\"elementor-animation-grow attachment-large size-large wp-image-6795\" alt=\"\" srcset=\"https:\/\/conversaspanishinstitute.com\/wp-content\/uploads\/2022\/02\/elena-esteve-buble-1.jpg 430w, https:\/\/conversaspanishinstitute.com\/wp-content\/uploads\/2022\/02\/elena-esteve-buble-1-300x291.jpg 300w\" sizes=\"(max-width: 430px) 100vw, 430px\" \/>\t\t\t\t\t\t\t\t\t\t\t\t\t\t\t<\/div>\n\t\t\t\t<\/div>\n\t\t\t\t<div class=\"elementor-element elementor-element-6be5559 elementor-widget elementor-widget-heading\" data-id=\"6be5559\" data-element_type=\"widget\" data-widget_type=\"heading.default\">\n\t\t\t\t<div class=\"elementor-widget-container\">\n\t\t\t\t\t<h2 class=\"elementor-heading-title elementor-size-default\"><span class=\"gra\">Elena Esteve<\/h2>\t\t\t\t<\/div>\n\t\t\t\t<\/div>\n\t\t\t\t<div class=\"elementor-element elementor-element-4e9a6ab9 elementor-widget elementor-widget-text-editor\" data-id=\"4e9a6ab9\" data-element_type=\"widget\" data-widget_type=\"text-editor.default\">\n\t\t\t\t<div class=\"elementor-widget-container\">\n\t\t\t\t\t\t\t\t\t<p>Elena a \u00e9tudi\u00e9 pour obtenir un dipl\u00f4me universitaire en <strong>Traduction et interpr\u00e9tation \u00e0 l'universit\u00e9 Jaume I<\/strong>. Elle est titulaire d'un dipl\u00f4me en ELE et d'une ma\u00eetrise en formation des enseignants pour l'enseignement secondaire obligatoire, l'enseignement secondaire sup\u00e9rieur, la formation professionnelle et l'enseignement des langues. Elle poss\u00e8de une vaste exp\u00e9rience en tant qu'enseignante de langues.<\/p>\t\t\t\t\t\t\t\t<\/div>\n\t\t\t\t<\/div>\n\t\t\t\t\t<\/div>\n\t\t<\/div>\n\t\t\t\t<div class=\"elementor-column elementor-col-33 elementor-top-column elementor-element elementor-element-8681362 elementor-invisible\" data-id=\"8681362\" data-element_type=\"column\" data-settings=\"{&quot;animation&quot;:&quot;slideInUp&quot;,&quot;background_background&quot;:&quot;gradient&quot;,&quot;animation_delay&quot;:200}\">\n\t\t\t<div class=\"elementor-widget-wrap elementor-element-populated\">\n\t\t\t\t\t\t<div class=\"elementor-element elementor-element-64fb547 elementor-widget elementor-widget-image\" data-id=\"64fb547\" data-element_type=\"widget\" data-widget_type=\"image.default\">\n\t\t\t\t<div class=\"elementor-widget-container\">\n\t\t\t\t\t\t\t\t\t\t\t\t\t\t\t<img loading=\"lazy\" decoding=\"async\" width=\"430\" height=\"417\" src=\"https:\/\/conversaspanishinstitute.com\/wp-content\/uploads\/2022\/02\/Marta-ezquerro-1.jpg\" class=\"elementor-animation-grow attachment-large size-large wp-image-6797\" alt=\"\" srcset=\"https:\/\/conversaspanishinstitute.com\/wp-content\/uploads\/2022\/02\/Marta-ezquerro-1.jpg 430w, https:\/\/conversaspanishinstitute.com\/wp-content\/uploads\/2022\/02\/Marta-ezquerro-1-300x291.jpg 300w\" sizes=\"(max-width: 430px) 100vw, 430px\" \/>\t\t\t\t\t\t\t\t\t\t\t\t\t\t\t<\/div>\n\t\t\t\t<\/div>\n\t\t\t\t<div class=\"elementor-element elementor-element-c99515a elementor-widget elementor-widget-heading\" data-id=\"c99515a\" data-element_type=\"widget\" data-widget_type=\"heading.default\">\n\t\t\t\t<div class=\"elementor-widget-container\">\n\t\t\t\t\t<h2 class=\"elementor-heading-title elementor-size-default\"><span class=\"gra\">Marta Ezquerro<\/h2>\t\t\t\t<\/div>\n\t\t\t\t<\/div>\n\t\t\t\t<div class=\"elementor-element elementor-element-c5cfaf5 elementor-widget elementor-widget-text-editor\" data-id=\"c5cfaf5\" data-element_type=\"widget\" data-widget_type=\"text-editor.default\">\n\t\t\t\t<div class=\"elementor-widget-container\">\n\t\t\t\t\t\t\t\t\t<p>Marta a obtenu un dipl\u00f4me universitaire en philologie espagnole \u00e0 l'universit\u00e9 de Barcelone. Elle a suivi des cours de doctorat <strong>(sp\u00e9cialis\u00e9e dans la litt\u00e9rature espagnole du Si\u00e8cle d'or)<\/strong> \u00e0 l'Universit\u00e9 Complutense de Madrid, avant de commencer \u00e0 enseigner l'espagnol comme langue \u00e9trang\u00e8re. Elle a \u00e9tudi\u00e9 pour obtenir une ma\u00eetrise en ELE \u00e0 l'universit\u00e9 Men\u00e9ndez Pelayo de Santander. Elle enseigne \u00e0 des entreprises et \u00e0 des particuliers depuis plus de... <strong>20 ans<\/strong> et elle a \u00e9galement commenc\u00e9 \u00e0 enseigner en ligne il y a deux ans.<\/p>\t\t\t\t\t\t\t\t<\/div>\n\t\t\t\t<\/div>\n\t\t\t\t\t<\/div>\n\t\t<\/div>\n\t\t\t\t\t<\/div>\n\t\t<\/section>\n\t\t\t\t<section data-particle_enable=\"false\" data-particle-mobile-disabled=\"false\" class=\"elementor-section elementor-top-section elementor-element elementor-element-3c873cf elementor-section-boxed elementor-section-height-default elementor-section-height-default\" data-id=\"3c873cf\" data-element_type=\"section\" data-settings=\"{&quot;background_background&quot;:&quot;classic&quot;,&quot;jet_parallax_layout_list&quot;:[]}\">\n\t\t\t\t\t\t<div class=\"elementor-container elementor-column-gap-default\">\n\t\t\t\t\t<div class=\"elementor-column elementor-col-33 elementor-top-column elementor-element elementor-element-470ec13 elementor-invisible\" data-id=\"470ec13\" data-element_type=\"column\" data-settings=\"{&quot;animation&quot;:&quot;slideInUp&quot;,&quot;background_background&quot;:&quot;gradient&quot;}\">\n\t\t\t<div class=\"elementor-widget-wrap elementor-element-populated\">\n\t\t\t\t\t\t<div class=\"elementor-element elementor-element-d14f053 elementor-widget elementor-widget-image\" data-id=\"d14f053\" data-element_type=\"widget\" data-widget_type=\"image.default\">\n\t\t\t\t<div class=\"elementor-widget-container\">\n\t\t\t\t\t\t\t\t\t\t\t\t\t\t\t<img loading=\"lazy\" decoding=\"async\" width=\"430\" height=\"417\" src=\"https:\/\/conversaspanishinstitute.com\/wp-content\/uploads\/2022\/02\/olaya-buble-chat.jpg\" class=\"elementor-animation-grow attachment-large size-large wp-image-6798\" alt=\"\" srcset=\"https:\/\/conversaspanishinstitute.com\/wp-content\/uploads\/2022\/02\/olaya-buble-chat.jpg 430w, https:\/\/conversaspanishinstitute.com\/wp-content\/uploads\/2022\/02\/olaya-buble-chat-300x291.jpg 300w\" sizes=\"(max-width: 430px) 100vw, 430px\" \/>\t\t\t\t\t\t\t\t\t\t\t\t\t\t\t<\/div>\n\t\t\t\t<\/div>\n\t\t\t\t<div class=\"elementor-element elementor-element-b7a4e6e elementor-widget elementor-widget-heading\" data-id=\"b7a4e6e\" data-element_type=\"widget\" data-widget_type=\"heading.default\">\n\t\t\t\t<div class=\"elementor-widget-container\">\n\t\t\t\t\t<h2 class=\"elementor-heading-title elementor-size-default\"><span>S<\/span><span class=\"gra\">Olaya Fern\u00e1ndez<\/span><\/h2>\t\t\t\t<\/div>\n\t\t\t\t<\/div>\n\t\t\t\t<div class=\"elementor-element elementor-element-11b6c92d elementor-widget elementor-widget-text-editor\" data-id=\"11b6c92d\" data-element_type=\"widget\" data-widget_type=\"text-editor.default\">\n\t\t\t\t<div class=\"elementor-widget-container\">\n\t\t\t\t\t\t\t\t\t<p>Olaya a un <strong>Licence en philologie classique et ma\u00eetrise en enseignement secondaire avec une sp\u00e9cialisation en latin, grec et espagnol.<\/strong> Elle est sp\u00e9cialiste de l'enseignement de l'anglais langue seconde aux enfants depuis 2012. Olaya a commenc\u00e9 \u00e0 collaborer \u00e0 ELEInternacional en 2017, en cr\u00e9ant du contenu pour le blog, et n'a pas cess\u00e9 d'y travailler depuis. Cette ann\u00e9e, elle est devenue une collaboratrice d'ELEInternacional. <strong>conseiller p\u00e9dagogique en ligne pour les enfants.<\/strong><\/p>\t\t\t\t\t\t\t\t<\/div>\n\t\t\t\t<\/div>\n\t\t\t\t\t<\/div>\n\t\t<\/div>\n\t\t\t\t<div class=\"elementor-column elementor-col-33 elementor-top-column elementor-element elementor-element-0c71cc9 elementor-invisible\" data-id=\"0c71cc9\" data-element_type=\"column\" data-settings=\"{&quot;animation&quot;:&quot;slideInUp&quot;,&quot;background_background&quot;:&quot;gradient&quot;,&quot;animation_delay&quot;:100}\">\n\t\t\t<div class=\"elementor-widget-wrap elementor-element-populated\">\n\t\t\t\t\t\t<div class=\"elementor-element elementor-element-de93e2e elementor-widget elementor-widget-image\" data-id=\"de93e2e\" data-element_type=\"widget\" data-widget_type=\"image.default\">\n\t\t\t\t<div class=\"elementor-widget-container\">\n\t\t\t\t\t\t\t\t\t\t\t\t\t\t\t<img loading=\"lazy\" decoding=\"async\" width=\"430\" height=\"417\" src=\"https:\/\/conversaspanishinstitute.com\/wp-content\/uploads\/2022\/02\/pilar-buble-chat.jpg\" class=\"elementor-animation-grow attachment-large size-large wp-image-6799\" alt=\"\" srcset=\"https:\/\/conversaspanishinstitute.com\/wp-content\/uploads\/2022\/02\/pilar-buble-chat.jpg 430w, https:\/\/conversaspanishinstitute.com\/wp-content\/uploads\/2022\/02\/pilar-buble-chat-300x291.jpg 300w\" sizes=\"(max-width: 430px) 100vw, 430px\" \/>\t\t\t\t\t\t\t\t\t\t\t\t\t\t\t<\/div>\n\t\t\t\t<\/div>\n\t\t\t\t<div class=\"elementor-element elementor-element-40a08ec elementor-widget elementor-widget-heading\" data-id=\"40a08ec\" data-element_type=\"widget\" data-widget_type=\"heading.default\">\n\t\t\t\t<div class=\"elementor-widget-container\">\n\t\t\t\t\t<h2 class=\"elementor-heading-title elementor-size-default\"><span class=\"gra\">Pilar Hern\u00e1ndez<\/span><\/h2>\t\t\t\t<\/div>\n\t\t\t\t<\/div>\n\t\t\t\t<div class=\"elementor-element elementor-element-39134cc elementor-widget elementor-widget-text-editor\" data-id=\"39134cc\" data-element_type=\"widget\" data-widget_type=\"text-editor.default\">\n\t\t\t\t<div class=\"elementor-widget-container\">\n\t\t\t\t\t\t\t\t\t<p>Pilar enseigne l'espagnol depuis 16 ans. <strong>Elle est dipl\u00f4m\u00e9e en philologie hispanique et s'est sp\u00e9cialis\u00e9e dans l'enseignement de l'espagnol comme langue \u00e9trang\u00e8re<\/strong>. Elle est actuellement cr\u00e9atrice de contenu et professeur d'espagnol.<\/p>\t\t\t\t\t\t\t\t<\/div>\n\t\t\t\t<\/div>\n\t\t\t\t\t<\/div>\n\t\t<\/div>\n\t\t\t\t<div class=\"elementor-column elementor-col-33 elementor-top-column elementor-element elementor-element-034e24f elementor-invisible\" data-id=\"034e24f\" data-element_type=\"column\" data-settings=\"{&quot;animation&quot;:&quot;slideInUp&quot;,&quot;background_background&quot;:&quot;gradient&quot;,&quot;animation_delay&quot;:200}\">\n\t\t\t<div class=\"elementor-widget-wrap elementor-element-populated\">\n\t\t\t\t\t\t<div class=\"elementor-element elementor-element-703980d elementor-widget elementor-widget-image\" data-id=\"703980d\" data-element_type=\"widget\" data-widget_type=\"image.default\">\n\t\t\t\t<div class=\"elementor-widget-container\">\n\t\t\t\t\t\t\t\t\t\t\t\t\t\t\t<img loading=\"lazy\" decoding=\"async\" width=\"430\" height=\"417\" src=\"https:\/\/conversaspanishinstitute.com\/wp-content\/uploads\/2022\/02\/andrea-buble-chat-1.jpg\" class=\"elementor-animation-grow attachment-large size-large wp-image-6794\" alt=\"\" srcset=\"https:\/\/conversaspanishinstitute.com\/wp-content\/uploads\/2022\/02\/andrea-buble-chat-1.jpg 430w, https:\/\/conversaspanishinstitute.com\/wp-content\/uploads\/2022\/02\/andrea-buble-chat-1-300x291.jpg 300w\" sizes=\"(max-width: 430px) 100vw, 430px\" \/>\t\t\t\t\t\t\t\t\t\t\t\t\t\t\t<\/div>\n\t\t\t\t<\/div>\n\t\t\t\t<div class=\"elementor-element elementor-element-64e1fb6 elementor-widget elementor-widget-heading\" data-id=\"64e1fb6\" data-element_type=\"widget\" data-widget_type=\"heading.default\">\n\t\t\t\t<div class=\"elementor-widget-container\">\n\t\t\t\t\t<h2 class=\"elementor-heading-title elementor-size-default\"><span>S<\/span><span class=\"gra\">Andrea Storey<\/span><\/h2>\t\t\t\t<\/div>\n\t\t\t\t<\/div>\n\t\t\t\t<div class=\"elementor-element elementor-element-b3041e9 elementor-widget elementor-widget-text-editor\" data-id=\"b3041e9\" data-element_type=\"widget\" data-widget_type=\"text-editor.default\">\n\t\t\t\t<div class=\"elementor-widget-container\">\n\t\t\t\t\t\t\t\t\t<p>Andrea est titulaire d'un baccalaur\u00e9at en enseignement de l'espagnol et en linguistique obtenu \u00e0 l'Universit\u00e9 d'Ottawa. <strong>Universit\u00e9 de l'Illinois du Sud<\/strong>. Lorsqu'elle \u00e9tait \u00e9tudiante \u00e0 l'universit\u00e9, elle \u00e9tait assistante de recherche et a particip\u00e9 \u00e0 la restructuration du programme d'enseignement de l'espagnol. Actuellement, elle est traductrice ind\u00e9pendante et professeur d'espagnol.<\/p>\t\t\t\t\t\t\t\t<\/div>\n\t\t\t\t<\/div>\n\t\t\t\t\t<\/div>\n\t\t<\/div>\n\t\t\t\t\t<\/div>\n\t\t<\/section>\n\t\t\t\t<\/div>","protected":false},"excerpt":{"rendered":"<p>Caf\u00e9 avec \u00c1lvaro Aqu\u00ed puedes agendar una llamada con \u00c1lvaro, si no hay una fecha que te funcione pued escribir a alvaro@conversainstitute.com con tu disponibilidad y te responderemos enseguida \ud83d\ude42 Nous sommes plus qu'une \u00e9cole de langues Chez Conversa Spanish Institute, nous nous concentrons sur ton \u00e9tat d'esprit et nous t'aidons \u00e0 surmonter les croyances n\u00e9gatives. Avec notre approche unique, [...]<\/p>","protected":false},"author":1,"featured_media":0,"parent":0,"menu_order":0,"comment_status":"open","ping_status":"open","template":"elementor_header_footer","meta":{"_acf_changed":false,"footnotes":""},"class_list":["post-7938","page","type-page","status-publish","hentry"],"acf":[],"jetpack_sharing_enabled":true,"_links":{"self":[{"href":"https:\/\/conversaspanishinstitute.com\/fr\/wp-json\/wp\/v2\/pages\/7938","targetHints":{"allow":["GET"]}}],"collection":[{"href":"https:\/\/conversaspanishinstitute.com\/fr\/wp-json\/wp\/v2\/pages"}],"about":[{"href":"https:\/\/conversaspanishinstitute.com\/fr\/wp-json\/wp\/v2\/types\/page"}],"author":[{"embeddable":true,"href":"https:\/\/conversaspanishinstitute.com\/fr\/wp-json\/wp\/v2\/users\/1"}],"replies":[{"embeddable":true,"href":"https:\/\/conversaspanishinstitute.com\/fr\/wp-json\/wp\/v2\/comments?post=7938"}],"version-history":[{"count":0,"href":"https:\/\/conversaspanishinstitute.com\/fr\/wp-json\/wp\/v2\/pages\/7938\/revisions"}],"wp:attachment":[{"href":"https:\/\/conversaspanishinstitute.com\/fr\/wp-json\/wp\/v2\/media?parent=7938"}],"curies":[{"name":"wp","href":"https:\/\/api.w.org\/{rel}","templated":true}]}}