{"id":12458,"date":"2023-05-23T18:59:39","date_gmt":"2023-05-23T18:59:39","guid":{"rendered":"https:\/\/conversaspanishinstitute.com\/?post_type=product&#038;p=12458"},"modified":"2023-05-23T19:07:38","modified_gmt":"2023-05-23T19:07:38","slug":"programa-de-desarrollo-profesional-certificado-de-verano-para-profesores-de-espanol-en-valencia","status":"publish","type":"product","link":"https:\/\/conversaspanishinstitute.com\/fr\/produit\/programa-de-desarrollo-profesional-certificado-de-verano-para-profesores-de-espanol-en-valencia\/","title":{"rendered":"Programa de desarrollo profesional certificado de verano para profesores de espa\u00f1ol en Valencia"},"content":{"rendered":"<p><strong>Qu'est-ce qui inclut la formation ?<\/strong><\/p>\n<ul>\n<li>20 heures de cours virtuel + 20 heures de cours pr\u00e9sentiel \u00e0 l'\u00e9cole de Conversa Spanish Institute<\/li>\n<li>Acc\u00e8s gratuit pendant un an aux membres de la formation continue de ELEInternacional<\/li>\n<li>Visite du centre de Valence<\/li>\n<li>Certificat d'assistance<\/li>\n<\/ul>\n<p>*L'h\u00e9bergement, le transport et la manutention pendant le s\u00e9jour ne sont pas inclus.<\/p>\n<p><strong>Quels sont les contenus de la formation ?<\/strong><\/p>\n<ul>\n<li><strong>Programme du cours virtuel <\/strong>(par le biais de la plateforme \u00e9ducative) - 20 heures\n<ul>\n<li><u>M\u00f3dulo 1 Ense\u00f1anza de lenguas a ni\u00f1os y adolescentes<\/u> (4 heures)\n<ul>\n<li>Etapes du d\u00e9veloppement cognitif infantile (2h)<\/li>\n<li>C\u00f3mo ense\u00f1ar a adolescentes (2h)<\/li>\n<\/ul>\n<\/li>\n<li><u>Module 2 L'enseignement des contenus du cours<\/u> (4 h)\n<ul>\n<li>L'enseignement du Mexique (2h)<\/li>\n<li>L'enseignement de la prononciation, de l'entonnement et de l'orthographe (2h)<\/li>\n<\/ul>\n<\/li>\n<li><u>M\u00f3dulo 3 Factores individuales en la ense\u00f1anza de idiomas I<\/u> (4h)\n<ul>\n<li>Le traitement de l'erreur (2h)<\/li>\n<li>L'enseignement respectueux (2h)<\/li>\n<\/ul>\n<\/li>\n<li><u>M\u00f3dulo 4 Factores individuales en la ense\u00f1anza de idiomas II<\/u> (4h)\n<ul>\n<li>Modifications des facteurs\/processus cognitifs de l'\u00e9l\u00e8ve de L2\/LE(I) (2h)<\/li>\n<li>Alteraciones en los factores\/procesos cognitivos del alumnado de L2\/LE(II) (2h)<\/li>\n<\/ul>\n<\/li>\n<li><u>M\u00f3dulo 5 Creaci\u00f3n de materiales did\u00e1cticos<\/u> (4h)\n<ul>\n<li>Conception de mat\u00e9riel avec Canva (1h)<\/li>\n<li>Dise\u00f1o de materiales con <em>Power Point<\/em> (3h)<\/li>\n<\/ul>\n<\/li>\n<li><strong>Programme du cours pr\u00e9sentiel<\/strong> (Valence) - 20 heures\n<ul>\n<li>Lunes - <u>M\u00f3dulo 1 Ense\u00f1anza de lenguas a ni\u00f1os y adolescentes<\/u> (4h)\n<ul>\n<li>La motivation dans l'\u00e9cole d'espagnol (2h)<\/li>\n<li>Gesti\u00f3n de aula y din\u00e1micas de grupo (2h)<\/li>\n<\/ul>\n<\/li>\n<li>Martes - <u>Module 2 L'enseignement des contenus du cours<\/u> (4 h)\n<ul>\n<li>Enseignement de la grammaire. Nouvelles perspectives (2h)<\/li>\n<li>La composante interculturelle (2 h)<\/li>\n<\/ul>\n<\/li>\n<li>Mi\u00e9rcoles - <u>M\u00f3dulo 3 Factores individuales en la ense\u00f1anza de idiomas I<\/u> (4h)\n<ul>\n<li>Apprentissage \u00e9motionnel et affectif (2h)<\/li>\n<li>C\u00f3mo trabajar las emociones en el aula (2h)<\/li>\n<\/ul>\n<\/li>\n<li>Jueves - <u>M\u00f3dulo 4 Factores individuales en la ense\u00f1anza de idiomas II<\/u> (4h)\n<ul>\n<li>Le d\u00e9veloppement de l'identit\u00e9 linguistique (2h)<\/li>\n<li>Aider les \u00e9tudiants \u00e0 trouver leur propre voix en espagnol (2h)<\/li>\n<\/ul>\n<\/li>\n<li>Viernes - <u>M\u00f3dulo 5 Creaci\u00f3n de materiales did\u00e1cticos<\/u> (4h)\n<ul>\n<li>Gamification (2h)<\/li>\n<li>Utilisation de plates-formes et d'outils num\u00e9riques (2h)<\/li>\n<\/ul>\n<\/li>\n<\/ul>\n<\/li>\n<\/ul>\n<\/li>\n<\/ul>","protected":false},"excerpt":{"rendered":"<p><strong>Qu'est-ce qui inclut la formation ?<\/strong><\/p>\n<ul>\n<li>20 heures de cours virtuel + 20 heures de cours pr\u00e9sentiel \u00e0 l'\u00e9cole de Conversa Spanish Institute<\/li>\n<li>Acc\u00e8s gratuit pendant un an aux membres de la formation continue de ELEInternacional<\/li>\n<li>Visite du centre de Valence<\/li>\n<li>Certificat d'assistance<\/li>\n<\/ul>\n<p><strong>Horaires disponibles<\/strong><\/p>\n<ul>\n<li>17 al 21 de julio<\/li>\n<li>31 julio al 5 de agosto<\/li>\n<\/ul>\n<p>*L'h\u00e9bergement, le transport et la manutention pendant le s\u00e9jour ne sont pas inclus.<\/p>","protected":false},"featured_media":12459,"comment_status":"open","ping_status":"closed","template":"","meta":{"_acf_changed":false},"product_brand":[],"product_cat":[490],"product_tag":[],"class_list":{"0":"post-12458","1":"product","2":"type-product","3":"status-publish","4":"has-post-thumbnail","6":"product_cat-verano","8":"first","9":"instock","10":"virtual","11":"taxable","12":"purchasable","13":"product-type-simple"},"acf":[],"jetpack_sharing_enabled":true,"_links":{"self":[{"href":"https:\/\/conversaspanishinstitute.com\/fr\/wp-json\/wp\/v2\/product\/12458","targetHints":{"allow":["GET"]}}],"collection":[{"href":"https:\/\/conversaspanishinstitute.com\/fr\/wp-json\/wp\/v2\/product"}],"about":[{"href":"https:\/\/conversaspanishinstitute.com\/fr\/wp-json\/wp\/v2\/types\/product"}],"replies":[{"embeddable":true,"href":"https:\/\/conversaspanishinstitute.com\/fr\/wp-json\/wp\/v2\/comments?post=12458"}],"version-history":[{"count":0,"href":"https:\/\/conversaspanishinstitute.com\/fr\/wp-json\/wp\/v2\/product\/12458\/revisions"}],"wp:featuredmedia":[{"embeddable":true,"href":"https:\/\/conversaspanishinstitute.com\/fr\/wp-json\/wp\/v2\/media\/12459"}],"wp:attachment":[{"href":"https:\/\/conversaspanishinstitute.com\/fr\/wp-json\/wp\/v2\/media?parent=12458"}],"wp:term":[{"taxonomy":"product_brand","embeddable":true,"href":"https:\/\/conversaspanishinstitute.com\/fr\/wp-json\/wp\/v2\/product_brand?post=12458"},{"taxonomy":"product_cat","embeddable":true,"href":"https:\/\/conversaspanishinstitute.com\/fr\/wp-json\/wp\/v2\/product_cat?post=12458"},{"taxonomy":"product_tag","embeddable":true,"href":"https:\/\/conversaspanishinstitute.com\/fr\/wp-json\/wp\/v2\/product_tag?post=12458"}],"curies":[{"name":"wp","href":"https:\/\/api.w.org\/{rel}","templated":true}]}}