{"id":17055,"date":"2024-12-04T12:06:07","date_gmt":"2024-12-04T11:06:07","guid":{"rendered":"https:\/\/conversaspanishinstitute.com\/?post_type=product&#038;p=17055"},"modified":"2025-08-19T20:33:30","modified_gmt":"2025-08-19T18:33:30","slug":"apprendre-lespagnol-pour-vivre-en-espagne-ebook","status":"publish","type":"product","link":"https:\/\/conversaspanishinstitute.com\/fr\/produit\/apprendre-lespagnol-pour-vivre-en-espagne-ebook\/","title":{"rendered":"Apprendre l'espagnol pour vivre en Espagne eBook"},"content":{"rendered":"<p>Tu pr\u00e9vois de vivre, de travailler ou de voyager en Espagne ? Ce guide d'apprentissage de l'espagnol essentiel est con\u00e7u pour tous ceux qui veulent communiquer en toute confiance dans la vie quotidienne. Qu'il s'agisse de naviguer dans la bureaucratie, de faire des achats sur les march\u00e9s locaux ou de se faire de nouveaux amis, cet ebook pratique te donnera le vocabulaire cl\u00e9, les explications grammaticales et les phrases courantes dont tu as besoin.<\/p>\n<p>&nbsp;<\/p>\n<p>\u2714\ufe0f Couvre des situations r\u00e9elles en Espagne<\/p>\n<p>\u2714\ufe0f Explications grammaticales claires<\/p>\n<p>\u2714\ufe0f Vocabulaire utile pour la vie quotidienne conversations<\/p>\n<p>\u2714\ufe0f Parfait pour les d\u00e9butants et les apprenants interm\u00e9diaires<\/p>\n<p>&nbsp;<\/p>\n<p>T\u00e9l\u00e9charge-le maintenant et commence \u00e0 parler espagnol en toute confiance !<\/p>","protected":false},"excerpt":{"rendered":"<p>Tu pr\u00e9vois de vivre, de travailler ou de voyager en Espagne ? Ce guide d'apprentissage de l'espagnol essentiel est con\u00e7u pour tous ceux qui veulent communiquer en toute confiance dans la vie quotidienne. Qu'il s'agisse de naviguer dans la bureaucratie, de faire des achats sur les march\u00e9s locaux ou de se faire de nouveaux amis, cet ebook pratique te donnera le vocabulaire cl\u00e9, les explications grammaticales et les phrases courantes dont tu as besoin.<\/p>\n<p>&nbsp;<\/p>\n<p>\u2714\ufe0f Couvre des situations r\u00e9elles en Espagne<\/p>\n<p>\u2714\ufe0f Explications grammaticales claires<\/p>\n<p>\u2714\ufe0f Vocabulaire utile pour la vie quotidienne conversations<\/p>\n<p>\u2714\ufe0f Parfait pour les d\u00e9butants et les apprenants interm\u00e9diaires<\/p>\n<p>&nbsp;<\/p>\n<p>T\u00e9l\u00e9charge-le maintenant et commence \u00e0 parler espagnol en toute confiance !<\/p>","protected":false},"featured_media":17056,"comment_status":"open","ping_status":"closed","template":"","meta":{"_acf_changed":false},"product_brand":[],"product_cat":[608],"product_tag":[],"class_list":{"0":"post-17055","1":"product","2":"type-product","3":"status-publish","4":"has-post-thumbnail","6":"product_cat-ebooks","8":"first","9":"instock","10":"sale","11":"downloadable","12":"taxable","13":"shipping-taxable","14":"purchasable","15":"product-type-simple"},"acf":[],"jetpack_sharing_enabled":true,"_links":{"self":[{"href":"https:\/\/conversaspanishinstitute.com\/fr\/wp-json\/wp\/v2\/product\/17055","targetHints":{"allow":["GET"]}}],"collection":[{"href":"https:\/\/conversaspanishinstitute.com\/fr\/wp-json\/wp\/v2\/product"}],"about":[{"href":"https:\/\/conversaspanishinstitute.com\/fr\/wp-json\/wp\/v2\/types\/product"}],"replies":[{"embeddable":true,"href":"https:\/\/conversaspanishinstitute.com\/fr\/wp-json\/wp\/v2\/comments?post=17055"}],"version-history":[{"count":4,"href":"https:\/\/conversaspanishinstitute.com\/fr\/wp-json\/wp\/v2\/product\/17055\/revisions"}],"predecessor-version":[{"id":17625,"href":"https:\/\/conversaspanishinstitute.com\/fr\/wp-json\/wp\/v2\/product\/17055\/revisions\/17625"}],"wp:featuredmedia":[{"embeddable":true,"href":"https:\/\/conversaspanishinstitute.com\/fr\/wp-json\/wp\/v2\/media\/17056"}],"wp:attachment":[{"href":"https:\/\/conversaspanishinstitute.com\/fr\/wp-json\/wp\/v2\/media?parent=17055"}],"wp:term":[{"taxonomy":"product_brand","embeddable":true,"href":"https:\/\/conversaspanishinstitute.com\/fr\/wp-json\/wp\/v2\/product_brand?post=17055"},{"taxonomy":"product_cat","embeddable":true,"href":"https:\/\/conversaspanishinstitute.com\/fr\/wp-json\/wp\/v2\/product_cat?post=17055"},{"taxonomy":"product_tag","embeddable":true,"href":"https:\/\/conversaspanishinstitute.com\/fr\/wp-json\/wp\/v2\/product_tag?post=17055"}],"curies":[{"name":"wp","href":"https:\/\/api.w.org\/{rel}","templated":true}]}}