{"id":17430,"date":"2025-01-30T15:16:12","date_gmt":"2025-01-30T14:16:12","guid":{"rendered":"https:\/\/conversaspanishinstitute.com\/?post_type=product&#038;p=17430"},"modified":"2025-05-28T17:05:41","modified_gmt":"2025-05-28T15:05:41","slug":"extension-curso-de-inmersion-linguistica","status":"publish","type":"product","link":"https:\/\/conversaspanishinstitute.com\/fr\/produit\/extension-curso-de-inmersion-linguistica\/","title":{"rendered":"Extensi\u00f3n curso de inmersi\u00f3n ling\u00fc\u00edstica"},"content":{"rendered":"<p>Extensi\u00f3n al curso de inmersi\u00f3n ling\u00fc\u00edstica del 2 al 6 de junio de 2025.<\/p>","protected":false},"excerpt":{"rendered":"<p>Extensi\u00f3n al curso de inmersi\u00f3n ling\u00fc\u00edstica del 2 al 6 de junio de 2025.<\/p>","protected":false},"featured_media":17431,"comment_status":"open","ping_status":"closed","template":"","meta":{"_acf_changed":false},"product_brand":[],"product_cat":[259],"product_tag":[],"class_list":{"0":"post-17430","1":"product","2":"type-product","3":"status-publish","4":"has-post-thumbnail","6":"product_cat-uncategorized","8":"first","9":"instock","10":"taxable","11":"shipping-taxable","12":"purchasable","13":"product-type-simple"},"acf":[],"jetpack_sharing_enabled":true,"_links":{"self":[{"href":"https:\/\/conversaspanishinstitute.com\/fr\/wp-json\/wp\/v2\/product\/17430","targetHints":{"allow":["GET"]}}],"collection":[{"href":"https:\/\/conversaspanishinstitute.com\/fr\/wp-json\/wp\/v2\/product"}],"about":[{"href":"https:\/\/conversaspanishinstitute.com\/fr\/wp-json\/wp\/v2\/types\/product"}],"replies":[{"embeddable":true,"href":"https:\/\/conversaspanishinstitute.com\/fr\/wp-json\/wp\/v2\/comments?post=17430"}],"version-history":[{"count":5,"href":"https:\/\/conversaspanishinstitute.com\/fr\/wp-json\/wp\/v2\/product\/17430\/revisions"}],"predecessor-version":[{"id":18573,"href":"https:\/\/conversaspanishinstitute.com\/fr\/wp-json\/wp\/v2\/product\/17430\/revisions\/18573"}],"wp:featuredmedia":[{"embeddable":true,"href":"https:\/\/conversaspanishinstitute.com\/fr\/wp-json\/wp\/v2\/media\/17431"}],"wp:attachment":[{"href":"https:\/\/conversaspanishinstitute.com\/fr\/wp-json\/wp\/v2\/media?parent=17430"}],"wp:term":[{"taxonomy":"product_brand","embeddable":true,"href":"https:\/\/conversaspanishinstitute.com\/fr\/wp-json\/wp\/v2\/product_brand?post=17430"},{"taxonomy":"product_cat","embeddable":true,"href":"https:\/\/conversaspanishinstitute.com\/fr\/wp-json\/wp\/v2\/product_cat?post=17430"},{"taxonomy":"product_tag","embeddable":true,"href":"https:\/\/conversaspanishinstitute.com\/fr\/wp-json\/wp\/v2\/product_tag?post=17430"}],"curies":[{"name":"wp","href":"https:\/\/api.w.org\/{rel}","templated":true}]}}