{"id":6460,"date":"2022-02-15T21:18:16","date_gmt":"2022-02-15T21:18:16","guid":{"rendered":"http:\/\/conversaspanishinstitute.com\/?post_type=product&#038;p=6460"},"modified":"2023-11-22T12:54:58","modified_gmt":"2023-11-22T12:54:58","slug":"cours-despagnol-intensif","status":"publish","type":"product","link":"https:\/\/conversaspanishinstitute.com\/fr\/produit\/cours-despagnol-intensif\/","title":{"rendered":"Cours d'espagnol intensif"},"content":{"rendered":"<p><span id=\"attr-85d4d0b1-92b4-426f-9c68-8adecd6f9b4c\">Nos classes sont \u00e9quip\u00e9es de tout ce dont tu as besoin pour r\u00e9ussir ton apprentissage. Nous te donnerons tout le mat\u00e9riel adapt\u00e9 \u00e0 ton niveau. Apr\u00e8s le cours, tu auras la possibilit\u00e9 de continuer \u00e0 pratiquer et \u00e0 am\u00e9liorer ton niveau gr\u00e2ce \u00e0 un cours en ligne compl\u00e9mentaire.<\/span><\/p>\n<p><span id=\"attr-85d4d0b1-92b4-426f-9c68-8adecd6f9b4c\">Pendant la semaine, nous aurons diff\u00e9rentes activit\u00e9s \u00e0 l'int\u00e9rieur et \u00e0 l'ext\u00e9rieur de la classe qui te permettront de d\u00e9couvrir au mieux la culture espagnole.<\/span><\/p>\n<p><small><strong>CONDITIONS<\/strong><\/small><br \/>\n<small id=\"attr-ab04ca40-8cd4-4d3b-84d9-fea6eb51af49\">Le prix comprend les livres, les activit\u00e9s et ressources compl\u00e9mentaires, 20h\/semaine de cours en pr\u00e9sentiel et en ligne. Les frais de transfert et d'h\u00e9bergement ne sont pas inclus.<\/small><\/p>","protected":false},"excerpt":{"rendered":"<p><em><span id=\"attr-e526a35e-ea36-4abd-9508-ff9268f45266\">Ce cours est parfait pour pouvoir<\/span><strong><span id=\"attr-f56e3dfd-2d9a-4ea5-9404-381312b5ecbe\">\u00a0Immerge-toi dans la langue et la culture espagnoles<\/span><\/strong><span id=\"attr-85d4d0b1-92b4-426f-9c68-8adecd6f9b4c\">. 20 le\u00e7ons d'espagnol par semaine \u00e0 raison de 4 heures de cours par jour. Tu peux aussi combiner ce cours avec nos conversation nos cours particuliers pour pouvoir b\u00e9n\u00e9ficier de toute l'exp\u00e9rience.<\/span><\/em><\/p>","protected":false},"featured_media":7532,"comment_status":"closed","ping_status":"closed","template":"","meta":{"_acf_changed":false},"product_brand":[],"product_cat":[266,524],"product_tag":[],"class_list":{"0":"post-6460","1":"product","2":"type-product","3":"status-publish","4":"has-post-thumbnail","6":"product_cat-cursos-intensivos","7":"product_cat-recurrente","9":"first","10":"instock","11":"sold-individually","12":"taxable","13":"shipping-taxable","14":"purchasable","15":"product-type-variable"},"acf":[],"jetpack_sharing_enabled":true,"_links":{"self":[{"href":"https:\/\/conversaspanishinstitute.com\/fr\/wp-json\/wp\/v2\/product\/6460","targetHints":{"allow":["GET"]}}],"collection":[{"href":"https:\/\/conversaspanishinstitute.com\/fr\/wp-json\/wp\/v2\/product"}],"about":[{"href":"https:\/\/conversaspanishinstitute.com\/fr\/wp-json\/wp\/v2\/types\/product"}],"replies":[{"embeddable":true,"href":"https:\/\/conversaspanishinstitute.com\/fr\/wp-json\/wp\/v2\/comments?post=6460"}],"version-history":[{"count":1,"href":"https:\/\/conversaspanishinstitute.com\/fr\/wp-json\/wp\/v2\/product\/6460\/revisions"}],"predecessor-version":[{"id":17465,"href":"https:\/\/conversaspanishinstitute.com\/fr\/wp-json\/wp\/v2\/product\/6460\/revisions\/17465"}],"wp:featuredmedia":[{"embeddable":true,"href":"https:\/\/conversaspanishinstitute.com\/fr\/wp-json\/wp\/v2\/media\/7532"}],"wp:attachment":[{"href":"https:\/\/conversaspanishinstitute.com\/fr\/wp-json\/wp\/v2\/media?parent=6460"}],"wp:term":[{"taxonomy":"product_brand","embeddable":true,"href":"https:\/\/conversaspanishinstitute.com\/fr\/wp-json\/wp\/v2\/product_brand?post=6460"},{"taxonomy":"product_cat","embeddable":true,"href":"https:\/\/conversaspanishinstitute.com\/fr\/wp-json\/wp\/v2\/product_cat?post=6460"},{"taxonomy":"product_tag","embeddable":true,"href":"https:\/\/conversaspanishinstitute.com\/fr\/wp-json\/wp\/v2\/product_tag?post=6460"}],"curies":[{"name":"wp","href":"https:\/\/api.w.org\/{rel}","templated":true}]}}