{"id":1106,"date":"2018-01-09T20:25:00","date_gmt":"2018-01-09T20:25:00","guid":{"rendered":"https:\/\/pocketlearningspanish.com\/?page_id=1106"},"modified":"2025-05-26T21:31:22","modified_gmt":"2025-05-26T19:31:22","slug":"informativa-sulla-privacy","status":"publish","type":"page","link":"https:\/\/conversaspanishinstitute.com\/it\/privacy-policy\/","title":{"rendered":"Informativa sulla privacy"},"content":{"rendered":"<div data-elementor-type=\"wp-post\" data-elementor-id=\"1106\" class=\"elementor elementor-1106\" data-elementor-post-type=\"page\">\n\t\t\t\t\t\t<section data-particle_enable=\"false\" data-particle-mobile-disabled=\"false\" class=\"elementor-section elementor-top-section elementor-element elementor-element-d16b1cf about-us elementor-section-boxed elementor-section-height-default elementor-section-height-default\" data-id=\"d16b1cf\" data-element_type=\"section\" data-e-type=\"section\" data-settings=\"{&quot;background_background&quot;:&quot;classic&quot;,&quot;jet_parallax_layout_list&quot;:[],&quot;shape_divider_bottom&quot;:&quot;curve&quot;,&quot;shape_divider_bottom_negative&quot;:&quot;yes&quot;}\">\n\t\t\t\t\t\t\t<div class=\"elementor-background-overlay\"><\/div>\n\t\t\t\t\t\t<div class=\"elementor-shape elementor-shape-bottom\" aria-hidden=\"true\" data-negative=\"true\">\n\t\t\t<svg xmlns=\"http:\/\/www.w3.org\/2000\/svg\" viewbox=\"0 0 1000 100\" preserveaspectratio=\"none\">\n\t<path class=\"elementor-shape-fill\" d=\"M500,97C126.7,96.3,0.8,19.8,0,0v100l1000,0V1C1000,19.4,873.3,97.8,500,97z\"\/>\n<\/svg>\t\t<\/div>\n\t\t\t\t\t<div class=\"elementor-container elementor-column-gap-default\">\n\t\t\t\t\t<div class=\"elementor-column elementor-col-100 elementor-top-column elementor-element elementor-element-12261c2\" data-id=\"12261c2\" data-element_type=\"column\" data-e-type=\"column\">\n\t\t\t<div class=\"elementor-widget-wrap elementor-element-populated\">\n\t\t\t\t\t\t<div class=\"elementor-element elementor-element-8277194 elementor-widget__width-initial elementor-widget elementor-widget-heading\" data-id=\"8277194\" data-element_type=\"widget\" data-e-type=\"widget\" data-widget_type=\"heading.default\">\n\t\t\t\t<div class=\"elementor-widget-container\">\n\t\t\t\t\t<h2 class=\"elementor-heading-title elementor-size-default\"><b><i>Informativa sulla privacy di Conversa Spanish Institute<\/i><\/b><\/h2>\t\t\t\t<\/div>\n\t\t\t\t<\/div>\n\t\t\t\t\t<\/div>\n\t\t<\/div>\n\t\t\t\t\t<\/div>\n\t\t<\/section>\n\t\t\t\t<section data-particle_enable=\"false\" data-particle-mobile-disabled=\"false\" class=\"elementor-section elementor-top-section elementor-element elementor-element-658ea4d elementor-section-boxed elementor-section-height-default elementor-section-height-default\" data-id=\"658ea4d\" data-element_type=\"section\" data-e-type=\"section\" data-settings=\"{&quot;background_background&quot;:&quot;classic&quot;,&quot;jet_parallax_layout_list&quot;:[]}\">\n\t\t\t\t\t\t<div class=\"elementor-container elementor-column-gap-default\">\n\t\t\t\t\t<div class=\"elementor-column elementor-col-100 elementor-top-column elementor-element elementor-element-88add30\" data-id=\"88add30\" data-element_type=\"column\" data-e-type=\"column\">\n\t\t\t<div class=\"elementor-widget-wrap elementor-element-populated\">\n\t\t\t\t\t\t<div class=\"elementor-element elementor-element-c42a185 elementor-widget elementor-widget-text-editor\" data-id=\"c42a185\" data-element_type=\"widget\" data-e-type=\"widget\" data-widget_type=\"text-editor.default\">\n\t\t\t\t<div class=\"elementor-widget-container\">\n\t\t\t\t\t\t\t\t\t<h4><b>Introduzione<\/b><\/h4><p><span style=\"font-weight: 400;\">Noi di Conversa Spanish Institute ci impegniamo a proteggere e rendere sicure le informazioni personali, aderendo al Regolamento Generale sulla Protezione dei Dati (GDPR) e alle leggi locali spagnole. Sosteniamo i principi di legalit\u00e0, lealt\u00e0 e trasparenza.<\/span><\/p><h4><b>\u00a0<\/b><\/h4><h4><b>Identit\u00e0 del Titolare del trattamento<\/b><\/h4><ul><li aria-level=\"1\"><b>Nome dell'azienda<\/b>: ISTITUTO LINGUISTICO CONVERSA 2021 SL<\/li><li aria-level=\"1\"><b>Nome commerciale<\/b>: Conversa Spanish Institute<\/li><li style=\"font-weight: 400;\" aria-level=\"1\"><b>Codice fiscale (CIF)<\/b><span style=\"font-weight: 400;\">: B16808891<\/span><\/li><li style=\"font-weight: 400;\" aria-level=\"1\"><b>Indirizzo<\/b><span style=\"font-weight: 400;\">Av. del Marqu\u00e9s de Sotelo 3, Piano 2, Porta 4, 46002 Valencia<\/span><\/li><li style=\"font-weight: 400;\" aria-level=\"1\"><b>Email<\/b><span style=\"font-weight: 400;\">: admin@conversainstitute.com<\/span><\/li><li style=\"font-weight: 400;\" aria-level=\"1\"><b>Telefono<\/b><span style=\"font-weight: 400;\">: +34 961 25 87 67<\/span><\/li><li style=\"font-weight: 400;\" aria-level=\"1\"><b>Attivit\u00e0<\/b><span style=\"font-weight: 400;\">: Diffusione e insegnamento delle lingue<\/span><\/li><\/ul><div>\u00a0<\/div><h4><b>\u00a0<\/b><\/h4><h4><b>Dati personali raccolti<\/b><\/h4><p><span style=\"font-weight: 400;\">Raccogliamo i dati per la gestione dei nostri servizi educativi:<\/span><\/p><ul><li style=\"font-weight: 400;\" aria-level=\"1\"><b>Identificazione e contatto<\/b><span style=\"font-weight: 400;\">: Nome, indirizzo e-mail, indirizzo fisico, numero di telefono.<\/span><\/li><li style=\"font-weight: 400;\" aria-level=\"1\"><b>Dati finanziari<\/b><span style=\"font-weight: 400;\">: Informazioni sul pagamento.<\/span><\/li><li style=\"font-weight: 400;\" aria-level=\"1\"><b>Dati accademici<\/b><span style=\"font-weight: 400;\">: Informazioni sul rendimento scolastico.<\/span><\/li><li style=\"font-weight: 400;\" aria-level=\"1\"><b>Dati sulla salute<\/b><span style=\"font-weight: 400;\">: Informazioni mediche necessarie per adattamenti o requisiti speciali.<\/span><\/li><\/ul><div>\u00a0<\/div><div><h4>\u00a0<\/h4><h4><b>Consenso alla cattura e alla pubblicazione di immagini\/video<\/b><\/h4><p>CONVERSA 2021 LANGUAGE INSTITUTE SL \u00e8 il Titolare del trattamento dei dati personali dell'Interessato e ti informa che tali dati saranno trattati in conformit\u00e0 alle disposizioni del Regolamento (UE) 2016\/679 del 27 aprile (GDPR), della Legge Organica 3\/2018 del 5 dicembre (LOPDGDD), e della Legge (ES) 1\/1982 sulla protezione civile, il diritto all'onore, la privacy personale e familiare e l'immagine di s\u00e9, pertanto ti forniamo le seguenti informazioni sul trattamento:<\/p><p>Finalit\u00e0 e legittimit\u00e0 del trattamento: acquisizione di immagini e registrazione di video con e senza voce, delle attivit\u00e0 svolte dal Titolare (con il consenso dell'interessato, art. 6.1.a GDPR) da appendere sui murales interni del centro, nonch\u00e9 pubblicazione sui media del Titolare, compresi i social network dello stesso.<\/p><\/div><div>\u00a0<\/div><h4><b>Per quanto tempo conserveremo i tuoi dati?<\/b><\/h4><ul><li style=\"font-weight: 400;\" aria-level=\"1\"><b>Dati del cliente<\/b><span style=\"font-weight: 400;\">: Fino a 4 anni ai sensi della Legge sui reati e le sanzioni nell'ordine sociale, 5 anni ai sensi dell'articolo 1964 del Codice Civile, 6 anni ai sensi dell'articolo 30 del Codice Commerciale e fino a 10 anni ai sensi della Legge sulla prevenzione del riciclaggio di denaro e del finanziamento del terrorismo.<\/span><\/li><li style=\"font-weight: 400;\" aria-level=\"1\"><b>Dati dell'abbonato<\/b><span style=\"font-weight: 400;\">: Dal momento dell'iscrizione fino alla cancellazione dell'iscrizione.<\/span><\/li><li style=\"font-weight: 400;\" aria-level=\"1\"><b>Dati dei potenziali clienti<\/b><span style=\"font-weight: 400;\">: Fino a due anni dopo l'ultima interazione.<\/span><\/li><\/ul><div>\u00a0<\/div><h4><b>Quali sono i tuoi diritti sui tuoi dati?<\/b><\/h4><p><span style=\"font-weight: 400;\">Puoi richiedere l'accesso, la rettifica, la cancellazione, la limitazione del trattamento, l'opposizione al trattamento e la portabilit\u00e0 dei tuoi dati. Per esercitare questi diritti, contatta admin@conversainstitute.com. Se non sei soddisfatto, hai il diritto di presentare un reclamo all'Autorit\u00e0 di Controllo (<\/span><a href=\"http:\/\/www.agpd.es\/\"><b>www.agpd.es<\/b><\/a><span style=\"font-weight: 400;\">).<\/span><\/p><p><span style=\"font-weight: 400;\">\u00a0<\/span><\/p><h4><b>Notifica e dichiarazione delle violazioni<\/b><\/h4><p><span style=\"font-weight: 400;\">In caso di violazione della sicurezza che riguardi i tuoi dati, sarai informato senza alcun ritardo.<\/span><\/p><p><span style=\"font-weight: 400;\">\u00a0<\/span><\/p><h4><b>A chi saranno comunicati i tuoi dati?<\/b><\/h4><p><span style=\"font-weight: 400;\">Condividiamo i tuoi dati solo con terze parti necessarie per fornire i nostri servizi educativi e adempiere agli obblighi di legge. Tutte le terze parti rispettano le norme sulla protezione dei dati.<\/span><\/p><p><span style=\"font-weight: 400;\">\u00a0<\/span><\/p><h4><b>Trasferimenti internazionali<\/b><\/h4><p><span style=\"font-weight: 400;\">Qualsiasi trasferimento internazionale di dati avviene nel rispetto di adeguate garanzie e in conformit\u00e0 all'accordo Privacy Shield.<\/span><\/p><p><span style=\"font-weight: 400;\">\u00a0<\/span><\/p><h4><b>Modifiche all'Informativa sulla privacy<\/b><\/h4><p><span style=\"font-weight: 400;\">Ci riserviamo il diritto di modificare questa politica per adattarla ai cambiamenti legislativi o alle pratiche del settore. Le modifiche saranno annunciate in anticipo.<\/span><\/p>\t\t\t\t\t\t\t\t<\/div>\n\t\t\t\t<\/div>\n\t\t\t\t\t<\/div>\n\t\t<\/div>\n\t\t\t\t\t<\/div>\n\t\t<\/section>\n\t\t\t\t<\/div>","protected":false},"excerpt":{"rendered":"<p>Privacy Policy of Conversa Spanish Institute Introduction At Conversa Spanish Institute, we are committed to the protection and security of personal information, adhering to the General Data Protection Regulation (GDPR) and local Spanish laws. We uphold the principles of lawfulness, loyalty, and transparency. \u00a0 Identity of the Data Controller Business Name: CONVERSA 2021 LANGUAGE INSTITUTE [&hellip;]<\/p>\n","protected":false},"author":1,"featured_media":0,"parent":0,"menu_order":0,"comment_status":"closed","ping_status":"closed","template":"elementor_header_footer","meta":{"_acf_changed":false,"footnotes":""},"class_list":["post-1106","page","type-page","status-publish","hentry"],"acf":[],"jetpack_sharing_enabled":true,"_links":{"self":[{"href":"https:\/\/conversaspanishinstitute.com\/it\/wp-json\/wp\/v2\/pages\/1106","targetHints":{"allow":["GET"]}}],"collection":[{"href":"https:\/\/conversaspanishinstitute.com\/it\/wp-json\/wp\/v2\/pages"}],"about":[{"href":"https:\/\/conversaspanishinstitute.com\/it\/wp-json\/wp\/v2\/types\/page"}],"author":[{"embeddable":true,"href":"https:\/\/conversaspanishinstitute.com\/it\/wp-json\/wp\/v2\/users\/1"}],"replies":[{"embeddable":true,"href":"https:\/\/conversaspanishinstitute.com\/it\/wp-json\/wp\/v2\/comments?post=1106"}],"version-history":[{"count":33,"href":"https:\/\/conversaspanishinstitute.com\/it\/wp-json\/wp\/v2\/pages\/1106\/revisions"}],"predecessor-version":[{"id":18449,"href":"https:\/\/conversaspanishinstitute.com\/it\/wp-json\/wp\/v2\/pages\/1106\/revisions\/18449"}],"wp:attachment":[{"href":"https:\/\/conversaspanishinstitute.com\/it\/wp-json\/wp\/v2\/media?parent=1106"}],"curies":[{"name":"wp","href":"https:\/\/api.w.org\/{rel}","templated":true}]}}