{"id":12312,"date":"2023-03-09T16:48:05","date_gmt":"2023-03-09T16:48:05","guid":{"rendered":"https:\/\/conversaspanishinstitute.com\/?page_id=12312"},"modified":"2023-03-09T16:49:24","modified_gmt":"2023-03-09T16:49:24","slug":"estudiantes-ecole-jeannine-manuel","status":"publish","type":"page","link":"https:\/\/conversaspanishinstitute.com\/it\/estudiantes-ecole-jeannine-manuel\/","title":{"rendered":"Studenti - \u00c9cole Jeannine Manuel"},"content":{"rendered":"<div data-elementor-type=\"wp-page\" data-elementor-id=\"12312\" class=\"elementor elementor-12312\" data-elementor-post-type=\"page\">\n\t\t\t\t\t\t<section data-particle_enable=\"false\" data-particle-mobile-disabled=\"false\" class=\"elementor-section elementor-top-section elementor-element elementor-element-823ea17 elementor-section-boxed elementor-section-height-default elementor-section-height-default\" data-id=\"823ea17\" data-element_type=\"section\" data-e-type=\"section\" data-settings=\"{&quot;jet_parallax_layout_list&quot;:[]}\">\n\t\t\t\t\t\t<div class=\"elementor-container elementor-column-gap-default\">\n\t\t\t\t\t<div class=\"elementor-column elementor-col-25 elementor-top-column elementor-element elementor-element-f343c44\" data-id=\"f343c44\" data-element_type=\"column\" data-e-type=\"column\">\n\t\t\t<div class=\"elementor-widget-wrap\">\n\t\t\t\t\t\t\t<\/div>\n\t\t<\/div>\n\t\t\t\t<div class=\"elementor-column elementor-col-50 elementor-top-column elementor-element elementor-element-d5e35ac\" data-id=\"d5e35ac\" data-element_type=\"column\" data-e-type=\"column\">\n\t\t\t<div class=\"elementor-widget-wrap elementor-element-populated\">\n\t\t\t\t\t\t<div class=\"elementor-element elementor-element-3e3b6d0 elementor-widget elementor-widget-heading\" data-id=\"3e3b6d0\" data-element_type=\"widget\" data-e-type=\"widget\" data-widget_type=\"heading.default\">\n\t\t\t\t<div class=\"elementor-widget-container\">\n\t\t\t\t\t<h2 class=\"elementor-heading-title elementor-size-default\">Formulario degli studenti visitanti:<\/h2>\t\t\t\t<\/div>\n\t\t\t\t<\/div>\n\t\t\t\t<div class=\"elementor-element elementor-element-5d9b525 fluent-form-widget-step-header-yes fluent-form-widget-step-progressbar-yes fluentform-widget-submit-button-custom elementor-widget elementor-widget-fluent-form-widget\" data-id=\"5d9b525\" data-element_type=\"widget\" data-e-type=\"widget\" data-widget_type=\"fluent-form-widget.default\">\n\t\t\t\t<div class=\"elementor-widget-container\">\n\t\t\t\t\t\n            <div class=\"fluentform-widget-wrapper fluentform-widget-align-default\">\n\n            \n                        <\/div>\n\n            \t\t\t\t<\/div>\n\t\t\t\t<\/div>\n\t\t\t\t\t<\/div>\n\t\t<\/div>\n\t\t\t\t<div class=\"elementor-column elementor-col-25 elementor-top-column elementor-element elementor-element-1dac898\" data-id=\"1dac898\" data-element_type=\"column\" data-e-type=\"column\">\n\t\t\t<div class=\"elementor-widget-wrap\">\n\t\t\t\t\t\t\t<\/div>\n\t\t<\/div>\n\t\t\t\t\t<\/div>\n\t\t<\/section>\n\t\t\t\t<\/div>","protected":false},"excerpt":{"rendered":"<p>Formulario de estudiantes visitantes: Colegio \/ Instituto Nombre Apellido Pasaporte \/ N\u00famero de identidad Fecha de nacimiento Correo electr\u00f3nico Tel\u00e9fono Direcci\u00f3nCalle y n\u00famero Ciudad Provincia C\u00f3digo postal Pa\u00eds Seleccionar pa\u00edsAfganist\u00e1nAlbaniaAlemaniaAndorraAngolaAnguilaAntigua y BarbudaAnt\u00e1rtidaArabia SauditaArgeliaArgentinaArmeniaArubaAustraliaAustriaAzerbaiy\u00e1nBahamasBahrainBangladeshBarbadosBelauBeliceBeninBermudaBhut\u00e1nBielorusiaBoliviaBosnia y HerzegovinaBotswanaBrasilBrun\u00e9iBulgariaBurkina FasoBurundiB\u00e9lgicaCabo VerdeCamboyaCamer\u00fanCanad\u00e1Caribe Neerland\u00e9sChadChileChinaChipreCocos (Keeling), IslasColombiaComorasCongo (Brazzaville)Congo (Kinshasa)Corea del NorteCorea del SurCosta RicaCosta de MarfilCroaciaCubaCura&ccedil;aoDinamarcaDjiboutiDominicaEcuadorEgiptoEl SalvadorEmiratos \u00c1rabes UnidosEritreaEslovaquiaEsloveniaEspa\u00f1aEstados Unidos (EE.UU.) Islas [&hellip;]<\/p>\n","protected":false},"author":1,"featured_media":0,"parent":0,"menu_order":0,"comment_status":"closed","ping_status":"closed","template":"elementor_header_footer","meta":{"_acf_changed":false,"footnotes":""},"class_list":["post-12312","page","type-page","status-publish","hentry"],"acf":[],"jetpack_sharing_enabled":true,"_links":{"self":[{"href":"https:\/\/conversaspanishinstitute.com\/it\/wp-json\/wp\/v2\/pages\/12312","targetHints":{"allow":["GET"]}}],"collection":[{"href":"https:\/\/conversaspanishinstitute.com\/it\/wp-json\/wp\/v2\/pages"}],"about":[{"href":"https:\/\/conversaspanishinstitute.com\/it\/wp-json\/wp\/v2\/types\/page"}],"author":[{"embeddable":true,"href":"https:\/\/conversaspanishinstitute.com\/it\/wp-json\/wp\/v2\/users\/1"}],"replies":[{"embeddable":true,"href":"https:\/\/conversaspanishinstitute.com\/it\/wp-json\/wp\/v2\/comments?post=12312"}],"version-history":[{"count":0,"href":"https:\/\/conversaspanishinstitute.com\/it\/wp-json\/wp\/v2\/pages\/12312\/revisions"}],"wp:attachment":[{"href":"https:\/\/conversaspanishinstitute.com\/it\/wp-json\/wp\/v2\/media?parent=12312"}],"curies":[{"name":"wp","href":"https:\/\/api.w.org\/{rel}","templated":true}]}}