{"id":12353,"date":"2023-04-03T13:57:42","date_gmt":"2023-04-03T13:57:42","guid":{"rendered":"https:\/\/conversaspanishinstitute.com\/?page_id=12353"},"modified":"2025-05-27T17:19:54","modified_gmt":"2025-05-27T15:19:54","slug":"consenso-alla-cattura-e-alla-pubblicazione-di-immagini","status":"publish","type":"page","link":"https:\/\/conversaspanishinstitute.com\/it\/consentimiento-para-la-captacion-y-publicacion-de-imagenes\/","title":{"rendered":"Consenso alla cattura e alla pubblicazione di immagini"},"content":{"rendered":"<div data-elementor-type=\"wp-page\" data-elementor-id=\"12353\" class=\"elementor elementor-12353\" data-elementor-post-type=\"page\">\n\t\t\t\t\t\t<section data-particle_enable=\"false\" data-particle-mobile-disabled=\"false\" class=\"elementor-section elementor-top-section elementor-element elementor-element-ea03c08 about-us elementor-section-boxed elementor-section-height-default elementor-section-height-default\" data-id=\"ea03c08\" data-element_type=\"section\" data-e-type=\"section\" data-settings=\"{&quot;background_background&quot;:&quot;classic&quot;,&quot;jet_parallax_layout_list&quot;:[],&quot;shape_divider_bottom&quot;:&quot;curve&quot;,&quot;shape_divider_bottom_negative&quot;:&quot;yes&quot;}\">\n\t\t\t\t\t\t\t<div class=\"elementor-background-overlay\"><\/div>\n\t\t\t\t\t\t<div class=\"elementor-shape elementor-shape-bottom\" aria-hidden=\"true\" data-negative=\"true\">\n\t\t\t<svg xmlns=\"http:\/\/www.w3.org\/2000\/svg\" viewbox=\"0 0 1000 100\" preserveaspectratio=\"none\">\n\t<path class=\"elementor-shape-fill\" d=\"M500,97C126.7,96.3,0.8,19.8,0,0v100l1000,0V1C1000,19.4,873.3,97.8,500,97z\"\/>\n<\/svg>\t\t<\/div>\n\t\t\t\t\t<div class=\"elementor-container elementor-column-gap-default\">\n\t\t\t\t\t<div class=\"elementor-column elementor-col-100 elementor-top-column elementor-element elementor-element-03c7418\" data-id=\"03c7418\" data-element_type=\"column\" data-e-type=\"column\">\n\t\t\t<div class=\"elementor-widget-wrap elementor-element-populated\">\n\t\t\t\t\t\t<div class=\"elementor-element elementor-element-69edb73 elementor-widget__width-initial elementor-widget elementor-widget-heading\" data-id=\"69edb73\" data-element_type=\"widget\" data-e-type=\"widget\" data-widget_type=\"heading.default\">\n\t\t\t\t<div class=\"elementor-widget-container\">\n\t\t\t\t\t<h2 class=\"elementor-heading-title elementor-size-default\"><b><i>Consenso alla cattura e alla pubblicazione di immagini<\/i><\/b><\/h2>\t\t\t\t<\/div>\n\t\t\t\t<\/div>\n\t\t\t\t\t<\/div>\n\t\t<\/div>\n\t\t\t\t\t<\/div>\n\t\t<\/section>\n\t\t\t\t<section data-particle_enable=\"false\" data-particle-mobile-disabled=\"false\" class=\"elementor-section elementor-top-section elementor-element elementor-element-95146e9 elementor-section-boxed elementor-section-height-default elementor-section-height-default\" data-id=\"95146e9\" data-element_type=\"section\" data-e-type=\"section\" data-settings=\"{&quot;jet_parallax_layout_list&quot;:[]}\">\n\t\t\t\t\t\t<div class=\"elementor-container elementor-column-gap-default\">\n\t\t\t\t\t<div class=\"elementor-column elementor-col-100 elementor-top-column elementor-element elementor-element-b57239a\" data-id=\"b57239a\" data-element_type=\"column\" data-e-type=\"column\">\n\t\t\t<div class=\"elementor-widget-wrap elementor-element-populated\">\n\t\t\t\t\t\t<div class=\"elementor-element elementor-element-f868ded elementor-widget elementor-widget-accordion\" data-id=\"f868ded\" data-element_type=\"widget\" data-e-type=\"widget\" data-widget_type=\"accordion.default\">\n\t\t\t\t<div class=\"elementor-widget-container\">\n\t\t\t\t\t\t\t<div class=\"elementor-accordion\">\n\t\t\t\t\t\t\t<div class=\"elementor-accordion-item\">\n\t\t\t\t\t<div id=\"elementor-tab-title-2601\" class=\"elementor-tab-title\" data-tab=\"1\" role=\"button\" aria-controls=\"elementor-tab-content-2601\" aria-expanded=\"false\">\n\t\t\t\t\t\t\t\t\t\t\t\t\t<span class=\"elementor-accordion-icon elementor-accordion-icon-left\" aria-hidden=\"true\">\n\t\t\t\t\t\t\t\t\t\t\t\t\t\t\t<span class=\"elementor-accordion-icon-closed\"><i class=\"fas fa-chevron-right\"><\/i><\/span>\n\t\t\t\t\t\t\t\t<span class=\"elementor-accordion-icon-opened\"><i class=\"fas fa-chevron-down\"><\/i><\/span>\n\t\t\t\t\t\t\t\t\t\t\t\t\t\t<\/span>\n\t\t\t\t\t\t\t\t\t\t\t\t<a class=\"elementor-accordion-title\" tabindex=\"0\">\ud83c\uddea\ud83c\udde6 Consenso per l'acquisizione e la pubblicazione di immagini <\/a>\n\t\t\t\t\t<\/div>\n\t\t\t\t\t<div id=\"elementor-tab-content-2601\" class=\"elementor-tab-content elementor-clearfix\" data-tab=\"1\" role=\"region\" aria-labelledby=\"elementor-tab-title-2601\"><p>CONVERSA 2021 LANGUAGE INSTITUTE SL es el <strong>Responsabile del trattamento <\/strong>dei dati personali del <strong>Interesado <\/strong>y le informa de que estos datos se tratar\u00e1n de conformidad con lo dispuesto en el Reglamento (UE) 2016\/679, de 27 de abril (GDPR), la Ley Org\u00e1nica 3\/2018, de 5 de diciembre (LOPDGDD), y la Ley (ES) 1\/1982 de protecci\u00f3n civil, derecho al honor, intimidad personal y familiar y a la propia imagen, por lo que se le facilita la siguiente informaci\u00f3n del tratamiento:<\/p><p><strong>Multe e legittimazione del trattamento<\/strong>: cattura di immagini e cattura di video con e senza voce delle attivit\u00e0 svolte dal Responsabile del trattamento (con il consenso dell'interessato, art. 6.1.a GDPR) da apporre sui murales interni del centro, nonch\u00e9 la pubblicazione sui mezzi di comunicazione del Responsabile, compresi i social network dello stesso.<\/p><p><strong>Criteri di conservazione dei dati<\/strong>Se i dati vengono conservati per un periodo di tempo non superiore a quello necessario per mantenere il fine del trattamento o se esistono prescrizioni legali che ne impongano la custodia e se non \u00e8 necessario, vengono conservati con misure di sicurezza adeguate per garantire l'anonimizzazione dei dati o la distruzione totale degli stessi.<\/p><p><strong>I diritti di cui gode l'Interesado<\/strong>: Ritirare il consenso in qualsiasi momento. Acceso, rettifica, portabilit\u00e0 e sovrascrittura dei propri dati e limitazione o opposizione al trattamento. Presentare un reclamo all'Autorit\u00e0 di controllo (<a href=\"http:\/\/www.aepd.es\">www.aepd.es<\/a> ) si considera che il trattamento non si adatta alla normativa vigente.<\/p><p><strong>Dati di contatto per esercitare i propri diritti: <\/strong>ISTITUTO LINGUISTICO CONVERSA 2021 SL. Avda. Arag\u00f3n n\u00ba30 bajo local 11. 46021, Valencia. E-mail: <a href=\"mailto:admin@conversainstitute.com\">admin@conversainstitute.com<\/a><\/p><p><strong>Comunicazione dei dati<\/strong>Non comunicare i dati a terzi senza il loro consenso, salvo obblighi legali. Il padre\/madre\/tutor legale pu\u00f2 autorizzare o meno il trattamento se\u00f1alando con una \"x\" nella casella corrispondente a S\u00cd (doy el consentimiento) o NO (no doy el consentimiento) per le azioni indicate nel formulario.<\/p><\/div>\n\t\t\t\t<\/div>\n\t\t\t\t\t\t\t<div class=\"elementor-accordion-item\">\n\t\t\t\t\t<div id=\"elementor-tab-title-2602\" class=\"elementor-tab-title\" data-tab=\"2\" role=\"button\" aria-controls=\"elementor-tab-content-2602\" aria-expanded=\"false\">\n\t\t\t\t\t\t\t\t\t\t\t\t\t<span class=\"elementor-accordion-icon elementor-accordion-icon-left\" aria-hidden=\"true\">\n\t\t\t\t\t\t\t\t\t\t\t\t\t\t\t<span class=\"elementor-accordion-icon-closed\"><i class=\"fas fa-chevron-right\"><\/i><\/span>\n\t\t\t\t\t\t\t\t<span class=\"elementor-accordion-icon-opened\"><i class=\"fas fa-chevron-down\"><\/i><\/span>\n\t\t\t\t\t\t\t\t\t\t\t\t\t\t<\/span>\n\t\t\t\t\t\t\t\t\t\t\t\t<a class=\"elementor-accordion-title\" tabindex=\"0\">\ud83c\uddfa\ud83c\uddf8 Consenso all'acquisizione e alla pubblicazione delle immagini<\/a>\n\t\t\t\t\t<\/div>\n\t\t\t\t\t<div id=\"elementor-tab-content-2602\" class=\"elementor-tab-content elementor-clearfix\" data-tab=\"2\" role=\"region\" aria-labelledby=\"elementor-tab-title-2602\"><p>CONVERSA 2021 LANGUAGE INSTITUTE SL \u00e8 il Titolare del trattamento dei dati personali dell'Interessato e ti informa che tali dati saranno trattati in conformit\u00e0 alle disposizioni del Regolamento (UE) 2016\/679 del 27 aprile (GDPR), della Legge Organica 3\/2018 del 5 dicembre (LOPDGDD), e della Legge (ES) 1\/1982 sulla protezione civile, il diritto all'onore, la privacy personale e familiare e l'immagine di s\u00e9, pertanto ti forniamo le seguenti informazioni sul trattamento:<\/p><p>Finalit\u00e0 e legittimit\u00e0 del trattamento: acquisizione di immagini e registrazione di video con e senza voce, delle attivit\u00e0 svolte dal Titolare (con il consenso dell'interessato, art. 6.1.a GDPR) da appendere sui murales interni del centro, nonch\u00e9 pubblicazione sui media del Titolare, compresi i social network dello stesso.<\/p><p>Criteri di conservazione dei dati: saranno conservati per un periodo di tempo non superiore a quello necessario per il mantenimento delle finalit\u00e0 del trattamento o in presenza di requisiti legali che ne impongano la custodia e, quando non saranno pi\u00f9 necessari per tali finalit\u00e0, saranno cancellati con adeguate misure di sicurezza per garantire l'anonimizzazione dei dati o la loro totale distruzione.<\/p><p>Diritti dell'Interessato: Ritirare il consenso in qualsiasi momento. Accesso, rettifica, portabilit\u00e0 e cancellazione dei propri dati e limitazione o opposizione al trattamento. Proporre reclamo all'autorit\u00e0 di controllo (www.aepd.es) qualora ritenga che il trattamento non sia conforme alla normativa vigente.<\/p><p>Contatti per esercitare i tuoi diritti: CONVERSA 2021 LANGUAGE INSTITUTE SL. Avda. Arag\u00f3n n\u00ba30 bajo local 11. 46021, Valencia. E-mail: admin@conversainstitute.com<\/p><p>Comunicazione dei dati: i dati non saranno comunicati a terzi senza il tuo consenso, a meno che non sia richiesto dalla legge. Il genitore\/tutore legale pu\u00f2 autorizzare o meno il trattamento segnando con una \"x\" nella casella corrispondente SI (do il consenso) o NO (non do il consenso) per le azioni indicate nel modulo.<\/p><\/div>\n\t\t\t\t<\/div>\n\t\t\t\t\t\t\t<div class=\"elementor-accordion-item\">\n\t\t\t\t\t<div id=\"elementor-tab-title-2603\" class=\"elementor-tab-title\" data-tab=\"3\" role=\"button\" aria-controls=\"elementor-tab-content-2603\" aria-expanded=\"false\">\n\t\t\t\t\t\t\t\t\t\t\t\t\t<span class=\"elementor-accordion-icon elementor-accordion-icon-left\" aria-hidden=\"true\">\n\t\t\t\t\t\t\t\t\t\t\t\t\t\t\t<span class=\"elementor-accordion-icon-closed\"><i class=\"fas fa-chevron-right\"><\/i><\/span>\n\t\t\t\t\t\t\t\t<span class=\"elementor-accordion-icon-opened\"><i class=\"fas fa-chevron-down\"><\/i><\/span>\n\t\t\t\t\t\t\t\t\t\t\t\t\t\t<\/span>\n\t\t\t\t\t\t\t\t\t\t\t\t<a class=\"elementor-accordion-title\" tabindex=\"0\">\ud83c\uddeb\ud83c\uddf7 Consenso all'acquisizione e alla pubblicazione delle immagini<\/a>\n\t\t\t\t\t<\/div>\n\t\t\t\t\t<div id=\"elementor-tab-content-2603\" class=\"elementor-tab-content elementor-clearfix\" data-tab=\"3\" role=\"region\" aria-labelledby=\"elementor-tab-title-2603\"><p>CONVERSA 2021 LANGUAGE INSTITUTE SL est le contr\u00f4leur des donn\u00e9es personnelles de la personne concern\u00e9e et vous informe que ces donn\u00e9es seront trait\u00e9es conform\u00e9ment aux dispositions du r\u00e8glement (UE) 2016\/679 du 27 avril (GDPR), de la loi organique 3\/2018 du 5 d\u00e9cembre (LOPDGDD) et de la loi (ES) 1\/1982 sur la protection civile, le droit \u00e0 l'honneur, la vie priv\u00e9e personnelle et familiale et l'image de soi, pour laquelle vous \u00eates fournies avec les informations de traitement suivantes :<\/p><p>Finalit\u00e9s et l\u00e9gitimit\u00e9 du traitement: capture d'images et enregistrement de vid\u00e9os avec et sans voix, des activit\u00e9s r\u00e9alis\u00e9es par le responsable du traitement (avec le consent de la personne concern\u00e9e, art. 6.1.a GDPR) per essere riprodotti sulle pitture murali interne del centro, nonch\u00e9 la pubblicazione sui giornali del responsabile del trattamento, y compris les r\u00e9seaux sociaux de la m\u00eame.<\/p><p>Criteri di conservazione dei dati: le donazioni saranno conservate per una durata non superiore a quella necessaria alla realizzazione del trattamento finale o all'esistenza di requisiti legali che ne impongano la conservazione e, qualora non siano pi\u00f9 necessarie a tal fine, saranno integrate da misure di sicurezza adeguate per garantire l'anonimizzazione delle donazioni o la distruzione totale delle stesse.<\/p><p>Diritti della persona interessata: ritirare il proprio consenso in qualsiasi momento. Accesso, rettifica, portabilit\u00e0 e cancellazione dei dati e limitazione o opposizione al trattamento. D\u00e9poser une plainte aupr\u00e8s de l'autorit\u00e9 de contr\u00f4le (www.aepd.es) si vous estimez que le traitement n'est pas conforme \u00e0 la l\u00e9gislation en vigueur.<\/p><p>Coordinamenti per l'esercizio dei tuoi diritti: INSTITUT DE LANGUES CONVERSA 2021 SL. Avda. Arag\u00f3n n\u00ba30 bajo local 11. 46021, Valencia. Corriere elettronico: admin@conversainstitute.com<\/p><p>Comunicazione delle donazioni: le donazioni non saranno mai comunicate a terzi senza il tuo consenso, se non in caso di obbligo legale. Il genitore\/tutore legale pu\u00f2 autorizzare o meno il trattamento segnando con una \"x\" il caso corrispondente OUI (je donne mon consentement) o NON (je ne donne pas mon consentement) per le azioni menzionate nel formulario.<\/p><\/div>\n\t\t\t\t<\/div>\n\t\t\t\t\t\t\t<div class=\"elementor-accordion-item\">\n\t\t\t\t\t<div id=\"elementor-tab-title-2604\" class=\"elementor-tab-title\" data-tab=\"4\" role=\"button\" aria-controls=\"elementor-tab-content-2604\" aria-expanded=\"false\">\n\t\t\t\t\t\t\t\t\t\t\t\t\t<span class=\"elementor-accordion-icon elementor-accordion-icon-left\" aria-hidden=\"true\">\n\t\t\t\t\t\t\t\t\t\t\t\t\t\t\t<span class=\"elementor-accordion-icon-closed\"><i class=\"fas fa-chevron-right\"><\/i><\/span>\n\t\t\t\t\t\t\t\t<span class=\"elementor-accordion-icon-opened\"><i class=\"fas fa-chevron-down\"><\/i><\/span>\n\t\t\t\t\t\t\t\t\t\t\t\t\t\t<\/span>\n\t\t\t\t\t\t\t\t\t\t\t\t<a class=\"elementor-accordion-title\" tabindex=\"0\">\ud83c\uddee\ud83c\uddf9 Consenso all'acquisizione e alla pubblicazione delle immagini<\/a>\n\t\t\t\t\t<\/div>\n\t\t\t\t\t<div id=\"elementor-tab-content-2604\" class=\"elementor-tab-content elementor-clearfix\" data-tab=\"4\" role=\"region\" aria-labelledby=\"elementor-tab-title-2604\"><p>CONVERSA 2021 LANGUAGE INSTITUTE SL \u00e8 il Titolare del trattamento dei dati personali dell'Interessato e La informa che tali dati saranno trattati in conformit\u00e0 alle disposizioni del Regolamento (UE) 2016\/679 del 27 aprile (GDPR), della Legge Organica 3\/2018 del 5 dicembre (LOPDGDD), e della Legge (ES) 1\/1982 sulla protezione civile, il diritto all'onore, la privacy personale e familiare e l'immagine di s\u00e9, per i quali Le vengono fornite le seguenti informazioni sul trattamento:<\/p><p>Finalit\u00e0 e legittimit\u00e0 del trattamento: acquisizione di immagini e registrazione di video con e senza voce, delle attivit\u00e0 svolte dal Titolare (con il consenso dell'interessato, art. 6.1.a GDPR) da appendere sui murales interni del centro, nonch\u00e9 pubblicazione sui media del Titolare, compresi i social network dello stesso.<\/p><p>Criteri di conservazione dei dati: i dati saranno conservati per un periodo non superiore a quello necessario al mantenimento delle finalit\u00e0 del trattamento o a quello in cui vi siano obblighi di legge che ne impongano la custodia e, quando non saranno pi\u00f9 necessari per tale finalit\u00e0, saranno cancellati con misure di sicurezza idonee a garantire l'anonimizzazione dei dati o la totale distruzione degli stessi.<\/p><p>Diritti dell'interessato: revoca del consenso in qualsiasi momento. Accesso, rettifica, portabilit\u00e0 e cancellazione dei propri dati e limitazione o opposizione al trattamento. Proporre reclamo all'autorit\u00e0 di controllo (www.aepd.es) se si ritiene che il trattamento non sia conforme alla normativa vigente.<\/p><p>Dati di contatto per l'esercizio dei diritti: CONVERSA 2021 LANGUAGE INSTITUTE SL. Avda. Arag\u00f3n n\u00ba30 bajo local 11. 46021, Valencia. E-mail: admin@conversainstitute.com<\/p><p>Comunicazione dei dati: i dati non saranno comunicati a terzi senza il consenso dell'utente, a meno che non sia obbligato per legge. Il genitore\/tutore legale pu\u00f2 autorizzare o meno il trattamento segnando con una \"x\" nella casella corrispondente SI (do il consenso) o NO (non do il consenso) per le azioni indicate nel modulo.<\/p><\/div>\n\t\t\t\t<\/div>\n\t\t\t\t\t\t\t\t<\/div>\n\t\t\t\t\t\t<\/div>\n\t\t\t\t<\/div>\n\t\t\t\t\t<\/div>\n\t\t<\/div>\n\t\t\t\t\t<\/div>\n\t\t<\/section>\n\t\t\t\t<\/div>","protected":false},"excerpt":{"rendered":"<p>Consentimiento para la captaci\u00f3n y publicaci\u00f3n de im\u00e1genes \ud83c\uddea\ud83c\udde6 Consentimiento para la captaci\u00f3n y publicaci\u00f3n de im\u00e1genes CONVERSA 2021 LANGUAGE INSTITUTE SL es el Responsable del tratamiento de los datos personales del Interesado y le informa de que estos datos se tratar\u00e1n de conformidad con lo dispuesto en el Reglamento (UE) 2016\/679, de 27 de [&hellip;]<\/p>\n","protected":false},"author":21,"featured_media":0,"parent":0,"menu_order":0,"comment_status":"closed","ping_status":"closed","template":"elementor_header_footer","meta":{"_acf_changed":false,"footnotes":""},"class_list":["post-12353","page","type-page","status-publish","hentry"],"acf":[],"jetpack_sharing_enabled":true,"_links":{"self":[{"href":"https:\/\/conversaspanishinstitute.com\/it\/wp-json\/wp\/v2\/pages\/12353","targetHints":{"allow":["GET"]}}],"collection":[{"href":"https:\/\/conversaspanishinstitute.com\/it\/wp-json\/wp\/v2\/pages"}],"about":[{"href":"https:\/\/conversaspanishinstitute.com\/it\/wp-json\/wp\/v2\/types\/page"}],"author":[{"embeddable":true,"href":"https:\/\/conversaspanishinstitute.com\/it\/wp-json\/wp\/v2\/users\/21"}],"replies":[{"embeddable":true,"href":"https:\/\/conversaspanishinstitute.com\/it\/wp-json\/wp\/v2\/comments?post=12353"}],"version-history":[{"count":3,"href":"https:\/\/conversaspanishinstitute.com\/it\/wp-json\/wp\/v2\/pages\/12353\/revisions"}],"predecessor-version":[{"id":18489,"href":"https:\/\/conversaspanishinstitute.com\/it\/wp-json\/wp\/v2\/pages\/12353\/revisions\/18489"}],"wp:attachment":[{"href":"https:\/\/conversaspanishinstitute.com\/it\/wp-json\/wp\/v2\/media?parent=12353"}],"curies":[{"name":"wp","href":"https:\/\/api.w.org\/{rel}","templated":true}]}}