{"id":13360,"date":"2024-01-05T14:44:45","date_gmt":"2024-01-05T14:44:45","guid":{"rendered":"https:\/\/conversaspanishinstitute.com\/?page_id=13360"},"modified":"2024-03-19T13:53:33","modified_gmt":"2024-03-19T13:53:33","slug":"offerte-di-lavoro-2","status":"publish","type":"page","link":"https:\/\/conversaspanishinstitute.com\/it\/offerte-di-lavoro-2\/","title":{"rendered":"Offerte di lavoro ELE per migranti"},"content":{"rendered":"<div data-elementor-type=\"wp-page\" data-elementor-id=\"13360\" class=\"elementor elementor-13360\" data-elementor-post-type=\"page\">\n\t\t\t\t\t\t<section data-particle_enable=\"false\" data-particle-mobile-disabled=\"false\" class=\"elementor-section elementor-top-section elementor-element elementor-element-e2dd2dd elementor-section-boxed elementor-section-height-default elementor-section-height-default\" data-id=\"e2dd2dd\" data-element_type=\"section\" data-settings=\"{&quot;jet_parallax_layout_list&quot;:[]}\">\n\t\t\t\t\t\t<div class=\"elementor-container elementor-column-gap-default\">\n\t\t\t\t\t<div class=\"elementor-column elementor-col-100 elementor-top-column elementor-element elementor-element-6689755\" data-id=\"6689755\" data-element_type=\"column\">\n\t\t\t<div class=\"elementor-widget-wrap elementor-element-populated\">\n\t\t\t\t\t\t<div class=\"elementor-element elementor-element-f121937 elementor-widget elementor-widget-heading\" data-id=\"f121937\" data-element_type=\"widget\" data-widget_type=\"heading.default\">\n\t\t\t\t<div class=\"elementor-widget-container\">\n\t\t\t\t\t<h2 class=\"elementor-heading-title elementor-size-default\">Offerta di lavoro<br><br>Docente di spagnolo (ELE) a persone migranti<\/h2>\t\t\t\t<\/div>\n\t\t\t\t<\/div>\n\t\t\t\t\t<\/div>\n\t\t<\/div>\n\t\t\t\t\t<\/div>\n\t\t<\/section>\n\t\t\t\t<section data-particle_enable=\"false\" data-particle-mobile-disabled=\"false\" class=\"elementor-section elementor-top-section elementor-element elementor-element-c6b5480 elementor-section-boxed elementor-section-height-default elementor-section-height-default\" data-id=\"c6b5480\" data-element_type=\"section\" data-settings=\"{&quot;jet_parallax_layout_list&quot;:[]}\">\n\t\t\t\t\t\t<div class=\"elementor-container elementor-column-gap-default\">\n\t\t\t\t\t<div class=\"elementor-column elementor-col-100 elementor-top-column elementor-element elementor-element-fa98df9\" data-id=\"fa98df9\" data-element_type=\"column\">\n\t\t\t<div class=\"elementor-widget-wrap elementor-element-populated\">\n\t\t\t\t\t\t<div class=\"elementor-element elementor-element-96245ad elementor-widget elementor-widget-text-editor\" data-id=\"96245ad\" data-element_type=\"widget\" data-widget_type=\"text-editor.default\">\n\t\t\t\t<div class=\"elementor-widget-container\">\n\t\t\t\t\t\t\t\t\t<p><span style=\"color: var( --e-global-color-text ); font-family: var( --e-global-typography-text-font-family ), Sans-serif;\">Noi di Conversa Spanish Institute (Valencia) puntiamo sulla qualit\u00e0, non solo nei nostri programmi e servizi rivolti ai nostri studenti, ma anche dando priorit\u00e0 alla soddisfazione e al riconoscimento del nostro personale.<\/span><\/p><p>Se vuoi far parte della famiglia Conversa, stiamo cercando di dare un posto di docente di spagnolo a un gruppo di persone immigrate con incorporazione immediata.<\/p><p>Cerchiamo docenti con energia e voglia di fare, che vogliano far parte di un gruppo dinamico in un'istituzione in crescita e che abbiano esperienza nel dare lezioni in questo contesto.<\/p><p>\u00a0<\/p><p>Il salario \u00e8 conforme a quanto stabilito all'interno del Convenio para Ense\u00f1anzas no Regladas: https:\/\/www.boe.es\/eli\/es\/res\/2022\/07\/19\/(13).<\/p><p>\u00a0<\/p><p>Ofrecemos:<\/p><p>- Contratto a tempo indeterminato (6 mesi di periodo di prova)<\/p><p>-17 ore semestrali (15 di lezione e 2 di amministrazione) orario 10-1\u00a0<\/p><p>- Buon ambiente di lavoro e flessibilit\u00e0<\/p><p>- Formazione a carico dell'azienda<\/p><p>- Materiali didattici e buone condizioni per la realizzazione del lavoro docente<\/p><p>- Incorporazione immediata<\/p><p>Requisiti:<\/p><ul><li>Cerchiamo docenti con energia e voglia di fare, che siano risolutivi e che lavorino bene in gruppo.<\/li><li>Titolo che si \u00e8 scelto per il posto (Filolog\u00eda, Magisterio, Formaci\u00f3n en ELE, ecc.).<\/li><li>Esperienza minima nell'insegnamento di lingue di 6 mesi.<\/li><li><b>Imprescindibile vivere a Valencia o nei dintorni.<\/b><\/li><\/ul><p>Se valorar\u00e1:<\/p><ul><li style=\"list-style-type: none;\"><ul><li>El conocimiento de idiomas.<\/li><li>L'uso di piattaforme educative e ambienti virtuali.<\/li><li>Conoscenze sulla creazione e l'adattamento di materiali didattici.<\/li><li><b>L'esperienza con l'insegnamento a persone migranti.<\/b><\/li><\/ul><\/li><\/ul>\t\t\t\t\t\t\t\t<\/div>\n\t\t\t\t<\/div>\n\t\t\t\t<div class=\"elementor-element elementor-element-1e143ff fluent-form-widget-step-header-yes fluent-form-widget-step-progressbar-yes fluentform-widget-submit-button-custom elementor-widget elementor-widget-fluent-form-widget\" data-id=\"1e143ff\" data-element_type=\"widget\" data-widget_type=\"fluent-form-widget.default\">\n\t\t\t\t<div class=\"elementor-widget-container\">\n\t\t\t\t\t\n            <div class=\"fluentform-widget-wrapper fluentform-widget-align-default\">\n\n            \n                        <\/div>\n\n            \t\t\t\t<\/div>\n\t\t\t\t<\/div>\n\t\t\t\t\t<\/div>\n\t\t<\/div>\n\t\t\t\t\t<\/div>\n\t\t<\/section>\n\t\t\t\t<\/div>","protected":false},"excerpt":{"rendered":"<p>Offerta di lavoro Docente di spagnolo (ELE) a persone immigrate In Conversa Spanish Institute (Valencia) puntiamo sulla qualit\u00e0, non solo nei nostri programmi e servizi per gli studenti, ma anche dando priorit\u00e0 alla soddisfazione e al riconoscimento del nostro personale. Se vuoi far parte della famiglia Conversa, stiamo cercando di creare una piazza per i docenti [...]<\/p>","protected":false},"author":1,"featured_media":12411,"parent":0,"menu_order":0,"comment_status":"closed","ping_status":"closed","template":"","meta":{"_acf_changed":false,"footnotes":""},"class_list":["post-13360","page","type-page","status-publish","has-post-thumbnail","hentry"],"acf":[],"jetpack_sharing_enabled":true,"_links":{"self":[{"href":"https:\/\/conversaspanishinstitute.com\/it\/wp-json\/wp\/v2\/pages\/13360","targetHints":{"allow":["GET"]}}],"collection":[{"href":"https:\/\/conversaspanishinstitute.com\/it\/wp-json\/wp\/v2\/pages"}],"about":[{"href":"https:\/\/conversaspanishinstitute.com\/it\/wp-json\/wp\/v2\/types\/page"}],"author":[{"embeddable":true,"href":"https:\/\/conversaspanishinstitute.com\/it\/wp-json\/wp\/v2\/users\/1"}],"replies":[{"embeddable":true,"href":"https:\/\/conversaspanishinstitute.com\/it\/wp-json\/wp\/v2\/comments?post=13360"}],"version-history":[{"count":1,"href":"https:\/\/conversaspanishinstitute.com\/it\/wp-json\/wp\/v2\/pages\/13360\/revisions"}],"predecessor-version":[{"id":13878,"href":"https:\/\/conversaspanishinstitute.com\/it\/wp-json\/wp\/v2\/pages\/13360\/revisions\/13878"}],"wp:featuredmedia":[{"embeddable":true,"href":"https:\/\/conversaspanishinstitute.com\/it\/wp-json\/wp\/v2\/media\/12411"}],"wp:attachment":[{"href":"https:\/\/conversaspanishinstitute.com\/it\/wp-json\/wp\/v2\/media?parent=13360"}],"curies":[{"name":"wp","href":"https:\/\/api.w.org\/{rel}","templated":true}]}}