{"id":14086,"date":"2024-03-31T19:09:32","date_gmt":"2024-03-31T19:09:32","guid":{"rendered":"https:\/\/conversaspanishinstitute.com\/?page_id=14086"},"modified":"2024-03-31T20:21:51","modified_gmt":"2024-03-31T20:21:51","slug":"test-di-livello-di-spagnolo","status":"publish","type":"page","link":"https:\/\/conversaspanishinstitute.com\/it\/test-di-livello-di-spagnolo\/","title":{"rendered":"Test di livello di spagnolo"},"content":{"rendered":"<div data-elementor-type=\"wp-page\" data-elementor-id=\"14086\" class=\"elementor elementor-14086\" data-elementor-post-type=\"page\">\n\t\t\t\t\t\t<section data-particle_enable=\"false\" data-particle-mobile-disabled=\"false\" class=\"elementor-section elementor-top-section elementor-element elementor-element-a45c9aa elementor-section-content-middle elementor-section-stretched elementor-section-boxed elementor-section-height-default elementor-section-height-default\" data-id=\"a45c9aa\" data-element_type=\"section\" data-settings=\"{&quot;jet_parallax_layout_list&quot;:[],&quot;background_background&quot;:&quot;classic&quot;,&quot;stretch_section&quot;:&quot;section-stretched&quot;}\">\n\t\t\t\t\t\t<div class=\"elementor-container elementor-column-gap-default\">\n\t\t\t\t\t<div class=\"elementor-column elementor-col-50 elementor-top-column elementor-element elementor-element-2df6d3a3\" data-id=\"2df6d3a3\" data-element_type=\"column\">\n\t\t\t<div class=\"elementor-widget-wrap elementor-element-populated\">\n\t\t\t\t\t\t<div class=\"elementor-element elementor-element-6b5bab8b elementor-widget__width-initial elementor-widget-mobile__width-initial elementor-widget elementor-widget-image\" data-id=\"6b5bab8b\" data-element_type=\"widget\" data-widget_type=\"image.default\">\n\t\t\t\t<div class=\"elementor-widget-container\">\n\t\t\t\t\t\t\t\t\t\t\t\t\t\t\t<img fetchpriority=\"high\" decoding=\"async\" width=\"657\" height=\"149\" src=\"https:\/\/conversaspanishinstitute.com\/wp-content\/uploads\/2022\/01\/Conversa_logo.png\" class=\"attachment-full size-full wp-image-4422\" alt=\"Conversa Spanish Institute centro acreditado Instituto Cervantes\" srcset=\"https:\/\/conversaspanishinstitute.com\/wp-content\/uploads\/2022\/01\/Conversa_logo.png 657w, https:\/\/conversaspanishinstitute.com\/wp-content\/uploads\/2022\/01\/Conversa_logo-300x68.png 300w, https:\/\/conversaspanishinstitute.com\/wp-content\/uploads\/2022\/01\/Conversa_logo-18x4.png 18w, https:\/\/conversaspanishinstitute.com\/wp-content\/uploads\/2022\/01\/Conversa_logo-250x57.png 250w, https:\/\/conversaspanishinstitute.com\/wp-content\/uploads\/2022\/01\/Conversa_logo-600x136.png 600w\" sizes=\"(max-width: 657px) 100vw, 657px\" \/>\t\t\t\t\t\t\t\t\t\t\t\t\t\t\t<\/div>\n\t\t\t\t<\/div>\n\t\t\t\t\t<\/div>\n\t\t<\/div>\n\t\t\t\t<div class=\"elementor-column elementor-col-50 elementor-top-column elementor-element elementor-element-14b22506 elementor-hidden-tablet elementor-hidden-mobile\" data-id=\"14b22506\" data-element_type=\"column\">\n\t\t\t<div class=\"elementor-widget-wrap elementor-element-populated\">\n\t\t\t\t\t\t<div class=\"elementor-element elementor-element-70cb2449 elementor-icon-list--layout-inline elementor-align-right elementor-tablet-align-center elementor-mobile-align-left elementor-list-item-link-full_width elementor-widget elementor-widget-icon-list\" data-id=\"70cb2449\" data-element_type=\"widget\" data-widget_type=\"icon-list.default\">\n\t\t\t\t<div class=\"elementor-widget-container\">\n\t\t\t\t\t\t\t<ul class=\"elementor-icon-list-items elementor-inline-items\">\n\t\t\t\t\t\t\t<li class=\"elementor-icon-list-item elementor-inline-item\">\n\t\t\t\t\t\t\t\t\t\t\t<a href=\"mailto:info@conversaspanishinstitute.com\">\n\n\t\t\t\t\t\t\t\t\t\t\t\t<span class=\"elementor-icon-list-icon\">\n\t\t\t\t\t\t\t<i aria-hidden=\"true\" class=\"far fa-envelope\"><\/i>\t\t\t\t\t\t<\/span>\n\t\t\t\t\t\t\t\t\t\t<span class=\"elementor-icon-list-text\">info@conversaspanishinstitute.com<\/span>\n\t\t\t\t\t\t\t\t\t\t\t<\/a>\n\t\t\t\t\t\t\t\t\t<\/li>\n\t\t\t\t\t\t\t\t<li class=\"elementor-icon-list-item elementor-inline-item\">\n\t\t\t\t\t\t\t\t\t\t\t<a href=\"tel:+34961258767\">\n\n\t\t\t\t\t\t\t\t\t\t\t\t<span class=\"elementor-icon-list-icon\">\n\t\t\t\t\t\t\t<i aria-hidden=\"true\" class=\"fas fa-phone-alt\"><\/i>\t\t\t\t\t\t<\/span>\n\t\t\t\t\t\t\t\t\t\t<span class=\"elementor-icon-list-text\">+34 961258767<\/span>\n\t\t\t\t\t\t\t\t\t\t\t<\/a>\n\t\t\t\t\t\t\t\t\t<\/li>\n\t\t\t\t\t\t\t\t<li class=\"elementor-icon-list-item elementor-inline-item\">\n\t\t\t\t\t\t\t\t\t\t\t<span class=\"elementor-icon-list-icon\">\n\t\t\t\t\t\t\t<i aria-hidden=\"true\" class=\"fas fa-map-marker-alt\"><\/i>\t\t\t\t\t\t<\/span>\n\t\t\t\t\t\t\t\t\t\t<span class=\"elementor-icon-list-text\">Av. del Marqu\u00e9s de Sotelo 3, Planta 2 puerta 4, 46002 Valencia<\/span>\n\t\t\t\t\t\t\t\t\t<\/li>\n\t\t\t\t\t\t<\/ul>\n\t\t\t\t\t\t<\/div>\n\t\t\t\t<\/div>\n\t\t\t\t\t<\/div>\n\t\t<\/div>\n\t\t\t\t\t<\/div>\n\t\t<\/section>\n\t\t\t\t<header data-particle_enable=\"false\" data-particle-mobile-disabled=\"false\" class=\"elementor-section elementor-top-section elementor-element elementor-element-6d356066 elementor-section-content-space-evenly elementor-section-stretched elementor-section-full_width elementor-section-height-default elementor-section-height-default\" data-id=\"6d356066\" data-element_type=\"section\" data-settings=\"{&quot;stretch_section&quot;:&quot;section-stretched&quot;,&quot;background_background&quot;:&quot;classic&quot;,&quot;jet_parallax_layout_list&quot;:[]}\">\n\t\t\t\t\t\t<div class=\"elementor-container elementor-column-gap-no\">\n\t\t\t\t\t<div class=\"elementor-column elementor-col-100 elementor-top-column elementor-element elementor-element-192ac61\" data-id=\"192ac61\" data-element_type=\"column\">\n\t\t\t<div class=\"elementor-widget-wrap elementor-element-populated\">\n\t\t\t\t\t\t<div class=\"elementor-element elementor-element-35664d6f elementor-widget-divider--view-line elementor-widget elementor-widget-divider\" data-id=\"35664d6f\" data-element_type=\"widget\" data-widget_type=\"divider.default\">\n\t\t\t\t<div class=\"elementor-widget-container\">\n\t\t\t\t\t\t\t<div class=\"elementor-divider\">\n\t\t\t<span class=\"elementor-divider-separator\">\n\t\t\t\t\t\t<\/span>\n\t\t<\/div>\n\t\t\t\t\t\t<\/div>\n\t\t\t\t<\/div>\n\t\t\t\t\t<\/div>\n\t\t<\/div>\n\t\t\t\t\t<\/div>\n\t\t<\/header>\n\t\t\t\t<section data-particle_enable=\"false\" data-particle-mobile-disabled=\"false\" class=\"elementor-section elementor-top-section elementor-element elementor-element-7421cca4 elementor-section-boxed elementor-section-height-default elementor-section-height-default\" data-id=\"7421cca4\" data-element_type=\"section\" data-settings=\"{&quot;jet_parallax_layout_list&quot;:[],&quot;background_background&quot;:&quot;classic&quot;}\">\n\t\t\t\t\t\t<div class=\"elementor-container elementor-column-gap-default\">\n\t\t\t\t\t<div class=\"elementor-column elementor-col-100 elementor-top-column elementor-element elementor-element-28d62ec9\" data-id=\"28d62ec9\" data-element_type=\"column\">\n\t\t\t<div class=\"elementor-widget-wrap elementor-element-populated\">\n\t\t\t\t\t\t<div class=\"elementor-element elementor-element-6b11cea7 elementor-widget elementor-widget-shortcode\" data-id=\"6b11cea7\" data-element_type=\"widget\" data-widget_type=\"shortcode.default\">\n\t\t\t\t<div class=\"elementor-widget-container\">\n\t\t\t\t\t\t\t<div class=\"elementor-shortcode\">\t    <div id=\"timeNag\" >\n\t\t    <div class=\"watupro-exam-description\" id=\"description-quiz-17\"><p><strong>Benvenuto nel tuo test di livello di spagnolo online!<\/strong><\/p>\n<p>Quando intraprendi questo viaggio per valutare le tue competenze linguistiche, \u00e8 importante che ti prepari adeguatamente per assicurarti la migliore esperienza possibile. Questo test \u00e8 stato progettato per valutare la tua comprensione e le tue abilit\u00e0 in spagnolo attraverso una serie di esercizi accuratamente studiati, tra cui la comprensione orale. Per aiutarti a superare questo processo senza problemi, abbiamo stilato una serie di linee guida essenziali. Seguirle non solo faciliter\u00e0 un'esperienza di test senza intoppi, ma ti permetter\u00e0 anche di dare il meglio di te. Leggi attentamente queste istruzioni prima di iniziare il test.<\/p>\n<ol>\n<li><strong>Usa il browser Chrome<\/strong>: Effettua il test utilizzando l'ultima versione di Chrome. Scaricala se necessario. (<a href=\"https:\/\/www.google.com\/intl\/es-419\/chrome\/dr\/download\/\">scarica qui<\/a>)<\/li>\n<li><strong>Assegnazione del tempo<\/strong>: Metti da parte circa 40 minuti per il test. Il tempo di completamento pu\u00f2 variare in base al tuo livello.<\/li>\n<li><strong>Requisiti audio<\/strong>: Il test comprende esercizi di ascolto, quindi usa le cuffie per migliorare la chiarezza dell'audio.<\/li>\n<li><strong>Test sequenziali<\/strong>: Ogni test successivo si aprir\u00e0 dopo aver completato il precedente, con tempi specifici.<\/li>\n<li><strong>Rispetto dei limiti di tempo<\/strong>: Se il tempo scade prima dell'invio, le risposte completate fino a quel momento saranno inviate automaticamente.<\/li>\n<li><strong>Evita di chiudere il browser<\/strong>: Una volta avviato il test, non chiudere il browser perch\u00e9 il timer continua.<\/li>\n<\/ol>\n<p>Seguendo queste linee guida complete, potrai migliorare le tue prestazioni e ridurre al minimo i problemi tecnici durante il test di spagnolo online.<\/p>\n<p><strong>RICORDA: accederai a diversi livelli di prova che hanno tempi diversi per essere completati. Tra un livello e l'altro avrai una piccola pausa. Devi completare tutti i livelli fino a quando non ti verr\u00e0 mostrato il risultato e il certificato.<\/strong><\/p>\n<p>\u00a1Buena suerte!<\/p>\n<\/div><span id=\"timeNagText\">Questo test deve essere completato in 15 minuti.<\/span> <a href=\"#\" onclick=\"WatuPRO.InitializeTimer(900, 17, 1);return false;\">Clicca qui per iniziare il test<\/a>\t\t   \n\t    <\/div>\n\t    <div id=\"timerDiv\" style=\"display:none;\"> 900<\/div>\n<script type=\"text\/javascript\" >\ndocument.addEventListener(\"DOMContentLoaded\", function(event) { \nif(!window.jQuery) alert(\"The important jQuery library is not properly loaded in your site. Your WordPress theme is probably missing the essential wp_head() call. You can switch to another theme and you will see that the plugin works fine and this notice disappears. If you are still not sure what to do you can contact us for help.\");\n});\n<\/script>  \n  \n<div style=\"display:none;\" id=\"watupro_quiz\" class=\"quiz-area single-page-quiz\">\n<p id=\"submittingExam17\" style=\"display:none;text-align:center;\"><img decoding=\"async\" src=\"https:\/\/conversaspanishinstitute.com\/wp-content\/plugins\/watupro\/img\/loading.gif\" width=\"16\" height=\"16\"><\/p>\n\n<div class=\"watupro-exam-description\" id=\"description-quiz-17\"><p><strong>Benvenuto nel tuo test di livello di spagnolo online!<\/strong><\/p>\n<p>Quando intraprendi questo viaggio per valutare le tue competenze linguistiche, \u00e8 importante che ti prepari adeguatamente per assicurarti la migliore esperienza possibile. Questo test \u00e8 stato progettato per valutare la tua comprensione e le tue abilit\u00e0 in spagnolo attraverso una serie di esercizi accuratamente studiati, tra cui la comprensione orale. Per aiutarti a superare questo processo senza problemi, abbiamo stilato una serie di linee guida essenziali. Seguirle non solo faciliter\u00e0 un'esperienza di test senza intoppi, ma ti permetter\u00e0 anche di dare il meglio di te. Leggi attentamente queste istruzioni prima di iniziare il test.<\/p>\n<ol>\n<li><strong>Usa il browser Chrome<\/strong>: Effettua il test utilizzando l'ultima versione di Chrome. Scaricala se necessario. (<a href=\"https:\/\/www.google.com\/intl\/es-419\/chrome\/dr\/download\/\">scarica qui<\/a>)<\/li>\n<li><strong>Assegnazione del tempo<\/strong>: Metti da parte circa 40 minuti per il test. Il tempo di completamento pu\u00f2 variare in base al tuo livello.<\/li>\n<li><strong>Requisiti audio<\/strong>: Il test comprende esercizi di ascolto, quindi usa le cuffie per migliorare la chiarezza dell'audio.<\/li>\n<li><strong>Test sequenziali<\/strong>: Ogni test successivo si aprir\u00e0 dopo aver completato il precedente, con tempi specifici.<\/li>\n<li><strong>Rispetto dei limiti di tempo<\/strong>: Se il tempo scade prima dell'invio, le risposte completate fino a quel momento saranno inviate automaticamente.<\/li>\n<li><strong>Evita di chiudere il browser<\/strong>: Una volta avviato il test, non chiudere il browser perch\u00e9 il timer continua.<\/li>\n<\/ol>\n<p>Seguendo queste linee guida complete, potrai migliorare le tue prestazioni e ridurre al minimo i problemi tecnici durante il test di spagnolo online.<\/p>\n<p><strong>RICORDA: accederai a diversi livelli di prova che hanno tempi diversi per essere completati. Tra un livello e l'altro avrai una piccola pausa. Devi completare tutti i livelli fino a quando non ti verr\u00e0 mostrato il risultato e il certificato.<\/strong><\/p>\n<p>\u00a1Buena suerte!<\/p>\n<\/div>\n\n<form action=\"\" method=\"post\" class=\"quiz-form\" id=\"quiz-17\" autocomplete=\"off\" enctype=\"multipart\/form-data\" data-trp-original-action=\"\" >\n<div style='display:none' id='question-1'>\n\t<div class='question-content'>\n\t\t<img decoding=\"async\" src=\"https:\/\/conversaspanishinstitute.com\/wp-content\/plugins\/watupro\/img\/loading.gif\" width=\"16\" height=\"16\" alt=\"Caricamento...\" title=\"Caricamento...\" \/>&nbsp;Caricamento...\t<\/div>\n<\/div>\n\n<br \/>\n\t\n\t\t\t<div class=\"watupro_buttons flex\" id=\"watuPROButtons17\" >\n\t\t  <div id=\"prev-question\" style=\"display:none;\"><input type=\"button\" value=\"&lt; Anteriore\" onclick=\"WatuPRO.nextQuestion(event, 'previous');\"\/><\/div>\t\t  \t\t  \t\t   \n\t\t   \t  \t\t<div><input type=\"button\" name=\"action\" class=\"watupro-submit-button\" onclick=\"WatuPRO.submitResult(event)\" id=\"action-button\" value=\"Enviar respuestas\"  \/>\n\t\t<\/div>\n\t\t<\/div>\n\t\t\n\t<input type=\"hidden\" name=\"quiz_id\" value=\"17\" id=\"watuPROExamID\"\/>\n\t<input type=\"hidden\" name=\"start_time\" id=\"startTime\" value=\"2026-04-15 01:46:32\" \/>\n\t<input type=\"hidden\" name=\"start_timestamp\" id=\"startTimeStamp\" value=\"1776217592\" \/>\n\t<input type=\"hidden\" name=\"question_ids\" value=\"\" \/>\n\t<input type=\"hidden\" name=\"watupro_questions\" value=\"3085: | 3086:945,946,947 | 3087:948,949,950 | 3088:951,952,953 | 3089:954,955,956 | 3090:957,958,959,960,961 | 3091:962,963 | 3092:964,965 | 3093:966,967 | 3094:968,969 | 3095:970,971 | 3096:972,973,974 | 3097:975,976,977 | 3098:978,979,980 | 3099:981,982 | 3100:983,984 | 3101:985,986 | 3102:987,988 | 3103:989,990 | 3104:991,992,993 | 3105:994,995,996 | 3106:997,998,999 | 3107:1000,1001,1002 | 3108:1003,1004,1005\" \/>\n\t<input type=\"hidden\" name=\"no_ajax\" value=\"0\">\t\t\t<input type=\"hidden\" name=\"trp-form-language\" value=\"it\"\/><\/form>\n\t<p>&nbsp;<\/p>\n<\/div>\n\n<form method=\"post\" id=\"watuproTimerForm17\" action=\"\">\n\t<!-- watupro-hidden-fields -->\n\t<input type=\"hidden\" name=\"watupro_start_timer\" value=\"0\">\n\t<input type=\"hidden\" name=\"watupro_taker_email\" value=\"\">\n\t<input type=\"hidden\" name=\"watupro_taker_name\" value=\"\">\n\t<input type=\"hidden\" name=\"watupro_taker_phone\" value=\"\">\n\t<input type=\"hidden\" name=\"watupro_taker_company\" value=\"\">\n\t<input type=\"hidden\" name=\"watupro_taker_field1\" value=\"\">\n\t<input type=\"hidden\" name=\"watupro_taker_field2\" value=\"\">\n\t<input type=\"hidden\" name=\"watupro_taker_checkbox\" value=\"1\">\n\t<input type=\"hidden\" name=\"watupro_diff_level\" value=\"\">\n<input type=\"hidden\" name=\"trp-form-language\" value=\"it\"\/><\/form>\n<script type=\"text\/javascript\">\n\/\/jQuery(document).ready(function(){\ndocument.addEventListener(\"DOMContentLoaded\", function(event) { \t\nvar question_ids = \"\";\nWatuPROSettings[17] = {};\nWatuPRO.qArr = question_ids.split(',');\nWatuPRO.exam_id = 17;\t    \nWatuPRO.post_id = 14086;\nWatuPRO.store_progress = 0;\nWatuPRO.curCatPage = 1;\nWatuPRO.requiredIDs=\"0\".split(\",\");\nWatuPRO.hAppID = \"0.70129500 1776210392\";\nvar url = \"https:\/\/conversaspanishinstitute.com\/wp-content\/plugins\/watupro\/show_exam.php\";\nWatuPRO.examMode = 1;\nWatuPRO.siteURL=\"https:\/\/conversaspanishinstitute.com\/wp-admin\/admin-ajax.php\";\nWatuPRO.emailIsNotRequired = 0;\nWatuPRO.perDecade = 10;\nWatuPROIntel.init(17);\nWatuPRO.inCategoryPages=1;WatuPRO.secs=0;\nWatuPRO.timerID = null;\nWatuPRO.timerRunning = false;\t\t\nWatuPRO.TimerTurnsRed = 120;\nWatuPRO.fullTimeLimit = 900;\nWatuPRO.currentTime = 1776217592;\n});    \t \n<\/script>\n<\/div>\n\t\t\t\t\t\t<\/div>\n\t\t\t\t<\/div>\n\t\t\t\t\t<\/div>\n\t\t<\/div>\n\t\t\t\t\t<\/div>\n\t\t<\/section>\n\t\t\t\t<section data-particle_enable=\"false\" data-particle-mobile-disabled=\"false\" class=\"elementor-section elementor-top-section elementor-element elementor-element-18c8d270 new-footer elementor-section-boxed elementor-section-height-default elementor-section-height-default\" data-id=\"18c8d270\" data-element_type=\"section\" data-settings=\"{&quot;background_background&quot;:&quot;classic&quot;,&quot;jet_parallax_layout_list&quot;:[{&quot;_id&quot;:&quot;c0bfcef&quot;,&quot;jet_parallax_layout_image&quot;:{&quot;url&quot;:&quot;&quot;,&quot;id&quot;:&quot;&quot;,&quot;size&quot;:&quot;&quot;},&quot;jet_parallax_layout_image_tablet&quot;:{&quot;url&quot;:&quot;&quot;,&quot;id&quot;:&quot;&quot;,&quot;size&quot;:&quot;&quot;},&quot;jet_parallax_layout_image_mobile&quot;:{&quot;url&quot;:&quot;&quot;,&quot;id&quot;:&quot;&quot;,&quot;size&quot;:&quot;&quot;},&quot;jet_parallax_layout_speed&quot;:{&quot;unit&quot;:&quot;%&quot;,&quot;size&quot;:50,&quot;sizes&quot;:[]},&quot;jet_parallax_layout_type&quot;:&quot;scroll&quot;,&quot;jet_parallax_layout_direction&quot;:null,&quot;jet_parallax_layout_fx_direction&quot;:null,&quot;jet_parallax_layout_z_index&quot;:&quot;&quot;,&quot;jet_parallax_layout_bg_x&quot;:50,&quot;jet_parallax_layout_bg_x_tablet&quot;:&quot;&quot;,&quot;jet_parallax_layout_bg_x_mobile&quot;:&quot;&quot;,&quot;jet_parallax_layout_bg_y&quot;:50,&quot;jet_parallax_layout_bg_y_tablet&quot;:&quot;&quot;,&quot;jet_parallax_layout_bg_y_mobile&quot;:&quot;&quot;,&quot;jet_parallax_layout_bg_size&quot;:&quot;auto&quot;,&quot;jet_parallax_layout_bg_size_tablet&quot;:&quot;&quot;,&quot;jet_parallax_layout_bg_size_mobile&quot;:&quot;&quot;,&quot;jet_parallax_layout_animation_prop&quot;:&quot;transform&quot;,&quot;jet_parallax_layout_on&quot;:[&quot;desktop&quot;,&quot;tablet&quot;]}]}\">\n\t\t\t\t\t\t<div class=\"elementor-container elementor-column-gap-default\">\n\t\t\t\t\t<div class=\"elementor-column elementor-col-33 elementor-top-column elementor-element elementor-element-25ecf2ba\" data-id=\"25ecf2ba\" data-element_type=\"column\">\n\t\t\t<div class=\"elementor-widget-wrap\">\n\t\t\t\t\t\t\t<\/div>\n\t\t<\/div>\n\t\t\t\t<div class=\"elementor-column elementor-col-33 elementor-top-column elementor-element elementor-element-2f20874e\" data-id=\"2f20874e\" data-element_type=\"column\">\n\t\t\t<div class=\"elementor-widget-wrap elementor-element-populated\">\n\t\t\t\t\t\t<div class=\"elementor-element elementor-element-392a1f47 elementor-widget elementor-widget-image\" data-id=\"392a1f47\" data-element_type=\"widget\" data-widget_type=\"image.default\">\n\t\t\t\t<div class=\"elementor-widget-container\">\n\t\t\t\t\t\t\t\t\t\t\t\t\t\t\t\t<a href=\"https:\/\/conversaspanishinstitute.com\/it\">\n\t\t\t\t\t\t\t<img loading=\"lazy\" decoding=\"async\" width=\"250\" height=\"63\" src=\"https:\/\/conversaspanishinstitute.com\/wp-content\/uploads\/2022\/01\/logo-footer-1.png\" class=\"attachment-full size-full wp-image-4442\" alt=\"\" \/>\t\t\t\t\t\t\t\t<\/a>\n\t\t\t\t\t\t\t\t\t\t\t\t\t\t\t<\/div>\n\t\t\t\t<\/div>\n\t\t\t\t<div class=\"elementor-element elementor-element-5e94e0cf elementor-tablet-align-center elementor-icon-list--layout-inline elementor-align-left elementor-list-item-link-full_width elementor-widget elementor-widget-icon-list\" data-id=\"5e94e0cf\" data-element_type=\"widget\" data-widget_type=\"icon-list.default\">\n\t\t\t\t<div class=\"elementor-widget-container\">\n\t\t\t\t\t\t\t<ul class=\"elementor-icon-list-items elementor-inline-items\">\n\t\t\t\t\t\t\t<li class=\"elementor-icon-list-item elementor-inline-item\">\n\t\t\t\t\t\t\t\t\t\t\t<span class=\"elementor-icon-list-icon\">\n\t\t\t\t\t\t\t<i aria-hidden=\"true\" class=\"fas fa-map-marker-alt\"><\/i>\t\t\t\t\t\t<\/span>\n\t\t\t\t\t\t\t\t\t\t<span class=\"elementor-icon-list-text\">Av. del Marqu\u00e9s de Sotelo 3, Planta 2 puerta 4, 46002 Valencia<\/span>\n\t\t\t\t\t\t\t\t\t<\/li>\n\t\t\t\t\t\t\t\t<li class=\"elementor-icon-list-item elementor-inline-item\">\n\t\t\t\t\t\t\t\t\t\t\t<a href=\"mailto:info@conversainstitute.com\">\n\n\t\t\t\t\t\t\t\t\t\t\t\t<span class=\"elementor-icon-list-icon\">\n\t\t\t\t\t\t\t<i aria-hidden=\"true\" class=\"far fa-envelope\"><\/i>\t\t\t\t\t\t<\/span>\n\t\t\t\t\t\t\t\t\t\t<span class=\"elementor-icon-list-text\">info@conversainstitute.com<\/span>\n\t\t\t\t\t\t\t\t\t\t\t<\/a>\n\t\t\t\t\t\t\t\t\t<\/li>\n\t\t\t\t\t\t\t\t<li class=\"elementor-icon-list-item elementor-inline-item\">\n\t\t\t\t\t\t\t\t\t\t\t<a href=\"tel:+34961258767\">\n\n\t\t\t\t\t\t\t\t\t\t\t\t<span class=\"elementor-icon-list-icon\">\n\t\t\t\t\t\t\t<i aria-hidden=\"true\" class=\"fas fa-phone-alt\"><\/i>\t\t\t\t\t\t<\/span>\n\t\t\t\t\t\t\t\t\t\t<span class=\"elementor-icon-list-text\">+34 961258767<\/span>\n\t\t\t\t\t\t\t\t\t\t\t<\/a>\n\t\t\t\t\t\t\t\t\t<\/li>\n\t\t\t\t\t\t<\/ul>\n\t\t\t\t\t\t<\/div>\n\t\t\t\t<\/div>\n\t\t\t\t\t<\/div>\n\t\t<\/div>\n\t\t\t\t<div class=\"elementor-column elementor-col-33 elementor-top-column elementor-element elementor-element-3d35f3d\" data-id=\"3d35f3d\" data-element_type=\"column\">\n\t\t\t<div class=\"elementor-widget-wrap\">\n\t\t\t\t\t\t\t<\/div>\n\t\t<\/div>\n\t\t\t\t\t<\/div>\n\t\t<\/section>\n\t\t\t\t<section data-particle_enable=\"false\" data-particle-mobile-disabled=\"false\" class=\"elementor-section elementor-top-section elementor-element elementor-element-3121b456 elementor-section-boxed elementor-section-height-default elementor-section-height-default\" data-id=\"3121b456\" data-element_type=\"section\" data-settings=\"{&quot;jet_parallax_layout_list&quot;:[]}\">\n\t\t\t\t\t\t<div class=\"elementor-container elementor-column-gap-default\">\n\t\t\t\t\t<div class=\"elementor-column elementor-col-100 elementor-top-column elementor-element elementor-element-5e96472d\" data-id=\"5e96472d\" data-element_type=\"column\">\n\t\t\t<div class=\"elementor-widget-wrap elementor-element-populated\">\n\t\t\t\t\t\t<div class=\"elementor-element elementor-element-7d6a63d8 elementor-icon-list--layout-inline elementor-align-right elementor-tablet-align-center elementor-mobile-align-left elementor-list-item-link-full_width elementor-widget elementor-widget-icon-list\" data-id=\"7d6a63d8\" data-element_type=\"widget\" data-widget_type=\"icon-list.default\">\n\t\t\t\t<div class=\"elementor-widget-container\">\n\t\t\t\t\t\t\t<ul class=\"elementor-icon-list-items elementor-inline-items\">\n\t\t\t\t\t\t\t<li class=\"elementor-icon-list-item elementor-inline-item\">\n\t\t\t\t\t\t\t\t\t\t\t<a href=\"mailto:info@conversaspanishinstitute.com\">\n\n\t\t\t\t\t\t\t\t\t\t\t\t<span class=\"elementor-icon-list-icon\">\n\t\t\t\t\t\t\t<i aria-hidden=\"true\" class=\"far fa-envelope\"><\/i>\t\t\t\t\t\t<\/span>\n\t\t\t\t\t\t\t\t\t\t<span class=\"elementor-icon-list-text\">info@conversaspanishinstitute.com<\/span>\n\t\t\t\t\t\t\t\t\t\t\t<\/a>\n\t\t\t\t\t\t\t\t\t<\/li>\n\t\t\t\t\t\t\t\t<li class=\"elementor-icon-list-item elementor-inline-item\">\n\t\t\t\t\t\t\t\t\t\t\t<a href=\"tel:+34961258767\">\n\n\t\t\t\t\t\t\t\t\t\t\t\t<span class=\"elementor-icon-list-icon\">\n\t\t\t\t\t\t\t<i aria-hidden=\"true\" class=\"fas fa-phone-alt\"><\/i>\t\t\t\t\t\t<\/span>\n\t\t\t\t\t\t\t\t\t\t<span class=\"elementor-icon-list-text\">+34 961258767<\/span>\n\t\t\t\t\t\t\t\t\t\t\t<\/a>\n\t\t\t\t\t\t\t\t\t<\/li>\n\t\t\t\t\t\t\t\t<li class=\"elementor-icon-list-item elementor-inline-item\">\n\t\t\t\t\t\t\t\t\t\t\t<span class=\"elementor-icon-list-icon\">\n\t\t\t\t\t\t\t<i aria-hidden=\"true\" class=\"fas fa-map-marker-alt\"><\/i>\t\t\t\t\t\t<\/span>\n\t\t\t\t\t\t\t\t\t\t<span class=\"elementor-icon-list-text\">Av. del Marqu\u00e9s de Sotelo 3, Planta 2 puerta 4, 46002 Valencia<\/span>\n\t\t\t\t\t\t\t\t\t<\/li>\n\t\t\t\t\t\t<\/ul>\n\t\t\t\t\t\t<\/div>\n\t\t\t\t<\/div>\n\t\t\t\t\t<\/div>\n\t\t<\/div>\n\t\t\t\t\t<\/div>\n\t\t<\/section>\n\t\t\t\t<section data-particle_enable=\"false\" data-particle-mobile-disabled=\"false\" class=\"elementor-section elementor-top-section elementor-element elementor-element-5c4b8fa elementor-section-boxed elementor-section-height-default elementor-section-height-default\" data-id=\"5c4b8fa\" data-element_type=\"section\" data-settings=\"{&quot;jet_parallax_layout_list&quot;:[]}\">\n\t\t\t\t\t\t<div class=\"elementor-container elementor-column-gap-default\">\n\t\t\t\t\t<div class=\"elementor-column elementor-col-100 elementor-top-column elementor-element elementor-element-47b1b50\" data-id=\"47b1b50\" data-element_type=\"column\">\n\t\t\t<div class=\"elementor-widget-wrap elementor-element-populated\">\n\t\t\t\t\t\t<div class=\"elementor-element elementor-element-0f5186a elementor-widget elementor-widget-html\" data-id=\"0f5186a\" data-element_type=\"widget\" data-widget_type=\"html.default\">\n\t\t\t\t<div class=\"elementor-widget-container\">\n\t\t\t\t\t<style>\n#trp-floater-ls {\n    display:none !important;\n}\n.marquiz-pops.marquiz-pops_blicked.marquiz-pops_rounded.marquiz-pops_shadow.marquiz-pops_position_top-left.marquiz-pops_position {\n    display: none !important;\n}\n<\/style>\t\t\t\t<\/div>\n\t\t\t\t<\/div>\n\t\t\t\t\t<\/div>\n\t\t<\/div>\n\t\t\t\t\t<\/div>\n\t\t<\/section>\n\t\t\t\t<\/div>","protected":false},"excerpt":{"rendered":"<p>info@conversaspanishinstitute.com +34 961258767 Av. del Marqu\u00e9s de Sotelo 3, Planta 2 puerta 4, 46002 Valencia Av. del Marqu\u00e9s de Sotelo 3, Planta 2 puerta 4, 46002 Valencia info@conversainstitute.com +34 961258767 info@conversaspanishinstitute.com +34 961258767 Av. del Marqu\u00e9s de Sotelo 3, Planta 2 puerta 4, 46002<\/p>","protected":false},"author":1,"featured_media":13003,"parent":0,"menu_order":0,"comment_status":"closed","ping_status":"closed","template":"elementor_canvas","meta":{"_acf_changed":false,"footnotes":""},"class_list":["post-14086","page","type-page","status-publish","has-post-thumbnail","hentry"],"acf":[],"jetpack_sharing_enabled":true,"_links":{"self":[{"href":"https:\/\/conversaspanishinstitute.com\/it\/wp-json\/wp\/v2\/pages\/14086","targetHints":{"allow":["GET"]}}],"collection":[{"href":"https:\/\/conversaspanishinstitute.com\/it\/wp-json\/wp\/v2\/pages"}],"about":[{"href":"https:\/\/conversaspanishinstitute.com\/it\/wp-json\/wp\/v2\/types\/page"}],"author":[{"embeddable":true,"href":"https:\/\/conversaspanishinstitute.com\/it\/wp-json\/wp\/v2\/users\/1"}],"replies":[{"embeddable":true,"href":"https:\/\/conversaspanishinstitute.com\/it\/wp-json\/wp\/v2\/comments?post=14086"}],"version-history":[{"count":34,"href":"https:\/\/conversaspanishinstitute.com\/it\/wp-json\/wp\/v2\/pages\/14086\/revisions"}],"predecessor-version":[{"id":14147,"href":"https:\/\/conversaspanishinstitute.com\/it\/wp-json\/wp\/v2\/pages\/14086\/revisions\/14147"}],"wp:featuredmedia":[{"embeddable":true,"href":"https:\/\/conversaspanishinstitute.com\/it\/wp-json\/wp\/v2\/media\/13003"}],"wp:attachment":[{"href":"https:\/\/conversaspanishinstitute.com\/it\/wp-json\/wp\/v2\/media?parent=14086"}],"curies":[{"name":"wp","href":"https:\/\/api.w.org\/{rel}","templated":true}]}}