{"id":17721,"date":"2025-02-25T17:30:00","date_gmt":"2025-02-25T16:30:00","guid":{"rendered":"https:\/\/conversaspanishinstitute.com\/?page_id=17721"},"modified":"2026-01-15T19:31:13","modified_gmt":"2026-01-15T18:31:13","slug":"riserve","status":"publish","type":"page","link":"https:\/\/conversaspanishinstitute.com\/it\/riserve\/","title":{"rendered":"Registrazione gratuita alla sessione dei tester"},"content":{"rendered":"<div data-elementor-type=\"wp-page\" data-elementor-id=\"17721\" class=\"elementor elementor-17721\" data-elementor-post-type=\"page\">\n\t\t\t\t\t\t<section data-particle_enable=\"false\" data-particle-mobile-disabled=\"false\" class=\"elementor-section elementor-top-section elementor-element elementor-element-54b5a3ff elementor-section-boxed elementor-section-height-default elementor-section-height-default\" data-id=\"54b5a3ff\" data-element_type=\"section\" data-settings=\"{&quot;background_background&quot;:&quot;gradient&quot;,&quot;shape_divider_top&quot;:&quot;waves&quot;,&quot;jet_parallax_layout_list&quot;:[]}\">\n\t\t\t\t\t\t\t<div class=\"elementor-background-overlay\"><\/div>\n\t\t\t\t\t\t<div class=\"elementor-shape elementor-shape-top\" aria-hidden=\"true\" data-negative=\"false\">\n\t\t\t<svg xmlns=\"http:\/\/www.w3.org\/2000\/svg\" viewbox=\"0 0 1000 100\" preserveaspectratio=\"none\">\n\t<path class=\"elementor-shape-fill\" d=\"M421.9,6.5c22.6-2.5,51.5,0.4,75.5,5.3c23.6,4.9,70.9,23.5,100.5,35.7c75.8,32.2,133.7,44.5,192.6,49.7\tc23.6,2.1,48.7,3.5,103.4-2.5c54.7-6,106.2-25.6,106.2-25.6V0H0v30.3c0,0,72,32.6,158.4,30.5c39.2-0.7,92.8-6.7,134-22.4\tc21.2-8.1,52.2-18.2,79.7-24.2C399.3,7.9,411.6,7.5,421.9,6.5z\"\/>\n<\/svg>\t\t<\/div>\n\t\t\t\t\t<div class=\"elementor-container elementor-column-gap-default\">\n\t\t\t\t\t<div class=\"elementor-column elementor-col-50 elementor-top-column elementor-element elementor-element-3e7bdd26\" data-id=\"3e7bdd26\" data-element_type=\"column\">\n\t\t\t<div class=\"elementor-widget-wrap elementor-element-populated\">\n\t\t\t\t\t\t<div class=\"elementor-element elementor-element-5eb4b5d1 elementor-widget elementor-widget-heading\" data-id=\"5eb4b5d1\" data-element_type=\"widget\" data-widget_type=\"heading.default\">\n\t\t\t\t<div class=\"elementor-widget-container\">\n\t\t\t\t\t<h4 class=\"elementor-heading-title elementor-size-default\">Sessione gratuita di prova di spagnolo a Valencia<\/h4>\t\t\t\t<\/div>\n\t\t\t\t<\/div>\n\t\t\t\t<div class=\"elementor-element elementor-element-6de30137 elementor-widget elementor-widget-heading\" data-id=\"6de30137\" data-element_type=\"widget\" data-widget_type=\"heading.default\">\n\t\t\t\t<div class=\"elementor-widget-container\">\n\t\t\t\t\t<h2 class=\"elementor-heading-title elementor-size-default\"> Non sei sicuro che i nostri corsi di spagnolo siano adatti a te? Partecipa a una sessione di prova gratuita e prova in prima persona le nostre lezioni dinamiche e interattive! Incontra i nostri insegnanti madrelingua, partecipa ad attivit\u00e0 coinvolgenti e scopri come ti aiutiamo a migliorare il tuo spagnolo in modo divertente e strutturato.<\/h2>\t\t\t\t<\/div>\n\t\t\t\t<\/div>\n\t\t\t\t\t<\/div>\n\t\t<\/div>\n\t\t\t\t<div class=\"elementor-column elementor-col-50 elementor-top-column elementor-element elementor-element-249766a9\" data-id=\"249766a9\" data-element_type=\"column\">\n\t\t\t<div class=\"elementor-widget-wrap elementor-element-populated\">\n\t\t\t\t\t\t<div class=\"elementor-element elementor-element-6def4ff4 elementor-widget elementor-widget-image\" data-id=\"6def4ff4\" data-element_type=\"widget\" data-settings=\"{&quot;motion_fx_motion_fx_scrolling&quot;:&quot;yes&quot;,&quot;motion_fx_translateY_effect&quot;:&quot;yes&quot;,&quot;motion_fx_translateY_direction&quot;:&quot;negative&quot;,&quot;motion_fx_translateY_speed&quot;:{&quot;unit&quot;:&quot;px&quot;,&quot;size&quot;:&quot;1&quot;,&quot;sizes&quot;:[]},&quot;motion_fx_devices&quot;:[&quot;desktop&quot;,&quot;tablet&quot;],&quot;motion_fx_translateY_affectedRange&quot;:{&quot;unit&quot;:&quot;%&quot;,&quot;size&quot;:&quot;&quot;,&quot;sizes&quot;:{&quot;start&quot;:&quot;0&quot;,&quot;end&quot;:&quot;50&quot;}}}\" data-widget_type=\"image.default\">\n\t\t\t\t<div class=\"elementor-widget-container\">\n\t\t\t\t\t\t\t\t\t\t\t\t\t\t\t<img fetchpriority=\"high\" decoding=\"async\" width=\"2560\" height=\"1707\" src=\"https:\/\/conversaspanishinstitute.com\/wp-content\/uploads\/2024\/02\/colleagues-working-together-while-sitting-cafe-scaled.jpg\" class=\"attachment-full size-full wp-image-13663\" alt=\"\" srcset=\"https:\/\/conversaspanishinstitute.com\/wp-content\/uploads\/2024\/02\/colleagues-working-together-while-sitting-cafe-scaled.jpg 2560w, https:\/\/conversaspanishinstitute.com\/wp-content\/uploads\/2024\/02\/colleagues-working-together-while-sitting-cafe-300x200.jpg 300w, https:\/\/conversaspanishinstitute.com\/wp-content\/uploads\/2024\/02\/colleagues-working-together-while-sitting-cafe-1024x683.jpg 1024w, https:\/\/conversaspanishinstitute.com\/wp-content\/uploads\/2024\/02\/colleagues-working-together-while-sitting-cafe-768x512.jpg 768w, https:\/\/conversaspanishinstitute.com\/wp-content\/uploads\/2024\/02\/colleagues-working-together-while-sitting-cafe-1536x1024.jpg 1536w, https:\/\/conversaspanishinstitute.com\/wp-content\/uploads\/2024\/02\/colleagues-working-together-while-sitting-cafe-2048x1365.jpg 2048w, https:\/\/conversaspanishinstitute.com\/wp-content\/uploads\/2024\/02\/colleagues-working-together-while-sitting-cafe-18x12.jpg 18w, https:\/\/conversaspanishinstitute.com\/wp-content\/uploads\/2024\/02\/colleagues-working-together-while-sitting-cafe-600x400.jpg 600w\" sizes=\"(max-width: 2560px) 100vw, 2560px\" \/>\t\t\t\t\t\t\t\t\t\t\t\t\t\t\t<\/div>\n\t\t\t\t<\/div>\n\t\t\t\t\t<\/div>\n\t\t<\/div>\n\t\t\t\t\t<\/div>\n\t\t<\/section>\n\t\t\t\t<section data-particle_enable=\"false\" data-particle-mobile-disabled=\"false\" class=\"elementor-section elementor-top-section elementor-element elementor-element-21cbf435 elementor-section-boxed elementor-section-height-default elementor-section-height-default\" data-id=\"21cbf435\" data-element_type=\"section\" data-settings=\"{&quot;jet_parallax_layout_list&quot;:[]}\">\n\t\t\t\t\t\t<div class=\"elementor-container elementor-column-gap-default\">\n\t\t\t\t\t<div class=\"elementor-column elementor-col-100 elementor-top-column elementor-element elementor-element-4d94a3b6\" data-id=\"4d94a3b6\" data-element_type=\"column\">\n\t\t\t<div class=\"elementor-widget-wrap elementor-element-populated\">\n\t\t\t\t\t\t<div class=\"elementor-element elementor-element-1bd0277 elementor-widget elementor-widget-heading\" data-id=\"1bd0277\" data-element_type=\"widget\" data-widget_type=\"heading.default\">\n\t\t\t\t<div class=\"elementor-widget-container\">\n\t\t\t\t\t<h2 class=\"elementor-heading-title elementor-size-default\">Sessione di prova di spagnolo - Scegli il tuo livello!<\/h2>\t\t\t\t<\/div>\n\t\t\t\t<\/div>\n\t\t\t\t<div class=\"elementor-element elementor-element-3ba31e6 elementor-widget elementor-widget-text-editor\" data-id=\"3ba31e6\" data-element_type=\"widget\" data-widget_type=\"text-editor.default\">\n\t\t\t\t<div class=\"elementor-widget-container\">\n\t\t\t\t\t\t\t\t\t<div class=\"fcal_author_header\"><div class=\"author_info\"><p>Vuoi provare un corso gratuito di spagnolo? Vuoi migliorare il tuo espa\u00f1ol in modo rapido e divertente?<br \/>Ti invitiamo a provare una lezione di spagnolo gratuita per i livelli A2 o B1 in Conversa Spanish Institute. \u00c8 l'opportunit\u00e0 perfetta per continuare ad avanzare nel tuo apprendimento dell'espa\u00f1ol con professori madrelingua e in un ambiente amichevole e motivante.<\/p><p>Inglese:<br \/>Vuoi un corso gratuito di spagnolo? Vuoi migliorare il tuo spagnolo in modo rapido e divertente? Abbiamo qualcosa di speciale per te!<br \/>Ti invitiamo a provare una lezione gratuita di spagnolo per i livelli A2 o B1 presso Conversa Spanish Institute. \u00c8 l'occasione perfetta per continuare a progredire nel tuo apprendimento dello spagnolo con insegnanti madrelingua in un ambiente amichevole e motivante.<br \/>___________________________________<\/p><p>Quale livello devi scegliere?<br \/>Il livello A2 \u00e8 per gli studenti di livello elementare, interessati a comunicare in situazioni quotidiane, a descrivere esperienze e a mantenere semplici conversaciones su temi familiari.<br \/>Il livello B1 si rivolge agli studenti di livello intermedio, aiutandoli a gestire diverse situazioni durante il viaggio, a esprimere opinioni e preferenze e a partecipare a conversaciones su una vasta gamma di argomenti con maggiore fluidit\u00e0.<\/p><p>Quale livello dovresti scegliere?<br \/>Il livello A2 si rivolge agli studenti elementari e si concentra sulla comunicazione in situazioni quotidiane, sulla descrizione di esperienze e su semplici conversaerzi su argomenti familiari.<br \/>Il livello B1 si rivolge a studenti di livello intermedio e ti aiuta a gestire varie situazioni durante il viaggio, a esprimere opinioni e preferenze e a partecipare a conversaazioni su un'ampia gamma di argomenti con maggiore scioltezza.<\/p><\/div><\/div>\t\t\t\t\t\t\t\t<\/div>\n\t\t\t\t<\/div>\n\t\t\t\t\t<\/div>\n\t\t<\/div>\n\t\t\t\t\t<\/div>\n\t\t<\/section>\n\t\t\t\t<section data-particle_enable=\"false\" data-particle-mobile-disabled=\"false\" class=\"elementor-section elementor-top-section elementor-element elementor-element-3be49a4 elementor-section-boxed elementor-section-height-default elementor-section-height-default\" data-id=\"3be49a4\" data-element_type=\"section\" data-settings=\"{&quot;jet_parallax_layout_list&quot;:[]}\">\n\t\t\t\t\t\t<div class=\"elementor-container elementor-column-gap-default\">\n\t\t\t\t\t<div class=\"elementor-column elementor-col-33 elementor-top-column elementor-element elementor-element-7c4accd\" data-id=\"7c4accd\" data-element_type=\"column\">\n\t\t\t<div class=\"elementor-widget-wrap elementor-element-populated\">\n\t\t\t\t\t\t<div class=\"elementor-element elementor-element-9da25a7 elementor-button-info elementor-align-center elementor-widget elementor-widget-button\" data-id=\"9da25a7\" data-element_type=\"widget\" data-widget_type=\"button.default\">\n\t\t\t\t<div class=\"elementor-widget-container\">\n\t\t\t\t\t\t\t\t\t<div class=\"elementor-button-wrapper\">\n\t\t\t\t\t<a class=\"elementor-button elementor-button-link elementor-size-sm\" href=\"https:\/\/conversaspanishinstitute.com\/it\/?fluent-booking=calendar&#038;host=info-1729454754&#038;event=120min-2\">\n\t\t\t\t\t\t<span class=\"elementor-button-content-wrapper\">\n\t\t\t\t\t\t\t\t\t<span class=\"elementor-button-text\">A1<\/span>\n\t\t\t\t\t<\/span>\n\t\t\t\t\t<\/a>\n\t\t\t\t<\/div>\n\t\t\t\t\t\t\t\t<\/div>\n\t\t\t\t<\/div>\n\t\t\t\t\t<\/div>\n\t\t<\/div>\n\t\t\t\t<div class=\"elementor-column elementor-col-33 elementor-top-column elementor-element elementor-element-fe84bb9\" data-id=\"fe84bb9\" data-element_type=\"column\">\n\t\t\t<div class=\"elementor-widget-wrap elementor-element-populated\">\n\t\t\t\t\t\t<div class=\"elementor-element elementor-element-719a4f5 elementor-button-info elementor-align-center elementor-widget elementor-widget-button\" data-id=\"719a4f5\" data-element_type=\"widget\" data-widget_type=\"button.default\">\n\t\t\t\t<div class=\"elementor-widget-container\">\n\t\t\t\t\t\t\t\t\t<div class=\"elementor-button-wrapper\">\n\t\t\t\t\t<a class=\"elementor-button elementor-button-link elementor-size-sm\" href=\"https:\/\/conversaspanishinstitute.com\/it\/?fluent-booking=calendar&#038;host=info-1729454754&#038;event=120min-1\">\n\t\t\t\t\t\t<span class=\"elementor-button-content-wrapper\">\n\t\t\t\t\t\t\t\t\t<span class=\"elementor-button-text\">A2<\/span>\n\t\t\t\t\t<\/span>\n\t\t\t\t\t<\/a>\n\t\t\t\t<\/div>\n\t\t\t\t\t\t\t\t<\/div>\n\t\t\t\t<\/div>\n\t\t\t\t\t<\/div>\n\t\t<\/div>\n\t\t\t\t<div class=\"elementor-column elementor-col-33 elementor-top-column elementor-element elementor-element-a6c5112\" data-id=\"a6c5112\" data-element_type=\"column\">\n\t\t\t<div class=\"elementor-widget-wrap elementor-element-populated\">\n\t\t\t\t\t\t<div class=\"elementor-element elementor-element-00f1bba elementor-button-info elementor-align-center elementor-widget elementor-widget-button\" data-id=\"00f1bba\" data-element_type=\"widget\" data-widget_type=\"button.default\">\n\t\t\t\t<div class=\"elementor-widget-container\">\n\t\t\t\t\t\t\t\t\t<div class=\"elementor-button-wrapper\">\n\t\t\t\t\t<a class=\"elementor-button elementor-button-link elementor-size-sm\" href=\"https:\/\/conversaspanishinstitute.com\/it\/?fluent-booking=calendar&#038;host=info-1729454754&#038;event=120min\">\n\t\t\t\t\t\t<span class=\"elementor-button-content-wrapper\">\n\t\t\t\t\t\t\t\t\t<span class=\"elementor-button-text\">B1<\/span>\n\t\t\t\t\t<\/span>\n\t\t\t\t\t<\/a>\n\t\t\t\t<\/div>\n\t\t\t\t\t\t\t\t<\/div>\n\t\t\t\t<\/div>\n\t\t\t\t\t<\/div>\n\t\t<\/div>\n\t\t\t\t\t<\/div>\n\t\t<\/section>\n\t\t\t\t<\/div>","protected":false},"excerpt":{"rendered":"<p>Sessione di prova gratuita di spagnolo a Valencia Non sei sicuro che i nostri corsi di spagnolo siano adatti a te? Partecipa a una sessione di prova gratuita e prova in prima persona le nostre lezioni dinamiche e interattive! Incontra i nostri insegnanti madrelingua, partecipa ad attivit\u00e0 coinvolgenti e scopri come ti aiutiamo a migliorare il tuo spagnolo in modo divertente e strutturato. Sessione di prova di spagnolo [...]<\/p>","protected":false},"author":1,"featured_media":0,"parent":0,"menu_order":0,"comment_status":"closed","ping_status":"closed","template":"","meta":{"_acf_changed":false,"footnotes":""},"class_list":["post-17721","page","type-page","status-publish","hentry"],"acf":[],"jetpack_sharing_enabled":true,"_links":{"self":[{"href":"https:\/\/conversaspanishinstitute.com\/it\/wp-json\/wp\/v2\/pages\/17721","targetHints":{"allow":["GET"]}}],"collection":[{"href":"https:\/\/conversaspanishinstitute.com\/it\/wp-json\/wp\/v2\/pages"}],"about":[{"href":"https:\/\/conversaspanishinstitute.com\/it\/wp-json\/wp\/v2\/types\/page"}],"author":[{"embeddable":true,"href":"https:\/\/conversaspanishinstitute.com\/it\/wp-json\/wp\/v2\/users\/1"}],"replies":[{"embeddable":true,"href":"https:\/\/conversaspanishinstitute.com\/it\/wp-json\/wp\/v2\/comments?post=17721"}],"version-history":[{"count":16,"href":"https:\/\/conversaspanishinstitute.com\/it\/wp-json\/wp\/v2\/pages\/17721\/revisions"}],"predecessor-version":[{"id":19507,"href":"https:\/\/conversaspanishinstitute.com\/it\/wp-json\/wp\/v2\/pages\/17721\/revisions\/19507"}],"wp:attachment":[{"href":"https:\/\/conversaspanishinstitute.com\/it\/wp-json\/wp\/v2\/media?parent=17721"}],"curies":[{"name":"wp","href":"https:\/\/api.w.org\/{rel}","templated":true}]}}