{"id":4272,"date":"2022-01-24T11:23:35","date_gmt":"2022-01-24T11:23:35","guid":{"rendered":"http:\/\/conversaspanishinstitute.com\/?page_id=4272"},"modified":"2025-05-23T21:44:35","modified_gmt":"2025-05-23T19:44:35","slug":"avviso-legale","status":"publish","type":"page","link":"https:\/\/conversaspanishinstitute.com\/it\/avviso-legale\/","title":{"rendered":"Avviso legale"},"content":{"rendered":"<div data-elementor-type=\"wp-post\" data-elementor-id=\"4272\" class=\"elementor elementor-4272\" data-elementor-post-type=\"page\">\n\t\t\t\t\t\t<section data-particle_enable=\"false\" data-particle-mobile-disabled=\"false\" class=\"elementor-section elementor-top-section elementor-element elementor-element-3846889 about-us elementor-section-boxed elementor-section-height-default elementor-section-height-default\" data-id=\"3846889\" data-element_type=\"section\" data-settings=\"{&quot;background_background&quot;:&quot;classic&quot;,&quot;jet_parallax_layout_list&quot;:[],&quot;shape_divider_bottom&quot;:&quot;curve&quot;,&quot;shape_divider_bottom_negative&quot;:&quot;yes&quot;}\">\n\t\t\t\t\t\t\t<div class=\"elementor-background-overlay\"><\/div>\n\t\t\t\t\t\t<div class=\"elementor-shape elementor-shape-bottom\" aria-hidden=\"true\" data-negative=\"true\">\n\t\t\t<svg xmlns=\"http:\/\/www.w3.org\/2000\/svg\" viewbox=\"0 0 1000 100\" preserveaspectratio=\"none\">\n\t<path class=\"elementor-shape-fill\" d=\"M500,97C126.7,96.3,0.8,19.8,0,0v100l1000,0V1C1000,19.4,873.3,97.8,500,97z\"\/>\n<\/svg>\t\t<\/div>\n\t\t\t\t\t<div class=\"elementor-container elementor-column-gap-default\">\n\t\t\t\t\t<div class=\"elementor-column elementor-col-100 elementor-top-column elementor-element elementor-element-bab403f\" data-id=\"bab403f\" data-element_type=\"column\">\n\t\t\t<div class=\"elementor-widget-wrap elementor-element-populated\">\n\t\t\t\t\t\t<div class=\"elementor-element elementor-element-79b3866 elementor-widget__width-initial elementor-widget elementor-widget-heading\" data-id=\"79b3866\" data-element_type=\"widget\" data-widget_type=\"heading.default\">\n\t\t\t\t<div class=\"elementor-widget-container\">\n\t\t\t\t\t<h2 class=\"elementor-heading-title elementor-size-default\"><i><b>Avviso legale di Conversa Spanish Institute<\/b><\/i><\/h2>\t\t\t\t<\/div>\n\t\t\t\t<\/div>\n\t\t\t\t\t<\/div>\n\t\t<\/div>\n\t\t\t\t\t<\/div>\n\t\t<\/section>\n\t\t\t\t<section data-particle_enable=\"false\" data-particle-mobile-disabled=\"false\" class=\"elementor-section elementor-top-section elementor-element elementor-element-658ea4d elementor-section-boxed elementor-section-height-default elementor-section-height-default\" data-id=\"658ea4d\" data-element_type=\"section\" data-settings=\"{&quot;background_background&quot;:&quot;classic&quot;,&quot;jet_parallax_layout_list&quot;:[]}\">\n\t\t\t\t\t\t<div class=\"elementor-container elementor-column-gap-default\">\n\t\t\t\t\t<div class=\"elementor-column elementor-col-100 elementor-top-column elementor-element elementor-element-88add30\" data-id=\"88add30\" data-element_type=\"column\">\n\t\t\t<div class=\"elementor-widget-wrap elementor-element-populated\">\n\t\t\t\t\t\t<div class=\"elementor-element elementor-element-c42a185 elementor-widget elementor-widget-text-editor\" data-id=\"c42a185\" data-element_type=\"widget\" data-widget_type=\"text-editor.default\">\n\t\t\t\t<div class=\"elementor-widget-container\">\n\t\t\t\t\t\t\t\t\t<h3><span style=\"font-size: 1rem;\">Tutti gli elementi che compongono il contenuto di questa pagina web, identificati dal dominio<b> <\/b><\/span><a style=\"font-size: 1rem;\" href=\"http:\/\/conversaspanishinstitute.com\/it\/\"><b>https:\/\/www.conversaspanishinstitute.com<\/b><\/a><span style=\"font-size: 1rem;\"><b>,<\/b> <a href=\"https:\/\/app.conversaspanishinstitute.com\"><b>https:\/\/app.conversaspanishinstitute.com<\/b><\/a><\/span><span style=\"font-size: 1rem;\"><b> <\/b>o qualsiasi sottodominio, compresi i nomi commerciali, i marchi o i segni distintivi in essi contenuti, sono protetti da copyright.<\/span><\/h3><div><span style=\"font-size: 1rem;\"><br><\/span><\/div>\n<h4><b>Dati identificabili della Parte Responsabile<\/b><\/h4>\n<ul>\n<li style=\"font-weight: 400;\" aria-level=\"1\"><b>Nome dell'azienda<\/b><span style=\"font-weight: 400;\">: ISTITUTO LINGUISTICO CONVERSA 2021 SL<\/span><\/li>\n<li style=\"font-weight: 400;\" aria-level=\"1\"><b>Nome commerciale<\/b><span style=\"font-weight: 400;\">: Conversa Spanish Institute<\/span><\/li>\n<li style=\"font-weight: 400;\" aria-level=\"1\"><b>CIF<\/b><span style=\"font-weight: 400;\">: B16808891<\/span><\/li>\n<li style=\"font-weight: 400;\" aria-level=\"1\"><b>Indirizzo fiscale<\/b><span style=\"font-weight: 400;\">: <\/span><span style=\"font-weight: 400;\">&nbsp;C\/ Marqu\u00e9s de Sotelo,3, planta 2, puerta 4 46002, Valencia<\/span><\/li>\n<li style=\"font-weight: 400;\" aria-level=\"1\"><b>Email<\/b><span style=\"font-weight: 400;\">: admin@conversainstitute.com<\/span><\/li>\n<li style=\"font-weight: 400;\" aria-level=\"1\"><b>Attivit\u00e0<\/b><span style=\"font-weight: 400;\">: Diffusione e insegnamento delle lingue<\/span><\/li>\n<\/ul>\n<div>&nbsp;<br><br><\/div>\n<h4><b>Riservatezza e protezione dei dati<\/b><\/h4>\n<p>Il titolare informa l'Utente che esiste un archivio automatizzato in cui vengono memorizzati i dati forniti dall'Utente. Lo scopo di tale archivio \u00e8 quello di mantenere e gestire il rapporto con l'utente e di fornire informazioni. Il titolare chieder\u00e0 all'utente i dati necessari per la fornitura del servizio al momento dell'accettazione delle suddette condizioni generali. <a href=\"https:\/\/conversaspanishinstitute.com\/it\/informativa-sulla-privacy\/\" style=\"\"><b>Informativa sulla privacy qui.<\/b><\/a><\/p>\n<h4><b><br><\/b><\/h4><h4><b>File e moduli di registrazione<\/b><\/h4>\n<p><span style=\"font-weight: 400;\">La compilazione del modulo di registrazione \u00e8 essenziale per usufruire di alcuni dei servizi offerti sul web. Se non fornisci i dati richiesti o non sei d'accordo con questa politica di protezione dei dati, non potrai iscriverti, registrarti o partecipare alle promozioni per le quali i tuoi dati sono necessari.<\/span><\/p>\n<p><span style=\"font-weight: 400;\">I dati personali ottenuti dall'utente al momento della registrazione come Utente saranno inseriti in un archivio gestito in modo sicuro dal titolare. L'archivio ha implementato le misure di sicurezza necessarie per mantenere la riservatezza dei dati forniti dall'utente.<\/span><\/p>\n<h4><b><br><\/b><\/h4><h4><b>Accuratezza e veridicit\u00e0 dei dati forniti<\/b><\/h4>\n<p><span style=\"font-weight: 400;\">L'utente \u00e8 l'unico responsabile dell'accuratezza e della veridicit\u00e0 dei dati. Il proprietario \u00e8 esente da qualsiasi responsabilit\u00e0 in merito. Saranno gli utenti a garantire che i dati forniti siano autentici, accurati, non siano cambiati e rimangano invariati. Inoltre, si impegneranno a mantenerli aggiornati. Il proprietario non sar\u00e0 responsabile di eventuali danni ipotetici che l'uso di tali informazioni potrebbe causare.<\/span><\/p>\n<h4><b><br><\/b><\/h4><h4><b>Informativa sui cookie<\/b><\/h4>\n<p>Utilizziamo i cookie per migliorare la tua esperienza di utente. Se navighi sul nostro sito web, accetti l'uso dei cookie alle condizioni stabilite in questo documento. <b><a href=\"https:\/\/conversaspanishinstitute.com\/it\/informativa-sui-cookie\/\" style=\"\">Politica sui cookie.<\/a> <\/b><span style=\"font-weight: 400;\">Questa informativa potrebbe essere aggiornata, pertanto ti invitiamo a rivederla regolarmente.<\/span><\/p>\n<p><b>Cosa sono i cookie e a cosa servono?<\/b><span style=\"font-weight: 400;\"> I cookie sono piccoli file che vengono installati sul computer o sul dispositivo durante la navigazione sul web\/applicazioni per tenere traccia delle tue preferenze e ricordarle quando ci visiti di nuovo. L'obiettivo \u00e8 quello di facilitare l'utilizzo e la navigazione degli utenti.<\/span><\/p>\n<p><b>Come utilizziamo i cookie?<\/b><span style=\"font-weight: 400;\"> La navigazione sul sito web di conversaspanishinstitute.com implica l'installazione dei seguenti tipi di cookie:<\/span><\/p>\n<ul>\n<li style=\"font-weight: 400;\" aria-level=\"1\"><b>Biscotti essenziali<\/b><span style=\"font-weight: 400;\">: Sono strettamente necessari per il funzionamento di un sito web. Senza di essi, un sito web non pu\u00f2 funzionare correttamente. Per questo motivo, non richiediamo il tuo consenso esplicito per questi cookie.<\/span><\/li>\n<li style=\"font-weight: 400;\" aria-level=\"1\"><b>Cookie funzionali<\/b><span style=\"font-weight: 400;\">: Vengono utilizzati per migliorare la funzionalit\u00e0 del sito web. Ad esempio, i cookie che ricordano i contenuti che hai visualizzato in precedenza su questo sito web o l'indirizzo e-mail e la password forniti durante la registrazione in una visita precedente.<\/span><\/li>\n<li style=\"\" aria-level=\"1\"><b style=\"font-weight: 400;\">Cookie analitici e pubblicitari propri o di terze parti<\/b><span style=\"font-weight: 400;\">: Ci forniscono informazioni statistiche sull'utilizzo del portale da parte degli utenti. Questi cookie non consentono l'identificazione dell'utente in quanto le informazioni raccolte sono anonime e saranno utilizzate solo per migliorare le pagine e la navigazione nel portale, le statistiche di utilizzo, la velocit\u00e0 di ricerca, la misurazione dell'attivit\u00e0 del sito web, ecc. Questo sito web utilizza Google Analytics, uno strumento di analisi web gratuito. Maggiori informazioni sono disponibili qui: <\/span><a href=\"https:\/\/developers.google.com\/analytics\/devguides\/collection\/analyticsjs\/cookie-usage\" style=\"\"><b>https:\/\/developers.google.com\/analytics\/devguides\/collection\/analyticsjs\/cookie-usage<\/b><\/a><\/li>\n<\/ul>\n<div>&nbsp;<\/div>\n<p><b>Come puoi impedire l'installazione dei cookie?<\/b><span style=\"font-weight: 400;\"> Puoi consentire, bloccare o eliminare i cookie installati sul tuo computer configurando le opzioni del tuo browser internet. Se li blocchi, \u00e8 possibile che alcuni servizi che richiedono il loro utilizzo non siano disponibili per te. Di seguito ti proponiamo dei link in cui troverai informazioni su come attivare le tue preferenze nei principali browser:<\/span><\/p>\n<ul>\n<li style=\"\" aria-level=\"1\"><a href=\"https:\/\/support.mozilla.org\/es\/kb\/cookies-informacion-que-los-sitios-web-guardan-en-\" style=\"\"><b>Cookie Firefox<\/b><\/a><\/li>\n<li style=\"\" aria-level=\"1\"><a href=\"https:\/\/support.google.com\/chrome\/answer\/95647?hl=es\"><b>Cookie Chrome<\/b><\/a><\/li>\n<li style=\"\" aria-level=\"1\"><a href=\"http:\/\/windows.microsoft.com\/es-xl\/internet-explorer\/delete-manage-cookies#ie=ie-11\"><b>Cookie IExplorer<\/b><\/a><\/li>\n<li style=\"\" aria-level=\"1\"><a href=\"https:\/\/support.apple.com\/kb\/ph5042\"><b>Cookie Safari<\/b><\/a><\/li>\n<li style=\"\" aria-level=\"1\"><a href=\"http:\/\/help.opera.com\/Linux\/10.60\/es-ES\/cookies.html\" style=\"\"><b>Cookie Opera<\/b><\/a><\/li>\n<\/ul>\n<div>&nbsp;<br><br><\/div>\n<h4><b>Misure di sicurezza<\/b><\/h4>\n<p><span style=\"font-weight: 400;\">Il titolare ha adottato le misure di sicurezza necessarie per proteggere i dati personali. Inoltre, cerchiamo di installare altre misure e risorse tecniche a nostra disposizione per archiviare correttamente i dati forniti e per garantire che nessuno possa utilizzarli in modo malevolo, modificarli, perderli, utilizzarli senza autorizzazione o rubarli. Il titolare non sar\u00e0 responsabile di eventuali danni se questi sono stati causati dalle seguenti cause e se la causa \u00e8 estranea al titolare: interferenze, omissioni, interruzioni, virus informatici, guasti telefonici o disconnessioni del sistema elettronico; ritardi o ostacoli all'utilizzo del sistema elettronico dovuti al sovraccarico delle linee telefoniche o di altri sistemi elettronici.<\/span><\/p>\n<h4><b><br><\/b><\/h4><h4><b>Accettazione e consenso<\/b><\/h4>\n<p><span style=\"font-weight: 400;\">L'utente deve essere a conoscenza delle condizioni di protezione dei dati e del loro trattamento da parte del titolare. Alcuni dei servizi offerti sul portale possono avere condizioni speciali e presupposti specifici in materia di protezione dei dati. Per quanto riguarda l'interpretazione, l'osservanza o la non osservanza di queste condizioni, le parti si sottomettono espressamente alla giurisdizione delle Corti e dei Tribunali della citt\u00e0 di Valencia.<\/span><\/p>\t\t\t\t\t\t\t\t<\/div>\n\t\t\t\t<\/div>\n\t\t\t\t\t<\/div>\n\t\t<\/div>\n\t\t\t\t\t<\/div>\n\t\t<\/section>\n\t\t\t\t<\/div>","protected":false},"excerpt":{"rendered":"<p>Avviso legale di Conversa Spanish Institute Tutti gli elementi che compongono il contenuto di questa pagina web, identificati dal dominio https:\/\/www.conversaspanishinstitute.com, https:\/\/app.conversaspanishinstitute.com o da qualsiasi sottodominio, compresi i nomi commerciali, i marchi o i segni distintivi in essi contenuti, sono protetti da copyright. Dati identificativi della parte responsabile Nome dell'azienda: CONVERSA 2021 LANGUAGE INSTITUTE SL Nome commerciale: Conversa [...]<\/p>","protected":false},"author":6,"featured_media":0,"parent":0,"menu_order":0,"comment_status":"closed","ping_status":"closed","template":"elementor_header_footer","meta":{"_acf_changed":false,"footnotes":""},"class_list":["post-4272","page","type-page","status-publish","hentry"],"acf":[],"jetpack_sharing_enabled":true,"_links":{"self":[{"href":"https:\/\/conversaspanishinstitute.com\/it\/wp-json\/wp\/v2\/pages\/4272","targetHints":{"allow":["GET"]}}],"collection":[{"href":"https:\/\/conversaspanishinstitute.com\/it\/wp-json\/wp\/v2\/pages"}],"about":[{"href":"https:\/\/conversaspanishinstitute.com\/it\/wp-json\/wp\/v2\/types\/page"}],"author":[{"embeddable":true,"href":"https:\/\/conversaspanishinstitute.com\/it\/wp-json\/wp\/v2\/users\/6"}],"replies":[{"embeddable":true,"href":"https:\/\/conversaspanishinstitute.com\/it\/wp-json\/wp\/v2\/comments?post=4272"}],"version-history":[{"count":19,"href":"https:\/\/conversaspanishinstitute.com\/it\/wp-json\/wp\/v2\/pages\/4272\/revisions"}],"predecessor-version":[{"id":18412,"href":"https:\/\/conversaspanishinstitute.com\/it\/wp-json\/wp\/v2\/pages\/4272\/revisions\/18412"}],"wp:attachment":[{"href":"https:\/\/conversaspanishinstitute.com\/it\/wp-json\/wp\/v2\/media?parent=4272"}],"curies":[{"name":"wp","href":"https:\/\/api.w.org\/{rel}","templated":true}]}}