{"id":7938,"date":"2022-03-15T19:17:44","date_gmt":"2022-03-15T19:17:44","guid":{"rendered":"http:\/\/conversaspanishinstitute.com\/?page_id=7938"},"modified":"2022-03-17T03:31:14","modified_gmt":"2022-03-17T03:31:14","slug":"caffe-con-alvaro","status":"publish","type":"page","link":"https:\/\/conversaspanishinstitute.com\/it\/caffe-con-alvaro\/","title":{"rendered":"Caff\u00e8 con \u00c1lvaro"},"content":{"rendered":"<div data-elementor-type=\"wp-post\" data-elementor-id=\"7938\" class=\"elementor elementor-7938\" data-elementor-post-type=\"page\">\n\t\t\t\t\t\t<section data-particle_enable=\"false\" data-particle-mobile-disabled=\"false\" class=\"elementor-section elementor-top-section elementor-element elementor-element-0535c4d about-us elementor-section-boxed elementor-section-height-default elementor-section-height-default\" data-id=\"0535c4d\" data-element_type=\"section\" data-settings=\"{&quot;background_background&quot;:&quot;classic&quot;,&quot;jet_parallax_layout_list&quot;:[]}\">\n\t\t\t\t\t\t\t<div class=\"elementor-background-overlay\"><\/div>\n\t\t\t\t\t\t\t<div class=\"elementor-container elementor-column-gap-default\">\n\t\t\t\t\t<div class=\"elementor-column elementor-col-100 elementor-top-column elementor-element elementor-element-468bc7a\" data-id=\"468bc7a\" data-element_type=\"column\">\n\t\t\t<div class=\"elementor-widget-wrap elementor-element-populated\">\n\t\t\t\t\t\t<div class=\"elementor-element elementor-element-f7a2bea elementor-invisible elementor-widget elementor-widget-heading\" data-id=\"f7a2bea\" data-element_type=\"widget\" data-settings=\"{&quot;_animation&quot;:&quot;slideInUp&quot;}\" data-widget_type=\"heading.default\">\n\t\t\t\t<div class=\"elementor-widget-container\">\n\t\t\t\t\t<h1 class=\"elementor-heading-title elementor-size-small\">Caff\u00e8 <span class=\"yell\">con \u00c1lvaro<\/span><\/h1>\t\t\t\t<\/div>\n\t\t\t\t<\/div>\n\t\t\t\t<div class=\"elementor-element elementor-element-e1107e2 elementor-widget elementor-widget-text-editor\" data-id=\"e1107e2\" data-element_type=\"widget\" data-widget_type=\"text-editor.default\">\n\t\t\t\t<div class=\"elementor-widget-container\">\n\t\t\t\t\t\t\t\t\t<p style=\"letter-spacing: normal;\">Qui puoi chiamare \u00c1lvaro, se non c'\u00e8 una data in cui puoi farlo, scrivi a alvaro@conversainstitute.com con la tua disponibilit\u00e0 e ti risponderemo in modo esauriente.\u00a0<\/p>\t\t\t\t\t\t\t\t<\/div>\n\t\t\t\t<\/div>\n\t\t\t\t\t<\/div>\n\t\t<\/div>\n\t\t\t\t\t<\/div>\n\t\t<\/section>\n\t\t\t\t<section data-particle_enable=\"false\" data-particle-mobile-disabled=\"false\" class=\"elementor-section elementor-top-section elementor-element elementor-element-5ebee23 elementor-section-boxed elementor-section-height-default elementor-section-height-default\" data-id=\"5ebee23\" data-element_type=\"section\" data-settings=\"{&quot;background_background&quot;:&quot;classic&quot;,&quot;jet_parallax_layout_list&quot;:[]}\">\n\t\t\t\t\t\t<div class=\"elementor-container elementor-column-gap-default\">\n\t\t\t\t\t<div class=\"elementor-column elementor-col-100 elementor-top-column elementor-element elementor-element-3cb34d4\" data-id=\"3cb34d4\" data-element_type=\"column\">\n\t\t\t<div class=\"elementor-widget-wrap elementor-element-populated\">\n\t\t\t\t\t\t<div class=\"elementor-element elementor-element-c164dc5 elementor-widget elementor-widget-html\" data-id=\"c164dc5\" data-element_type=\"widget\" data-widget_type=\"html.default\">\n\t\t\t\t<div class=\"elementor-widget-container\">\n\t\t\t\t\t<iframe src=\"https:\/\/koalendar.com\/e\/cafe-con-alvaro?embed=true\" width=\"100%\" height=\"800px\" frameborder=\"0\"><\/iframe>\t\t\t\t<\/div>\n\t\t\t\t<\/div>\n\t\t\t\t\t<\/div>\n\t\t<\/div>\n\t\t\t\t\t<\/div>\n\t\t<\/section>\n\t\t\t\t<section data-particle_enable=\"false\" data-particle-mobile-disabled=\"false\" class=\"elementor-section elementor-top-section elementor-element elementor-element-8747f9c elementor-section-boxed elementor-section-height-default elementor-section-height-default\" data-id=\"8747f9c\" data-element_type=\"section\" data-settings=\"{&quot;jet_parallax_layout_list&quot;:[]}\">\n\t\t\t\t\t\t<div class=\"elementor-container elementor-column-gap-default\">\n\t\t\t\t\t<div class=\"elementor-column elementor-col-100 elementor-top-column elementor-element elementor-element-65d8cbf\" data-id=\"65d8cbf\" data-element_type=\"column\">\n\t\t\t<div class=\"elementor-widget-wrap elementor-element-populated\">\n\t\t\t\t\t\t<div class=\"elementor-element elementor-element-4afa5563 elementor-widget elementor-widget-text-editor\" data-id=\"4afa5563\" data-element_type=\"widget\" data-widget_type=\"text-editor.default\">\n\t\t\t\t<div class=\"elementor-widget-container\">\n\t\t\t\t\t\t\t\t\t<p><span style=\"font-size: inherit; font-style: inherit; font-weight: inherit; letter-spacing: 0.1px;\">Siamo pi\u00f9 di un<\/span><span class=\"yell\" style=\"font-size: inherit; font-style: inherit; font-weight: inherit; letter-spacing: 0.1px;\">\u00a0scuola di lingue<\/span><\/p>\t\t\t\t\t\t\t\t<\/div>\n\t\t\t\t<\/div>\n\t\t\t\t<div class=\"elementor-element elementor-element-2a1113b elementor-widget elementor-widget-text-editor\" data-id=\"2a1113b\" data-element_type=\"widget\" data-widget_type=\"text-editor.default\">\n\t\t\t\t<div class=\"elementor-widget-container\">\n\t\t\t\t\t\t\t\t\tA Conversa Spanish Institute,<strong> ci concentriamo sulla tua mentalit\u00e0<\/strong> e ti aiuter\u00e0 a superare le convinzioni negative.\n\nGrazie al nostro approccio unico, svilupperai i principi di una buona mentalit\u00e0 per intraprendere il cammino che ti porter\u00e0 a imparare finalmente a parlare lo spagnolo -. <strong>non solo memorizzare le parole del vocabolario<\/strong>.\n\nConcentrandoti sul tuo <strong>motivazione, fiducia e resilienza<\/strong>creiamo una solida base per aiutarti a imparare a parlare spagnolo pi\u00f9 velocemente e pi\u00f9 facilmente.\n<h5>Siamo il tuo vantaggio sleale per imparare una nuova lingua.<\/h5>\t\t\t\t\t\t\t\t<\/div>\n\t\t\t\t<\/div>\n\t\t\t\t\t<\/div>\n\t\t<\/div>\n\t\t\t\t\t<\/div>\n\t\t<\/section>\n\t\t\t\t<section data-particle_enable=\"false\" data-particle-mobile-disabled=\"false\" class=\"elementor-section elementor-top-section elementor-element elementor-element-098ed3a elementor-section-boxed elementor-section-height-default elementor-section-height-default\" data-id=\"098ed3a\" data-element_type=\"section\" data-settings=\"{&quot;background_background&quot;:&quot;classic&quot;,&quot;jet_parallax_layout_list&quot;:[]}\">\n\t\t\t\t\t\t<div class=\"elementor-container elementor-column-gap-default\">\n\t\t\t\t\t<div class=\"elementor-column elementor-col-100 elementor-top-column elementor-element elementor-element-7574746\" data-id=\"7574746\" data-element_type=\"column\">\n\t\t\t<div class=\"elementor-widget-wrap elementor-element-populated\">\n\t\t\t\t\t\t<div class=\"elementor-element elementor-element-fd40db8 elementor-widget elementor-widget-image\" data-id=\"fd40db8\" data-element_type=\"widget\" data-widget_type=\"image.default\">\n\t\t\t\t<div class=\"elementor-widget-container\">\n\t\t\t\t\t\t\t\t\t\t\t\t\t\t\t<img decoding=\"async\" width=\"200\" height=\"193\" src=\"https:\/\/conversaspanishinstitute.com\/wp-content\/uploads\/2022\/01\/favicon.png\" class=\"attachment-full size-full wp-image-4449\" alt=\"\" \/>\t\t\t\t\t\t\t\t\t\t\t\t\t\t\t<\/div>\n\t\t\t\t<\/div>\n\t\t\t\t<div class=\"elementor-element elementor-element-43a2d9ec elementor-widget elementor-widget-heading\" data-id=\"43a2d9ec\" data-element_type=\"widget\" data-widget_type=\"heading.default\">\n\t\t\t\t<div class=\"elementor-widget-container\">\n\t\t\t\t\t<h2 class=\"elementor-heading-title elementor-size-default\">Il nostro fantastico <span class=\"yell\">Squadra<\/span><\/h2>\t\t\t\t<\/div>\n\t\t\t\t<\/div>\n\t\t\t\t\t<\/div>\n\t\t<\/div>\n\t\t\t\t\t<\/div>\n\t\t<\/section>\n\t\t\t\t<section data-particle_enable=\"false\" data-particle-mobile-disabled=\"false\" class=\"elementor-section elementor-top-section elementor-element elementor-element-0753940 elementor-section-boxed elementor-section-height-default elementor-section-height-default\" data-id=\"0753940\" data-element_type=\"section\" data-settings=\"{&quot;background_background&quot;:&quot;classic&quot;,&quot;animation&quot;:&quot;none&quot;,&quot;jet_parallax_layout_list&quot;:[]}\">\n\t\t\t\t\t\t<div class=\"elementor-container elementor-column-gap-default\">\n\t\t\t\t\t<div class=\"elementor-column elementor-col-33 elementor-top-column elementor-element elementor-element-686e450 elementor-invisible\" data-id=\"686e450\" data-element_type=\"column\" data-settings=\"{&quot;background_background&quot;:&quot;gradient&quot;,&quot;animation&quot;:&quot;slideInUp&quot;}\">\n\t\t\t<div class=\"elementor-widget-wrap elementor-element-populated\">\n\t\t\t\t\t\t<div class=\"elementor-element elementor-element-58c2462c elementor-widget elementor-widget-image\" data-id=\"58c2462c\" data-element_type=\"widget\" data-widget_type=\"image.default\">\n\t\t\t\t<div class=\"elementor-widget-container\">\n\t\t\t\t\t\t\t\t\t\t\t\t\t\t\t<img fetchpriority=\"high\" decoding=\"async\" width=\"430\" height=\"417\" src=\"https:\/\/conversaspanishinstitute.com\/wp-content\/uploads\/2022\/02\/alvaro-bub.jpg\" class=\"elementor-animation-grow attachment-large size-large wp-image-6793\" alt=\"\" srcset=\"https:\/\/conversaspanishinstitute.com\/wp-content\/uploads\/2022\/02\/alvaro-bub.jpg 430w, https:\/\/conversaspanishinstitute.com\/wp-content\/uploads\/2022\/02\/alvaro-bub-300x291.jpg 300w\" sizes=\"(max-width: 430px) 100vw, 430px\" \/>\t\t\t\t\t\t\t\t\t\t\t\t\t\t\t<\/div>\n\t\t\t\t<\/div>\n\t\t\t\t<div class=\"elementor-element elementor-element-9888e57 elementor-widget elementor-widget-heading\" data-id=\"9888e57\" data-element_type=\"widget\" data-widget_type=\"heading.default\">\n\t\t\t\t<div class=\"elementor-widget-container\">\n\t\t\t\t\t<h2 class=\"elementor-heading-title elementor-size-default\"><span class=\"gra\">\u00c1lvaro Sesmillo<\/h2>\t\t\t\t<\/div>\n\t\t\t\t<\/div>\n\t\t\t\t<div class=\"elementor-element elementor-element-7ddb0d30 elementor-widget elementor-widget-text-editor\" data-id=\"7ddb0d30\" data-element_type=\"widget\" data-widget_type=\"text-editor.default\">\n\t\t\t\t<div class=\"elementor-widget-container\">\n\t\t\t\t\t\t\t\t\t<p>\u00c1lvaro ha conseguito una laurea in Filologia Ispanica e una specializzazione in ELE presso l'Universidad Complutense de Madrid. Ha inoltre conseguito un Master in Didattica dello Spagnolo presso l'Universit\u00e0 di Alcal\u00e1. <strong>Ha insegnato ELE\/EL2 nei Paesi Bassi, in Polonia, a Singapur e in Spagna.<\/strong> \u00c8 stato responsabile del dipartimento di lingua e cultura spagnola presso l'Akademia Morska e responsabile degli studi presso l'EF di Madrid. \u00c8 autore del corso digitale<strong> <i>'Hablamos'<\/i> <\/strong>livello B1 dell'Editoriale Edinumen.<\/p>\t\t\t\t\t\t\t\t<\/div>\n\t\t\t\t<\/div>\n\t\t\t\t\t<\/div>\n\t\t<\/div>\n\t\t\t\t<div class=\"elementor-column elementor-col-33 elementor-top-column elementor-element elementor-element-fe1f132 elementor-invisible\" data-id=\"fe1f132\" data-element_type=\"column\" data-settings=\"{&quot;animation&quot;:&quot;slideInUp&quot;,&quot;background_background&quot;:&quot;gradient&quot;,&quot;animation_delay&quot;:100}\">\n\t\t\t<div class=\"elementor-widget-wrap elementor-element-populated\">\n\t\t\t\t\t\t<div class=\"elementor-element elementor-element-6cd99bb3 elementor-widget elementor-widget-image\" data-id=\"6cd99bb3\" data-element_type=\"widget\" data-widget_type=\"image.default\">\n\t\t\t\t<div class=\"elementor-widget-container\">\n\t\t\t\t\t\t\t\t\t\t\t\t\t\t\t<img decoding=\"async\" width=\"430\" height=\"417\" src=\"https:\/\/conversaspanishinstitute.com\/wp-content\/uploads\/2022\/02\/elena-esteve-buble-1.jpg\" class=\"elementor-animation-grow attachment-large size-large wp-image-6795\" alt=\"\" srcset=\"https:\/\/conversaspanishinstitute.com\/wp-content\/uploads\/2022\/02\/elena-esteve-buble-1.jpg 430w, https:\/\/conversaspanishinstitute.com\/wp-content\/uploads\/2022\/02\/elena-esteve-buble-1-300x291.jpg 300w\" sizes=\"(max-width: 430px) 100vw, 430px\" \/>\t\t\t\t\t\t\t\t\t\t\t\t\t\t\t<\/div>\n\t\t\t\t<\/div>\n\t\t\t\t<div class=\"elementor-element elementor-element-6be5559 elementor-widget elementor-widget-heading\" data-id=\"6be5559\" data-element_type=\"widget\" data-widget_type=\"heading.default\">\n\t\t\t\t<div class=\"elementor-widget-container\">\n\t\t\t\t\t<h2 class=\"elementor-heading-title elementor-size-default\"><span class=\"gra\">Elena Esteve<\/h2>\t\t\t\t<\/div>\n\t\t\t\t<\/div>\n\t\t\t\t<div class=\"elementor-element elementor-element-4e9a6ab9 elementor-widget elementor-widget-text-editor\" data-id=\"4e9a6ab9\" data-element_type=\"widget\" data-widget_type=\"text-editor.default\">\n\t\t\t\t<div class=\"elementor-widget-container\">\n\t\t\t\t\t\t\t\t\t<p>Elena ha conseguito una laurea in <strong>Traduzione e interpretariato all'Universit\u00e0 Jaume I<\/strong>. Ha conseguito un diploma in ELE e un master in formazione degli insegnanti per l'istruzione secondaria obbligatoria, l'istruzione secondaria superiore, la formazione professionale e l'insegnamento delle lingue. Ha una vasta esperienza come insegnante di lingue.<\/p>\t\t\t\t\t\t\t\t<\/div>\n\t\t\t\t<\/div>\n\t\t\t\t\t<\/div>\n\t\t<\/div>\n\t\t\t\t<div class=\"elementor-column elementor-col-33 elementor-top-column elementor-element elementor-element-8681362 elementor-invisible\" data-id=\"8681362\" data-element_type=\"column\" data-settings=\"{&quot;animation&quot;:&quot;slideInUp&quot;,&quot;background_background&quot;:&quot;gradient&quot;,&quot;animation_delay&quot;:200}\">\n\t\t\t<div class=\"elementor-widget-wrap elementor-element-populated\">\n\t\t\t\t\t\t<div class=\"elementor-element elementor-element-64fb547 elementor-widget elementor-widget-image\" data-id=\"64fb547\" data-element_type=\"widget\" data-widget_type=\"image.default\">\n\t\t\t\t<div class=\"elementor-widget-container\">\n\t\t\t\t\t\t\t\t\t\t\t\t\t\t\t<img loading=\"lazy\" decoding=\"async\" width=\"430\" height=\"417\" src=\"https:\/\/conversaspanishinstitute.com\/wp-content\/uploads\/2022\/02\/Marta-ezquerro-1.jpg\" class=\"elementor-animation-grow attachment-large size-large wp-image-6797\" alt=\"\" srcset=\"https:\/\/conversaspanishinstitute.com\/wp-content\/uploads\/2022\/02\/Marta-ezquerro-1.jpg 430w, https:\/\/conversaspanishinstitute.com\/wp-content\/uploads\/2022\/02\/Marta-ezquerro-1-300x291.jpg 300w\" sizes=\"(max-width: 430px) 100vw, 430px\" \/>\t\t\t\t\t\t\t\t\t\t\t\t\t\t\t<\/div>\n\t\t\t\t<\/div>\n\t\t\t\t<div class=\"elementor-element elementor-element-c99515a elementor-widget elementor-widget-heading\" data-id=\"c99515a\" data-element_type=\"widget\" data-widget_type=\"heading.default\">\n\t\t\t\t<div class=\"elementor-widget-container\">\n\t\t\t\t\t<h2 class=\"elementor-heading-title elementor-size-default\"><span class=\"gra\">Marta Ezquerro<\/h2>\t\t\t\t<\/div>\n\t\t\t\t<\/div>\n\t\t\t\t<div class=\"elementor-element elementor-element-c5cfaf5 elementor-widget elementor-widget-text-editor\" data-id=\"c5cfaf5\" data-element_type=\"widget\" data-widget_type=\"text-editor.default\">\n\t\t\t\t<div class=\"elementor-widget-container\">\n\t\t\t\t\t\t\t\t\t<p>Marta ha conseguito la laurea in Filologia spagnola presso l'Universit\u00e0 di Barcellona. Ha seguito i corsi di dottorato <strong>(specializzato in letteratura spagnola del Secolo d'Oro)<\/strong> all'Universidad Complutense de Madrid, prima di iniziare a insegnare lo spagnolo come lingua straniera. Ha conseguito un Master in ELE presso l'Universit\u00e0 Men\u00e9ndez Pelayo di Santander. Ha insegnato ad aziende e privati per oltre <strong>20 anni<\/strong> e ha iniziato a insegnare online due anni fa.<\/p>\t\t\t\t\t\t\t\t<\/div>\n\t\t\t\t<\/div>\n\t\t\t\t\t<\/div>\n\t\t<\/div>\n\t\t\t\t\t<\/div>\n\t\t<\/section>\n\t\t\t\t<section data-particle_enable=\"false\" data-particle-mobile-disabled=\"false\" class=\"elementor-section elementor-top-section elementor-element elementor-element-3c873cf elementor-section-boxed elementor-section-height-default elementor-section-height-default\" data-id=\"3c873cf\" data-element_type=\"section\" data-settings=\"{&quot;background_background&quot;:&quot;classic&quot;,&quot;jet_parallax_layout_list&quot;:[]}\">\n\t\t\t\t\t\t<div class=\"elementor-container elementor-column-gap-default\">\n\t\t\t\t\t<div class=\"elementor-column elementor-col-33 elementor-top-column elementor-element elementor-element-470ec13 elementor-invisible\" data-id=\"470ec13\" data-element_type=\"column\" data-settings=\"{&quot;animation&quot;:&quot;slideInUp&quot;,&quot;background_background&quot;:&quot;gradient&quot;}\">\n\t\t\t<div class=\"elementor-widget-wrap elementor-element-populated\">\n\t\t\t\t\t\t<div class=\"elementor-element elementor-element-d14f053 elementor-widget elementor-widget-image\" data-id=\"d14f053\" data-element_type=\"widget\" data-widget_type=\"image.default\">\n\t\t\t\t<div class=\"elementor-widget-container\">\n\t\t\t\t\t\t\t\t\t\t\t\t\t\t\t<img loading=\"lazy\" decoding=\"async\" width=\"430\" height=\"417\" src=\"https:\/\/conversaspanishinstitute.com\/wp-content\/uploads\/2022\/02\/olaya-buble-chat.jpg\" class=\"elementor-animation-grow attachment-large size-large wp-image-6798\" alt=\"\" srcset=\"https:\/\/conversaspanishinstitute.com\/wp-content\/uploads\/2022\/02\/olaya-buble-chat.jpg 430w, https:\/\/conversaspanishinstitute.com\/wp-content\/uploads\/2022\/02\/olaya-buble-chat-300x291.jpg 300w\" sizes=\"(max-width: 430px) 100vw, 430px\" \/>\t\t\t\t\t\t\t\t\t\t\t\t\t\t\t<\/div>\n\t\t\t\t<\/div>\n\t\t\t\t<div class=\"elementor-element elementor-element-b7a4e6e elementor-widget elementor-widget-heading\" data-id=\"b7a4e6e\" data-element_type=\"widget\" data-widget_type=\"heading.default\">\n\t\t\t\t<div class=\"elementor-widget-container\">\n\t\t\t\t\t<h2 class=\"elementor-heading-title elementor-size-default\"><span>S<\/span><span class=\"gra\">Olaya Fern\u00e1ndez<\/span><\/h2>\t\t\t\t<\/div>\n\t\t\t\t<\/div>\n\t\t\t\t<div class=\"elementor-element elementor-element-11b6c92d elementor-widget elementor-widget-text-editor\" data-id=\"11b6c92d\" data-element_type=\"widget\" data-widget_type=\"text-editor.default\">\n\t\t\t\t<div class=\"elementor-widget-container\">\n\t\t\t\t\t\t\t\t\t<p>Olaya ha un <strong>Laurea in Filologia Classica e Master in Educazione Secondaria con specializzazione in Latino, Greco e Spagnolo.<\/strong> \u00c8 specializzata nell'insegnamento dell'ESL ai bambini dal 2012. Olaya ha iniziato a collaborare con ELEInternacional nel 2017, creando contenuti per il blog e da allora non ha mai smesso di lavorarci. Quest'anno \u00e8 diventata una collaboratrice di ELEInternacional. <strong>consulente didattico online per bambini.<\/strong><\/p>\t\t\t\t\t\t\t\t<\/div>\n\t\t\t\t<\/div>\n\t\t\t\t\t<\/div>\n\t\t<\/div>\n\t\t\t\t<div class=\"elementor-column elementor-col-33 elementor-top-column elementor-element elementor-element-0c71cc9 elementor-invisible\" data-id=\"0c71cc9\" data-element_type=\"column\" data-settings=\"{&quot;animation&quot;:&quot;slideInUp&quot;,&quot;background_background&quot;:&quot;gradient&quot;,&quot;animation_delay&quot;:100}\">\n\t\t\t<div class=\"elementor-widget-wrap elementor-element-populated\">\n\t\t\t\t\t\t<div class=\"elementor-element elementor-element-de93e2e elementor-widget elementor-widget-image\" data-id=\"de93e2e\" data-element_type=\"widget\" data-widget_type=\"image.default\">\n\t\t\t\t<div class=\"elementor-widget-container\">\n\t\t\t\t\t\t\t\t\t\t\t\t\t\t\t<img loading=\"lazy\" decoding=\"async\" width=\"430\" height=\"417\" src=\"https:\/\/conversaspanishinstitute.com\/wp-content\/uploads\/2022\/02\/pilar-buble-chat.jpg\" class=\"elementor-animation-grow attachment-large size-large wp-image-6799\" alt=\"\" srcset=\"https:\/\/conversaspanishinstitute.com\/wp-content\/uploads\/2022\/02\/pilar-buble-chat.jpg 430w, https:\/\/conversaspanishinstitute.com\/wp-content\/uploads\/2022\/02\/pilar-buble-chat-300x291.jpg 300w\" sizes=\"(max-width: 430px) 100vw, 430px\" \/>\t\t\t\t\t\t\t\t\t\t\t\t\t\t\t<\/div>\n\t\t\t\t<\/div>\n\t\t\t\t<div class=\"elementor-element elementor-element-40a08ec elementor-widget elementor-widget-heading\" data-id=\"40a08ec\" data-element_type=\"widget\" data-widget_type=\"heading.default\">\n\t\t\t\t<div class=\"elementor-widget-container\">\n\t\t\t\t\t<h2 class=\"elementor-heading-title elementor-size-default\"><span class=\"gra\">Pilar Hern\u00e1ndez<\/span><\/h2>\t\t\t\t<\/div>\n\t\t\t\t<\/div>\n\t\t\t\t<div class=\"elementor-element elementor-element-39134cc elementor-widget elementor-widget-text-editor\" data-id=\"39134cc\" data-element_type=\"widget\" data-widget_type=\"text-editor.default\">\n\t\t\t\t<div class=\"elementor-widget-container\">\n\t\t\t\t\t\t\t\t\t<p>Pilar insegna spagnolo da 16 anni. <strong>Si \u00e8 laureata in filologia ispanica e si \u00e8 specializzata nell'insegnamento dello spagnolo come lingua straniera.<\/strong>. Attualmente \u00e8 creatrice di contenuti e insegnante di spagnolo.<\/p>\t\t\t\t\t\t\t\t<\/div>\n\t\t\t\t<\/div>\n\t\t\t\t\t<\/div>\n\t\t<\/div>\n\t\t\t\t<div class=\"elementor-column elementor-col-33 elementor-top-column elementor-element elementor-element-034e24f elementor-invisible\" data-id=\"034e24f\" data-element_type=\"column\" data-settings=\"{&quot;animation&quot;:&quot;slideInUp&quot;,&quot;background_background&quot;:&quot;gradient&quot;,&quot;animation_delay&quot;:200}\">\n\t\t\t<div class=\"elementor-widget-wrap elementor-element-populated\">\n\t\t\t\t\t\t<div class=\"elementor-element elementor-element-703980d elementor-widget elementor-widget-image\" data-id=\"703980d\" data-element_type=\"widget\" data-widget_type=\"image.default\">\n\t\t\t\t<div class=\"elementor-widget-container\">\n\t\t\t\t\t\t\t\t\t\t\t\t\t\t\t<img loading=\"lazy\" decoding=\"async\" width=\"430\" height=\"417\" src=\"https:\/\/conversaspanishinstitute.com\/wp-content\/uploads\/2022\/02\/andrea-buble-chat-1.jpg\" class=\"elementor-animation-grow attachment-large size-large wp-image-6794\" alt=\"\" srcset=\"https:\/\/conversaspanishinstitute.com\/wp-content\/uploads\/2022\/02\/andrea-buble-chat-1.jpg 430w, https:\/\/conversaspanishinstitute.com\/wp-content\/uploads\/2022\/02\/andrea-buble-chat-1-300x291.jpg 300w\" sizes=\"(max-width: 430px) 100vw, 430px\" \/>\t\t\t\t\t\t\t\t\t\t\t\t\t\t\t<\/div>\n\t\t\t\t<\/div>\n\t\t\t\t<div class=\"elementor-element elementor-element-64e1fb6 elementor-widget elementor-widget-heading\" data-id=\"64e1fb6\" data-element_type=\"widget\" data-widget_type=\"heading.default\">\n\t\t\t\t<div class=\"elementor-widget-container\">\n\t\t\t\t\t<h2 class=\"elementor-heading-title elementor-size-default\"><span>S<\/span><span class=\"gra\">Andrea Storey<\/span><\/h2>\t\t\t\t<\/div>\n\t\t\t\t<\/div>\n\t\t\t\t<div class=\"elementor-element elementor-element-b3041e9 elementor-widget elementor-widget-text-editor\" data-id=\"b3041e9\" data-element_type=\"widget\" data-widget_type=\"text-editor.default\">\n\t\t\t\t<div class=\"elementor-widget-container\">\n\t\t\t\t\t\t\t\t\t<p>Andrea ha conseguito una laurea in Educazione e Linguistica Spagnola presso <strong>Southern Illinois University<\/strong>. Da studentessa universitaria, \u00e8 stata assistente di ricerca e ha contribuito alla ristrutturazione del corso di laurea in didattica dello spagnolo. Attualmente \u00e8 traduttrice freelance e insegnante di spagnolo.<\/p>\t\t\t\t\t\t\t\t<\/div>\n\t\t\t\t<\/div>\n\t\t\t\t\t<\/div>\n\t\t<\/div>\n\t\t\t\t\t<\/div>\n\t\t<\/section>\n\t\t\t\t<\/div>","protected":false},"excerpt":{"rendered":"<p>Caf\u00e9 con \u00c1lvaro Aqu\u00ed puedes agendar una llamada con \u00c1lvaro, si no hay una fecha que te funcione puedes escribir a alvaro@conversainstitute.com con la tua disponibilidad y te responderemos enseguida \ud83d\ude42 Siamo pi\u00f9 di una scuola di lingue In Conversa Spanish Institute ci concentriamo sulla tua mentalit\u00e0 e ti aiutiamo a superare le convinzioni negative. Con il nostro approccio unico, [...]<\/p>","protected":false},"author":1,"featured_media":0,"parent":0,"menu_order":0,"comment_status":"open","ping_status":"open","template":"elementor_header_footer","meta":{"_acf_changed":false,"footnotes":""},"class_list":["post-7938","page","type-page","status-publish","hentry"],"acf":[],"jetpack_sharing_enabled":true,"_links":{"self":[{"href":"https:\/\/conversaspanishinstitute.com\/it\/wp-json\/wp\/v2\/pages\/7938","targetHints":{"allow":["GET"]}}],"collection":[{"href":"https:\/\/conversaspanishinstitute.com\/it\/wp-json\/wp\/v2\/pages"}],"about":[{"href":"https:\/\/conversaspanishinstitute.com\/it\/wp-json\/wp\/v2\/types\/page"}],"author":[{"embeddable":true,"href":"https:\/\/conversaspanishinstitute.com\/it\/wp-json\/wp\/v2\/users\/1"}],"replies":[{"embeddable":true,"href":"https:\/\/conversaspanishinstitute.com\/it\/wp-json\/wp\/v2\/comments?post=7938"}],"version-history":[{"count":0,"href":"https:\/\/conversaspanishinstitute.com\/it\/wp-json\/wp\/v2\/pages\/7938\/revisions"}],"wp:attachment":[{"href":"https:\/\/conversaspanishinstitute.com\/it\/wp-json\/wp\/v2\/media?parent=7938"}],"curies":[{"name":"wp","href":"https:\/\/api.w.org\/{rel}","templated":true}]}}