{"id":12458,"date":"2023-05-23T18:59:39","date_gmt":"2023-05-23T18:59:39","guid":{"rendered":"https:\/\/conversaspanishinstitute.com\/?post_type=product&#038;p=12458"},"modified":"2023-05-23T19:07:38","modified_gmt":"2023-05-23T19:07:38","slug":"programma-di-sviluppo-professionale-certificato-a-novembre-per-professori-di-spagnolo-a-valencia","status":"publish","type":"product","link":"https:\/\/conversaspanishinstitute.com\/it\/prodotto\/programma-di-sviluppo-professionale-certificato-a-novembre-per-professori-di-spagnolo-a-valencia\/","title":{"rendered":"Programma di sviluppo professionale certificato di inverno per professori di spagnolo a Valencia"},"content":{"rendered":"<p><strong>Cosa include la formazione?<\/strong><\/p>\n<ul>\n<li>20 ore di corso virtuale + 20 ore di corso presenziale nella scuola di Conversa Spanish Institute<\/li>\n<li>Accesso gratuito per un anno alla formazione continua di ELEInternacional.<\/li>\n<li>Tour nel centro di Valencia<\/li>\n<li>Certificato di assistenza<\/li>\n<\/ul>\n<p>*Non sono inclusi alojamiento, trasporto e manutenzione durante la vacanza.<\/p>\n<p><strong>Quali contenuti ha la formazione?<\/strong><\/p>\n<ul>\n<li><strong>Programma del corso virtuale <\/strong>(attraverso la piattaforma educativa) - 20 ore\n<ul>\n<li><u>M\u00f3dulo 1 Insegnamento delle lingue a bambini e adolescenti<\/u> (4 horas)\n<ul>\n<li>Etapas del desarrollo cognitivo infantil (2h)<\/li>\n<li>Come insegnare agli adolescenti (2h)<\/li>\n<\/ul>\n<\/li>\n<li><u>M\u00f3dulo 2 La didattica dei contenuti del curriculum<\/u> (4 h)\n<ul>\n<li>La ense\u00f1anza del l\u00e9xico (2h)<\/li>\n<li>L'insegnamento della pronuncia, dell'intonazione e dell'ortografia (2h)<\/li>\n<\/ul>\n<\/li>\n<li><u>M\u00f3dulo 3 Factores individuales en la ense\u00f1anza de idiomas I<\/u> (4h)\n<ul>\n<li>Il trattamento dell'errore (2h)<\/li>\n<li>La ense\u00f1anza respetuosa (2h)<\/li>\n<\/ul>\n<\/li>\n<li><u>M\u00f3dulo 4 Factores individuales en la ense\u00f1anza de idiomas II<\/u> (4h)\n<ul>\n<li>Alterazioni dei fattori\/processi cognitivi dell'alunno di L2\/LE(I) (2h)<\/li>\n<li>Alterazioni nei fattori\/processi cognitivi dell'allievo di L2\/LE(II) (2h)<\/li>\n<\/ul>\n<\/li>\n<li><u>M\u00f3dulo 5 Creazione di materiale didattico<\/u> (4h)\n<ul>\n<li>Progettazione di materiali con Canva (1h)<\/li>\n<li>Progettazione di materiali con <em>Power Point<\/em> (3h)<\/li>\n<\/ul>\n<\/li>\n<li><strong>Programma del corso presenziale<\/strong> (Valencia) - 20 ore\n<ul>\n<li>Lunes - <u>M\u00f3dulo 1 Insegnamento delle lingue a bambini e adolescenti<\/u> (4h)\n<ul>\n<li>La motivazione nell'aula di spagnolo (2h)<\/li>\n<li>Gestione dell'aula e dinamiche di gruppo (2h)<\/li>\n<\/ul>\n<\/li>\n<li>Martes - <u>M\u00f3dulo 2 La didattica dei contenuti del curriculum<\/u> (4 h)\n<ul>\n<li>Insegnamento della grammatica. Nuove prospettive (2h)<\/li>\n<li>La componente interculturale (2 h)<\/li>\n<\/ul>\n<\/li>\n<li>Mi\u00e9rcoles - <u>M\u00f3dulo 3 Factores individuales en la ense\u00f1anza de idiomas I<\/u> (4h)\n<ul>\n<li>Apprendizaje emocional y afectivo (2h)<\/li>\n<li>Come gestire le emozioni in aula (2h)<\/li>\n<\/ul>\n<\/li>\n<li>Jueves - <u>M\u00f3dulo 4 Factores individuales en la ense\u00f1anza de idiomas II<\/u> (4h)\n<ul>\n<li>Lo sviluppo dell'identit\u00e0 linguistica (2h)<\/li>\n<li>Aiutare gli studenti a trovare la loro voce in spagnolo (2h)<\/li>\n<\/ul>\n<\/li>\n<li>Viernes - <u>M\u00f3dulo 5 Creazione di materiale didattico<\/u> (4h)\n<ul>\n<li>Gamificaci\u00f3n (2h)<\/li>\n<li>Uso di piattaforme e strumenti digitali (2h)<\/li>\n<\/ul>\n<\/li>\n<\/ul>\n<\/li>\n<\/ul>\n<\/li>\n<\/ul>","protected":false},"excerpt":{"rendered":"<p><strong>Cosa include la formazione?<\/strong><\/p>\n<ul>\n<li>20 ore di corso virtuale + 20 ore di corso presenziale nella scuola di Conversa Spanish Institute<\/li>\n<li>Accesso gratuito per un anno alla formazione continua di ELEInternacional.<\/li>\n<li>Tour nel centro di Valencia<\/li>\n<li>Certificato di assistenza<\/li>\n<\/ul>\n<p><strong>Fechas disponibili<\/strong><\/p>\n<ul>\n<li>17 al 21 luglio<\/li>\n<li>31 luglio al 5 agosto<\/li>\n<\/ul>\n<p>*Non sono inclusi alojamiento, trasporto e manutenzione durante la vacanza.<\/p>","protected":false},"featured_media":12459,"comment_status":"open","ping_status":"closed","template":"","meta":{"_acf_changed":false},"product_brand":[],"product_cat":[490],"product_tag":[],"class_list":{"0":"post-12458","1":"product","2":"type-product","3":"status-publish","4":"has-post-thumbnail","6":"product_cat-verano","8":"first","9":"instock","10":"virtual","11":"taxable","12":"purchasable","13":"product-type-simple"},"acf":[],"jetpack_sharing_enabled":true,"_links":{"self":[{"href":"https:\/\/conversaspanishinstitute.com\/it\/wp-json\/wp\/v2\/product\/12458","targetHints":{"allow":["GET"]}}],"collection":[{"href":"https:\/\/conversaspanishinstitute.com\/it\/wp-json\/wp\/v2\/product"}],"about":[{"href":"https:\/\/conversaspanishinstitute.com\/it\/wp-json\/wp\/v2\/types\/product"}],"replies":[{"embeddable":true,"href":"https:\/\/conversaspanishinstitute.com\/it\/wp-json\/wp\/v2\/comments?post=12458"}],"version-history":[{"count":0,"href":"https:\/\/conversaspanishinstitute.com\/it\/wp-json\/wp\/v2\/product\/12458\/revisions"}],"wp:featuredmedia":[{"embeddable":true,"href":"https:\/\/conversaspanishinstitute.com\/it\/wp-json\/wp\/v2\/media\/12459"}],"wp:attachment":[{"href":"https:\/\/conversaspanishinstitute.com\/it\/wp-json\/wp\/v2\/media?parent=12458"}],"wp:term":[{"taxonomy":"product_brand","embeddable":true,"href":"https:\/\/conversaspanishinstitute.com\/it\/wp-json\/wp\/v2\/product_brand?post=12458"},{"taxonomy":"product_cat","embeddable":true,"href":"https:\/\/conversaspanishinstitute.com\/it\/wp-json\/wp\/v2\/product_cat?post=12458"},{"taxonomy":"product_tag","embeddable":true,"href":"https:\/\/conversaspanishinstitute.com\/it\/wp-json\/wp\/v2\/product_tag?post=12458"}],"curies":[{"name":"wp","href":"https:\/\/api.w.org\/{rel}","templated":true}]}}