{"id":1106,"date":"2018-01-09T20:25:00","date_gmt":"2018-01-09T20:25:00","guid":{"rendered":"https:\/\/pocketlearningspanish.com\/?page_id=1106"},"modified":"2025-05-26T21:31:22","modified_gmt":"2025-05-26T19:31:22","slug":"polityka-prywatnosci","status":"publish","type":"page","link":"https:\/\/conversaspanishinstitute.com\/pl\/polityka-prywatnosci\/","title":{"rendered":"Polityka prywatno\u015bci"},"content":{"rendered":"<div data-elementor-type=\"wp-post\" data-elementor-id=\"1106\" class=\"elementor elementor-1106\" data-elementor-post-type=\"page\">\n\t\t\t\t\t\t<section data-particle_enable=\"false\" data-particle-mobile-disabled=\"false\" class=\"elementor-section elementor-top-section elementor-element elementor-element-d16b1cf about-us elementor-section-boxed elementor-section-height-default elementor-section-height-default\" data-id=\"d16b1cf\" data-element_type=\"section\" data-settings=\"{&quot;background_background&quot;:&quot;classic&quot;,&quot;jet_parallax_layout_list&quot;:[],&quot;shape_divider_bottom&quot;:&quot;curve&quot;,&quot;shape_divider_bottom_negative&quot;:&quot;yes&quot;}\">\n\t\t\t\t\t\t\t<div class=\"elementor-background-overlay\"><\/div>\n\t\t\t\t\t\t<div class=\"elementor-shape elementor-shape-bottom\" aria-hidden=\"true\" data-negative=\"true\">\n\t\t\t<svg xmlns=\"http:\/\/www.w3.org\/2000\/svg\" viewbox=\"0 0 1000 100\" preserveaspectratio=\"none\">\n\t<path class=\"elementor-shape-fill\" d=\"M500,97C126.7,96.3,0.8,19.8,0,0v100l1000,0V1C1000,19.4,873.3,97.8,500,97z\"\/>\n<\/svg>\t\t<\/div>\n\t\t\t\t\t<div class=\"elementor-container elementor-column-gap-default\">\n\t\t\t\t\t<div class=\"elementor-column elementor-col-100 elementor-top-column elementor-element elementor-element-12261c2\" data-id=\"12261c2\" data-element_type=\"column\">\n\t\t\t<div class=\"elementor-widget-wrap elementor-element-populated\">\n\t\t\t\t\t\t<div class=\"elementor-element elementor-element-8277194 elementor-widget__width-initial elementor-widget elementor-widget-heading\" data-id=\"8277194\" data-element_type=\"widget\" data-widget_type=\"heading.default\">\n\t\t\t\t<div class=\"elementor-widget-container\">\n\t\t\t\t\t<h2 class=\"elementor-heading-title elementor-size-default\"><b><i>Polityka prywatno\u015bci Conversa Spanish Institute<\/i><\/b><\/h2>\t\t\t\t<\/div>\n\t\t\t\t<\/div>\n\t\t\t\t\t<\/div>\n\t\t<\/div>\n\t\t\t\t\t<\/div>\n\t\t<\/section>\n\t\t\t\t<section data-particle_enable=\"false\" data-particle-mobile-disabled=\"false\" class=\"elementor-section elementor-top-section elementor-element elementor-element-658ea4d elementor-section-boxed elementor-section-height-default elementor-section-height-default\" data-id=\"658ea4d\" data-element_type=\"section\" data-settings=\"{&quot;background_background&quot;:&quot;classic&quot;,&quot;jet_parallax_layout_list&quot;:[]}\">\n\t\t\t\t\t\t<div class=\"elementor-container elementor-column-gap-default\">\n\t\t\t\t\t<div class=\"elementor-column elementor-col-100 elementor-top-column elementor-element elementor-element-88add30\" data-id=\"88add30\" data-element_type=\"column\">\n\t\t\t<div class=\"elementor-widget-wrap elementor-element-populated\">\n\t\t\t\t\t\t<div class=\"elementor-element elementor-element-c42a185 elementor-widget elementor-widget-text-editor\" data-id=\"c42a185\" data-element_type=\"widget\" data-widget_type=\"text-editor.default\">\n\t\t\t\t<div class=\"elementor-widget-container\">\n\t\t\t\t\t\t\t\t\t<h4><b>Wprowadzenie<\/b><\/h4><p><span style=\"font-weight: 400;\">W Conversa Spanish Institute jeste\u015bmy zaanga\u017cowani w ochron\u0119 i bezpiecze\u0144stwo danych osobowych, przestrzegaj\u0105c og\u00f3lnego rozporz\u0105dzenia o ochronie danych (RODO) i lokalnych przepis\u00f3w hiszpa\u0144skich. Przestrzegamy zasad legalno\u015bci, lojalno\u015bci i przejrzysto\u015bci.<\/span><\/p><h4><b>\u00a0<\/b><\/h4><h4><b>To\u017csamo\u015b\u0107 administratora danych<\/b><\/h4><ul><li aria-level=\"1\"><b>Nazwa firmy<\/b>: CONVERSA 2021 INSTYTUT J\u0118ZYKOWY SL<\/li><li aria-level=\"1\"><b>Nazwa handlowa<\/b>: Conversa Spanish Institute<\/li><li style=\"font-weight: 400;\" aria-level=\"1\"><b>Identyfikator podatkowy (CIF)<\/b><span style=\"font-weight: 400;\">: B16808891<\/span><\/li><li style=\"font-weight: 400;\" aria-level=\"1\"><b>Adres<\/b><span style=\"font-weight: 400;\">Av. del Marqu\u00e9s de Sotelo 3, pi\u0119tro 2, drzwi 4, 46002 Walencja<\/span><\/li><li style=\"font-weight: 400;\" aria-level=\"1\"><b>Email<\/b><span style=\"font-weight: 400;\">: admin@conversainstitute.com<\/span><\/li><li style=\"font-weight: 400;\" aria-level=\"1\"><b>Telefon<\/b><span style=\"font-weight: 400;\">: +34 961 25 87 67<\/span><\/li><li style=\"font-weight: 400;\" aria-level=\"1\"><b>Aktywno\u015b\u0107<\/b><span style=\"font-weight: 400;\">: Upowszechnianie i nauczanie j\u0119zyk\u00f3w obcych<\/span><\/li><\/ul><div>\u00a0<\/div><h4><b>\u00a0<\/b><\/h4><h4><b>Gromadzone przez nas dane osobowe<\/b><\/h4><p><span style=\"font-weight: 400;\">Gromadzimy dane w celu zarz\u0105dzania naszymi us\u0142ugami edukacyjnymi:<\/span><\/p><ul><li style=\"font-weight: 400;\" aria-level=\"1\"><b>Identyfikacja i kontakt<\/b><span style=\"font-weight: 400;\">: Imi\u0119 i nazwisko, adres e-mail, adres fizyczny, numer telefonu.<\/span><\/li><li style=\"font-weight: 400;\" aria-level=\"1\"><b>Dane finansowe<\/b><span style=\"font-weight: 400;\">: Informacje dotycz\u0105ce p\u0142atno\u015bci.<\/span><\/li><li style=\"font-weight: 400;\" aria-level=\"1\"><b>Dane akademickie<\/b><span style=\"font-weight: 400;\">: Informacje o osi\u0105gni\u0119ciach edukacyjnych.<\/span><\/li><li style=\"font-weight: 400;\" aria-level=\"1\"><b>Dane dotycz\u0105ce zdrowia<\/b><span style=\"font-weight: 400;\">: Informacje medyczne niezb\u0119dne do adaptacji lub specjalnych wymaga\u0144.<\/span><\/li><\/ul><div>\u00a0<\/div><div><h4>\u00a0<\/h4><h4><b>Zgoda na przechwytywanie i publikacj\u0119 zdj\u0119\u0107\/wideo<\/b><\/h4><p>CONVERSA 2021 LANGUAGE INSTITUTE SL jest administratorem danych osobowych osoby, kt\u00f3rej dane dotycz\u0105, i informuje, \u017ce dane te b\u0119d\u0105 przetwarzane zgodnie z przepisami rozporz\u0105dzenia (UE) 2016\/679 z dnia 27 kwietnia (RODO), ustawy organicznej 3\/2018 z dnia 5 grudnia (LOPDGDD) oraz ustawy (ES) 1\/1982 o ochronie ludno\u015bci, prawie do honoru, prywatno\u015bci osobistej i rodzinnej oraz wizerunku, w zwi\u0105zku z czym otrzymujesz nast\u0119puj\u0105ce informacje dotycz\u0105ce przetwarzania:<\/p><p>Cele i legalno\u015b\u0107 przetwarzania: robienie zdj\u0119\u0107 i nagrywanie film\u00f3w z g\u0142osem i bez, z dzia\u0142a\u0144 prowadzonych przez Administratora Danych (za zgod\u0105 osoby, kt\u00f3rej dane dotycz\u0105, art. 6 ust. 1 lit. a RODO) do zawieszenia na wewn\u0119trznych muralach centrum, a tak\u017ce publikacja w mediach Administratora Danych, w tym w jego sieciach spo\u0142eczno\u015bciowych.<\/p><\/div><div>\u00a0<\/div><h4><b>Jak d\u0142ugo b\u0119dziemy przechowywa\u0107 Twoje dane?<\/b><\/h4><ul><li style=\"font-weight: 400;\" aria-level=\"1\"><b>Dane klienta<\/b><span style=\"font-weight: 400;\">: Do 4 lat zgodnie z ustaw\u0105 o przest\u0119pstwach i sankcjach w porz\u0105dku spo\u0142ecznym, 5 lat zgodnie z art. 1964 kodeksu cywilnego, 6 lat zgodnie z art. 30 kodeksu handlowego i do 10 lat zgodnie z ustaw\u0105 o zapobieganiu praniu pieni\u0119dzy i finansowaniu terroryzmu.<\/span><\/li><li style=\"font-weight: 400;\" aria-level=\"1\"><b>Dane abonenta<\/b><span style=\"font-weight: 400;\">: Od momentu subskrypcji do momentu rezygnacji z subskrypcji.<\/span><\/li><li style=\"font-weight: 400;\" aria-level=\"1\"><b>Dane potencjalnego klienta<\/b><span style=\"font-weight: 400;\">: Do dw\u00f3ch lat od ostatniej interakcji.<\/span><\/li><\/ul><div>\u00a0<\/div><h4><b>Jakie masz prawa do swoich danych?<\/b><\/h4><p><span style=\"font-weight: 400;\">Mo\u017cesz za\u017c\u0105da\u0107 dost\u0119pu, sprostowania, usuni\u0119cia, ograniczenia przetwarzania, sprzeciwu wobec przetwarzania i przenoszenia swoich danych. Aby skorzysta\u0107 z tych praw, skontaktuj si\u0119 z admin@conversainstitute.com. W przypadku niezadowolenia masz prawo z\u0142o\u017cy\u0107 skarg\u0119 do organu kontrolnego (<\/span><a href=\"http:\/\/www.agpd.es\/\"><b>www.agpd.es<\/b><\/a><span style=\"font-weight: 400;\">).<\/span><\/p><p><span style=\"font-weight: 400;\">\u00a0<\/span><\/p><h4><b>Powiadomienie i deklaracja narusze\u0144<\/b><\/h4><p><span style=\"font-weight: 400;\">W przypadku naruszenia bezpiecze\u0144stwa, kt\u00f3re wp\u0142ynie na Twoje dane, zostaniesz o tym poinformowany bez zb\u0119dnej zw\u0142oki.<\/span><\/p><p><span style=\"font-weight: 400;\">\u00a0<\/span><\/p><h4><b>Komu b\u0119d\u0105 przekazywane Twoje dane?<\/b><\/h4><p><span style=\"font-weight: 400;\">Udost\u0119pniamy Twoje dane wy\u0142\u0105cznie stronom trzecim niezb\u0119dnym do \u015bwiadczenia naszych us\u0142ug edukacyjnych i wype\u0142niania zobowi\u0105za\u0144 prawnych. Wszystkie strony trzecie przestrzegaj\u0105 przepis\u00f3w o ochronie danych.<\/span><\/p><p><span style=\"font-weight: 400;\">\u00a0<\/span><\/p><h4><b>Przelewy mi\u0119dzynarodowe<\/b><\/h4><p><span style=\"font-weight: 400;\">Ka\u017cdy mi\u0119dzynarodowy transfer danych odbywa si\u0119 zgodnie z odpowiednimi zabezpieczeniami i zgodnie z umow\u0105 Privacy Shield.<\/span><\/p><p><span style=\"font-weight: 400;\">\u00a0<\/span><\/p><h4><b>Zmiany w Polityce prywatno\u015bci<\/b><\/h4><p><span style=\"font-weight: 400;\">Zastrzegamy sobie prawo do zmiany niniejszej polityki w celu dostosowania jej do zmian legislacyjnych lub praktyk bran\u017cowych. Zmiany b\u0119d\u0105 og\u0142aszane z wyprzedzeniem.<\/span><\/p>\t\t\t\t\t\t\t\t<\/div>\n\t\t\t\t<\/div>\n\t\t\t\t\t<\/div>\n\t\t<\/div>\n\t\t\t\t\t<\/div>\n\t\t<\/section>\n\t\t\t\t<\/div>","protected":false},"excerpt":{"rendered":"<p>Polityka prywatno\u015bci Conversa Spanish Institute Wprowadzenie W Conversa Spanish Institute zobowi\u0105zujemy si\u0119 do ochrony i bezpiecze\u0144stwa danych osobowych, przestrzegaj\u0105c og\u00f3lnego rozporz\u0105dzenia o ochronie danych (RODO) i lokalnych przepis\u00f3w hiszpa\u0144skich. Przestrzegamy zasad legalno\u015bci, lojalno\u015bci i przejrzysto\u015bci. To\u017csamo\u015b\u0107 administratora danych Nazwa firmy: CONVERSA 2021 INSTYTUT J\u0118ZYKOWY SL [...]<\/p>","protected":false},"author":1,"featured_media":0,"parent":0,"menu_order":0,"comment_status":"closed","ping_status":"closed","template":"elementor_header_footer","meta":{"_acf_changed":false,"footnotes":""},"class_list":["post-1106","page","type-page","status-publish","hentry"],"acf":[],"jetpack_sharing_enabled":true,"_links":{"self":[{"href":"https:\/\/conversaspanishinstitute.com\/pl\/wp-json\/wp\/v2\/pages\/1106","targetHints":{"allow":["GET"]}}],"collection":[{"href":"https:\/\/conversaspanishinstitute.com\/pl\/wp-json\/wp\/v2\/pages"}],"about":[{"href":"https:\/\/conversaspanishinstitute.com\/pl\/wp-json\/wp\/v2\/types\/page"}],"author":[{"embeddable":true,"href":"https:\/\/conversaspanishinstitute.com\/pl\/wp-json\/wp\/v2\/users\/1"}],"replies":[{"embeddable":true,"href":"https:\/\/conversaspanishinstitute.com\/pl\/wp-json\/wp\/v2\/comments?post=1106"}],"version-history":[{"count":33,"href":"https:\/\/conversaspanishinstitute.com\/pl\/wp-json\/wp\/v2\/pages\/1106\/revisions"}],"predecessor-version":[{"id":18449,"href":"https:\/\/conversaspanishinstitute.com\/pl\/wp-json\/wp\/v2\/pages\/1106\/revisions\/18449"}],"wp:attachment":[{"href":"https:\/\/conversaspanishinstitute.com\/pl\/wp-json\/wp\/v2\/media?parent=1106"}],"curies":[{"name":"wp","href":"https:\/\/api.w.org\/{rel}","templated":true}]}}