{"id":12353,"date":"2023-04-03T13:57:42","date_gmt":"2023-04-03T13:57:42","guid":{"rendered":"https:\/\/conversaspanishinstitute.com\/?page_id=12353"},"modified":"2025-05-27T17:19:54","modified_gmt":"2025-05-27T15:19:54","slug":"zgoda-na-przechwytywanie-i-publikacje-obrazow","status":"publish","type":"page","link":"https:\/\/conversaspanishinstitute.com\/pl\/zgoda-na-przechwytywanie-i-publikacje-obrazow\/","title":{"rendered":"Zgoda na przechwytywanie i publikowanie obraz\u00f3w"},"content":{"rendered":"<div data-elementor-type=\"wp-page\" data-elementor-id=\"12353\" class=\"elementor elementor-12353\" data-elementor-post-type=\"page\">\n\t\t\t\t\t\t<section data-particle_enable=\"false\" data-particle-mobile-disabled=\"false\" class=\"elementor-section elementor-top-section elementor-element elementor-element-ea03c08 about-us elementor-section-boxed elementor-section-height-default elementor-section-height-default\" data-id=\"ea03c08\" data-element_type=\"section\" data-settings=\"{&quot;background_background&quot;:&quot;classic&quot;,&quot;jet_parallax_layout_list&quot;:[],&quot;shape_divider_bottom&quot;:&quot;curve&quot;,&quot;shape_divider_bottom_negative&quot;:&quot;yes&quot;}\">\n\t\t\t\t\t\t\t<div class=\"elementor-background-overlay\"><\/div>\n\t\t\t\t\t\t<div class=\"elementor-shape elementor-shape-bottom\" aria-hidden=\"true\" data-negative=\"true\">\n\t\t\t<svg xmlns=\"http:\/\/www.w3.org\/2000\/svg\" viewbox=\"0 0 1000 100\" preserveaspectratio=\"none\">\n\t<path class=\"elementor-shape-fill\" d=\"M500,97C126.7,96.3,0.8,19.8,0,0v100l1000,0V1C1000,19.4,873.3,97.8,500,97z\"\/>\n<\/svg>\t\t<\/div>\n\t\t\t\t\t<div class=\"elementor-container elementor-column-gap-default\">\n\t\t\t\t\t<div class=\"elementor-column elementor-col-100 elementor-top-column elementor-element elementor-element-03c7418\" data-id=\"03c7418\" data-element_type=\"column\">\n\t\t\t<div class=\"elementor-widget-wrap elementor-element-populated\">\n\t\t\t\t\t\t<div class=\"elementor-element elementor-element-69edb73 elementor-widget__width-initial elementor-widget elementor-widget-heading\" data-id=\"69edb73\" data-element_type=\"widget\" data-widget_type=\"heading.default\">\n\t\t\t\t<div class=\"elementor-widget-container\">\n\t\t\t\t\t<h2 class=\"elementor-heading-title elementor-size-default\"><b><i>Zgoda na przechwytywanie i publikowanie obraz\u00f3w<\/i><\/b><\/h2>\t\t\t\t<\/div>\n\t\t\t\t<\/div>\n\t\t\t\t\t<\/div>\n\t\t<\/div>\n\t\t\t\t\t<\/div>\n\t\t<\/section>\n\t\t\t\t<section data-particle_enable=\"false\" data-particle-mobile-disabled=\"false\" class=\"elementor-section elementor-top-section elementor-element elementor-element-95146e9 elementor-section-boxed elementor-section-height-default elementor-section-height-default\" data-id=\"95146e9\" data-element_type=\"section\" data-settings=\"{&quot;jet_parallax_layout_list&quot;:[]}\">\n\t\t\t\t\t\t<div class=\"elementor-container elementor-column-gap-default\">\n\t\t\t\t\t<div class=\"elementor-column elementor-col-100 elementor-top-column elementor-element elementor-element-b57239a\" data-id=\"b57239a\" data-element_type=\"column\">\n\t\t\t<div class=\"elementor-widget-wrap elementor-element-populated\">\n\t\t\t\t\t\t<div class=\"elementor-element elementor-element-f868ded elementor-widget elementor-widget-accordion\" data-id=\"f868ded\" data-element_type=\"widget\" data-widget_type=\"accordion.default\">\n\t\t\t\t<div class=\"elementor-widget-container\">\n\t\t\t\t\t\t\t<div class=\"elementor-accordion\">\n\t\t\t\t\t\t\t<div class=\"elementor-accordion-item\">\n\t\t\t\t\t<div id=\"elementor-tab-title-2601\" class=\"elementor-tab-title\" data-tab=\"1\" role=\"button\" aria-controls=\"elementor-tab-content-2601\" aria-expanded=\"false\">\n\t\t\t\t\t\t\t\t\t\t\t\t\t<span class=\"elementor-accordion-icon elementor-accordion-icon-left\" aria-hidden=\"true\">\n\t\t\t\t\t\t\t\t\t\t\t\t\t\t\t<span class=\"elementor-accordion-icon-closed\"><i class=\"fas fa-chevron-right\"><\/i><\/span>\n\t\t\t\t\t\t\t\t<span class=\"elementor-accordion-icon-opened\"><i class=\"fas fa-chevron-down\"><\/i><\/span>\n\t\t\t\t\t\t\t\t\t\t\t\t\t\t<\/span>\n\t\t\t\t\t\t\t\t\t\t\t\t<a class=\"elementor-accordion-title\" tabindex=\"0\">\ud83c\uddea\ud83c\udde6 Zgoda na przechwytywanie i publikacj\u0119 zdj\u0119\u0107 <\/a>\n\t\t\t\t\t<\/div>\n\t\t\t\t\t<div id=\"elementor-tab-content-2601\" class=\"elementor-tab-content elementor-clearfix\" data-tab=\"1\" role=\"region\" aria-labelledby=\"elementor-tab-title-2601\"><p>CONVERSA 2021 LANGUAGE INSTITUTE SL es el <strong>Odpowiedzialny za leczenie <\/strong>z danych osobowych del <strong>Interesado <\/strong>informujemy, \u017ce dane te s\u0105 przetwarzane zgodnie z postanowieniami rozporz\u0105dzenia (UE) 2016\/679 z dnia 27 kwietnia (RODO), ustawy nr 3\/2018 z dnia 5 grudnia (LOPDGDD) oraz ustawy (ES) 1\/1982 o ochronie ludno\u015bci, czci, intymno\u015bci osobistej i wizerunku, w zwi\u0105zku z czym przekazujemy nast\u0119puj\u0105ce informacje dotycz\u0105ce przetwarzania:<\/p><p><strong>Grzywny i legitymizacja leczenia<\/strong>: przechwytywanie obraz\u00f3w i nagrywanie film\u00f3w wideo z g\u0142osem i bez g\u0142osu, z dzia\u0142a\u0144 prowadzonych przez Odpowiedzialnego za leczenie (za zgod\u0105 zainteresowanego, art. 6 ust. 1 lit. a RODO) w celu umieszczenia ich na wewn\u0119trznych \u015bcianach centrum, a tak\u017ce publikacja w mediach komunikacyjnych Odpowiedzialnego, w tym na jego portalach spo\u0142eczno\u015bciowych.<\/p><p><strong>Kryteria ochrony danych osobowych<\/strong>: s\u0105 przechowywane przez okres nie d\u0142u\u017cszy ni\u017c jest to konieczne do utrzymania celu leczenia lub istniej\u0105 przepisy prawne, kt\u00f3re nakazuj\u0105 ich przechowywanie, a gdy nie jest to konieczne, s\u0105 one zast\u0119powane odpowiednimi \u015brodkami bezpiecze\u0144stwa w celu zagwarantowania anonimizacji danych lub ich ca\u0142kowitego zniszczenia.<\/p><p><strong>Prawa przys\u0142uguj\u0105ce interesariuszom<\/strong>: Wycofanie zgody w dowolnym momencie. Dost\u0119p, poprawianie, przenoszenie i zast\u0119powanie danych oraz ograniczenie lub sprzeciw wobec przetwarzania. Z\u0142o\u017cenie wniosku do organu kontroli (<a href=\"http:\/\/www.aepd.es\">www.aepd.es<\/a> ), je\u015bli uwa\u017casz, \u017ce leczenie nie jest zgodne z obowi\u0105zuj\u0105cymi normami.<\/p><p><strong>Dane kontaktowe w celu egzekwowania swoich praw: <\/strong>CONVERSA 2021 INSTYTUT J\u0118ZYKOWY SL. Avda. Arag\u00f3n n\u00ba30 bajo local 11. 46021, Walencja. E-mail: <a href=\"mailto:admin@conversainstitute.com\">admin@conversainstitute.com<\/a><\/p><p><strong>Komunikacja danych<\/strong>Nie przekazuj danych osobom trzecim bez ich zgody, chyba \u017ce jest to wymagane przez prawo. Ojciec\/matka\/opiekun prawny mo\u017ce zezwoli\u0107 lub nie na przetwarzanie danych, zaznaczaj\u0105c \"x\" w odpowiednim polu S\u00cd (wyra\u017cam zgod\u0119) lub NO (nie wyra\u017cam zgody) dla czynno\u015bci wskazanych w formularzu.<\/p><\/div>\n\t\t\t\t<\/div>\n\t\t\t\t\t\t\t<div class=\"elementor-accordion-item\">\n\t\t\t\t\t<div id=\"elementor-tab-title-2602\" class=\"elementor-tab-title\" data-tab=\"2\" role=\"button\" aria-controls=\"elementor-tab-content-2602\" aria-expanded=\"false\">\n\t\t\t\t\t\t\t\t\t\t\t\t\t<span class=\"elementor-accordion-icon elementor-accordion-icon-left\" aria-hidden=\"true\">\n\t\t\t\t\t\t\t\t\t\t\t\t\t\t\t<span class=\"elementor-accordion-icon-closed\"><i class=\"fas fa-chevron-right\"><\/i><\/span>\n\t\t\t\t\t\t\t\t<span class=\"elementor-accordion-icon-opened\"><i class=\"fas fa-chevron-down\"><\/i><\/span>\n\t\t\t\t\t\t\t\t\t\t\t\t\t\t<\/span>\n\t\t\t\t\t\t\t\t\t\t\t\t<a class=\"elementor-accordion-title\" tabindex=\"0\">\ud83c\uddfa\ud83c\uddf8 Zgoda na przechwytywanie i publikacj\u0119 zdj\u0119\u0107<\/a>\n\t\t\t\t\t<\/div>\n\t\t\t\t\t<div id=\"elementor-tab-content-2602\" class=\"elementor-tab-content elementor-clearfix\" data-tab=\"2\" role=\"region\" aria-labelledby=\"elementor-tab-title-2602\"><p>CONVERSA 2021 LANGUAGE INSTITUTE SL jest administratorem danych osobowych osoby, kt\u00f3rej dane dotycz\u0105, i informuje, \u017ce dane te b\u0119d\u0105 przetwarzane zgodnie z przepisami rozporz\u0105dzenia (UE) 2016\/679 z dnia 27 kwietnia (RODO), ustawy organicznej 3\/2018 z dnia 5 grudnia (LOPDGDD) oraz ustawy (ES) 1\/1982 o ochronie ludno\u015bci, prawie do honoru, prywatno\u015bci osobistej i rodzinnej oraz wizerunku, w zwi\u0105zku z czym otrzymujesz nast\u0119puj\u0105ce informacje dotycz\u0105ce przetwarzania:<\/p><p>Cele i legalno\u015b\u0107 przetwarzania: robienie zdj\u0119\u0107 i nagrywanie film\u00f3w z g\u0142osem i bez, z dzia\u0142a\u0144 prowadzonych przez Administratora Danych (za zgod\u0105 osoby, kt\u00f3rej dane dotycz\u0105, art. 6 ust. 1 lit. a RODO) do zawieszenia na wewn\u0119trznych muralach centrum, a tak\u017ce publikacja w mediach Administratora Danych, w tym w jego sieciach spo\u0142eczno\u015bciowych.<\/p><p>Kryteria przechowywania danych: b\u0119d\u0105 przechowywane nie d\u0142u\u017cej ni\u017c jest to konieczne do utrzymania celu przetwarzania lub istniej\u0105 wymogi prawne, kt\u00f3re nakazuj\u0105 ich przechowywanie, a gdy nie b\u0119d\u0105 ju\u017c potrzebne do tego celu, zostan\u0105 usuni\u0119te przy u\u017cyciu odpowiednich \u015brodk\u00f3w bezpiecze\u0144stwa w celu zapewnienia anonimizacji danych lub ich ca\u0142kowitego zniszczenia.<\/p><p>Prawa zainteresowanej strony: Wycofanie zgody w dowolnym momencie. Dost\u0119pu, sprostowania, przenoszenia i usuni\u0119cia swoich danych oraz ograniczenia lub sprzeciwu wobec przetwarzania. Wniesienia skargi do organu nadzorczego (www.aepd.es), je\u015bli uwa\u017casz, \u017ce przetwarzanie nie jest zgodne z obowi\u0105zuj\u0105cymi przepisami.<\/p><p>Dane kontaktowe, aby skorzysta\u0107 z przys\u0142uguj\u0105cych Ci praw: CONVERSA 2021 LANGUAGE INSTITUTE SL. Avda. Arag\u00f3n n\u00ba30 bajo local 11. 46021, Walencja. E-mail: admin@conversainstitute.com<\/p><p>Przekazywanie danych: dane nie b\u0119d\u0105 przekazywane stronom trzecim bez Twojej zgody, chyba \u017ce jest to wymagane przez prawo. Rodzic\/opiekun prawny mo\u017ce wyrazi\u0107 zgod\u0119 lub nie na przetwarzanie danych, zaznaczaj\u0105c znakiem \"x\" w odpowiednim polu TAK (wyra\u017cam zgod\u0119) lub NIE (nie wyra\u017cam zgody) na dzia\u0142ania wymienione w formularzu.<\/p><\/div>\n\t\t\t\t<\/div>\n\t\t\t\t\t\t\t<div class=\"elementor-accordion-item\">\n\t\t\t\t\t<div id=\"elementor-tab-title-2603\" class=\"elementor-tab-title\" data-tab=\"3\" role=\"button\" aria-controls=\"elementor-tab-content-2603\" aria-expanded=\"false\">\n\t\t\t\t\t\t\t\t\t\t\t\t\t<span class=\"elementor-accordion-icon elementor-accordion-icon-left\" aria-hidden=\"true\">\n\t\t\t\t\t\t\t\t\t\t\t\t\t\t\t<span class=\"elementor-accordion-icon-closed\"><i class=\"fas fa-chevron-right\"><\/i><\/span>\n\t\t\t\t\t\t\t\t<span class=\"elementor-accordion-icon-opened\"><i class=\"fas fa-chevron-down\"><\/i><\/span>\n\t\t\t\t\t\t\t\t\t\t\t\t\t\t<\/span>\n\t\t\t\t\t\t\t\t\t\t\t\t<a class=\"elementor-accordion-title\" tabindex=\"0\">\ud83c\uddeb\ud83c\uddf7 Zgoda na wykonywanie i publikacj\u0119 zdj\u0119\u0107<\/a>\n\t\t\t\t\t<\/div>\n\t\t\t\t\t<div id=\"elementor-tab-content-2603\" class=\"elementor-tab-content elementor-clearfix\" data-tab=\"3\" role=\"region\" aria-labelledby=\"elementor-tab-title-2603\"><p>CONVERSA 2021 LANGUAGE INSTITUTE SL jest administratorem danych osobowych os\u00f3b, kt\u00f3rych dane dotycz\u0105, i informujemy, \u017ce dane te s\u0105 przetwarzane zgodnie z przepisami rozporz\u0105dzenia (UE) 2016\/679 z dnia 27 kwietnia (RODO), ustawy organicznej 3\/2018 z dnia 5 grudnia (LOPDGDD) i ustawy (ES) 1\/1982 o ochronie obywatelskiej, prawie do honoru, \u017cyciu prywatnym, osobistym i rodzinnym oraz wizerunku, w zwi\u0105zku z czym otrzymujesz nast\u0119puj\u0105ce informacje dotycz\u0105ce przetwarzania danych:<\/p><p>Finalit\u00e9s et l\u00e9gitimit\u00e9 du traitement : capture d'images et enregistrement de vid\u00e9os avec et sans voix, des activit\u00e9s r\u00e9alis\u00e9es par le responsable du traitement (avec le consentement de la personne concern\u00e9e, art. 6 ust. 1 lit. a RODO). 6 ust. 1 lit. a RODO) w celu umieszczenia ich na \u015bcianach wewn\u0119trznych centrum, a tak\u017ce publikacji w mediach podmiotu odpowiedzialnego za przetwarzanie, w tym w serwisach spo\u0142eczno\u015bciowych.<\/p><p>Kryteria ochrony danych : Dane b\u0119d\u0105 przechowywane przez okres nie d\u0142u\u017cszy ni\u017c konieczny do osi\u0105gni\u0119cia ostatecznego celu przetwarzania lub do zaistnienia wymog\u00f3w prawnych nakazuj\u0105cych ich przechowywanie, a w przypadku, gdy nie b\u0119dzie to konieczne, zostan\u0105 one uzupe\u0142nione o odpowiednie \u015brodki bezpiecze\u0144stwa gwarantuj\u0105ce anonimizacj\u0119 danych lub ich ca\u0142kowite zniszczenie.<\/p><p>Prawa osoby, kt\u00f3rej dane dotycz\u0105: wycofanie zgody w dowolnym momencie. Dost\u0119p, poprawianie, przenoszenie i usuwanie danych oraz ograniczenie lub sprzeciw wobec przetwarzania. Je\u015bli uwa\u017casz, \u017ce przetwarzanie danych nie jest zgodne z obowi\u0105zuj\u0105cym prawem, z\u0142\u00f3\u017c wniosek do organu kontrolnego (www.aepd.es).<\/p><p>Wytyczne dotycz\u0105ce korzystania z Twoich praw: INSTITUT DE LANGUES CONVERSA 2021 SL. Avda. Arag\u00f3n n\u00ba30 bajo local 11. 46021, Walencja. Kurier elektroniczny: admin@conversainstitute.com<\/p><p>Przekazywanie danych: dane nie b\u0119d\u0105 przekazywane innym podmiotom bez zgody u\u017cytkownika, chyba \u017ce istnieje taki obowi\u0105zek prawny. Rodzic\/ucze\u0144 mo\u017ce wyrazi\u0107 zgod\u0119 lub nie na przetwarzanie danych, zaznaczaj\u0105c znakiem \"x\" odpowiedni przypadek OUI (wyra\u017cam zgod\u0119) lub NON (nie wyra\u017cam zgody) w odniesieniu do dzia\u0142a\u0144 wymienionych w formularzu.<\/p><\/div>\n\t\t\t\t<\/div>\n\t\t\t\t\t\t\t<div class=\"elementor-accordion-item\">\n\t\t\t\t\t<div id=\"elementor-tab-title-2604\" class=\"elementor-tab-title\" data-tab=\"4\" role=\"button\" aria-controls=\"elementor-tab-content-2604\" aria-expanded=\"false\">\n\t\t\t\t\t\t\t\t\t\t\t\t\t<span class=\"elementor-accordion-icon elementor-accordion-icon-left\" aria-hidden=\"true\">\n\t\t\t\t\t\t\t\t\t\t\t\t\t\t\t<span class=\"elementor-accordion-icon-closed\"><i class=\"fas fa-chevron-right\"><\/i><\/span>\n\t\t\t\t\t\t\t\t<span class=\"elementor-accordion-icon-opened\"><i class=\"fas fa-chevron-down\"><\/i><\/span>\n\t\t\t\t\t\t\t\t\t\t\t\t\t\t<\/span>\n\t\t\t\t\t\t\t\t\t\t\t\t<a class=\"elementor-accordion-title\" tabindex=\"0\">\ud83c\uddee\ud83c\uddf9 Consenso all'acquisizione e alla pubblicazione delle immagini<\/a>\n\t\t\t\t\t<\/div>\n\t\t\t\t\t<div id=\"elementor-tab-content-2604\" class=\"elementor-tab-content elementor-clearfix\" data-tab=\"4\" role=\"region\" aria-labelledby=\"elementor-tab-title-2604\"><p>CONVERSA 2021 LANGUAGE INSTITUTE SL jest administratorem danych osobowych Klienta i informuje, \u017ce dane te s\u0105 przetwarzane zgodnie z przepisami rozporz\u0105dzenia (UE) 2016\/679 z dnia 27 kwietnia (RODO), Ustawy Organicznej 3\/2018 z dnia 5 grudnia (LOPDGDD) oraz Ustawy (ES) 1\/1982 o ochronie danych osobowych, prawach autorskich, prywatno\u015bci os\u00f3b i rodzin oraz wizerunku, w zwi\u0105zku z czym otrzymasz nast\u0119puj\u0105ce informacje dotycz\u0105ce przetwarzania danych:<\/p><p>Cel i zgodno\u015b\u0107 z prawem przetwarzania: pozyskiwanie zdj\u0119\u0107 i rejestrowanie wideo z g\u0142osem i bez g\u0142osu, dzia\u0142ania podejmowane przez Titolare (za zgod\u0105 zainteresowanego, art. 6 ust. 1 lit. a RODO) do umieszczenia na wewn\u0119trznych \u015bcianach centrum, a tak\u017ce publikacja w mediach Titolare, w tym w jego sieciach spo\u0142eczno\u015bciowych.<\/p><p>Kryteria przechowywania danych: dane s\u0105 przechowywane przez okres nie d\u0142u\u017cszy ni\u017c jest to konieczne do utrzymania ostatecznej wersji transakcji lub do momentu, w kt\u00f3rym istniej\u0105 obowi\u0105zki prawne, kt\u00f3re nie wymagaj\u0105 przechowywania danych, je\u015bli nie s\u0105 one niezb\u0119dne do osi\u0105gni\u0119cia tego celu, zostan\u0105 anulowane z zachowaniem \u015brodk\u00f3w bezpiecze\u0144stwa gwarantuj\u0105cych anonimizacj\u0119 danych lub ich ca\u0142kowite zniszczenie.<\/p><p>Prawa os\u00f3b zainteresowanych: w ka\u017cdej chwili mo\u017cesz wyrazi\u0107 zgod\u0119. Dost\u0119p, zmiana, przenoszenie i anulowanie w\u0142asnych danych oraz ograniczenie lub sprzeciw wobec przetwarzania. Z\u0142\u00f3\u017c wniosek do organu kontroli (www.aepd.es), je\u015bli uwa\u017casz, \u017ce przetwarzanie nie jest zgodne z obowi\u0105zuj\u0105cymi normami.<\/p><p>Dati di contatto per l'esercizio dei diritti: CONVERSA 2021 LANGUAGE INSTITUTE SL. Avda. Arag\u00f3n n\u00ba30 bajo local 11. 46021, Walencja. E-mail: admin@conversainstitute.com<\/p><p>Przekazywanie danych: dane nie b\u0119d\u0105 przekazywane osobom trzecim bez zgody u\u017cytkownika, o ile nie jest to wymagane prawem. Genitor\/tutor prawny mo\u017ce autoryzowa\u0107 lub anulowa\u0107 przetwarzanie, zaznaczaj\u0105c znakiem \"x\" w polu odpowiadaj\u0105cym SI (do il consenso) lub NO (non do il consenso) dla dzia\u0142a\u0144 wskazanych w tym module.<\/p><\/div>\n\t\t\t\t<\/div>\n\t\t\t\t\t\t\t\t<\/div>\n\t\t\t\t\t\t<\/div>\n\t\t\t\t<\/div>\n\t\t\t\t\t<\/div>\n\t\t<\/div>\n\t\t\t\t\t<\/div>\n\t\t<\/section>\n\t\t\t\t<\/div>","protected":false},"excerpt":{"rendered":"<p>Consentimiento para la captaci\u00f3n y publicaci\u00f3n de im\u00e1genes \ud83c\uddea\ud83c\udde6 Consentimiento para la captaci\u00f3n y publicaci\u00f3n de im\u00e1genes CONVERSA 2021 LANGUAGE INSTITUTE SL es el Responsable del tratamiento de los datos personales del Interesado y le informa de que estos datos se tratar\u00e1n de conformidad con lo dispuesto en el Reglamento (UE) 2016\/679, de 27 de [...].<\/p>","protected":false},"author":21,"featured_media":0,"parent":0,"menu_order":0,"comment_status":"closed","ping_status":"closed","template":"elementor_header_footer","meta":{"_acf_changed":false,"footnotes":""},"class_list":["post-12353","page","type-page","status-publish","hentry"],"acf":[],"jetpack_sharing_enabled":true,"_links":{"self":[{"href":"https:\/\/conversaspanishinstitute.com\/pl\/wp-json\/wp\/v2\/pages\/12353","targetHints":{"allow":["GET"]}}],"collection":[{"href":"https:\/\/conversaspanishinstitute.com\/pl\/wp-json\/wp\/v2\/pages"}],"about":[{"href":"https:\/\/conversaspanishinstitute.com\/pl\/wp-json\/wp\/v2\/types\/page"}],"author":[{"embeddable":true,"href":"https:\/\/conversaspanishinstitute.com\/pl\/wp-json\/wp\/v2\/users\/21"}],"replies":[{"embeddable":true,"href":"https:\/\/conversaspanishinstitute.com\/pl\/wp-json\/wp\/v2\/comments?post=12353"}],"version-history":[{"count":3,"href":"https:\/\/conversaspanishinstitute.com\/pl\/wp-json\/wp\/v2\/pages\/12353\/revisions"}],"predecessor-version":[{"id":18489,"href":"https:\/\/conversaspanishinstitute.com\/pl\/wp-json\/wp\/v2\/pages\/12353\/revisions\/18489"}],"wp:attachment":[{"href":"https:\/\/conversaspanishinstitute.com\/pl\/wp-json\/wp\/v2\/media?parent=12353"}],"curies":[{"name":"wp","href":"https:\/\/api.w.org\/{rel}","templated":true}]}}