{"id":12710,"date":"2023-09-04T02:21:57","date_gmt":"2023-09-04T02:21:57","guid":{"rendered":"https:\/\/conversaspanishinstitute.com\/?page_id=12710"},"modified":"2023-09-20T14:51:38","modified_gmt":"2023-09-20T14:51:38","slug":"test-evaluacion-bloque-b2","status":"publish","type":"page","link":"https:\/\/conversaspanishinstitute.com\/pl\/test-evaluacion-bloque-b2\/","title":{"rendered":"Test Evaluaci\u00f3n Bloque B2"},"content":{"rendered":"<div data-elementor-type=\"wp-page\" data-elementor-id=\"12710\" class=\"elementor elementor-12710\" data-elementor-post-type=\"page\">\n\t\t\t\t\t\t<section data-particle_enable=\"false\" data-particle-mobile-disabled=\"false\" class=\"elementor-section elementor-top-section elementor-element elementor-element-a45c9aa elementor-section-content-middle elementor-section-stretched elementor-section-boxed elementor-section-height-default elementor-section-height-default\" data-id=\"a45c9aa\" data-element_type=\"section\" data-settings=\"{&quot;jet_parallax_layout_list&quot;:[],&quot;background_background&quot;:&quot;classic&quot;,&quot;stretch_section&quot;:&quot;section-stretched&quot;}\">\n\t\t\t\t\t\t<div class=\"elementor-container elementor-column-gap-default\">\n\t\t\t\t\t<div class=\"elementor-column elementor-col-50 elementor-top-column elementor-element elementor-element-2df6d3a3\" data-id=\"2df6d3a3\" data-element_type=\"column\">\n\t\t\t<div class=\"elementor-widget-wrap elementor-element-populated\">\n\t\t\t\t\t\t<div class=\"elementor-element elementor-element-6b5bab8b elementor-widget__width-initial elementor-widget-mobile__width-initial elementor-widget elementor-widget-image\" data-id=\"6b5bab8b\" data-element_type=\"widget\" data-widget_type=\"image.default\">\n\t\t\t\t<div class=\"elementor-widget-container\">\n\t\t\t\t\t\t\t\t\t\t\t\t\t\t\t<img fetchpriority=\"high\" decoding=\"async\" width=\"657\" height=\"149\" src=\"https:\/\/conversaspanishinstitute.com\/wp-content\/uploads\/2022\/01\/Conversa_logo.png\" class=\"attachment-full size-full wp-image-4422\" alt=\"Conversa Spanish Institute centrum akredytowane Instituto Cervantes\" srcset=\"https:\/\/conversaspanishinstitute.com\/wp-content\/uploads\/2022\/01\/Conversa_logo.png 657w, https:\/\/conversaspanishinstitute.com\/wp-content\/uploads\/2022\/01\/Conversa_logo-300x68.png 300w, https:\/\/conversaspanishinstitute.com\/wp-content\/uploads\/2022\/01\/Conversa_logo-18x4.png 18w, https:\/\/conversaspanishinstitute.com\/wp-content\/uploads\/2022\/01\/Conversa_logo-250x57.png 250w, https:\/\/conversaspanishinstitute.com\/wp-content\/uploads\/2022\/01\/Conversa_logo-600x136.png 600w\" sizes=\"(max-width: 657px) 100vw, 657px\" \/>\t\t\t\t\t\t\t\t\t\t\t\t\t\t\t<\/div>\n\t\t\t\t<\/div>\n\t\t\t\t\t<\/div>\n\t\t<\/div>\n\t\t\t\t<div class=\"elementor-column elementor-col-50 elementor-top-column elementor-element elementor-element-14b22506 elementor-hidden-tablet elementor-hidden-mobile\" data-id=\"14b22506\" data-element_type=\"column\">\n\t\t\t<div class=\"elementor-widget-wrap elementor-element-populated\">\n\t\t\t\t\t\t<div class=\"elementor-element elementor-element-70cb2449 elementor-icon-list--layout-inline elementor-align-right elementor-tablet-align-center elementor-mobile-align-left elementor-list-item-link-full_width elementor-widget elementor-widget-icon-list\" data-id=\"70cb2449\" data-element_type=\"widget\" data-widget_type=\"icon-list.default\">\n\t\t\t\t<div class=\"elementor-widget-container\">\n\t\t\t\t\t\t\t<ul class=\"elementor-icon-list-items elementor-inline-items\">\n\t\t\t\t\t\t\t<li class=\"elementor-icon-list-item elementor-inline-item\">\n\t\t\t\t\t\t\t\t\t\t\t<a href=\"mailto:info@conversaspanishinstitute.com\">\n\n\t\t\t\t\t\t\t\t\t\t\t\t<span class=\"elementor-icon-list-icon\">\n\t\t\t\t\t\t\t<i aria-hidden=\"true\" class=\"far fa-envelope\"><\/i>\t\t\t\t\t\t<\/span>\n\t\t\t\t\t\t\t\t\t\t<span class=\"elementor-icon-list-text\">info@conversaspanishinstitute.com<\/span>\n\t\t\t\t\t\t\t\t\t\t\t<\/a>\n\t\t\t\t\t\t\t\t\t<\/li>\n\t\t\t\t\t\t\t\t<li class=\"elementor-icon-list-item elementor-inline-item\">\n\t\t\t\t\t\t\t\t\t\t\t<a href=\"tel:+34961258767\">\n\n\t\t\t\t\t\t\t\t\t\t\t\t<span class=\"elementor-icon-list-icon\">\n\t\t\t\t\t\t\t<i aria-hidden=\"true\" class=\"fas fa-phone-alt\"><\/i>\t\t\t\t\t\t<\/span>\n\t\t\t\t\t\t\t\t\t\t<span class=\"elementor-icon-list-text\">+34 961258767<\/span>\n\t\t\t\t\t\t\t\t\t\t\t<\/a>\n\t\t\t\t\t\t\t\t\t<\/li>\n\t\t\t\t\t\t\t\t<li class=\"elementor-icon-list-item elementor-inline-item\">\n\t\t\t\t\t\t\t\t\t\t\t<span class=\"elementor-icon-list-icon\">\n\t\t\t\t\t\t\t<i aria-hidden=\"true\" class=\"fas fa-map-marker-alt\"><\/i>\t\t\t\t\t\t<\/span>\n\t\t\t\t\t\t\t\t\t\t<span class=\"elementor-icon-list-text\">Av. del Marqu\u00e9s de Sotelo 3, Planta 2 puerta 4, 46002 Valencia<\/span>\n\t\t\t\t\t\t\t\t\t<\/li>\n\t\t\t\t\t\t<\/ul>\n\t\t\t\t\t\t<\/div>\n\t\t\t\t<\/div>\n\t\t\t\t\t<\/div>\n\t\t<\/div>\n\t\t\t\t\t<\/div>\n\t\t<\/section>\n\t\t\t\t<header data-particle_enable=\"false\" data-particle-mobile-disabled=\"false\" class=\"elementor-section elementor-top-section elementor-element elementor-element-6d356066 elementor-section-content-middle elementor-section-stretched elementor-section-full_width elementor-section-height-default elementor-section-height-default\" data-id=\"6d356066\" data-element_type=\"section\" data-settings=\"{&quot;stretch_section&quot;:&quot;section-stretched&quot;,&quot;background_background&quot;:&quot;classic&quot;,&quot;jet_parallax_layout_list&quot;:[]}\">\n\t\t\t\t\t\t<div class=\"elementor-container elementor-column-gap-no\">\n\t\t\t\t\t<div class=\"elementor-column elementor-col-100 elementor-top-column elementor-element elementor-element-192ac61\" data-id=\"192ac61\" data-element_type=\"column\">\n\t\t\t<div class=\"elementor-widget-wrap elementor-element-populated\">\n\t\t\t\t\t\t<section data-particle_enable=\"false\" data-particle-mobile-disabled=\"false\" class=\"elementor-section elementor-inner-section elementor-element elementor-element-4b9b67e7 elementor-section-boxed elementor-section-height-default elementor-section-height-default\" data-id=\"4b9b67e7\" data-element_type=\"section\" data-settings=\"{&quot;jet_parallax_layout_list&quot;:[]}\">\n\t\t\t\t\t\t<div class=\"elementor-container elementor-column-gap-default\">\n\t\t\t\t\t<div class=\"elementor-column elementor-col-50 elementor-inner-column elementor-element elementor-element-9323bb1\" data-id=\"9323bb1\" data-element_type=\"column\">\n\t\t\t<div class=\"elementor-widget-wrap\">\n\t\t\t\t\t\t\t<\/div>\n\t\t<\/div>\n\t\t\t\t<div class=\"elementor-column elementor-col-50 elementor-inner-column elementor-element elementor-element-351d38a0\" data-id=\"351d38a0\" data-element_type=\"column\">\n\t\t\t<div class=\"elementor-widget-wrap\">\n\t\t\t\t\t\t\t<\/div>\n\t\t<\/div>\n\t\t\t\t\t<\/div>\n\t\t<\/section>\n\t\t\t\t<div class=\"elementor-element elementor-element-33faecc4 elementor-widget-divider--view-line elementor-widget elementor-widget-divider\" data-id=\"33faecc4\" data-element_type=\"widget\" data-widget_type=\"divider.default\">\n\t\t\t\t<div class=\"elementor-widget-container\">\n\t\t\t\t\t\t\t<div class=\"elementor-divider\">\n\t\t\t<span class=\"elementor-divider-separator\">\n\t\t\t\t\t\t<\/span>\n\t\t<\/div>\n\t\t\t\t\t\t<\/div>\n\t\t\t\t<\/div>\n\t\t\t\t<div class=\"elementor-element elementor-element-2bebfee6 elementor-widget-divider--view-line elementor-widget elementor-widget-divider\" data-id=\"2bebfee6\" data-element_type=\"widget\" data-widget_type=\"divider.default\">\n\t\t\t\t<div class=\"elementor-widget-container\">\n\t\t\t\t\t\t\t<div class=\"elementor-divider\">\n\t\t\t<span class=\"elementor-divider-separator\">\n\t\t\t\t\t\t<\/span>\n\t\t<\/div>\n\t\t\t\t\t\t<\/div>\n\t\t\t\t<\/div>\n\t\t\t\t<div class=\"elementor-element elementor-element-46f1007d elementor-widget-divider--view-line elementor-widget elementor-widget-divider\" data-id=\"46f1007d\" data-element_type=\"widget\" data-widget_type=\"divider.default\">\n\t\t\t\t<div class=\"elementor-widget-container\">\n\t\t\t\t\t\t\t<div class=\"elementor-divider\">\n\t\t\t<span class=\"elementor-divider-separator\">\n\t\t\t\t\t\t<\/span>\n\t\t<\/div>\n\t\t\t\t\t\t<\/div>\n\t\t\t\t<\/div>\n\t\t\t\t<div class=\"elementor-element elementor-element-35664d6f elementor-widget-divider--view-line elementor-widget elementor-widget-divider\" data-id=\"35664d6f\" data-element_type=\"widget\" data-widget_type=\"divider.default\">\n\t\t\t\t<div class=\"elementor-widget-container\">\n\t\t\t\t\t\t\t<div class=\"elementor-divider\">\n\t\t\t<span class=\"elementor-divider-separator\">\n\t\t\t\t\t\t<\/span>\n\t\t<\/div>\n\t\t\t\t\t\t<\/div>\n\t\t\t\t<\/div>\n\t\t\t\t\t<\/div>\n\t\t<\/div>\n\t\t\t\t\t<\/div>\n\t\t<\/header>\n\t\t\t\t<section data-particle_enable=\"false\" data-particle-mobile-disabled=\"false\" class=\"elementor-section elementor-top-section elementor-element elementor-element-7421cca4 elementor-section-boxed elementor-section-height-default elementor-section-height-default\" data-id=\"7421cca4\" data-element_type=\"section\" data-settings=\"{&quot;jet_parallax_layout_list&quot;:[]}\">\n\t\t\t\t\t\t<div class=\"elementor-container elementor-column-gap-default\">\n\t\t\t\t\t<div class=\"elementor-column elementor-col-100 elementor-top-column elementor-element elementor-element-28d62ec9\" data-id=\"28d62ec9\" data-element_type=\"column\">\n\t\t\t<div class=\"elementor-widget-wrap elementor-element-populated\">\n\t\t\t\t\t\t<div class=\"elementor-element elementor-element-6b11cea7 elementor-widget elementor-widget-shortcode\" data-id=\"6b11cea7\" data-element_type=\"widget\" data-widget_type=\"shortcode.default\">\n\t\t\t\t<div class=\"elementor-widget-container\">\n\t\t\t\t\t\t\t<div class=\"elementor-shortcode\">\t    <div id=\"timeNag\" >\n\t\t    <span id=\"timeNagText\">Ten test musi zosta\u0107 uko\u0144czony w ci\u0105gu 10 minut.<\/span> <a href=\"#\" onclick=\"WatuPRO.InitializeTimer(600, 2, 1);return false;\">Kliknij tutaj, aby rozpocz\u0105\u0107 test<\/a>\t\t   \n\t    <\/div>\n\t    <div id=\"timerDiv\" style=\"display:none;\"> 600<\/div>\n<script type=\"text\/javascript\" >\ndocument.addEventListener(\"DOMContentLoaded\", function(event) { \nif(!window.jQuery) alert(\"The important jQuery library is not properly loaded in your site. Your WordPress theme is probably missing the essential wp_head() call. You can switch to another theme and you will see that the plugin works fine and this notice disappears. If you are still not sure what to do you can contact us for help.\");\n});\n<\/script>  \n  \n<div style=\"display:none;\" id=\"watupro_quiz\" class=\"quiz-area single-page-quiz\">\n<p id=\"submittingExam2\" style=\"display:none;text-align:center;\"><img decoding=\"async\" src=\"https:\/\/conversaspanishinstitute.com\/wp-content\/plugins\/watupro\/img\/loading.gif\" width=\"16\" height=\"16\"><\/p>\n\n\n\n<form action=\"\" method=\"post\" class=\"quiz-form\" id=\"quiz-2\" autocomplete=\"off\" enctype=\"multipart\/form-data\" data-trp-original-action=\"\" >\n<div style='display:none' id='question-1'>\n\t<div class='question-content'>\n\t\t<img decoding=\"async\" src=\"https:\/\/conversaspanishinstitute.com\/wp-content\/plugins\/watupro\/img\/loading.gif\" width=\"16\" height=\"16\" alt=\"\u0141adowanie...\" title=\"\u0141adowanie...\" \/>&nbsp;\u0141adowanie...\t<\/div>\n<\/div>\n\n<br \/>\n\t\n\t\t\t<div class=\"watupro_buttons flex\" id=\"watuPROButtons2\" >\n\t\t  \t\t  \t\t  \t\t   \n\t\t   \t  \t\t<div><input type=\"button\" name=\"action\" class=\"watupro-submit-button\" onclick=\"WatuPRO.submitResult(event)\" id=\"action-button\" value=\"Enviar respuestas\"  \/>\n\t\t<\/div>\n\t\t<\/div>\n\t\t\n\t<input type=\"hidden\" name=\"quiz_id\" value=\"2\" id=\"watuPROExamID\"\/>\n\t<input type=\"hidden\" name=\"start_time\" id=\"startTime\" value=\"2026-04-08 14:49:47\" \/>\n\t<input type=\"hidden\" name=\"start_timestamp\" id=\"startTimeStamp\" value=\"1775659787\" \/>\n\t<input type=\"hidden\" name=\"question_ids\" value=\"\" \/>\n\t<input type=\"hidden\" name=\"watupro_questions\" value=\"16: | 17:29,30,31,32,33 | 18:36,34,35 | 19:39,37,38 | 20:40,41,42 | 21: | 22:43,44 | 23:46,45 | 24:48,47 | 25:50,49 | 26:52,51\" \/>\n\t<input type=\"hidden\" name=\"no_ajax\" value=\"0\">\t\t\t<input type=\"hidden\" name=\"trp-form-language\" value=\"pl\"\/><\/form>\n\t<p>&nbsp;<\/p>\n<\/div>\n\n<form method=\"post\" id=\"watuproTimerForm2\" action=\"\">\n\t<!-- watupro-hidden-fields -->\n\t<input type=\"hidden\" name=\"watupro_start_timer\" value=\"0\">\n\t<input type=\"hidden\" name=\"watupro_taker_email\" value=\"\">\n\t<input type=\"hidden\" name=\"watupro_taker_name\" value=\"\">\n\t<input type=\"hidden\" name=\"watupro_taker_phone\" value=\"\">\n\t<input type=\"hidden\" name=\"watupro_taker_company\" value=\"\">\n\t<input type=\"hidden\" name=\"watupro_taker_field1\" value=\"\">\n\t<input type=\"hidden\" name=\"watupro_taker_field2\" value=\"\">\n\t<input type=\"hidden\" name=\"watupro_taker_checkbox\" value=\"1\">\n\t<input type=\"hidden\" name=\"watupro_diff_level\" value=\"\">\n<input type=\"hidden\" name=\"trp-form-language\" value=\"pl\"\/><\/form>\n<script type=\"text\/javascript\">\n\/\/jQuery(document).ready(function(){\ndocument.addEventListener(\"DOMContentLoaded\", function(event) { \t\nvar question_ids = \"\";\nWatuPROSettings[2] = {};\nWatuPRO.qArr = question_ids.split(',');\nWatuPRO.exam_id = 2;\t    \nWatuPRO.post_id = 12710;\nWatuPRO.store_progress = 0;\nWatuPRO.curCatPage = 1;\nWatuPRO.requiredIDs=\"0\".split(\",\");\nWatuPRO.hAppID = \"0.68309600 1775652587\";\nvar url = \"https:\/\/conversaspanishinstitute.com\/wp-content\/plugins\/watupro\/show_exam.php\";\nWatuPRO.examMode = 1;\nWatuPRO.siteURL=\"https:\/\/conversaspanishinstitute.com\/wp-admin\/admin-ajax.php\";\nWatuPRO.emailIsNotRequired = 0;\nWatuPRO.confirmOnSubmit = true;\nWatuPRO.perDecade = 10;\nWatuPROIntel.init(2);\nWatuPRO.inCategoryPages=1;WatuPRO.secs=0;\nWatuPRO.timerID = null;\nWatuPRO.timerRunning = false;\t\t\nWatuPRO.TimerTurnsRed = 0;\nWatuPRO.fullTimeLimit = 600;\nWatuPRO.currentTime = 1775659787;\n});    \t \n<\/script>\n<\/div>\n\t\t\t\t\t\t<\/div>\n\t\t\t\t<\/div>\n\t\t\t\t\t<\/div>\n\t\t<\/div>\n\t\t\t\t\t<\/div>\n\t\t<\/section>\n\t\t\t\t<section data-particle_enable=\"false\" data-particle-mobile-disabled=\"false\" class=\"elementor-section elementor-top-section elementor-element elementor-element-18c8d270 new-footer elementor-section-boxed elementor-section-height-default elementor-section-height-default\" data-id=\"18c8d270\" data-element_type=\"section\" data-settings=\"{&quot;background_background&quot;:&quot;classic&quot;,&quot;jet_parallax_layout_list&quot;:[{&quot;_id&quot;:&quot;c0bfcef&quot;,&quot;jet_parallax_layout_image&quot;:{&quot;url&quot;:&quot;&quot;,&quot;id&quot;:&quot;&quot;,&quot;size&quot;:&quot;&quot;},&quot;jet_parallax_layout_image_tablet&quot;:{&quot;url&quot;:&quot;&quot;,&quot;id&quot;:&quot;&quot;,&quot;size&quot;:&quot;&quot;},&quot;jet_parallax_layout_image_mobile&quot;:{&quot;url&quot;:&quot;&quot;,&quot;id&quot;:&quot;&quot;,&quot;size&quot;:&quot;&quot;},&quot;jet_parallax_layout_speed&quot;:{&quot;unit&quot;:&quot;%&quot;,&quot;size&quot;:50,&quot;sizes&quot;:[]},&quot;jet_parallax_layout_type&quot;:&quot;scroll&quot;,&quot;jet_parallax_layout_direction&quot;:null,&quot;jet_parallax_layout_fx_direction&quot;:null,&quot;jet_parallax_layout_z_index&quot;:&quot;&quot;,&quot;jet_parallax_layout_bg_x&quot;:50,&quot;jet_parallax_layout_bg_x_tablet&quot;:&quot;&quot;,&quot;jet_parallax_layout_bg_x_mobile&quot;:&quot;&quot;,&quot;jet_parallax_layout_bg_y&quot;:50,&quot;jet_parallax_layout_bg_y_tablet&quot;:&quot;&quot;,&quot;jet_parallax_layout_bg_y_mobile&quot;:&quot;&quot;,&quot;jet_parallax_layout_bg_size&quot;:&quot;auto&quot;,&quot;jet_parallax_layout_bg_size_tablet&quot;:&quot;&quot;,&quot;jet_parallax_layout_bg_size_mobile&quot;:&quot;&quot;,&quot;jet_parallax_layout_animation_prop&quot;:&quot;transform&quot;,&quot;jet_parallax_layout_on&quot;:[&quot;desktop&quot;,&quot;tablet&quot;]}]}\">\n\t\t\t\t\t\t<div class=\"elementor-container elementor-column-gap-default\">\n\t\t\t\t\t<div class=\"elementor-column elementor-col-33 elementor-top-column elementor-element elementor-element-25ecf2ba\" data-id=\"25ecf2ba\" data-element_type=\"column\">\n\t\t\t<div class=\"elementor-widget-wrap\">\n\t\t\t\t\t\t\t<\/div>\n\t\t<\/div>\n\t\t\t\t<div class=\"elementor-column elementor-col-33 elementor-top-column elementor-element elementor-element-2f20874e\" data-id=\"2f20874e\" data-element_type=\"column\">\n\t\t\t<div class=\"elementor-widget-wrap elementor-element-populated\">\n\t\t\t\t\t\t<div class=\"elementor-element elementor-element-392a1f47 elementor-widget elementor-widget-image\" data-id=\"392a1f47\" data-element_type=\"widget\" data-widget_type=\"image.default\">\n\t\t\t\t<div class=\"elementor-widget-container\">\n\t\t\t\t\t\t\t\t\t\t\t\t\t\t\t\t<a href=\"https:\/\/conversaspanishinstitute.com\/pl\">\n\t\t\t\t\t\t\t<img loading=\"lazy\" decoding=\"async\" width=\"250\" height=\"63\" src=\"https:\/\/conversaspanishinstitute.com\/wp-content\/uploads\/2022\/01\/logo-footer-1.png\" class=\"attachment-full size-full wp-image-4442\" alt=\"\" \/>\t\t\t\t\t\t\t\t<\/a>\n\t\t\t\t\t\t\t\t\t\t\t\t\t\t\t<\/div>\n\t\t\t\t<\/div>\n\t\t\t\t<div class=\"elementor-element elementor-element-5e94e0cf elementor-tablet-align-center elementor-icon-list--layout-inline elementor-align-left elementor-list-item-link-full_width elementor-widget elementor-widget-icon-list\" data-id=\"5e94e0cf\" data-element_type=\"widget\" data-widget_type=\"icon-list.default\">\n\t\t\t\t<div class=\"elementor-widget-container\">\n\t\t\t\t\t\t\t<ul class=\"elementor-icon-list-items elementor-inline-items\">\n\t\t\t\t\t\t\t<li class=\"elementor-icon-list-item elementor-inline-item\">\n\t\t\t\t\t\t\t\t\t\t\t<span class=\"elementor-icon-list-icon\">\n\t\t\t\t\t\t\t<i aria-hidden=\"true\" class=\"fas fa-map-marker-alt\"><\/i>\t\t\t\t\t\t<\/span>\n\t\t\t\t\t\t\t\t\t\t<span class=\"elementor-icon-list-text\">Av. del Marqu\u00e9s de Sotelo 3, Planta 2 puerta 4, 46002 Valencia<\/span>\n\t\t\t\t\t\t\t\t\t<\/li>\n\t\t\t\t\t\t\t\t<li class=\"elementor-icon-list-item elementor-inline-item\">\n\t\t\t\t\t\t\t\t\t\t\t<a href=\"mailto:info@conversainstitute.com\">\n\n\t\t\t\t\t\t\t\t\t\t\t\t<span class=\"elementor-icon-list-icon\">\n\t\t\t\t\t\t\t<i aria-hidden=\"true\" class=\"far fa-envelope\"><\/i>\t\t\t\t\t\t<\/span>\n\t\t\t\t\t\t\t\t\t\t<span class=\"elementor-icon-list-text\">info@conversainstitute.com<\/span>\n\t\t\t\t\t\t\t\t\t\t\t<\/a>\n\t\t\t\t\t\t\t\t\t<\/li>\n\t\t\t\t\t\t\t\t<li class=\"elementor-icon-list-item elementor-inline-item\">\n\t\t\t\t\t\t\t\t\t\t\t<a href=\"tel:+34961258767\">\n\n\t\t\t\t\t\t\t\t\t\t\t\t<span class=\"elementor-icon-list-icon\">\n\t\t\t\t\t\t\t<i aria-hidden=\"true\" class=\"fas fa-phone-alt\"><\/i>\t\t\t\t\t\t<\/span>\n\t\t\t\t\t\t\t\t\t\t<span class=\"elementor-icon-list-text\">+34 961258767<\/span>\n\t\t\t\t\t\t\t\t\t\t\t<\/a>\n\t\t\t\t\t\t\t\t\t<\/li>\n\t\t\t\t\t\t<\/ul>\n\t\t\t\t\t\t<\/div>\n\t\t\t\t<\/div>\n\t\t\t\t\t<\/div>\n\t\t<\/div>\n\t\t\t\t<div class=\"elementor-column elementor-col-33 elementor-top-column elementor-element elementor-element-3d35f3d\" data-id=\"3d35f3d\" data-element_type=\"column\">\n\t\t\t<div class=\"elementor-widget-wrap\">\n\t\t\t\t\t\t\t<\/div>\n\t\t<\/div>\n\t\t\t\t\t<\/div>\n\t\t<\/section>\n\t\t\t\t<section data-particle_enable=\"false\" data-particle-mobile-disabled=\"false\" class=\"elementor-section elementor-top-section elementor-element elementor-element-3121b456 elementor-section-boxed elementor-section-height-default elementor-section-height-default\" data-id=\"3121b456\" data-element_type=\"section\" data-settings=\"{&quot;jet_parallax_layout_list&quot;:[]}\">\n\t\t\t\t\t\t<div class=\"elementor-container elementor-column-gap-default\">\n\t\t\t\t\t<div class=\"elementor-column elementor-col-100 elementor-top-column elementor-element elementor-element-5e96472d\" data-id=\"5e96472d\" data-element_type=\"column\">\n\t\t\t<div class=\"elementor-widget-wrap elementor-element-populated\">\n\t\t\t\t\t\t<div class=\"elementor-element elementor-element-7d6a63d8 elementor-icon-list--layout-inline elementor-align-right elementor-tablet-align-center elementor-mobile-align-left elementor-list-item-link-full_width elementor-widget elementor-widget-icon-list\" data-id=\"7d6a63d8\" data-element_type=\"widget\" data-widget_type=\"icon-list.default\">\n\t\t\t\t<div class=\"elementor-widget-container\">\n\t\t\t\t\t\t\t<ul class=\"elementor-icon-list-items elementor-inline-items\">\n\t\t\t\t\t\t\t<li class=\"elementor-icon-list-item elementor-inline-item\">\n\t\t\t\t\t\t\t\t\t\t\t<a href=\"mailto:info@conversaspanishinstitute.com\">\n\n\t\t\t\t\t\t\t\t\t\t\t\t<span class=\"elementor-icon-list-icon\">\n\t\t\t\t\t\t\t<i aria-hidden=\"true\" class=\"far fa-envelope\"><\/i>\t\t\t\t\t\t<\/span>\n\t\t\t\t\t\t\t\t\t\t<span class=\"elementor-icon-list-text\">info@conversaspanishinstitute.com<\/span>\n\t\t\t\t\t\t\t\t\t\t\t<\/a>\n\t\t\t\t\t\t\t\t\t<\/li>\n\t\t\t\t\t\t\t\t<li class=\"elementor-icon-list-item elementor-inline-item\">\n\t\t\t\t\t\t\t\t\t\t\t<a href=\"tel:+34961258767\">\n\n\t\t\t\t\t\t\t\t\t\t\t\t<span class=\"elementor-icon-list-icon\">\n\t\t\t\t\t\t\t<i aria-hidden=\"true\" class=\"fas fa-phone-alt\"><\/i>\t\t\t\t\t\t<\/span>\n\t\t\t\t\t\t\t\t\t\t<span class=\"elementor-icon-list-text\">+34 961258767<\/span>\n\t\t\t\t\t\t\t\t\t\t\t<\/a>\n\t\t\t\t\t\t\t\t\t<\/li>\n\t\t\t\t\t\t\t\t<li class=\"elementor-icon-list-item elementor-inline-item\">\n\t\t\t\t\t\t\t\t\t\t\t<span class=\"elementor-icon-list-icon\">\n\t\t\t\t\t\t\t<i aria-hidden=\"true\" class=\"fas fa-map-marker-alt\"><\/i>\t\t\t\t\t\t<\/span>\n\t\t\t\t\t\t\t\t\t\t<span class=\"elementor-icon-list-text\">Av. del Marqu\u00e9s de Sotelo 3, Planta 2 puerta 4, 46002 Valencia<\/span>\n\t\t\t\t\t\t\t\t\t<\/li>\n\t\t\t\t\t\t<\/ul>\n\t\t\t\t\t\t<\/div>\n\t\t\t\t<\/div>\n\t\t\t\t\t<\/div>\n\t\t<\/div>\n\t\t\t\t\t<\/div>\n\t\t<\/section>\n\t\t\t\t<\/div>","protected":false},"excerpt":{"rendered":"<p>info@conversaspanishinstitute.com +34 961258767 Av. del Marqu\u00e9s de Sotelo 3, Planta 2 puerta 4, 46002 Valencia Av. del Marqu\u00e9s de Sotelo 3, Planta 2 puerta 4, 46002 Valencia info@conversainstitute.com +34 961258767 info@conversaspanishinstitute.com +34 961258767 Av. del Marqu\u00e9s de Sotelo 3, Planta 2 puerta 4, 46002<\/p>","protected":false},"author":1,"featured_media":0,"parent":0,"menu_order":0,"comment_status":"closed","ping_status":"closed","template":"elementor_canvas","meta":{"_acf_changed":false,"footnotes":""},"class_list":["post-12710","page","type-page","status-publish","hentry"],"acf":[],"jetpack_sharing_enabled":true,"_links":{"self":[{"href":"https:\/\/conversaspanishinstitute.com\/pl\/wp-json\/wp\/v2\/pages\/12710","targetHints":{"allow":["GET"]}}],"collection":[{"href":"https:\/\/conversaspanishinstitute.com\/pl\/wp-json\/wp\/v2\/pages"}],"about":[{"href":"https:\/\/conversaspanishinstitute.com\/pl\/wp-json\/wp\/v2\/types\/page"}],"author":[{"embeddable":true,"href":"https:\/\/conversaspanishinstitute.com\/pl\/wp-json\/wp\/v2\/users\/1"}],"replies":[{"embeddable":true,"href":"https:\/\/conversaspanishinstitute.com\/pl\/wp-json\/wp\/v2\/comments?post=12710"}],"version-history":[{"count":0,"href":"https:\/\/conversaspanishinstitute.com\/pl\/wp-json\/wp\/v2\/pages\/12710\/revisions"}],"wp:attachment":[{"href":"https:\/\/conversaspanishinstitute.com\/pl\/wp-json\/wp\/v2\/media?parent=12710"}],"curies":[{"name":"wp","href":"https:\/\/api.w.org\/{rel}","templated":true}]}}