{"id":13107,"date":"2023-12-06T10:49:16","date_gmt":"2023-12-06T10:49:16","guid":{"rendered":"https:\/\/conversaspanishinstitute.com\/?page_id=13107"},"modified":"2024-03-19T13:53:46","modified_gmt":"2024-03-19T13:53:46","slug":"oferty-pracy","status":"publish","type":"page","link":"https:\/\/conversaspanishinstitute.com\/pl\/oferty-pracy\/","title":{"rendered":"Oferty pracy Odontologia"},"content":{"rendered":"<div data-elementor-type=\"wp-page\" data-elementor-id=\"13107\" class=\"elementor elementor-13107\" data-elementor-post-type=\"page\">\n\t\t\t\t\t\t<section data-particle_enable=\"false\" data-particle-mobile-disabled=\"false\" class=\"elementor-section elementor-top-section elementor-element elementor-element-e2dd2dd elementor-section-boxed elementor-section-height-default elementor-section-height-default\" data-id=\"e2dd2dd\" data-element_type=\"section\" data-settings=\"{&quot;jet_parallax_layout_list&quot;:[]}\">\n\t\t\t\t\t\t<div class=\"elementor-container elementor-column-gap-default\">\n\t\t\t\t\t<div class=\"elementor-column elementor-col-100 elementor-top-column elementor-element elementor-element-6689755\" data-id=\"6689755\" data-element_type=\"column\">\n\t\t\t<div class=\"elementor-widget-wrap elementor-element-populated\">\n\t\t\t\t\t\t<div class=\"elementor-element elementor-element-f121937 elementor-widget elementor-widget-heading\" data-id=\"f121937\" data-element_type=\"widget\" data-widget_type=\"heading.default\">\n\t\t\t\t<div class=\"elementor-widget-container\">\n\t\t\t\t\t<h2 class=\"elementor-heading-title elementor-size-default\">Oferta pracy<br><br>Specjalista ELE dla Odontologii\/Salud<\/h2>\t\t\t\t<\/div>\n\t\t\t\t<\/div>\n\t\t\t\t\t<\/div>\n\t\t<\/div>\n\t\t\t\t\t<\/div>\n\t\t<\/section>\n\t\t\t\t<section data-particle_enable=\"false\" data-particle-mobile-disabled=\"false\" class=\"elementor-section elementor-top-section elementor-element elementor-element-c6b5480 elementor-section-boxed elementor-section-height-default elementor-section-height-default\" data-id=\"c6b5480\" data-element_type=\"section\" data-settings=\"{&quot;jet_parallax_layout_list&quot;:[]}\">\n\t\t\t\t\t\t<div class=\"elementor-container elementor-column-gap-default\">\n\t\t\t\t\t<div class=\"elementor-column elementor-col-100 elementor-top-column elementor-element elementor-element-fa98df9\" data-id=\"fa98df9\" data-element_type=\"column\">\n\t\t\t<div class=\"elementor-widget-wrap elementor-element-populated\">\n\t\t\t\t\t\t<div class=\"elementor-element elementor-element-96245ad elementor-widget elementor-widget-text-editor\" data-id=\"96245ad\" data-element_type=\"widget\" data-widget_type=\"text-editor.default\">\n\t\t\t\t<div class=\"elementor-widget-container\">\n\t\t\t\t\t\t\t\t\t<p>En Conversa Spanish Institute Valencia queremos incorporar a nuestro equipo docente a un profesor de espa\u00f1ol con experiencia en la ense\u00f1anza de fines espec\u00edficos, m\u00e1s concretamente en el \u00e1mbito de la salud y la odontolog\u00eda.<\/p>\n<p>We wszystkich przypadkach wymagane s\u0105 informacje potwierdzaj\u0105ce do\u015bwiadczenie kandydata, zar\u00f3wno w nauczaniu j\u0119zyka hiszpa\u0144skiego jako j\u0119zyka obcego, jak i w dziedzinie odontologii.<\/p>\n<p><span style=\"color: var( --e-global-color-text ); font-family: var( --e-global-typography-text-font-family ), Sans-serif; font-size: 1rem;\">Dost\u0119pne s\u0105 nast\u0119puj\u0105ce funkcje:<\/span><\/p><ul><li><ul><li style=\"font-size: 16px;\">Stw\u00f3rz i dostosuj materia\u0142 w oparciu o potrzeby grupy.<\/li>\n<li style=\"font-size: 16px;\">Realizuj sesje tre\u015bci, zar\u00f3wno na \u017cywo, jak i w formie nagra\u0144.<\/li><li style=\"font-size: 16px;\">Rozwi\u0105\u017c swoje w\u0105tpliwo\u015bci i pytania podczas sesji korepetycji.<\/li><li style=\"font-size: 16px;\">Rejestruj aktywno\u015bci i zadania.<\/li>\n<\/ul>\n<\/li>\n<li>Tryb: na odleg\u0142o\u015b\u0107 (ale b\u0119dzie brany pod uwag\u0119, je\u015bli nauczyciel mieszka w Walencji).<\/li>\n<li>Rodzaj umowy: Media jornada<\/li>\n<li>Wynagrodzenie: zgodnie z umow\u0105<\/li>\n<li>Horario: por definir\n<\/li>\n<\/ul>\n<div><br><\/div>\n<p><strong>Wymagania<\/strong>:<\/p>\n<ul>\n<li>B\u0105d\u017a kreatywnym, elastycznym i sumiennym nauczycielem.<\/li>\n<li>Studia wy\u017csze, najlepiej zwi\u0105zane z obszarem edukacji.<\/li>\n<li>Estudios espec\u00edficos de ense\u00f1anza de espa\u00f1ol como lengua extranjera (ELE).<\/li>\n<li>Specjalistyczne studia nauczania j\u0119zyka hiszpa\u0144skiego dla cel\u00f3w specjalnych (EFE), szczeg\u00f3lnie zwi\u0105zane ze zdrowiem i odontologi\u0105.<\/li>\n<li>Minimum 6-miesi\u0119czne do\u015bwiadczenie w nauczaniu j\u0119zyka hiszpa\u0144skiego.<\/li>\n<li>Do\u015bwiadczenie w nauczaniu przez Internet lub w kontekstach wirtualnych.<\/li>\n<li>Znajomo\u015b\u0107 informatyki i korzystanie z platform.<\/li>\n<\/ul>\t\t\t\t\t\t\t\t<\/div>\n\t\t\t\t<\/div>\n\t\t\t\t<div class=\"elementor-element elementor-element-1e143ff fluent-form-widget-step-header-yes fluent-form-widget-step-progressbar-yes fluentform-widget-submit-button-custom elementor-widget elementor-widget-fluent-form-widget\" data-id=\"1e143ff\" data-element_type=\"widget\" data-widget_type=\"fluent-form-widget.default\">\n\t\t\t\t<div class=\"elementor-widget-container\">\n\t\t\t\t\t\n            <div class=\"fluentform-widget-wrapper fluentform-widget-align-default\">\n\n            \n                        <\/div>\n\n            \t\t\t\t<\/div>\n\t\t\t\t<\/div>\n\t\t\t\t\t<\/div>\n\t\t<\/div>\n\t\t\t\t\t<\/div>\n\t\t<\/section>\n\t\t\t\t<\/div>","protected":false},"excerpt":{"rendered":"<p>Oferta pracy Specjalista ELE w zakresie Odontologii\/Salud En Conversa Spanish Institute Valencia queremos incorporar a nuestro equipo docente a un profesor de espa\u00f1ol con experiencia ense\u00f1anza de fines espec\u00edficos, m\u00e1s concretamente en el \u00e1mbito de la salud y la odontolog\u00eda. En todos los casos, se pedir\u00e1n muestras que demuestren la experiencia del [...]<\/p>","protected":false},"author":1,"featured_media":12411,"parent":0,"menu_order":0,"comment_status":"closed","ping_status":"closed","template":"","meta":{"_acf_changed":false,"footnotes":""},"class_list":["post-13107","page","type-page","status-publish","has-post-thumbnail","hentry"],"acf":[],"jetpack_sharing_enabled":true,"_links":{"self":[{"href":"https:\/\/conversaspanishinstitute.com\/pl\/wp-json\/wp\/v2\/pages\/13107","targetHints":{"allow":["GET"]}}],"collection":[{"href":"https:\/\/conversaspanishinstitute.com\/pl\/wp-json\/wp\/v2\/pages"}],"about":[{"href":"https:\/\/conversaspanishinstitute.com\/pl\/wp-json\/wp\/v2\/types\/page"}],"author":[{"embeddable":true,"href":"https:\/\/conversaspanishinstitute.com\/pl\/wp-json\/wp\/v2\/users\/1"}],"replies":[{"embeddable":true,"href":"https:\/\/conversaspanishinstitute.com\/pl\/wp-json\/wp\/v2\/comments?post=13107"}],"version-history":[{"count":1,"href":"https:\/\/conversaspanishinstitute.com\/pl\/wp-json\/wp\/v2\/pages\/13107\/revisions"}],"predecessor-version":[{"id":13879,"href":"https:\/\/conversaspanishinstitute.com\/pl\/wp-json\/wp\/v2\/pages\/13107\/revisions\/13879"}],"wp:featuredmedia":[{"embeddable":true,"href":"https:\/\/conversaspanishinstitute.com\/pl\/wp-json\/wp\/v2\/media\/12411"}],"wp:attachment":[{"href":"https:\/\/conversaspanishinstitute.com\/pl\/wp-json\/wp\/v2\/media?parent=13107"}],"curies":[{"name":"wp","href":"https:\/\/api.w.org\/{rel}","templated":true}]}}