{"id":13360,"date":"2024-01-05T14:44:45","date_gmt":"2024-01-05T14:44:45","guid":{"rendered":"https:\/\/conversaspanishinstitute.com\/?page_id=13360"},"modified":"2024-03-19T13:53:33","modified_gmt":"2024-03-19T13:53:33","slug":"oferty-pracy-2","status":"publish","type":"page","link":"https:\/\/conversaspanishinstitute.com\/pl\/oferty-pracy-2\/","title":{"rendered":"Oferty pracy dla migrant\u00f3w ELE"},"content":{"rendered":"<div data-elementor-type=\"wp-page\" data-elementor-id=\"13360\" class=\"elementor elementor-13360\" data-elementor-post-type=\"page\">\n\t\t\t\t\t\t<section data-particle_enable=\"false\" data-particle-mobile-disabled=\"false\" class=\"elementor-section elementor-top-section elementor-element elementor-element-e2dd2dd elementor-section-boxed elementor-section-height-default elementor-section-height-default\" data-id=\"e2dd2dd\" data-element_type=\"section\" data-settings=\"{&quot;jet_parallax_layout_list&quot;:[]}\">\n\t\t\t\t\t\t<div class=\"elementor-container elementor-column-gap-default\">\n\t\t\t\t\t<div class=\"elementor-column elementor-col-100 elementor-top-column elementor-element elementor-element-6689755\" data-id=\"6689755\" data-element_type=\"column\">\n\t\t\t<div class=\"elementor-widget-wrap elementor-element-populated\">\n\t\t\t\t\t\t<div class=\"elementor-element elementor-element-f121937 elementor-widget elementor-widget-heading\" data-id=\"f121937\" data-element_type=\"widget\" data-widget_type=\"heading.default\">\n\t\t\t\t<div class=\"elementor-widget-container\">\n\t\t\t\t\t<h2 class=\"elementor-heading-title elementor-size-default\">Oferta pracy<br><br>Docente de espa\u00f1ol (ELE) a personas migrantes<\/h2>\t\t\t\t<\/div>\n\t\t\t\t<\/div>\n\t\t\t\t\t<\/div>\n\t\t<\/div>\n\t\t\t\t\t<\/div>\n\t\t<\/section>\n\t\t\t\t<section data-particle_enable=\"false\" data-particle-mobile-disabled=\"false\" class=\"elementor-section elementor-top-section elementor-element elementor-element-c6b5480 elementor-section-boxed elementor-section-height-default elementor-section-height-default\" data-id=\"c6b5480\" data-element_type=\"section\" data-settings=\"{&quot;jet_parallax_layout_list&quot;:[]}\">\n\t\t\t\t\t\t<div class=\"elementor-container elementor-column-gap-default\">\n\t\t\t\t\t<div class=\"elementor-column elementor-col-100 elementor-top-column elementor-element elementor-element-fa98df9\" data-id=\"fa98df9\" data-element_type=\"column\">\n\t\t\t<div class=\"elementor-widget-wrap elementor-element-populated\">\n\t\t\t\t\t\t<div class=\"elementor-element elementor-element-96245ad elementor-widget elementor-widget-text-editor\" data-id=\"96245ad\" data-element_type=\"widget\" data-widget_type=\"text-editor.default\">\n\t\t\t\t<div class=\"elementor-widget-container\">\n\t\t\t\t\t\t\t\t\t<p><span style=\"color: var( --e-global-color-text ); font-family: var( --e-global-typography-text-font-family ), Sans-serif;\">W Conversa Spanish Institute (Walencja) stawiamy na jako\u015b\u0107, nie tylko w naszych programach i us\u0142ugach dla naszych uczni\u00f3w, ale tak\u017ce priorytetowo traktujemy satysfakcj\u0119 i uznanie naszego zespo\u0142u.<\/span><\/p><p>Je\u015bli chcesz sta\u0107 si\u0119 cz\u0119\u015bci\u0105 rodziny Conversa, szukamy miejsca na stanowisko docenta j\u0119zyka hiszpa\u0144skiego dla grupy migrant\u00f3w z natychmiastowym w\u0142\u0105czeniem.<\/p><p>Poszukujemy docent\u00f3w z energi\u0105 i zapa\u0142em, kt\u00f3rzy chc\u0105 sta\u0107 si\u0119 cz\u0119\u015bci\u0105 dynamicznego zespo\u0142u w rozwijaj\u0105cej si\u0119 instytucji i kt\u00f3rzy maj\u0105 do\u015bwiadczenie w prowadzeniu zaj\u0119\u0107 w tym kontek\u015bcie.<\/p><p>\u00a0<\/p><p>Wynagrodzenie: Wynagrodzenie b\u0119dzie zgodne z ustalonym w Convenio para Ense\u00f1anzas no Regladas: https:\/\/www.boe.es\/eli\/es\/res\/2022\/07\/19\/(13).<\/p><p>\u00a0<\/p><p>Ofrecemos:<\/p><p>- Umowa na czas nieokre\u015blony (6 miesi\u0119cy okresu pr\u00f3bnego)<\/p><p>-17 godzin semestralnych (15 lekcji i 2 godziny administracyjne) horario 10-1\u00a0<\/p><p>- Dobre \u015brodowisko pracy i elastyczno\u015b\u0107<\/p><p>- Formaci\u00f3n a cargo de la empresa<\/p><p>- Materia\u0142y dydaktyczne i dobre warunki do realizacji pracy dydaktycznej<\/p><p>- W\u0142\u0105czenie natychmiastowe<\/p><p>Wymagania:<\/p><ul><li>Poszukujemy docent\u00f3w z energi\u0105 i zapa\u0142em, kt\u00f3rzy s\u0105 rezolutni i dobrze pracuj\u0105 w zespole.<\/li><li>Titulaci\u00f3n que acredite para el puesto (Filolog\u00eda, Magisterio, Formaci\u00f3n en ELE, etc.).<\/li><li>Minimalne do\u015bwiadczenie w nauczaniu j\u0119zyk\u00f3w obcych: 6 miesi\u0119cy.<\/li><li><b>Zamieszkaj w Walencji lub jej okolicach.<\/b><\/li><\/ul><p>Doceniasz to:<\/p><ul><li style=\"list-style-type: none;\"><ul><li>Znajomo\u015b\u0107 j\u0119zyk\u00f3w obcych.<\/li><li>Wykorzystanie platform edukacyjnych i wirtualnych.<\/li><li>Conocimientos en creaci\u00f3n y adaptaci\u00f3n de materiales did\u00e1cticos.<\/li><li><b>La experiencia con ense\u00f1anza a personas migrantes.<\/b><\/li><\/ul><\/li><\/ul>\t\t\t\t\t\t\t\t<\/div>\n\t\t\t\t<\/div>\n\t\t\t\t<div class=\"elementor-element elementor-element-1e143ff fluent-form-widget-step-header-yes fluent-form-widget-step-progressbar-yes fluentform-widget-submit-button-custom elementor-widget elementor-widget-fluent-form-widget\" data-id=\"1e143ff\" data-element_type=\"widget\" data-widget_type=\"fluent-form-widget.default\">\n\t\t\t\t<div class=\"elementor-widget-container\">\n\t\t\t\t\t\n            <div class=\"fluentform-widget-wrapper fluentform-widget-align-default\">\n\n            \n                        <\/div>\n\n            \t\t\t\t<\/div>\n\t\t\t\t<\/div>\n\t\t\t\t\t<\/div>\n\t\t<\/div>\n\t\t\t\t\t<\/div>\n\t\t<\/section>\n\t\t\t\t<\/div>","protected":false},"excerpt":{"rendered":"<p>Oferta pracy Docente de espa\u00f1ol (ELE) a personas migrantes W Conversa Spanish Institute (Walencja) stawiamy na jako\u015b\u0107, nie tylko w naszych programach i us\u0142ugach dla naszych student\u00f3w, ale tak\u017ce priorytetowo traktujemy satysfakcj\u0119 i uznanie naszego zespo\u0142u. Je\u015bli chcesz sta\u0107 si\u0119 cz\u0119\u015bci\u0105 rodziny Conversa, szukamy dla Ciebie miejsca pracy [...]<\/p>","protected":false},"author":1,"featured_media":12411,"parent":0,"menu_order":0,"comment_status":"closed","ping_status":"closed","template":"","meta":{"_acf_changed":false,"footnotes":""},"class_list":["post-13360","page","type-page","status-publish","has-post-thumbnail","hentry"],"acf":[],"jetpack_sharing_enabled":true,"_links":{"self":[{"href":"https:\/\/conversaspanishinstitute.com\/pl\/wp-json\/wp\/v2\/pages\/13360","targetHints":{"allow":["GET"]}}],"collection":[{"href":"https:\/\/conversaspanishinstitute.com\/pl\/wp-json\/wp\/v2\/pages"}],"about":[{"href":"https:\/\/conversaspanishinstitute.com\/pl\/wp-json\/wp\/v2\/types\/page"}],"author":[{"embeddable":true,"href":"https:\/\/conversaspanishinstitute.com\/pl\/wp-json\/wp\/v2\/users\/1"}],"replies":[{"embeddable":true,"href":"https:\/\/conversaspanishinstitute.com\/pl\/wp-json\/wp\/v2\/comments?post=13360"}],"version-history":[{"count":1,"href":"https:\/\/conversaspanishinstitute.com\/pl\/wp-json\/wp\/v2\/pages\/13360\/revisions"}],"predecessor-version":[{"id":13878,"href":"https:\/\/conversaspanishinstitute.com\/pl\/wp-json\/wp\/v2\/pages\/13360\/revisions\/13878"}],"wp:featuredmedia":[{"embeddable":true,"href":"https:\/\/conversaspanishinstitute.com\/pl\/wp-json\/wp\/v2\/media\/12411"}],"wp:attachment":[{"href":"https:\/\/conversaspanishinstitute.com\/pl\/wp-json\/wp\/v2\/media?parent=13360"}],"curies":[{"name":"wp","href":"https:\/\/api.w.org\/{rel}","templated":true}]}}