{"id":13373,"date":"2024-01-07T18:18:31","date_gmt":"2024-01-07T18:18:31","guid":{"rendered":"https:\/\/conversaspanishinstitute.com\/?page_id=13373"},"modified":"2024-01-12T08:12:59","modified_gmt":"2024-01-12T08:12:59","slug":"oferta-pracy-online","status":"publish","type":"page","link":"https:\/\/conversaspanishinstitute.com\/pl\/oferta-de-empleo-ele-online\/","title":{"rendered":"Oferta pracy - ELE online"},"content":{"rendered":"<div data-elementor-type=\"wp-page\" data-elementor-id=\"13373\" class=\"elementor elementor-13373\" data-elementor-post-type=\"page\">\n\t\t\t\t\t\t<section data-particle_enable=\"false\" data-particle-mobile-disabled=\"false\" class=\"elementor-section elementor-top-section elementor-element elementor-element-21b49e5 elementor-section-boxed elementor-section-height-default elementor-section-height-default\" data-id=\"21b49e5\" data-element_type=\"section\" data-e-type=\"section\" data-settings=\"{&quot;jet_parallax_layout_list&quot;:[]}\">\n\t\t\t\t\t\t<div class=\"elementor-container elementor-column-gap-default\">\n\t\t\t\t\t<div class=\"elementor-column elementor-col-100 elementor-top-column elementor-element elementor-element-4f59fee\" data-id=\"4f59fee\" data-element_type=\"column\" data-e-type=\"column\">\n\t\t\t<div class=\"elementor-widget-wrap elementor-element-populated\">\n\t\t\t\t\t\t<div class=\"elementor-element elementor-element-1b8c52d elementor-widget elementor-widget-heading\" data-id=\"1b8c52d\" data-element_type=\"widget\" data-e-type=\"widget\" data-widget_type=\"heading.default\">\n\t\t\t\t<div class=\"elementor-widget-container\">\n\t\t\t\t\t<h2 class=\"elementor-heading-title elementor-size-medium\">Oferta pracy<\/h2>\t\t\t\t<\/div>\n\t\t\t\t<\/div>\n\t\t\t\t<div class=\"elementor-element elementor-element-11eca2a elementor-widget elementor-widget-heading\" data-id=\"11eca2a\" data-element_type=\"widget\" data-e-type=\"widget\" data-widget_type=\"heading.default\">\n\t\t\t\t<div class=\"elementor-widget-container\">\n\t\t\t\t\t<h2 class=\"elementor-heading-title elementor-size-large\">PROCESO CERRADO <br><br>Docente ELE online horario LATAM<\/h2>\t\t\t\t<\/div>\n\t\t\t\t<\/div>\n\t\t\t\t\t<\/div>\n\t\t<\/div>\n\t\t\t\t\t<\/div>\n\t\t<\/section>\n\t\t\t\t<section data-particle_enable=\"false\" data-particle-mobile-disabled=\"false\" class=\"elementor-section elementor-top-section elementor-element elementor-element-934e70d elementor-section-boxed elementor-section-height-default elementor-section-height-default\" data-id=\"934e70d\" data-element_type=\"section\" data-e-type=\"section\" data-settings=\"{&quot;jet_parallax_layout_list&quot;:[]}\">\n\t\t\t\t\t\t<div class=\"elementor-container elementor-column-gap-default\">\n\t\t\t\t\t<div class=\"elementor-column elementor-col-100 elementor-top-column elementor-element elementor-element-91c4b57\" data-id=\"91c4b57\" data-element_type=\"column\" data-e-type=\"column\">\n\t\t\t<div class=\"elementor-widget-wrap elementor-element-populated\">\n\t\t\t\t\t\t<div class=\"elementor-element elementor-element-1fa1384 elementor-widget elementor-widget-text-editor\" data-id=\"1fa1384\" data-element_type=\"widget\" data-e-type=\"widget\" data-widget_type=\"text-editor.default\">\n\t\t\t\t<div class=\"elementor-widget-container\">\n\t\t\t\t\t\t\t\t\t<p><span style=\"font-weight: 400;\">W Conversa Spanish Institute (Walencja) stawiamy na jako\u015b\u0107, nie tylko w naszych programach i us\u0142ugach dla naszych uczni\u00f3w, ale tak\u017ce priorytetowo traktujemy satysfakcj\u0119 i uznanie naszego zespo\u0142u.<\/span><\/p><p><span style=\"font-weight: 400;\">Je\u015bli chcesz sta\u0107 si\u0119 cz\u0119\u015bci\u0105 rodziny Conversa, szukamy dla Ciebie miejsca na <strong>docente de espa\u00f1ol online en horario de LATAM.\u00a0<\/strong><\/span><\/p><p><span style=\"font-weight: 400;\">Poszukujemy docent\u00f3w z energi\u0105 i zapa\u0142em, kt\u00f3rzy chc\u0105 sta\u0107 si\u0119 cz\u0119\u015bci\u0105 dynamicznego zespo\u0142u w rozwijaj\u0105cej si\u0119 instytucji i kt\u00f3rzy maj\u0105 do\u015bwiadczenie w prowadzeniu zaj\u0119\u0107 w tym kontek\u015bcie.<\/span><\/p><p>\u00a0<\/p><p><span style=\"font-weight: 400;\">Wynagrodzenie: Wynagrodzenie b\u0119dzie zgodne z ustalonym w Convenio para Ense\u00f1anzas no Regladas: https:\/\/www.boe.es\/eli\/es\/res\/2022\/07\/19\/(13).<\/span><\/p><p>\u00a0<\/p><p><span style=\"font-weight: 400;\">Funkcje:<\/span><span style=\"font-weight: 400;\"><br \/><\/span><span style=\"font-weight: 400;\">- Projektuj i koryguj dzia\u0142ania na naszej platformie.<\/span><\/p><p><span style=\"font-weight: 400;\">- Korepetycje, lekcje conversaci\u00f3n, lekcje kultury w zoom\/google meet.<\/span><span style=\"font-weight: 400;\"><br \/><\/span><span style=\"font-weight: 400;\">- Przeka\u017c program edukacyjny stworzony przez Conversa.<\/span><span style=\"font-weight: 400;\"><br \/><\/span><span style=\"font-weight: 400;\">- Do\u015bwiadczenie w prowadzeniu zaj\u0119\u0107 online.<\/span><span style=\"font-weight: 400;\"><br \/><\/span><span style=\"font-weight: 400;\">- Do\u015bwiadczenie z uczniami r\u00f3\u017cnych narodowo\u015bci.<\/span><span style=\"font-weight: 400;\"><br \/><\/span><span style=\"font-weight: 400;\">- Przeka\u017c wszystkie poziomy MCER (A1-C2).<\/span><span style=\"font-weight: 400;\"><br \/><\/span><span style=\"font-weight: 400;\">- Zadania administracyjno-administracyjne: tworzenie list pomocy, ewaluacja, zjazdy itp.<\/span><\/p><p><span style=\"font-weight: 400;\">Wymagania:<\/span><\/p><ul><li style=\"font-weight: 400;\" aria-level=\"1\"><span style=\"font-weight: 400;\">Do\u015bwiadczenie w zaj\u0119ciach online.<\/span><\/li><li style=\"font-weight: 400;\" aria-level=\"1\"><span style=\"font-weight: 400;\">Poszukujemy docent\u00f3w z energi\u0105 i zapa\u0142em, kt\u00f3rzy s\u0105 rezolutni i dobrze pracuj\u0105 w zespole.<\/span><\/li><li style=\"font-weight: 400;\" aria-level=\"1\"><span style=\"font-weight: 400;\">Titulaci\u00f3n que acredite para el puesto (Filolog\u00eda, Magisterio, Formaci\u00f3n en ELE, etc.).<\/span><\/li><li style=\"font-weight: 400;\" aria-level=\"1\"><b>\u017bycie w Ameryce \u0141aci\u0144skiej zgodnie z harmonogramem naszych absolwent\u00f3w jest niezwykle wa\u017cne.<\/b><\/li><\/ul><div><b>\u00a0<\/b><\/div><p><span style=\"font-weight: 400;\">Doceniasz to:<\/span><\/p><ul><li style=\"font-weight: 400;\" aria-level=\"1\"><span style=\"font-weight: 400;\">Znajomo\u015b\u0107 j\u0119zyk\u00f3w obcych.<\/span><\/li><li style=\"font-weight: 400;\" aria-level=\"1\"><span style=\"font-weight: 400;\">Wykorzystanie platform edukacyjnych i wirtualnych.<\/span><\/li><li style=\"font-weight: 400;\" aria-level=\"1\"><span style=\"font-weight: 400;\">Conocimientos en creaci\u00f3n y adaptaci\u00f3n de materiales did\u00e1cticos.<\/span><\/li><\/ul>\t\t\t\t\t\t\t\t<\/div>\n\t\t\t\t<\/div>\n\t\t\t\t\t<\/div>\n\t\t<\/div>\n\t\t\t\t\t<\/div>\n\t\t<\/section>\n\t\t\t\t<section data-particle_enable=\"false\" data-particle-mobile-disabled=\"false\" class=\"elementor-section elementor-top-section elementor-element elementor-element-9c5671a elementor-section-boxed elementor-section-height-default elementor-section-height-default\" data-id=\"9c5671a\" data-element_type=\"section\" data-e-type=\"section\" data-settings=\"{&quot;jet_parallax_layout_list&quot;:[]}\">\n\t\t\t\t\t\t<div class=\"elementor-container elementor-column-gap-default\">\n\t\t\t\t\t<div class=\"elementor-column elementor-col-100 elementor-top-column elementor-element elementor-element-81735a6\" data-id=\"81735a6\" data-element_type=\"column\" data-e-type=\"column\">\n\t\t\t<div class=\"elementor-widget-wrap elementor-element-populated\">\n\t\t\t\t\t\t<div class=\"elementor-element elementor-element-8c3dd23 fluent-form-widget-step-header-yes fluent-form-widget-step-progressbar-yes fluentform-widget-submit-button-custom elementor-widget elementor-widget-fluent-form-widget\" data-id=\"8c3dd23\" data-element_type=\"widget\" data-e-type=\"widget\" data-widget_type=\"fluent-form-widget.default\">\n\t\t\t\t<div class=\"elementor-widget-container\">\n\t\t\t\t\t\n            <div class=\"fluentform-widget-wrapper fluentform-widget-align-default\">\n\n            \n                        <\/div>\n\n            \t\t\t\t<\/div>\n\t\t\t\t<\/div>\n\t\t\t\t\t<\/div>\n\t\t<\/div>\n\t\t\t\t\t<\/div>\n\t\t<\/section>\n\t\t\t\t<\/div>","protected":false},"excerpt":{"rendered":"<p>Oferta de empleo PROCESO CERRADO Docente ELE online horario LATAM En Conversa Spanish Institute (Valencia) apostamos por la calidad, no solo en nuestros programas y servicios hacia nuestros estudiantes, sino dando prioridad a la satisfacci\u00f3n y reconocimiento de nuestro equipo. Si quieres formar parte de la familia Conversa, estamos buscando cubrir una plaza de docente [&hellip;]<\/p>\n","protected":false},"author":1,"featured_media":0,"parent":0,"menu_order":0,"comment_status":"closed","ping_status":"closed","template":"","meta":{"_acf_changed":false,"footnotes":""},"class_list":["post-13373","page","type-page","status-publish","hentry"],"acf":[],"jetpack_sharing_enabled":true,"_links":{"self":[{"href":"https:\/\/conversaspanishinstitute.com\/pl\/wp-json\/wp\/v2\/pages\/13373","targetHints":{"allow":["GET"]}}],"collection":[{"href":"https:\/\/conversaspanishinstitute.com\/pl\/wp-json\/wp\/v2\/pages"}],"about":[{"href":"https:\/\/conversaspanishinstitute.com\/pl\/wp-json\/wp\/v2\/types\/page"}],"author":[{"embeddable":true,"href":"https:\/\/conversaspanishinstitute.com\/pl\/wp-json\/wp\/v2\/users\/1"}],"replies":[{"embeddable":true,"href":"https:\/\/conversaspanishinstitute.com\/pl\/wp-json\/wp\/v2\/comments?post=13373"}],"version-history":[{"count":0,"href":"https:\/\/conversaspanishinstitute.com\/pl\/wp-json\/wp\/v2\/pages\/13373\/revisions"}],"wp:attachment":[{"href":"https:\/\/conversaspanishinstitute.com\/pl\/wp-json\/wp\/v2\/media?parent=13373"}],"curies":[{"name":"wp","href":"https:\/\/api.w.org\/{rel}","templated":true}]}}