{"id":1351,"date":"2019-01-10T18:39:57","date_gmt":"2019-01-10T18:39:57","guid":{"rendered":"https:\/\/pocketlearningspanish.com\/?page_id=1351"},"modified":"2022-03-10T00:57:04","modified_gmt":"2022-03-10T00:57:04","slug":"slownik-wizualny","status":"publish","type":"page","link":"https:\/\/conversaspanishinstitute.com\/pl\/slownik-wizualny\/","title":{"rendered":"Visual Dictionary Optin"},"content":{"rendered":"<div data-elementor-type=\"wp-page\" data-elementor-id=\"1351\" class=\"elementor elementor-1351\" data-elementor-post-type=\"page\">\n\t\t\t\t\t\t<section data-particle_enable=\"false\" data-particle-mobile-disabled=\"false\" class=\"elementor-section elementor-top-section elementor-element elementor-element-ebefb93 elementor-section-boxed elementor-section-height-default elementor-section-height-default\" data-id=\"ebefb93\" data-element_type=\"section\" data-settings=\"{&quot;jet_parallax_layout_list&quot;:[]}\">\n\t\t\t\t\t\t<div class=\"elementor-container elementor-column-gap-default\">\n\t\t\t\t\t<div class=\"elementor-column elementor-col-100 elementor-top-column elementor-element elementor-element-37543b87\" data-id=\"37543b87\" data-element_type=\"column\">\n\t\t\t<div class=\"elementor-widget-wrap elementor-element-populated\">\n\t\t\t\t\t\t<div class=\"elementor-element elementor-element-d71b8fa elementor-widget elementor-widget-heading\" data-id=\"d71b8fa\" data-element_type=\"widget\" data-widget_type=\"heading.default\">\n\t\t\t\t<div class=\"elementor-widget-container\">\n\t\t\t\t\t<h1 class=\"elementor-heading-title elementor-size-default\">Zarejestruj si\u0119, aby otrzyma\u0107 s\u0142ownik wizualny! Nauka hiszpa\u0144skiego nigdy nie by\u0142a tak \u0142atwa!<\/h1>\t\t\t\t<\/div>\n\t\t\t\t<\/div>\n\t\t\t\t<div class=\"elementor-element elementor-element-db446e9 elementor-widget elementor-widget-html\" data-id=\"db446e9\" data-element_type=\"widget\" data-widget_type=\"html.default\">\n\t\t\t\t<div class=\"elementor-widget-container\">\n\t\t\t\t\t<script charset=\"utf-8\" type=\"text\/javascript\" src=\"\/\/js-eu1.hsforms.net\/forms\/shell.js\"><\/script>\r\n<script>\r\n  hbspt.forms.create({\r\n\tregion: \"eu1\",\r\n\tportalId: \"25120636\",\r\n\tformId: \"077d0f06-3827-481d-bc3b-ec657b5f51de\"\r\n});\r\n<\/script>\t\t\t\t<\/div>\n\t\t\t\t<\/div>\n\t\t\t\t<div class=\"elementor-element elementor-element-20f7ef5 elementor-widget elementor-widget-text-editor\" data-id=\"20f7ef5\" data-element_type=\"widget\" data-widget_type=\"text-editor.default\">\n\t\t\t\t<div class=\"elementor-widget-container\">\n\t\t\t\t\t\t\t\t\t<p>Wprowad\u017a swoje dane, aby otrzyma\u0107 DARMOWY s\u0142ownik wizualny, otrzymywa\u0107 informacje o przysz\u0142ych wydarzeniach, promocjach, rabatach, ofertach, a nawet okazjonalnych darmowych ofertach. Mo\u017cesz przeczyta\u0107 wi\u0119cej na ten temat w naszym <span style=\"color: var(--tcb-color-0);\"><a style=\"outline: none;\" href=\"http:\/\/conversaspanishinstitute.com\/pl\/polityka-prywatnosci\/\" target=\"_blank\" rel=\"noopener\">Polityka prywatno\u015bci<\/a><\/span>.<\/p><p><span style=\"width: 100%;\"><img fetchpriority=\"high\" decoding=\"async\" title=\"02\" src=\"http:\/\/conversaspanishinstitute.com\/wp-content\/uploads\/2018\/09\/02.png\" alt=\"\" width=\"2443\" height=\"1761\" data-id=\"1060\" \/><\/span><\/p>\t\t\t\t\t\t\t\t<\/div>\n\t\t\t\t<\/div>\n\t\t\t\t\t<\/div>\n\t\t<\/div>\n\t\t\t\t\t<\/div>\n\t\t<\/section>\n\t\t\t\t<\/div>","protected":false},"excerpt":{"rendered":"<p>Zarejestruj si\u0119, aby otrzyma\u0107 s\u0142ownik wizualny! Nauka hiszpa\u0144skiego nigdy nie by\u0142a tak \u0142atwa! Wprowad\u017a swoje dane, aby otrzyma\u0107 BEZP\u0141ATNY s\u0142ownik wizualny, otrzymywa\u0107 informacje o przysz\u0142ych wydarzeniach, promocjach, rabatach, ofertach, a nawet okazjonalnych darmowych ofertach bonusowych. Mo\u017cesz przeczyta\u0107 wi\u0119cej na ten temat w naszej Polityce Prywatno\u015bci.<\/p>","protected":false},"author":1,"featured_media":0,"parent":0,"menu_order":0,"comment_status":"closed","ping_status":"closed","template":"","meta":{"_acf_changed":false,"footnotes":""},"class_list":["post-1351","page","type-page","status-publish","hentry"],"acf":[],"jetpack_sharing_enabled":true,"_links":{"self":[{"href":"https:\/\/conversaspanishinstitute.com\/pl\/wp-json\/wp\/v2\/pages\/1351","targetHints":{"allow":["GET"]}}],"collection":[{"href":"https:\/\/conversaspanishinstitute.com\/pl\/wp-json\/wp\/v2\/pages"}],"about":[{"href":"https:\/\/conversaspanishinstitute.com\/pl\/wp-json\/wp\/v2\/types\/page"}],"author":[{"embeddable":true,"href":"https:\/\/conversaspanishinstitute.com\/pl\/wp-json\/wp\/v2\/users\/1"}],"replies":[{"embeddable":true,"href":"https:\/\/conversaspanishinstitute.com\/pl\/wp-json\/wp\/v2\/comments?post=1351"}],"version-history":[{"count":0,"href":"https:\/\/conversaspanishinstitute.com\/pl\/wp-json\/wp\/v2\/pages\/1351\/revisions"}],"wp:attachment":[{"href":"https:\/\/conversaspanishinstitute.com\/pl\/wp-json\/wp\/v2\/media?parent=1351"}],"curies":[{"name":"wp","href":"https:\/\/api.w.org\/{rel}","templated":true}]}}