{"id":14349,"date":"2024-04-08T16:38:30","date_gmt":"2024-04-08T16:38:30","guid":{"rendered":"https:\/\/conversaspanishinstitute.com\/?page_id=14349"},"modified":"2024-04-08T16:38:32","modified_gmt":"2024-04-08T16:38:32","slug":"protocolo-etico-y-estrategia-de-responsabilidad-empresarial","status":"publish","type":"page","link":"https:\/\/conversaspanishinstitute.com\/pl\/protocolo-etico-y-estrategia-de-responsabilidad-empresarial\/","title":{"rendered":"Protok\u00f3\u0142 etyczny i strategia odpowiedzialno\u015bci biznesowej"},"content":{"rendered":"<h3 class=\"wp-block-heading\">Kod lub protok\u00f3\u0142 etyczny Conversa Spanish Institute<\/h3>\n\n\n\n<p><strong>Misja i warto\u015bci:<\/strong><\/p>\n\n\n\n<ul class=\"wp-block-list\">\n<li><strong>Integridad y Transparencia:<\/strong> Dzia\u0142amy uczciwie i poddajemy nasze dzia\u0142ania publicznej ocenie, dbaj\u0105c o to, by nasze dzia\u0142ania by\u0142y sp\u00f3jne z naszymi warto\u015bciami.<\/li>\n\n\n\n<li><strong>Respeto e Inclusi\u00f3n:<\/strong> Cenimy r\u00f3\u017cnorodno\u015b\u0107 we wszystkich jej formach i d\u0105\u017cymy do stworzenia \u015brodowiska integracyjnego dla student\u00f3w, pracownik\u00f3w i spo\u0142eczno\u015bci, niezale\u017cnie od ich p\u0142ci, pochodzenia kulturowego czy uwarunkowa\u0144 spo\u0142ecznych.<\/li>\n\n\n\n<li><strong>Doskona\u0142o\u015b\u0107 i jako\u015b\u0107:<\/strong> Zobowi\u0105zujemy si\u0119 oferowa\u0107 edukacj\u0119 najwy\u017cszej jako\u015bci, wykorzystuj\u0105c innowacyjne technologie i awangardowe metody nauczania.<\/li>\n<\/ul>\n\n\n\n<p><strong>Kompromisy etyczne:<\/strong><\/p>\n\n\n\n<ul class=\"wp-block-list\">\n<li><strong>Contra la Discriminaci\u00f3n:<\/strong> Zdecydowanie sprzeciwiamy si\u0119 wszelkim formom dyskryminacji i podejmujemy aktywne dzia\u0142ania maj\u0105ce na celu zapobieganie im w naszym otoczeniu.<\/li>\n\n\n\n<li><strong>Ochrona danych:<\/strong> Zapewniamy prywatno\u015b\u0107 i bezpiecze\u0144stwo danych naszych student\u00f3w i pracownik\u00f3w, zgodnie z obowi\u0105zuj\u0105cymi przepisami.<\/li>\n\n\n\n<li><strong>Pr\u00e1cticas Laborales Justas:<\/strong> Promujemy bezpieczne i sprawiedliwe warunki pracy, w tym r\u00f3wne wynagrodzenie i mo\u017cliwo\u015bci rozwoju zawodowego.<\/li>\n<\/ul>\n\n\n\n<h3 class=\"wp-block-heading\">Strategia odpowiedzialno\u015bci w przedsi\u0119biorstwie<\/h3>\n\n\n\n<p><strong>Edukacja dost\u0119pna i w\u0142\u0105czaj\u0105ca:<\/strong><\/p>\n\n\n\n<ul class=\"wp-block-list\">\n<li>Wdro\u017cyli\u015bmy programy stypendialne dla student\u00f3w o niskich dochodach i uchod\u017ac\u00f3w, zapewniaj\u0105c wszystkim dost\u0119p do wysokiej jako\u015bci edukacji.<\/li>\n\n\n\n<li>Oferujemy kursy i materia\u0142y dostosowane do r\u00f3\u017cnych potrzeb edukacyjnych, promuj\u0105c r\u00f3wny dost\u0119p do edukacji.<\/li>\n<\/ul>\n\n\n\n<p><strong>R\u00f3\u017cnorodno\u015b\u0107 i rozw\u00f3j zawodowy:<\/strong><\/p>\n\n\n\n<ul class=\"wp-block-list\">\n<li>Rozwijamy programy mentorskie i przyw\u00f3dcze dla kobiet i mniejszo\u015bci p\u0142ciowych, wspieraj\u0105c r\u00f3wno\u015b\u0107 szans w rolach przyw\u00f3dczych.<\/li>\n\n\n\n<li>Zapewniamy szkolenia w zakresie wra\u017cliwo\u015bci i \u015bwiadomo\u015bci kulturowej dla wszystkich naszych pracownik\u00f3w i student\u00f3w, wzmacniaj\u0105c nasz\u0105 globaln\u0105 spo\u0142eczno\u015b\u0107.<\/li>\n<\/ul>\n\n\n\n<p><strong>Sostenibilidad y compromiso comunitario:<\/strong><\/p>\n\n\n\n<ul class=\"wp-block-list\">\n<li>Stosujemy zr\u00f3wnowa\u017cone praktyki operacyjne, aby zminimalizowa\u0107 nasz wp\u0142yw na \u015brodowisko, w tym efektywne wykorzystanie zasob\u00f3w i redukcj\u0119 odpad\u00f3w.<\/li>\n\n\n\n<li>Uczestniczymy w projektach spo\u0142eczno\u015bciowych i wsp\u00f3\u0142pracy, kt\u00f3re promuj\u0105 edukacj\u0119 i kultur\u0119 hiszpa\u0144sk\u0105, przyczyniaj\u0105c si\u0119 do rozwoju spo\u0142ecznego i kulturowego naszej spo\u0142eczno\u015bci.<\/li>\n<\/ul>\n\n\n\n<p><strong>Komunikacja i przejrzysto\u015b\u0107:<\/strong><\/p>\n\n\n\n<ul class=\"wp-block-list\">\n<li>Utrzymujemy otwart\u0105 i wieloj\u0119zyczn\u0105 komunikacj\u0119 z naszymi interesariuszami, oferuj\u0105c kana\u0142y informacji zwrotnej i dialogu.<\/li>\n\n\n\n<li>Publikujemy okresowe informacje na temat naszych dzia\u0142a\u0144 w zakresie odpowiedzialno\u015bci biznesowej, por\u00f3wnuj\u0105c nasze osi\u0105gni\u0119cia i pora\u017cki w tym obszarze.<\/li>\n<\/ul>","protected":false},"excerpt":{"rendered":"<p>Kod lub protok\u00f3\u0142 etyczny Conversa Spanish Institute Misja i warto\u015bci: Kompromisy etyczne: Strategia odpowiedzialno\u015bci zawodowej: Dost\u0119pna i integracyjna edukacja: R\u00f3\u017cnorodno\u015b\u0107 i rozw\u00f3j zawodowy: Sostenibilidad y compromiso comunitario: Komunikacja i przejrzysto\u015b\u0107:<\/p>","protected":false},"author":1,"featured_media":0,"parent":0,"menu_order":0,"comment_status":"closed","ping_status":"closed","template":"","meta":{"_acf_changed":false,"footnotes":""},"class_list":["post-14349","page","type-page","status-publish","hentry"],"acf":[],"jetpack_sharing_enabled":true,"_links":{"self":[{"href":"https:\/\/conversaspanishinstitute.com\/pl\/wp-json\/wp\/v2\/pages\/14349","targetHints":{"allow":["GET"]}}],"collection":[{"href":"https:\/\/conversaspanishinstitute.com\/pl\/wp-json\/wp\/v2\/pages"}],"about":[{"href":"https:\/\/conversaspanishinstitute.com\/pl\/wp-json\/wp\/v2\/types\/page"}],"author":[{"embeddable":true,"href":"https:\/\/conversaspanishinstitute.com\/pl\/wp-json\/wp\/v2\/users\/1"}],"replies":[{"embeddable":true,"href":"https:\/\/conversaspanishinstitute.com\/pl\/wp-json\/wp\/v2\/comments?post=14349"}],"version-history":[{"count":1,"href":"https:\/\/conversaspanishinstitute.com\/pl\/wp-json\/wp\/v2\/pages\/14349\/revisions"}],"predecessor-version":[{"id":14350,"href":"https:\/\/conversaspanishinstitute.com\/pl\/wp-json\/wp\/v2\/pages\/14349\/revisions\/14350"}],"wp:attachment":[{"href":"https:\/\/conversaspanishinstitute.com\/pl\/wp-json\/wp\/v2\/media?parent=14349"}],"curies":[{"name":"wp","href":"https:\/\/api.w.org\/{rel}","templated":true}]}}