{"id":15573,"date":"2024-07-14T18:09:36","date_gmt":"2024-07-14T18:09:36","guid":{"rendered":"https:\/\/conversaspanishinstitute.com\/?page_id=15573"},"modified":"2025-05-21T20:36:32","modified_gmt":"2025-05-21T18:36:32","slug":"referencje-conversa-spanish-institute","status":"publish","type":"page","link":"https:\/\/conversaspanishinstitute.com\/pl\/referencje-conversa-spanish-institute\/","title":{"rendered":"Referencje Conversa Spanish Institute"},"content":{"rendered":"<div data-elementor-type=\"wp-page\" data-elementor-id=\"15573\" class=\"elementor elementor-15573\" data-elementor-post-type=\"page\">\n\t\t\t\t\t\t<section data-particle_enable=\"false\" data-particle-mobile-disabled=\"false\" class=\"elementor-section elementor-top-section elementor-element elementor-element-200e37b elementor-section-boxed elementor-section-height-default elementor-section-height-default\" data-id=\"200e37b\" data-element_type=\"section\" data-settings=\"{&quot;background_background&quot;:&quot;classic&quot;,&quot;jet_parallax_layout_list&quot;:[]}\">\n\t\t\t\t\t\t<div class=\"elementor-container elementor-column-gap-default\">\n\t\t\t\t\t<div class=\"elementor-column elementor-col-100 elementor-top-column elementor-element elementor-element-b228d6e\" data-id=\"b228d6e\" data-element_type=\"column\">\n\t\t\t<div class=\"elementor-widget-wrap elementor-element-populated\">\n\t\t\t\t\t\t<div class=\"elementor-element elementor-element-f7747ec elementor-widget elementor-widget-heading\" data-id=\"f7747ec\" data-element_type=\"widget\" data-widget_type=\"heading.default\">\n\t\t\t\t<div class=\"elementor-widget-container\">\n\t\t\t\t\t<h1 class=\"elementor-heading-title elementor-size-small\">Referencje<\/h1>\t\t\t\t<\/div>\n\t\t\t\t<\/div>\n\t\t\t\t\t<\/div>\n\t\t<\/div>\n\t\t\t\t\t<\/div>\n\t\t<\/section>\n\t\t\t\t<section data-particle_enable=\"false\" data-particle-mobile-disabled=\"false\" class=\"elementor-section elementor-top-section elementor-element elementor-element-ab6126b elementor-section-boxed elementor-section-height-default elementor-section-height-default\" data-id=\"ab6126b\" data-element_type=\"section\" data-settings=\"{&quot;jet_parallax_layout_list&quot;:[]}\">\n\t\t\t\t\t\t<div class=\"elementor-container elementor-column-gap-default\">\n\t\t\t\t\t<div class=\"elementor-column elementor-col-100 elementor-top-column elementor-element elementor-element-7f9abee\" data-id=\"7f9abee\" data-element_type=\"column\">\n\t\t\t<div class=\"elementor-widget-wrap elementor-element-populated\">\n\t\t\t\t\t\t<div class=\"elementor-element elementor-element-1526469 elementor-widget elementor-widget-image\" data-id=\"1526469\" data-element_type=\"widget\" data-widget_type=\"image.default\">\n\t\t\t\t<div class=\"elementor-widget-container\">\n\t\t\t\t\t\t\t\t\t\t\t\t\t\t\t<img fetchpriority=\"high\" decoding=\"async\" width=\"800\" height=\"120\" src=\"https:\/\/conversaspanishinstitute.com\/wp-content\/uploads\/2024\/07\/Screenshot-2024-07-14-at-8.58.03\u202fPM-1-1024x154.png\" class=\"attachment-large size-large wp-image-15626\" alt=\"\" srcset=\"\" sizes=\"(max-width: 800px) 100vw, 800px\" data-srcset=\"\" \/>\t\t\t\t\t\t\t\t\t\t\t\t\t\t\t<\/div>\n\t\t\t\t<\/div>\n\t\t\t\t<div class=\"elementor-element elementor-element-d595c38 elementor-widget elementor-widget-image\" data-id=\"d595c38\" data-element_type=\"widget\" data-widget_type=\"image.default\">\n\t\t\t\t<div class=\"elementor-widget-container\">\n\t\t\t\t\t\t\t\t\t\t\t\t\t\t\t<img decoding=\"async\" width=\"300\" height=\"51\" src=\"https:\/\/conversaspanishinstitute.com\/wp-content\/uploads\/2024\/07\/Screenshot-2024-07-14-at-8.51.48\u202fPM-300x51.png\" class=\"attachment-medium size-medium wp-image-15606\" alt=\"\" srcset=\"https:\/\/conversaspanishinstitute.com\/wp-content\/uploads\/2024\/07\/Screenshot-2024-07-14-at-8.51.48\u202fPM-300x51.png 300w, https:\/\/conversaspanishinstitute.com\/wp-content\/uploads\/2024\/07\/Screenshot-2024-07-14-at-8.51.48\u202fPM-18x3.png 18w, https:\/\/conversaspanishinstitute.com\/wp-content\/uploads\/2024\/07\/Screenshot-2024-07-14-at-8.51.48\u202fPM-250x42.png 250w, https:\/\/conversaspanishinstitute.com\/wp-content\/uploads\/2024\/07\/Screenshot-2024-07-14-at-8.51.48\u202fPM.png 570w\" sizes=\"(max-width: 300px) 100vw, 300px\" \/>\t\t\t\t\t\t\t\t\t\t\t\t\t\t\t<\/div>\n\t\t\t\t<\/div>\n\t\t\t\t<div class=\"elementor-element elementor-element-6db0a26 elementor-widget elementor-widget-jet-images-layout\" data-id=\"6db0a26\" data-element_type=\"widget\" data-settings=\"{&quot;columns&quot;:&quot;2&quot;,&quot;columns_tablet&quot;:&quot;2&quot;,&quot;columns_mobile&quot;:&quot;1&quot;}\" data-widget_type=\"jet-images-layout.default\">\n\t\t\t\t<div class=\"elementor-widget-container\">\n\t\t\t\t\t<div class=\"elementor-jet-images-layout jet-elements\">\n<div class=\"jet-images-layout layout-type-masonry\" data-settings='{&quot;layoutType&quot;:&quot;masonry&quot;,&quot;justifyHeight&quot;:300}'>\n\t<div class=\"jet-images-layout__list salvattore column-desktop-2 column-tablet-2 column-mobile-1\" data-columns>\n<div class=\"jet-images-layout__item\">\n\t<div class=\"jet-images-layout__inner\">\n\t\t<div class=\"jet-images-layout__image-loader\"><span><\/span><\/div>\n\t\t<a class=\"jet-images-layout__link\" href=\"https:\/\/conversaspanishinstitute.com\/wp-content\/uploads\/2024\/07\/Screenshot-2024-07-14-at-8.52.07\u202fPM.png\" data-elementor-open-lightbox=\"yes\" data-elementor-lightbox-slideshow=\"6db0a26\">\n\t\t\t<div class=\"jet-images-layout__image\">\n\t\t\t\t<img decoding=\"async\" class=\"jet-images-layout__image-instance\" src=\"https:\/\/conversaspanishinstitute.com\/wp-content\/uploads\/2024\/07\/Screenshot-2024-07-14-at-8.52.07\u202fPM.png\" alt=\"Zrzut ekranu 2024-07-14 o 8.52.07 PM\" loading=\"lazy\">\t\t\t<\/div>\n\t\t\t<div class=\"jet-images-layout__content\"><\/div>\n\t\t<\/a>\n\t<\/div>\n<\/div>\n<div class=\"jet-images-layout__item\">\n\t<div class=\"jet-images-layout__inner\">\n\t\t<div class=\"jet-images-layout__image-loader\"><span><\/span><\/div>\n\t\t<a class=\"jet-images-layout__link\" href=\"https:\/\/conversaspanishinstitute.com\/wp-content\/uploads\/2024\/07\/Screenshot-2024-07-14-at-8.53.00\u202fPM.png\" data-elementor-open-lightbox=\"yes\" data-elementor-lightbox-slideshow=\"6db0a26\">\n\t\t\t<div class=\"jet-images-layout__image\">\n\t\t\t\t<img decoding=\"async\" class=\"jet-images-layout__image-instance\" src=\"https:\/\/conversaspanishinstitute.com\/wp-content\/uploads\/2024\/07\/Screenshot-2024-07-14-at-8.53.00\u202fPM.png\" alt=\"Zrzut ekranu 2024-07-14 o 8.53.00 PM\" loading=\"lazy\">\t\t\t<\/div>\n\t\t\t<div class=\"jet-images-layout__content\"><\/div>\n\t\t<\/a>\n\t<\/div>\n<\/div>\n<div class=\"jet-images-layout__item\">\n\t<div class=\"jet-images-layout__inner\">\n\t\t<div class=\"jet-images-layout__image-loader\"><span><\/span><\/div>\n\t\t<a class=\"jet-images-layout__link\" href=\"https:\/\/conversaspanishinstitute.com\/wp-content\/uploads\/2024\/07\/Screenshot-2024-07-14-at-8.52.47\u202fPM.png\" data-elementor-open-lightbox=\"yes\" data-elementor-lightbox-slideshow=\"6db0a26\">\n\t\t\t<div class=\"jet-images-layout__image\">\n\t\t\t\t<img decoding=\"async\" class=\"jet-images-layout__image-instance\" src=\"https:\/\/conversaspanishinstitute.com\/wp-content\/uploads\/2024\/07\/Screenshot-2024-07-14-at-8.52.47\u202fPM.png\" alt=\"Zrzut ekranu 2024-07-14 o 8:52:47 PM\" loading=\"lazy\">\t\t\t<\/div>\n\t\t\t<div class=\"jet-images-layout__content\"><\/div>\n\t\t<\/a>\n\t<\/div>\n<\/div>\n<div class=\"jet-images-layout__item\">\n\t<div class=\"jet-images-layout__inner\">\n\t\t<div class=\"jet-images-layout__image-loader\"><span><\/span><\/div>\n\t\t<a class=\"jet-images-layout__link\" href=\"https:\/\/conversaspanishinstitute.com\/wp-content\/uploads\/2024\/07\/Screenshot-2024-07-14-at-8.51.59\u202fPM.png\" data-elementor-open-lightbox=\"yes\" data-elementor-lightbox-slideshow=\"6db0a26\">\n\t\t\t<div class=\"jet-images-layout__image\">\n\t\t\t\t<img decoding=\"async\" class=\"jet-images-layout__image-instance\" src=\"https:\/\/conversaspanishinstitute.com\/wp-content\/uploads\/2024\/07\/Screenshot-2024-07-14-at-8.51.59\u202fPM.png\" alt=\"Zrzut ekranu 2024-07-14 o 8:51:59 PM\" loading=\"lazy\">\t\t\t<\/div>\n\t\t\t<div class=\"jet-images-layout__content\"><\/div>\n\t\t<\/a>\n\t<\/div>\n<\/div>\n<div class=\"jet-images-layout__item\">\n\t<div class=\"jet-images-layout__inner\">\n\t\t<div class=\"jet-images-layout__image-loader\"><span><\/span><\/div>\n\t\t<a class=\"jet-images-layout__link\" href=\"https:\/\/conversaspanishinstitute.com\/wp-content\/uploads\/2024\/07\/Screenshot-2024-07-14-at-8.52.41\u202fPM.png\" data-elementor-open-lightbox=\"yes\" data-elementor-lightbox-slideshow=\"6db0a26\">\n\t\t\t<div class=\"jet-images-layout__image\">\n\t\t\t\t<img decoding=\"async\" class=\"jet-images-layout__image-instance\" src=\"https:\/\/conversaspanishinstitute.com\/wp-content\/uploads\/2024\/07\/Screenshot-2024-07-14-at-8.52.41\u202fPM.png\" alt=\"Zrzut ekranu 2024-07-14 o 8:52:41 PM\" loading=\"lazy\">\t\t\t<\/div>\n\t\t\t<div class=\"jet-images-layout__content\"><\/div>\n\t\t<\/a>\n\t<\/div>\n<\/div>\n<div class=\"jet-images-layout__item\">\n\t<div class=\"jet-images-layout__inner\">\n\t\t<div class=\"jet-images-layout__image-loader\"><span><\/span><\/div>\n\t\t<a class=\"jet-images-layout__link\" href=\"https:\/\/conversaspanishinstitute.com\/wp-content\/uploads\/2024\/07\/Screenshot-2024-07-14-at-8.53.37\u202fPM.png\" data-elementor-open-lightbox=\"yes\" data-elementor-lightbox-slideshow=\"6db0a26\">\n\t\t\t<div class=\"jet-images-layout__image\">\n\t\t\t\t<img decoding=\"async\" class=\"jet-images-layout__image-instance\" src=\"https:\/\/conversaspanishinstitute.com\/wp-content\/uploads\/2024\/07\/Screenshot-2024-07-14-at-8.53.37\u202fPM.png\" alt=\"Zrzut ekranu 2024-07-14 o 8:53:37 PM\" loading=\"lazy\">\t\t\t<\/div>\n\t\t\t<div class=\"jet-images-layout__content\"><\/div>\n\t\t<\/a>\n\t<\/div>\n<\/div>\n<div class=\"jet-images-layout__item\">\n\t<div class=\"jet-images-layout__inner\">\n\t\t<div class=\"jet-images-layout__image-loader\"><span><\/span><\/div>\n\t\t<a class=\"jet-images-layout__link\" href=\"https:\/\/conversaspanishinstitute.com\/wp-content\/uploads\/2024\/07\/Screenshot-2024-07-14-at-8.52.34\u202fPM.png\" data-elementor-open-lightbox=\"yes\" data-elementor-lightbox-slideshow=\"6db0a26\">\n\t\t\t<div class=\"jet-images-layout__image\">\n\t\t\t\t<img decoding=\"async\" class=\"jet-images-layout__image-instance\" src=\"https:\/\/conversaspanishinstitute.com\/wp-content\/uploads\/2024\/07\/Screenshot-2024-07-14-at-8.52.34\u202fPM.png\" alt=\"Zrzut ekranu 2024-07-14 o 8:52:34 PM\" loading=\"lazy\">\t\t\t<\/div>\n\t\t\t<div class=\"jet-images-layout__content\"><\/div>\n\t\t<\/a>\n\t<\/div>\n<\/div>\n<div class=\"jet-images-layout__item\">\n\t<div class=\"jet-images-layout__inner\">\n\t\t<div class=\"jet-images-layout__image-loader\"><span><\/span><\/div>\n\t\t<a class=\"jet-images-layout__link\" href=\"https:\/\/conversaspanishinstitute.com\/wp-content\/uploads\/2024\/07\/Screenshot-2024-07-14-at-8.53.29\u202fPM.png\" data-elementor-open-lightbox=\"yes\" data-elementor-lightbox-slideshow=\"6db0a26\">\n\t\t\t<div class=\"jet-images-layout__image\">\n\t\t\t\t<img decoding=\"async\" class=\"jet-images-layout__image-instance\" src=\"https:\/\/conversaspanishinstitute.com\/wp-content\/uploads\/2024\/07\/Screenshot-2024-07-14-at-8.53.29\u202fPM.png\" alt=\"Zrzut ekranu 2024-07-14 o 8:53:29 PM\" loading=\"lazy\">\t\t\t<\/div>\n\t\t\t<div class=\"jet-images-layout__content\"><\/div>\n\t\t<\/a>\n\t<\/div>\n<\/div>\n<div class=\"jet-images-layout__item\">\n\t<div class=\"jet-images-layout__inner\">\n\t\t<div class=\"jet-images-layout__image-loader\"><span><\/span><\/div>\n\t\t<a class=\"jet-images-layout__link\" href=\"https:\/\/conversaspanishinstitute.com\/wp-content\/uploads\/2024\/07\/Screenshot-2024-07-14-at-8.52.23\u202fPM.png\" data-elementor-open-lightbox=\"yes\" data-elementor-lightbox-slideshow=\"6db0a26\">\n\t\t\t<div class=\"jet-images-layout__image\">\n\t\t\t\t<img decoding=\"async\" class=\"jet-images-layout__image-instance\" src=\"https:\/\/conversaspanishinstitute.com\/wp-content\/uploads\/2024\/07\/Screenshot-2024-07-14-at-8.52.23\u202fPM.png\" alt=\"Zrzut ekranu 2024-07-14 o 8:52:23 PM\" loading=\"lazy\">\t\t\t<\/div>\n\t\t\t<div class=\"jet-images-layout__content\"><\/div>\n\t\t<\/a>\n\t<\/div>\n<\/div>\n<div class=\"jet-images-layout__item\">\n\t<div class=\"jet-images-layout__inner\">\n\t\t<div class=\"jet-images-layout__image-loader\"><span><\/span><\/div>\n\t\t<a class=\"jet-images-layout__link\" href=\"https:\/\/conversaspanishinstitute.com\/wp-content\/uploads\/2024\/07\/Screenshot-2024-07-14-at-8.53.18\u202fPM.png\" data-elementor-open-lightbox=\"yes\" data-elementor-lightbox-slideshow=\"6db0a26\">\n\t\t\t<div class=\"jet-images-layout__image\">\n\t\t\t\t<img decoding=\"async\" class=\"jet-images-layout__image-instance\" src=\"https:\/\/conversaspanishinstitute.com\/wp-content\/uploads\/2024\/07\/Screenshot-2024-07-14-at-8.53.18\u202fPM.png\" alt=\"Zrzut ekranu 2024-07-14 o 8:53:18 PM\" loading=\"lazy\">\t\t\t<\/div>\n\t\t\t<div class=\"jet-images-layout__content\"><\/div>\n\t\t<\/a>\n\t<\/div>\n<\/div>\n<div class=\"jet-images-layout__item\">\n\t<div class=\"jet-images-layout__inner\">\n\t\t<div class=\"jet-images-layout__image-loader\"><span><\/span><\/div>\n\t\t<a class=\"jet-images-layout__link\" href=\"https:\/\/conversaspanishinstitute.com\/wp-content\/uploads\/2024\/07\/Screenshot-2024-07-14-at-8.52.13\u202fPM.png\" data-elementor-open-lightbox=\"yes\" data-elementor-lightbox-slideshow=\"6db0a26\">\n\t\t\t<div class=\"jet-images-layout__image\">\n\t\t\t\t<img decoding=\"async\" class=\"jet-images-layout__image-instance\" src=\"https:\/\/conversaspanishinstitute.com\/wp-content\/uploads\/2024\/07\/Screenshot-2024-07-14-at-8.52.13\u202fPM.png\" alt=\"Zrzut ekranu 2024-07-14 o 8.52.13 PM\" loading=\"lazy\">\t\t\t<\/div>\n\t\t\t<div class=\"jet-images-layout__content\"><\/div>\n\t\t<\/a>\n\t<\/div>\n<\/div>\n<div class=\"jet-images-layout__item\">\n\t<div class=\"jet-images-layout__inner\">\n\t\t<div class=\"jet-images-layout__image-loader\"><span><\/span><\/div>\n\t\t<a class=\"jet-images-layout__link\" href=\"https:\/\/conversaspanishinstitute.com\/wp-content\/uploads\/2024\/07\/Screenshot-2024-07-14-at-8.53.10\u202fPM.png\" data-elementor-open-lightbox=\"yes\" data-elementor-lightbox-slideshow=\"6db0a26\">\n\t\t\t<div class=\"jet-images-layout__image\">\n\t\t\t\t<img decoding=\"async\" class=\"jet-images-layout__image-instance\" src=\"https:\/\/conversaspanishinstitute.com\/wp-content\/uploads\/2024\/07\/Screenshot-2024-07-14-at-8.53.10\u202fPM.png\" alt=\"Zrzut ekranu 2024-07-14 o 8.53.10 PM\" loading=\"lazy\">\t\t\t<\/div>\n\t\t\t<div class=\"jet-images-layout__content\"><\/div>\n\t\t<\/a>\n\t<\/div>\n<\/div>\n<\/div><\/div>\n<\/div>\t\t\t\t<\/div>\n\t\t\t\t<\/div>\n\t\t\t\t\t<\/div>\n\t\t<\/div>\n\t\t\t\t\t<\/div>\n\t\t<\/section>\n\t\t\t\t<section data-particle_enable=\"false\" data-particle-mobile-disabled=\"false\" class=\"elementor-section elementor-top-section elementor-element elementor-element-be95465 elementor-section-boxed elementor-section-height-default elementor-section-height-default\" data-id=\"be95465\" data-element_type=\"section\" data-settings=\"{&quot;jet_parallax_layout_list&quot;:[]}\">\n\t\t\t\t\t\t\t<div class=\"elementor-background-overlay\"><\/div>\n\t\t\t\t\t\t\t<div class=\"elementor-container elementor-column-gap-default\">\n\t\t\t\t\t<div class=\"elementor-column elementor-col-100 elementor-top-column elementor-element elementor-element-c29284d\" data-id=\"c29284d\" data-element_type=\"column\">\n\t\t\t<div class=\"elementor-widget-wrap elementor-element-populated\">\n\t\t\t\t\t<div class=\"elementor-background-overlay\"><\/div>\n\t\t\t\t\t\t<div class=\"elementor-element elementor-element-dce8574 elementor-widget elementor-widget-heading\" data-id=\"dce8574\" data-element_type=\"widget\" data-widget_type=\"heading.default\">\n\t\t\t\t<div class=\"elementor-widget-container\">\n\t\t\t\t\t<h1 class=\"elementor-heading-title elementor-size-default\"><span class=\"amarillo\">Gdzie s\u0105<\/span> my?<\/h1>\t\t\t\t<\/div>\n\t\t\t\t<\/div>\n\t\t\t\t<div class=\"elementor-element elementor-element-1a3dd80 elementor-widget elementor-widget-google_maps\" data-id=\"1a3dd80\" data-element_type=\"widget\" data-widget_type=\"google_maps.default\">\n\t\t\t\t<div class=\"elementor-widget-container\">\n\t\t\t\t\t\t\t<div class=\"elementor-custom-embed\">\n\t\t\t<iframe loading=\"lazy\"\n\t\t\t\t\tsrc=\"https:\/\/maps.google.com\/maps?q=Conversa%20Spanish%20Institute&#038;t=m&#038;z=10&#038;output=embed&#038;iwloc=near\"\n\t\t\t\t\ttitle=\"Conversa Spanish Institute\"\n\t\t\t\t\taria-label=\"Conversa Spanish Institute\"\n\t\t\t><\/iframe>\n\t\t<\/div>\n\t\t\t\t\t\t<\/div>\n\t\t\t\t<\/div>\n\t\t\t\t<div class=\"elementor-element elementor-element-4541710 elementor-widget elementor-widget-text-editor\" data-id=\"4541710\" data-element_type=\"widget\" data-widget_type=\"text-editor.default\">\n\t\t\t\t<div class=\"elementor-widget-container\">\n\t\t\t\t\t\t\t\t\t<p>Znajdujemy si\u0119 w centrum Walencji. Obok szko\u0142y znajdziesz Estaci\u00f3n del Norte i Plaza del Ayuntamiento. Zaledwie kilka krok\u00f3w dalej odkryjesz najbardziej kultowe miejsca Walencji: Plaza de la Virgen, Plaza de la Reina, rzek\u0119 Turia i wiele wi\u0119cej!<\/p><p>W szkole znajdziesz przestronne sale lekcyjne, bibliotek\u0119 z szerok\u0105 gam\u0105 hiszpa\u0144skich ksi\u0105\u017cek i miejsce do sp\u0119dzania czasu z innymi uczniami.<\/p><p><b>Przyjed\u017a do Walencji, ucz si\u0119 hiszpa\u0144skiego i prze\u017cyj do\u015bwiadczenie Conversa!<\/b><\/p>\t\t\t\t\t\t\t\t<\/div>\n\t\t\t\t<\/div>\n\t\t\t\t<div class=\"elementor-element elementor-element-d119191 elementor-invisible elementor-widget elementor-widget-heading\" data-id=\"d119191\" data-element_type=\"widget\" data-settings=\"{&quot;_animation&quot;:&quot;fadeInUp&quot;}\" data-widget_type=\"heading.default\">\n\t\t\t\t<div class=\"elementor-widget-container\">\n\t\t\t\t\t<h4 class=\"elementor-heading-title elementor-size-default\">Av. del Marqu\u00e9s de Sotelo 3, Planta 2 puerta 4, 46002 Valencia<\/h4>\t\t\t\t<\/div>\n\t\t\t\t<\/div>\n\t\t\t\t\t<\/div>\n\t\t<\/div>\n\t\t\t\t\t<\/div>\n\t\t<\/section>\n\t\t\t\t<\/div>","protected":false},"excerpt":{"rendered":"<p>Gdzie si\u0119 znajdujemy? Znajdujemy si\u0119 w centrum Walencji. Obok szko\u0142y znajdziesz Estaci\u00f3n del Norte i Plaza del Ayuntamiento. Zaledwie kilka krok\u00f3w dalej odkryjesz najbardziej kultowe miejsca Walencji: Plaza de la Virgen, Plaza de la Reina, rzek\u0119 Turia i wiele wi\u0119cej! W [...]<\/p>","protected":false},"author":1,"featured_media":0,"parent":0,"menu_order":0,"comment_status":"closed","ping_status":"closed","template":"","meta":{"_acf_changed":false,"footnotes":""},"class_list":["post-15573","page","type-page","status-publish","hentry"],"acf":[],"jetpack_sharing_enabled":true,"_links":{"self":[{"href":"https:\/\/conversaspanishinstitute.com\/pl\/wp-json\/wp\/v2\/pages\/15573","targetHints":{"allow":["GET"]}}],"collection":[{"href":"https:\/\/conversaspanishinstitute.com\/pl\/wp-json\/wp\/v2\/pages"}],"about":[{"href":"https:\/\/conversaspanishinstitute.com\/pl\/wp-json\/wp\/v2\/types\/page"}],"author":[{"embeddable":true,"href":"https:\/\/conversaspanishinstitute.com\/pl\/wp-json\/wp\/v2\/users\/1"}],"replies":[{"embeddable":true,"href":"https:\/\/conversaspanishinstitute.com\/pl\/wp-json\/wp\/v2\/comments?post=15573"}],"version-history":[{"count":25,"href":"https:\/\/conversaspanishinstitute.com\/pl\/wp-json\/wp\/v2\/pages\/15573\/revisions"}],"predecessor-version":[{"id":18295,"href":"https:\/\/conversaspanishinstitute.com\/pl\/wp-json\/wp\/v2\/pages\/15573\/revisions\/18295"}],"wp:attachment":[{"href":"https:\/\/conversaspanishinstitute.com\/pl\/wp-json\/wp\/v2\/media?parent=15573"}],"curies":[{"name":"wp","href":"https:\/\/api.w.org\/{rel}","templated":true}]}}