{"id":4272,"date":"2022-01-24T11:23:35","date_gmt":"2022-01-24T11:23:35","guid":{"rendered":"http:\/\/conversaspanishinstitute.com\/?page_id=4272"},"modified":"2025-05-23T21:44:35","modified_gmt":"2025-05-23T19:44:35","slug":"nota-prawna","status":"publish","type":"page","link":"https:\/\/conversaspanishinstitute.com\/pl\/nota-prawna\/","title":{"rendered":"Nota prawna"},"content":{"rendered":"<div data-elementor-type=\"wp-post\" data-elementor-id=\"4272\" class=\"elementor elementor-4272\" data-elementor-post-type=\"page\">\n\t\t\t\t\t\t<section data-particle_enable=\"false\" data-particle-mobile-disabled=\"false\" class=\"elementor-section elementor-top-section elementor-element elementor-element-3846889 about-us elementor-section-boxed elementor-section-height-default elementor-section-height-default\" data-id=\"3846889\" data-element_type=\"section\" data-settings=\"{&quot;background_background&quot;:&quot;classic&quot;,&quot;jet_parallax_layout_list&quot;:[],&quot;shape_divider_bottom&quot;:&quot;curve&quot;,&quot;shape_divider_bottom_negative&quot;:&quot;yes&quot;}\">\n\t\t\t\t\t\t\t<div class=\"elementor-background-overlay\"><\/div>\n\t\t\t\t\t\t<div class=\"elementor-shape elementor-shape-bottom\" aria-hidden=\"true\" data-negative=\"true\">\n\t\t\t<svg xmlns=\"http:\/\/www.w3.org\/2000\/svg\" viewbox=\"0 0 1000 100\" preserveaspectratio=\"none\">\n\t<path class=\"elementor-shape-fill\" d=\"M500,97C126.7,96.3,0.8,19.8,0,0v100l1000,0V1C1000,19.4,873.3,97.8,500,97z\"\/>\n<\/svg>\t\t<\/div>\n\t\t\t\t\t<div class=\"elementor-container elementor-column-gap-default\">\n\t\t\t\t\t<div class=\"elementor-column elementor-col-100 elementor-top-column elementor-element elementor-element-bab403f\" data-id=\"bab403f\" data-element_type=\"column\">\n\t\t\t<div class=\"elementor-widget-wrap elementor-element-populated\">\n\t\t\t\t\t\t<div class=\"elementor-element elementor-element-79b3866 elementor-widget__width-initial elementor-widget elementor-widget-heading\" data-id=\"79b3866\" data-element_type=\"widget\" data-widget_type=\"heading.default\">\n\t\t\t\t<div class=\"elementor-widget-container\">\n\t\t\t\t\t<h2 class=\"elementor-heading-title elementor-size-default\"><i><b>Nota prawna dotycz\u0105ca Conversa Spanish Institute<\/b><\/i><\/h2>\t\t\t\t<\/div>\n\t\t\t\t<\/div>\n\t\t\t\t\t<\/div>\n\t\t<\/div>\n\t\t\t\t\t<\/div>\n\t\t<\/section>\n\t\t\t\t<section data-particle_enable=\"false\" data-particle-mobile-disabled=\"false\" class=\"elementor-section elementor-top-section elementor-element elementor-element-658ea4d elementor-section-boxed elementor-section-height-default elementor-section-height-default\" data-id=\"658ea4d\" data-element_type=\"section\" data-settings=\"{&quot;background_background&quot;:&quot;classic&quot;,&quot;jet_parallax_layout_list&quot;:[]}\">\n\t\t\t\t\t\t<div class=\"elementor-container elementor-column-gap-default\">\n\t\t\t\t\t<div class=\"elementor-column elementor-col-100 elementor-top-column elementor-element elementor-element-88add30\" data-id=\"88add30\" data-element_type=\"column\">\n\t\t\t<div class=\"elementor-widget-wrap elementor-element-populated\">\n\t\t\t\t\t\t<div class=\"elementor-element elementor-element-c42a185 elementor-widget elementor-widget-text-editor\" data-id=\"c42a185\" data-element_type=\"widget\" data-widget_type=\"text-editor.default\">\n\t\t\t\t<div class=\"elementor-widget-container\">\n\t\t\t\t\t\t\t\t\t<h3><span style=\"font-size: 1rem;\">Wszystkie elementy, kt\u00f3re sk\u0142adaj\u0105 si\u0119 na zawarto\u015b\u0107 tej strony internetowej, identyfikowane przez domen\u0119<b> <\/b><\/span><a style=\"font-size: 1rem;\" href=\"http:\/\/conversaspanishinstitute.com\/pl\/\"><b>https:\/\/www.conversaspanishinstitute.com<\/b><\/a><span style=\"font-size: 1rem;\"><b>,<\/b> <a href=\"https:\/\/app.conversaspanishinstitute.com\"><b>https:\/\/app.conversaspanishinstitute.com<\/b><\/a><\/span><span style=\"font-size: 1rem;\"><b> <\/b>lub jakakolwiek subdomena, w tym nazwy handlowe, znaki towarowe lub charakterystyczne oznaczenia w nich zawarte, s\u0105 chronione prawem autorskim.<\/span><\/h3><div><span style=\"font-size: 1rem;\"><br><\/span><\/div>\n<h4><b>Mo\u017cliwe do zidentyfikowania dane podmiotu odpowiedzialnego<\/b><\/h4>\n<ul>\n<li style=\"font-weight: 400;\" aria-level=\"1\"><b>Nazwa firmy<\/b><span style=\"font-weight: 400;\">: CONVERSA 2021 INSTYTUT J\u0118ZYKOWY SL<\/span><\/li>\n<li style=\"font-weight: 400;\" aria-level=\"1\"><b>Nazwa handlowa<\/b><span style=\"font-weight: 400;\">: Conversa Spanish Institute<\/span><\/li>\n<li style=\"font-weight: 400;\" aria-level=\"1\"><b>CIF<\/b><span style=\"font-weight: 400;\">: B16808891<\/span><\/li>\n<li style=\"font-weight: 400;\" aria-level=\"1\"><b>Adres podatkowy<\/b><span style=\"font-weight: 400;\">: <\/span><span style=\"font-weight: 400;\">&nbsp;C\/ Marqu\u00e9s de Sotelo,3, planta 2, puerta 4 46002, Walencja<\/span><\/li>\n<li style=\"font-weight: 400;\" aria-level=\"1\"><b>Email<\/b><span style=\"font-weight: 400;\">: admin@conversainstitute.com<\/span><\/li>\n<li style=\"font-weight: 400;\" aria-level=\"1\"><b>Aktywno\u015b\u0107<\/b><span style=\"font-weight: 400;\">: Upowszechnianie i nauczanie j\u0119zyk\u00f3w obcych<\/span><\/li>\n<\/ul>\n<div>&nbsp;<br><br><\/div>\n<h4><b>Poufno\u015b\u0107 i ochrona danych<\/b><\/h4>\n<p>W\u0142a\u015bciciel informuje U\u017cytkownika, \u017ce istnieje zautomatyzowany plik, w kt\u00f3rym przechowywane s\u0105 podane przez niego dane. Celem tego pliku jest utrzymanie i zarz\u0105dzanie relacjami z u\u017cytkownikiem oraz dostarczanie informacji. W\u0142a\u015bciciel poprosi u\u017cytkownika o podanie danych niezb\u0119dnych do \u015bwiadczenia us\u0142ugi w momencie akceptacji wspomnianych warunk\u00f3w og\u00f3lnych. <a href=\"https:\/\/conversaspanishinstitute.com\/pl\/polityka-prywatnosci\/\" style=\"\"><b>polityka prywatno\u015bci tutaj.<\/b><\/a><\/p>\n<h4><b><br><\/b><\/h4><h4><b>Pliki i formularze rejestracyjne<\/b><\/h4>\n<p><span style=\"font-weight: 400;\">Wype\u0142nienie formularza rejestracyjnego jest niezb\u0119dne do korzystania z niekt\u00f3rych us\u0142ug oferowanych w Internecie. Je\u015bli nie podasz wymaganych danych lub nie zgadzasz si\u0119 z niniejsz\u0105 polityk\u0105 ochrony danych, nie b\u0119dziesz m\u00f3g\u0142 si\u0119 zarejestrowa\u0107 ani wzi\u0105\u0107 udzia\u0142u w promocjach, do kt\u00f3rych Twoje dane s\u0105 niezb\u0119dne.<\/span><\/p>\n<p><span style=\"font-weight: 400;\">Dane osobowe uzyskane od Ciebie podczas rejestracji jako U\u017cytkownik zostan\u0105 wprowadzone do pliku zarz\u0105dzanego bezpiecznie przez w\u0142a\u015bciciela. Plik wdro\u017cy\u0142 niezb\u0119dne \u015brodki bezpiecze\u0144stwa w celu zachowania poufno\u015bci podanych przez Ciebie danych.<\/span><\/p>\n<h4><b><br><\/b><\/h4><h4><b>Dok\u0142adno\u015b\u0107 i prawdziwo\u015b\u0107 dostarczonych danych<\/b><\/h4>\n<p><span style=\"font-weight: 400;\">U\u017cytkownik ponosi wy\u0142\u0105czn\u0105 odpowiedzialno\u015b\u0107 za dok\u0142adno\u015b\u0107 i prawdziwo\u015b\u0107 danych. W\u0142a\u015bciciel jest zwolniony z wszelkiej odpowiedzialno\u015bci w tym zakresie. To u\u017cytkownicy gwarantuj\u0105, \u017ce dostarczone dane s\u0105 autentyczne, dok\u0142adne, nie uleg\u0142y zmianie i pozostaj\u0105 takie same. Zobowi\u0105zuj\u0105 si\u0119 r\u00f3wnie\u017c do ich aktualizacji. W\u0142a\u015bciciel nie ponosi odpowiedzialno\u015bci za jakiekolwiek hipotetyczne szkody, kt\u00f3re mo\u017ce spowodowa\u0107 wykorzystanie takich informacji.<\/span><\/p>\n<h4><b><br><\/b><\/h4><h4><b>Polityka dotycz\u0105ca plik\u00f3w cookie<\/b><\/h4>\n<p>U\u017cywamy plik\u00f3w cookie, aby poprawi\u0107 komfort u\u017cytkowania. Je\u015bli przegl\u0105dasz nasz\u0105 stron\u0119 internetow\u0105, akceptujesz korzystanie z plik\u00f3w cookie na warunkach okre\u015blonych w niniejszym dokumencie. <b><a href=\"https:\/\/conversaspanishinstitute.com\/pl\/polityka-cookies\/\" style=\"\">Polityka plik\u00f3w cookie.<\/a> <\/b><span style=\"font-weight: 400;\">Niniejsza polityka mo\u017ce by\u0107 aktualizowana, dlatego zach\u0119camy do jej regularnego przegl\u0105dania.<\/span><\/p>\n<p><b>Co to s\u0105 pliki cookie i do czego s\u0142u\u017c\u0105?<\/b><span style=\"font-weight: 400;\"> Pliki cookie to ma\u0142e pliki, kt\u00f3re s\u0105 instalowane na komputerze lub urz\u0105dzeniu podczas podr\u00f3\u017cy przez sie\u0107\/aplikacje w celu zapisania Twoich preferencji i zapami\u0119tania ich, gdy odwiedzisz nas ponownie. Celem jest u\u0142atwienie u\u017cytkownikom korzystania i nawigacji.<\/span><\/p>\n<p><b>Jak u\u017cywamy plik\u00f3w cookie?<\/b><span style=\"font-weight: 400;\"> Przegl\u0105danie strony internetowej conversaspanishinstitute.com oznacza, \u017ce mog\u0105 by\u0107 instalowane nast\u0119puj\u0105ce rodzaje plik\u00f3w cookie:<\/span><\/p>\n<ul>\n<li style=\"font-weight: 400;\" aria-level=\"1\"><b>Niezb\u0119dne pliki cookie<\/b><span style=\"font-weight: 400;\">: S\u0105 one absolutnie niezb\u0119dne do dzia\u0142ania strony internetowej. Bez nich strona internetowa nie mo\u017ce dzia\u0142a\u0107 prawid\u0142owo. Z tego powodu nie prosimy o Twoj\u0105 wyra\u017an\u0105 zgod\u0119 na te pliki cookie.<\/span><\/li>\n<li style=\"font-weight: 400;\" aria-level=\"1\"><b>Funkcjonalne pliki cookie<\/b><span style=\"font-weight: 400;\">: S\u0142u\u017c\u0105 one do poprawy funkcjonalno\u015bci strony internetowej. Na przyk\u0142ad pliki cookie, kt\u00f3re zapami\u0119tuj\u0105 tre\u015bci przegl\u0105dane wcze\u015bniej na tej stronie lub adres e-mail i has\u0142o podane podczas rejestracji podczas poprzedniej wizyty.<\/span><\/li>\n<li style=\"\" aria-level=\"1\"><b style=\"font-weight: 400;\">W\u0142asne lub zewn\u0119trzne analityczne i reklamowe pliki cookie<\/b><span style=\"font-weight: 400;\">: Dostarczaj\u0105 nam informacji statystycznych o tym, jak u\u017cytkownicy korzystaj\u0105 z portalu. Te pliki cookie nie pozwalaj\u0105 na identyfikacj\u0119 u\u017cytkownika, poniewa\u017c gromadzone przez nie informacje s\u0105 anonimowe i b\u0119d\u0105 wykorzystywane wy\u0142\u0105cznie do ulepszania stron i nawigacji po portalu, statystyk u\u017cytkowania, szybko\u015bci wyszukiwania, pomiaru aktywno\u015bci na stronie internetowej itp. Ta strona korzysta z Google Analytics, bezp\u0142atnego narz\u0119dzia do analizy stron internetowych. Wi\u0119cej informacji znajdziesz tutaj: <\/span><a href=\"https:\/\/developers.google.com\/analytics\/devguides\/collection\/analyticsjs\/cookie-usage\" style=\"\"><b>https:\/\/developers.google.com\/analytics\/devguides\/collection\/analyticsjs\/cookie-usage<\/b><\/a><\/li>\n<\/ul>\n<div>&nbsp;<\/div>\n<p><b>Jak mo\u017cesz zapobiec instalacji plik\u00f3w cookie?<\/b><span style=\"font-weight: 400;\"> Mo\u017cesz zezwoli\u0107, zablokowa\u0107 lub usun\u0105\u0107 pliki cookie zainstalowane na komputerze, konfiguruj\u0105c opcje przegl\u0105darki internetowej. W przypadku, gdy je zablokujesz, mo\u017cliwe jest, \u017ce niekt\u00f3re us\u0142ugi, kt\u00f3re wymagaj\u0105 ich u\u017cycia, nie b\u0119d\u0105 dla Ciebie dost\u0119pne. Poni\u017cej podajemy linki, pod kt\u00f3rymi znajdziesz informacje o tym, jak mo\u017cesz aktywowa\u0107 swoje preferencje w g\u0142\u00f3wnych przegl\u0105darkach:<\/span><\/p>\n<ul>\n<li style=\"\" aria-level=\"1\"><a href=\"https:\/\/support.mozilla.org\/es\/kb\/cookies-informacion-que-los-sitios-web-guardan-en-\" style=\"\"><b>Pliki cookie Firefox<\/b><\/a><\/li>\n<li style=\"\" aria-level=\"1\"><a href=\"https:\/\/support.google.com\/chrome\/answer\/95647?hl=es\"><b>Pliki cookie Chrome<\/b><\/a><\/li>\n<li style=\"\" aria-level=\"1\"><a href=\"http:\/\/windows.microsoft.com\/es-xl\/internet-explorer\/delete-manage-cookies#ie=ie-11\"><b>Pliki cookie IExplorer<\/b><\/a><\/li>\n<li style=\"\" aria-level=\"1\"><a href=\"https:\/\/support.apple.com\/kb\/ph5042\"><b>Cookies Safari<\/b><\/a><\/li>\n<li style=\"\" aria-level=\"1\"><a href=\"http:\/\/help.opera.com\/Linux\/10.60\/es-ES\/cookies.html\" style=\"\"><b>Cookies Opera<\/b><\/a><\/li>\n<\/ul>\n<div>&nbsp;<br><br><\/div>\n<h4><b>\u015arodki bezpiecze\u0144stwa<\/b><\/h4>\n<p><span style=\"font-weight: 400;\">W\u0142a\u015bciciel podj\u0105\u0142 niezb\u0119dne \u015brodki bezpiecze\u0144stwa w celu ochrony danych osobowych. Ponadto staramy si\u0119 zainstalowa\u0107 inne \u015brodki i zasoby techniczne, kt\u00f3rymi dysponujemy, aby w\u0142a\u015bciwie przechowywa\u0107 dostarczone dane i zapewni\u0107, \u017ce nikt nie b\u0119dzie m\u00f3g\u0142 ich z\u0142o\u015bliwie wykorzysta\u0107, zmodyfikowa\u0107, utraci\u0107, wykorzysta\u0107 bez pozwolenia lub ukra\u015b\u0107. W\u0142a\u015bciciel nie ponosi odpowiedzialno\u015bci za jakiekolwiek szkody, je\u015bli zosta\u0142y one spowodowane nast\u0119puj\u0105cymi przyczynami i je\u015bli przyczyna jest niezwi\u0105zana z w\u0142a\u015bcicielem: ingerencja, zaniechanie, przerwa, wirus komputerowy, awaria telefonu lub od\u0142\u0105czenie systemu elektronicznego; op\u00f3\u017anienia lub przeszkody w korzystaniu z systemu elektronicznego spowodowane przeci\u0105\u017ceniem linii telefonicznych lub innych system\u00f3w elektronicznych.<\/span><\/p>\n<h4><b><br><\/b><\/h4><h4><b>Akceptacja i zgoda<\/b><\/h4>\n<p><span style=\"font-weight: 400;\">U\u017cytkownik musi by\u0107 \u015bwiadomy warunk\u00f3w ochrony danych i ich przetwarzania do takich cel\u00f3w przez w\u0142a\u015bciciela. Niekt\u00f3re z us\u0142ug oferowanych na portalu mog\u0105 mie\u0107 specjalne warunki i za\u0142o\u017cenia dotycz\u0105ce ochrony danych. W odniesieniu do interpretacji, zgodno\u015bci lub niezgodno\u015bci z tymi warunkami, strony wyra\u017anie poddaj\u0105 si\u0119 jurysdykcji s\u0105d\u00f3w i trybuna\u0142\u00f3w miasta Walencji.<\/span><\/p>\t\t\t\t\t\t\t\t<\/div>\n\t\t\t\t<\/div>\n\t\t\t\t\t<\/div>\n\t\t<\/div>\n\t\t\t\t\t<\/div>\n\t\t<\/section>\n\t\t\t\t<\/div>","protected":false},"excerpt":{"rendered":"<p>Nota prawna Conversa Spanish Institute Wszystkie elementy sk\u0142adaj\u0105ce si\u0119 na zawarto\u015b\u0107 tej strony internetowej, identyfikowane przez domen\u0119 https:\/\/www.conversaspanishinstitute.com, https:\/\/app.conversaspanishinstitute.com lub dowoln\u0105 subdomen\u0119, w tym nazwy handlowe, znaki towarowe lub znaki wyr\u00f3\u017cniaj\u0105ce zawarte w nich, s\u0105 chronione prawem autorskim. Dane identyfikacyjne podmiotu odpowiedzialnego Nazwa firmy: CONVERSA 2021 LANGUAGE INSTITUTE SL Nazwa handlowa: Conversa [...]<\/p>","protected":false},"author":6,"featured_media":0,"parent":0,"menu_order":0,"comment_status":"closed","ping_status":"closed","template":"elementor_header_footer","meta":{"_acf_changed":false,"footnotes":""},"class_list":["post-4272","page","type-page","status-publish","hentry"],"acf":[],"jetpack_sharing_enabled":true,"_links":{"self":[{"href":"https:\/\/conversaspanishinstitute.com\/pl\/wp-json\/wp\/v2\/pages\/4272","targetHints":{"allow":["GET"]}}],"collection":[{"href":"https:\/\/conversaspanishinstitute.com\/pl\/wp-json\/wp\/v2\/pages"}],"about":[{"href":"https:\/\/conversaspanishinstitute.com\/pl\/wp-json\/wp\/v2\/types\/page"}],"author":[{"embeddable":true,"href":"https:\/\/conversaspanishinstitute.com\/pl\/wp-json\/wp\/v2\/users\/6"}],"replies":[{"embeddable":true,"href":"https:\/\/conversaspanishinstitute.com\/pl\/wp-json\/wp\/v2\/comments?post=4272"}],"version-history":[{"count":19,"href":"https:\/\/conversaspanishinstitute.com\/pl\/wp-json\/wp\/v2\/pages\/4272\/revisions"}],"predecessor-version":[{"id":18412,"href":"https:\/\/conversaspanishinstitute.com\/pl\/wp-json\/wp\/v2\/pages\/4272\/revisions\/18412"}],"wp:attachment":[{"href":"https:\/\/conversaspanishinstitute.com\/pl\/wp-json\/wp\/v2\/media?parent=4272"}],"curies":[{"name":"wp","href":"https:\/\/api.w.org\/{rel}","templated":true}]}}