{"id":4285,"date":"2022-01-24T11:38:29","date_gmt":"2022-01-24T11:38:29","guid":{"rendered":"http:\/\/conversaspanishinstitute.com\/?page_id=4285"},"modified":"2025-05-23T21:40:19","modified_gmt":"2025-05-23T19:40:19","slug":"polityka-cookies","status":"publish","type":"page","link":"https:\/\/conversaspanishinstitute.com\/pl\/polityka-cookies\/","title":{"rendered":"Polityka dotycz\u0105ca plik\u00f3w cookie"},"content":{"rendered":"<div data-elementor-type=\"wp-post\" data-elementor-id=\"4285\" class=\"elementor elementor-4285\" data-elementor-post-type=\"page\">\n\t\t\t\t\t\t<section data-particle_enable=\"false\" data-particle-mobile-disabled=\"false\" class=\"elementor-section elementor-top-section elementor-element elementor-element-98a49ba about-us elementor-section-boxed elementor-section-height-default elementor-section-height-default\" data-id=\"98a49ba\" data-element_type=\"section\" data-settings=\"{&quot;background_background&quot;:&quot;classic&quot;,&quot;jet_parallax_layout_list&quot;:[],&quot;shape_divider_bottom&quot;:&quot;curve&quot;,&quot;shape_divider_bottom_negative&quot;:&quot;yes&quot;}\">\n\t\t\t\t\t\t\t<div class=\"elementor-background-overlay\"><\/div>\n\t\t\t\t\t\t<div class=\"elementor-shape elementor-shape-bottom\" aria-hidden=\"true\" data-negative=\"true\">\n\t\t\t<svg xmlns=\"http:\/\/www.w3.org\/2000\/svg\" viewbox=\"0 0 1000 100\" preserveaspectratio=\"none\">\n\t<path class=\"elementor-shape-fill\" d=\"M500,97C126.7,96.3,0.8,19.8,0,0v100l1000,0V1C1000,19.4,873.3,97.8,500,97z\"\/>\n<\/svg>\t\t<\/div>\n\t\t\t\t\t<div class=\"elementor-container elementor-column-gap-default\">\n\t\t\t\t\t<div class=\"elementor-column elementor-col-100 elementor-top-column elementor-element elementor-element-0040506\" data-id=\"0040506\" data-element_type=\"column\">\n\t\t\t<div class=\"elementor-widget-wrap elementor-element-populated\">\n\t\t\t\t\t\t<div class=\"elementor-element elementor-element-e7b2ff9 elementor-widget__width-initial elementor-widget elementor-widget-heading\" data-id=\"e7b2ff9\" data-element_type=\"widget\" data-widget_type=\"heading.default\">\n\t\t\t\t<div class=\"elementor-widget-container\">\n\t\t\t\t\t<h2 class=\"elementor-heading-title elementor-size-default\"><b><i>Polityka plik\u00f3w cookie Conversa Spanish Institute<\/i><\/b><\/h2>\t\t\t\t<\/div>\n\t\t\t\t<\/div>\n\t\t\t\t\t<\/div>\n\t\t<\/div>\n\t\t\t\t\t<\/div>\n\t\t<\/section>\n\t\t\t\t<section data-particle_enable=\"false\" data-particle-mobile-disabled=\"false\" class=\"elementor-section elementor-top-section elementor-element elementor-element-658ea4d elementor-section-boxed elementor-section-height-default elementor-section-height-default\" data-id=\"658ea4d\" data-element_type=\"section\" data-settings=\"{&quot;background_background&quot;:&quot;classic&quot;,&quot;jet_parallax_layout_list&quot;:[]}\">\n\t\t\t\t\t\t<div class=\"elementor-container elementor-column-gap-default\">\n\t\t\t\t\t<div class=\"elementor-column elementor-col-100 elementor-top-column elementor-element elementor-element-88add30\" data-id=\"88add30\" data-element_type=\"column\">\n\t\t\t<div class=\"elementor-widget-wrap elementor-element-populated\">\n\t\t\t\t\t\t<div class=\"elementor-element elementor-element-c42a185 elementor-widget elementor-widget-text-editor\" data-id=\"c42a185\" data-element_type=\"widget\" data-widget_type=\"text-editor.default\">\n\t\t\t\t<div class=\"elementor-widget-container\">\n\t\t\t\t\t\t\t\t\t<h3><b style=\"font-size: 1.5rem;\">Przegl\u0105d<\/b><\/h3>\n<p><span style=\"font-weight: 400;\">Pliki cookie to ma\u0142e pliki tekstowe, kt\u00f3re strony internetowe umieszczaj\u0105 na Twoim urz\u0105dzeniu podczas przegl\u0105dania. S\u0105 one przetwarzane i przechowywane przez Twoj\u0105 przegl\u0105dark\u0119 internetow\u0105. Same w sobie pliki cookie s\u0105 nieszkodliwe i pe\u0142ni\u0105 kluczowe funkcje dla stron internetowych. Mog\u0105 by\u0107 jednak wykorzystywane z\u0142o\u015bliwie, poniewa\u017c mog\u0105 przechowywa\u0107 informacje, od podstawowych preferencji po dane osobowe. W Conversa Spanish Institute wierzymy w przejrzysto\u015b\u0107 tego, w jaki spos\u00f3b gromadzimy i wykorzystujemy dane dotycz\u0105ce Ciebie.<\/span><\/p>\n<p><b><br><\/b><\/p><p><b>Jak wykorzystujemy pliki cookie?<\/b><br><span style=\"font-weight: 400;\">U\u017cywamy plik\u00f3w cookie, aby poprawi\u0107 komfort przegl\u0105dania przez Ciebie:<\/span><\/p>\n<ul>\n<li style=\"font-weight: 400;\" aria-level=\"1\"><b>Personalizacja tre\u015bci<\/b><span style=\"font-weight: 400;\">: Pliki cookie pomagaj\u0105 nam zapami\u0119ta\u0107 Twoje ustawienia i preferencje, umo\u017cliwiaj\u0105c nam dostosowanie tre\u015bci, takich jak kursy i ceny.<\/span><\/li>\n<li style=\"font-weight: 400;\" aria-level=\"1\"><b>Analiza naszego ruchu w sieci<\/b><span style=\"font-weight: 400;\">: U\u017cywamy plik\u00f3w cookie do identyfikacji, kt\u00f3re strony s\u0105 u\u017cywane. Pomaga nam to analizowa\u0107 dane dotycz\u0105ce ruchu na stronie i ulepsza\u0107 nasz\u0105 witryn\u0119, aby dostosowa\u0107 j\u0105 do potrzeb klient\u00f3w.<\/span><\/li>\n<li style=\"font-weight: 400;\" aria-level=\"1\"><b>Poprawa wydajno\u015bci<\/b><span style=\"font-weight: 400;\">: Pliki cookie mog\u0105 pom\u00f3c przyspieszy\u0107 procesy w witrynie, zapewniaj\u0105c lepsze wra\u017cenia u\u017cytkownika.<\/span><\/li>\n<\/ul>\n<div>&nbsp;<br><br><\/div>\n<p><b>Rodzaje u\u017cywanych przez nas plik\u00f3w cookie<\/b><\/p>\n<ul>\n<li><b style=\"font-family: var( --e-global-typography-text-font-family ), Sans-serif; font-size: 16px;\">Niezb\u0119dny<\/b><span style=\"font-family: var( --e-global-typography-text-font-family ), Sans-serif; font-size: 16px;\">: S\u0105 one niezb\u0119dne do funkcjonowania naszej witryny i nie mo\u017cna ich wy\u0142\u0105czy\u0107. Zwykle s\u0105 one ustawiane tylko w odpowiedzi na dzia\u0142ania podejmowane przez Ciebie, kt\u00f3re s\u0105 r\u00f3wnoznaczne z \u017c\u0105daniem us\u0142ug, takich jak ustawienie preferencji prywatno\u015bci lub logowanie.<\/span><\/li>\n<li><b style=\"font-family: var( --e-global-typography-text-font-family ), Sans-serif; font-size: 1rem;\">Wydajno\u015b\u0107<\/b><span style=\"font-family: var( --e-global-typography-text-font-family ), Sans-serif; font-size: 1rem;\">: Zbieranie informacji o tym, jak odwiedzaj\u0105cy wchodz\u0105 w interakcj\u0119 z nasz\u0105 witryn\u0105, dostarczaj\u0105c nam danych na temat naszej wydajno\u015bci.<\/span><\/li>\n<li><b style=\"font-family: var( --e-global-typography-text-font-family ), Sans-serif; font-size: 1rem;\">Funkcjonalny<\/b><span style=\"font-family: var( --e-global-typography-text-font-family ), Sans-serif; font-size: 1rem;\">: Pozw\u00f3l nam zapami\u0119ta\u0107 wybory dokonywane przez Ciebie na naszej stronie i zapewni\u0107 ulepszone, bardziej spersonalizowane funkcje.<\/span><\/li>\n<li><b style=\"font-family: var( --e-global-typography-text-font-family ), Sans-serif; font-size: 1rem;\">Analityka<\/b><span style=\"font-family: var( --e-global-typography-text-font-family ), Sans-serif; font-size: 1rem;\">: Pom\u00f3\u017c nam zrozumie\u0107, w jaki spos\u00f3b odwiedzaj\u0105cy korzystaj\u0105 z witryny. U\u017cywamy tych danych do optymalizacji naszej witryny i us\u0142ug.<\/span><\/li>\n<li><b style=\"font-family: var( --e-global-typography-text-font-family ), Sans-serif; font-size: 1rem;\">Reklama<\/b><span style=\"font-family: var( --e-global-typography-text-font-family ), Sans-serif; font-size: 1rem;\">: U\u017cywane do dostarczania reklam bardziej dopasowanych do Ciebie i Twoich zainteresowa\u0144. S\u0142u\u017c\u0105 r\u00f3wnie\u017c do ograniczania liczby wy\u015bwietle\u0144 reklamy, a tak\u017ce pomagaj\u0105 mierzy\u0107 skuteczno\u015b\u0107 kampanii reklamowej.<\/span><\/li>\n<\/ul>\n<p><b><br><\/b><\/p><p><b><br><\/b><\/p><p><b>Twoje wybory dotycz\u0105ce plik\u00f3w cookie<\/b><\/p>\n<p><span style=\"font-weight: 400;\">Masz prawo decydowa\u0107 o akceptowaniu lub odrzucaniu plik\u00f3w cookie. Mo\u017cesz skorzysta\u0107 z preferencji dotycz\u0105cych plik\u00f3w cookie, ustawiaj\u0105c przegl\u0105dark\u0119 tak, aby akceptowa\u0142a lub odrzuca\u0142a pliki cookie. Oto jak mo\u017cesz to zrobi\u0107:<\/span><\/p>\n<ol>\n<li style=\"font-weight: 400;\" aria-level=\"1\"><b>Ustawienia przegl\u0105darki<\/b><span style=\"font-weight: 400;\">: Wi\u0119kszo\u015b\u0107 przegl\u0105darek internetowych pozwala na pewn\u0105 kontrol\u0119 wi\u0119kszo\u015bci plik\u00f3w cookie za pomoc\u0105 ustawie\u0144 przegl\u0105darki. Mo\u017cesz ustawi\u0107 przegl\u0105dark\u0119 tak, aby ostrzega\u0142a Ci\u0119, gdy plik cookie jest wysy\u0142any lub ca\u0142kowicie odrzuca\u0142a pliki cookie. Je\u015bli jednak wy\u0142\u0105czysz pliki cookie, niekt\u00f3re cz\u0119\u015bci naszej witryny mog\u0105 nie dzia\u0142a\u0107 prawid\u0142owo lub mog\u0105 dzia\u0142a\u0107 znacznie wolniej.<\/span><\/li>\n<li style=\"font-weight: 400;\" aria-level=\"1\"><b>Narz\u0119dzie do wyra\u017cania zgody na pliki cookie<\/b><span style=\"font-weight: 400;\">: Mo\u017cesz u\u017cy\u0107 naszego narz\u0119dzia do wyra\u017cania zgody na pliki cookie, aby dostosowa\u0107 swoje preferencje dotycz\u0105ce plik\u00f3w cookie. Narz\u0119dzie zarejestruje, kiedy wyrazi\u0142e\u015b zgod\u0119 na nasz\u0105 polityk\u0119 plik\u00f3w cookie i b\u0119dzie okresowo prosi\u0107 o ponown\u0105 zgod\u0119, aby upewni\u0107 si\u0119, \u017ce preferencje s\u0105 aktualne.<\/span><\/li>\n<li style=\"\" aria-level=\"1\"><b style=\"font-weight: 400;\">Zarz\u0105dzanie przez osoby trzecie<\/b><span style=\"font-weight: 400;\">: Aby zrezygnowa\u0107 z u\u017cywania przez strony trzecie plik\u00f3w cookie do reklam behawioralnych, odwied\u017a stron\u0119 <\/span><a href=\"http:\/\/www.youronlinechoices.eu\/\" style=\"\"><b>European Interactive Digital<\/b><span style=\"font-weight: 400;\"> <\/span><b>Sojusz reklamowy<\/b><\/a><b> <\/b><span style=\"font-weight: 400;\">dla UE lub Digital Advertising Alliance dla USA.<\/span><\/li>\n<\/ol>\n<div>&nbsp;<\/div>\n<div><b><br><\/b><\/div><div><b>Cofni\u0119cie i usuni\u0119cie plik\u00f3w cookie<\/b><b><br><\/b><\/div>\n<div><b>&nbsp;<\/b><\/div>\n<p><span style=\"font-weight: 400;\">Mo\u017cesz zezwoli\u0107, zablokowa\u0107 lub usun\u0105\u0107 pliki cookie zainstalowane na komputerze, konfiguruj\u0105c opcje przegl\u0105darki zainstalowanej na komputerze.<\/span><\/p>\n<p><span style=\"font-weight: 400;\">Aby uzyska\u0107 wi\u0119cej informacji na temat przegl\u0105darki Firefox, kliknij przycisk<\/span><b> <a href=\"https:\/\/support.mozilla.org\/en-US\/kb\/enable-and-disable-cookies-website-preferences\">tutaj<\/a>.<\/b><\/p>\n<p><span style=\"font-weight: 400;\">Aby uzyska\u0107 wi\u0119cej informacji na temat przegl\u0105darki Chrome, kliknij <\/span><b><a href=\"https:\/\/support.google.com\/chrome\/answer\/95647?hl=es\">tutaj<\/a>.<\/b><\/p>\n<p><span style=\"font-weight: 400;\">Aby uzyska\u0107 wi\u0119cej informacji na temat przegl\u0105darki Explorer, kliknij<\/span><b> <a href=\"https:\/\/support.microsoft.com\/en-us\/help\/17442\/windows-internet-explorer-delete-manage-cookies\">tutaj<\/a>.<\/b><\/p>\n<p><span style=\"font-weight: 400;\">Aby uzyska\u0107 wi\u0119cej informacji na temat przegl\u0105darki Safari, kliknij przycisk <\/span><b><a href=\"https:\/\/support.apple.com\/en-us\/HT201265\">tutaj<\/a>.<\/b><\/p>\n<p><span style=\"font-weight: 400;\">Aby uzyska\u0107 wi\u0119cej informacji na temat przegl\u0105darki Opera, kliknij <\/span><b><a href=\"https:\/\/help.opera.com\/en\/latest\/web-preferences\/#cookies\">tutaj<\/a>.<\/b><\/p>\n<p><b><br><\/b><\/p><p><b>Aktualizacje niniejszej polityki<\/b><\/p>\n<p><span style=\"font-weight: 400;\">Nasza Polityka dotycz\u0105ca plik\u00f3w cookie mo\u017ce od czasu do czasu ulega\u0107 zmianom, a wszelkie aktualizacje b\u0119d\u0105 publikowane na tej stronie. Zmiany polityki b\u0119d\u0105 mia\u0142y zastosowanie wy\u0142\u0105cznie do informacji zebranych po dacie zmiany.&nbsp;<\/span><\/p>\n<p><b><br><\/b><\/p><p><b>Skontaktuj si\u0119 z nami<\/b><\/p>\n<p><span style=\"font-weight: 400;\">Je\u015bli masz pytania dotycz\u0105ce naszej polityki plik\u00f3w cookie, mo\u017cesz skontaktowa\u0107 si\u0119 z nami za po\u015brednictwem poczty elektronicznej pod adresem <\/span><b><i>admin@conversainstitute.com.<\/i><\/b><\/p>\n<p><br style=\"font-weight: 400;\"><br style=\"font-weight: 400;\"><\/p>\t\t\t\t\t\t\t\t<\/div>\n\t\t\t\t<\/div>\n\t\t\t\t\t<\/div>\n\t\t<\/div>\n\t\t\t\t\t<\/div>\n\t\t<\/section>\n\t\t\t\t<\/div>","protected":false},"excerpt":{"rendered":"<p>Polityka plik\u00f3w cookie Conversa Spanish Institute Przegl\u0105dPliki cookie to ma\u0142e pliki tekstowe, kt\u00f3re strony internetowe umieszczaj\u0105 na Twoim urz\u0105dzeniu podczas przegl\u0105dania. S\u0105 one przetwarzane i przechowywane przez Twoj\u0105 przegl\u0105dark\u0119 internetow\u0105. Same w sobie pliki cookie s\u0105 nieszkodliwe i pe\u0142ni\u0105 kluczowe funkcje dla stron internetowych. Mog\u0105 by\u0107 jednak wykorzystywane w z\u0142o\u015bliwy spos\u00f3b, poniewa\u017c<\/p>","protected":false},"author":6,"featured_media":0,"parent":0,"menu_order":0,"comment_status":"closed","ping_status":"closed","template":"elementor_header_footer","meta":{"_acf_changed":false,"footnotes":""},"class_list":["post-4285","page","type-page","status-publish","hentry"],"acf":[],"jetpack_sharing_enabled":true,"_links":{"self":[{"href":"https:\/\/conversaspanishinstitute.com\/pl\/wp-json\/wp\/v2\/pages\/4285","targetHints":{"allow":["GET"]}}],"collection":[{"href":"https:\/\/conversaspanishinstitute.com\/pl\/wp-json\/wp\/v2\/pages"}],"about":[{"href":"https:\/\/conversaspanishinstitute.com\/pl\/wp-json\/wp\/v2\/types\/page"}],"author":[{"embeddable":true,"href":"https:\/\/conversaspanishinstitute.com\/pl\/wp-json\/wp\/v2\/users\/6"}],"replies":[{"embeddable":true,"href":"https:\/\/conversaspanishinstitute.com\/pl\/wp-json\/wp\/v2\/comments?post=4285"}],"version-history":[{"count":25,"href":"https:\/\/conversaspanishinstitute.com\/pl\/wp-json\/wp\/v2\/pages\/4285\/revisions"}],"predecessor-version":[{"id":18409,"href":"https:\/\/conversaspanishinstitute.com\/pl\/wp-json\/wp\/v2\/pages\/4285\/revisions\/18409"}],"wp:attachment":[{"href":"https:\/\/conversaspanishinstitute.com\/pl\/wp-json\/wp\/v2\/media?parent=4285"}],"curies":[{"name":"wp","href":"https:\/\/api.w.org\/{rel}","templated":true}]}}