{"id":6917,"date":"2022-02-17T01:54:04","date_gmt":"2022-02-17T01:54:04","guid":{"rendered":"http:\/\/conversaspanishinstitute.com\/affiliate-area\/"},"modified":"2025-05-23T17:44:19","modified_gmt":"2025-05-23T15:44:19","slug":"strefa-prywatna-hiszpanskich-wspolpracownikow-conversa","status":"publish","type":"page","link":"https:\/\/conversaspanishinstitute.com\/pl\/strefa-prywatna-hiszpanskich-wspolpracownikow-conversa\/","title":{"rendered":"Strefa prywatna hiszpa\u0144skich wsp\u00f3\u0142pracownik\u00f3w Conversa"},"content":{"rendered":"<div data-elementor-type=\"wp-page\" data-elementor-id=\"6917\" class=\"elementor elementor-6917\" data-elementor-post-type=\"page\">\n\t\t\t\t\t\t<section data-particle_enable=\"false\" data-particle-mobile-disabled=\"false\" class=\"elementor-section elementor-top-section elementor-element elementor-element-9ea9d88 about-us elementor-section-boxed elementor-section-height-default elementor-section-height-default\" data-id=\"9ea9d88\" data-element_type=\"section\" data-settings=\"{&quot;background_background&quot;:&quot;classic&quot;,&quot;jet_parallax_layout_list&quot;:[]}\">\n\t\t\t\t\t\t\t<div class=\"elementor-background-overlay\"><\/div>\n\t\t\t\t\t\t\t<div class=\"elementor-container elementor-column-gap-default\">\n\t\t\t\t\t<div class=\"elementor-column elementor-col-100 elementor-top-column elementor-element elementor-element-c4d7e68\" data-id=\"c4d7e68\" data-element_type=\"column\">\n\t\t\t<div class=\"elementor-widget-wrap elementor-element-populated\">\n\t\t\t\t\t\t<div class=\"elementor-element elementor-element-ff27a54 elementor-widget elementor-widget-heading\" data-id=\"ff27a54\" data-element_type=\"widget\" data-widget_type=\"heading.default\">\n\t\t\t\t<div class=\"elementor-widget-container\">\n\t\t\t\t\t<h1 class=\"elementor-heading-title elementor-size-default\">Obszar cz\u0142onkowski dla nauczycieli <\/h1>\t\t\t\t<\/div>\n\t\t\t\t<\/div>\n\t\t\t\t<div class=\"elementor-element elementor-element-18666a4 elementor-widget elementor-widget-heading\" data-id=\"18666a4\" data-element_type=\"widget\" data-widget_type=\"heading.default\">\n\t\t\t\t<div class=\"elementor-widget-container\">\n\t\t\t\t\t<h2 class=\"elementor-heading-title elementor-size-small\"><i><b>Obszar wsp\u00f3\u0142pracownik\u00f3w<\/b><\/i><\/h2>\t\t\t\t<\/div>\n\t\t\t\t<\/div>\n\t\t\t\t\t<\/div>\n\t\t<\/div>\n\t\t\t\t\t<\/div>\n\t\t<\/section>\n\t\t\t\t<section data-particle_enable=\"false\" data-particle-mobile-disabled=\"false\" class=\"elementor-section elementor-top-section elementor-element elementor-element-b2bff23 elementor-section-boxed elementor-section-height-default elementor-section-height-default\" data-id=\"b2bff23\" data-element_type=\"section\" data-settings=\"{&quot;jet_parallax_layout_list&quot;:[],&quot;background_background&quot;:&quot;classic&quot;,&quot;shape_divider_top&quot;:&quot;curve&quot;,&quot;shape_divider_top_negative&quot;:&quot;yes&quot;}\">\n\t\t\t\t\t<div class=\"elementor-shape elementor-shape-top\" aria-hidden=\"true\" data-negative=\"true\">\n\t\t\t<svg xmlns=\"http:\/\/www.w3.org\/2000\/svg\" viewbox=\"0 0 1000 100\" preserveaspectratio=\"none\">\n\t<path class=\"elementor-shape-fill\" d=\"M500,97C126.7,96.3,0.8,19.8,0,0v100l1000,0V1C1000,19.4,873.3,97.8,500,97z\"\/>\n<\/svg>\t\t<\/div>\n\t\t\t\t\t<div class=\"elementor-container elementor-column-gap-default\">\n\t\t\t\t\t<div class=\"elementor-column elementor-col-100 elementor-top-column elementor-element elementor-element-bca9e2d\" data-id=\"bca9e2d\" data-element_type=\"column\">\n\t\t\t<div class=\"elementor-widget-wrap elementor-element-populated\">\n\t\t\t\t\t\t<section data-particle_enable=\"false\" data-particle-mobile-disabled=\"false\" class=\"elementor-section elementor-inner-section elementor-element elementor-element-58122ac elementor-section-boxed elementor-section-height-default elementor-section-height-default\" data-id=\"58122ac\" data-element_type=\"section\" data-settings=\"{&quot;jet_parallax_layout_list&quot;:[]}\">\n\t\t\t\t\t\t<div class=\"elementor-container elementor-column-gap-wider\">\n\t\t\t\t\t<div class=\"elementor-column elementor-col-100 elementor-inner-column elementor-element elementor-element-a51adf1 container_box\" data-id=\"a51adf1\" data-element_type=\"column\">\n\t\t\t<div class=\"elementor-widget-wrap elementor-element-populated\">\n\t\t\t\t\t\t<div class=\"elementor-element elementor-element-0294a3f elementor-widget elementor-widget-shortcode\" data-id=\"0294a3f\" data-element_type=\"widget\" data-widget_type=\"shortcode.default\">\n\t\t\t\t<div class=\"elementor-widget-container\">\n\t\t\t\t\t\t\t<div class=\"elementor-shortcode\">\n<form id=\"affwp-register-form\" class=\"affwp-form\" action=\"\" method=\"post\" data-trp-original-action=\"\">\n\t\n\t<fieldset>\n\t\t<legend>Zarejestruj nowe konto partnerskie<\/legend>\n\n\t\t\n\t\t<p>\n\t\t\t<label for=\"affwp-user-name\">Twoje imi\u0119 i nazwisko<\/label>\n\t\t\t<input id=\"affwp-user-name\" type=\"text\" name=\"affwp_user_name\" value=\"\" title=\"Twoje imi\u0119 i nazwisko\"  required='required' \/>\n\t\t<\/p>\n\n\t\t<p>\n\t\t\t<label for=\"affwp-user-login\">Nazwa u\u017cytkownika<\/label>\n\t\t\t<input id=\"affwp-user-login\" required=\"required\" type=\"text\" name=\"affwp_user_login\" maxlength=\"60\" value=\"\" title=\"Nazwa u\u017cytkownika\" \/>\n\t\t<\/p>\n\n\t\t<p>\n\t\t\t<label for=\"affwp-user-email\">Konto e-mail<\/label>\n\t\t\t<input id=\"affwp-user-email\" required=\"required\" type=\"email\" name=\"affwp_user_email\" value=\"\" title=\"Adres e-mail\" \/>\n\t\t<\/p>\n\n\t\t<p>\n\t\t\t<label for=\"affwp-payment-email\">Email p\u0142atno\u015bci<\/label>\n\t\t\t<input id=\"affwp-payment-email\" type=\"email\" name=\"affwp_payment_email\" value=\"\" title=\"Adres e-mail p\u0142atno\u015bci\" \/>\n\t\t<\/p>\n\n\t\t<p>\n\t\t\t<label for=\"affwp-user-url\">Adres URL strony internetowej<\/label>\n\t\t\t<input id=\"affwp-user-url\" type=\"text\" name=\"affwp_user_url\" value=\"\" title=\"Adres URL strony internetowej\"  required='required' \/>\n\t\t<\/p>\n\n\t\t<p>\n\t\t\t<label for=\"affwp-promotion-method\">Jak b\u0119dziesz nas promowa\u0107?<\/label>\n\t\t\t<textarea id=\"affwp-promotion-method\" name=\"affwp_promotion_method\" rows=\"5\" cols=\"30\"><\/textarea>\n\t\t<\/p>\n\n\t\t\n\t\t\t<p>\n\t\t\t\t<label for=\"affwp-user-pass\">Has\u0142o<\/label>\n\t\t\t\t<input id=\"affwp-user-pass\" required=\"required\" class=\"password\" type=\"password\" name=\"affwp_user_pass\" \/>\n\t\t\t<\/p>\n\n\t\t\t<p>\n\t\t\t\t<label for=\"affwp-user-pass2\">Potwierd\u017a has\u0142o<\/label>\n\t\t\t\t<input id=\"affwp-user-pass2\" required=\"required\" class=\"password\" type=\"password\" name=\"affwp_user_pass2\" \/>\n\t\t\t<\/p>\n\n\t\t\n\t\t\n\t\t\t\t\t\t\t<p>\n\t\t\t\t<label class=\"affwp-tos\" for=\"affwp-tos\">\n\t\t\t\t\t<input id=\"affwp-tos\" required=\"required\" type=\"checkbox\" name=\"affwp_tos\" \/>\n\t\t\t\t\t<a href=\"https:\/\/conversaspanishinstitute.com\/pl\/zasady-i-warunki\/\" target=\"_blank\">Zaakceptuj nasze Warunki u\u017cytkowania i Polityk\u0119 prywatno\u015bci<\/a>\n\t\t\t\t<\/label>\n\t\t\t<\/p>\n\t\t\n\t\t\n\t\t\n\t\t<p>\n\t\t\t<input type=\"hidden\" name=\"affwp_honeypot\" value=\"\" \/>\n\t\t\t<input type=\"hidden\" name=\"affwp_redirect\" value=\"\"\/>\n\t\t\t<input type=\"hidden\" name=\"affwp_register_nonce\" value=\"4c9b9e8a0f\" \/>\n\t\t\t<input type=\"hidden\" name=\"affwp_action\" value=\"affiliate_register\" \/>\n\n\t\t\t\n\t\t\t\t\t\t\t<input class=\"button\" type=\"submit\" value=\"Zarejestruj si\u0119\" \/>\n\t\t\t\t\t<\/p>\n\n\t\t\t<\/fieldset>\n\n\t<input type=\"hidden\" name=\"trp-form-language\" value=\"pl\"\/><\/form>\n\n<form id=\"affwp-login-form\" class=\"affwp-form\" action=\"\" method=\"post\" data-trp-original-action=\"\">\n\t\n\t<fieldset>\n\t\t<legend>Zaloguj si\u0119 na swoje konto<\/legend>\n\n\t\t\n\t\t<p>\n\t\t\t<label for=\"affwp-login-user-login\">Nazwa u\u017cytkownika<\/label>\n\t\t\t<input id=\"affwp-login-user-login\" class=\"required\" type=\"text\" name=\"affwp_user_login\" title=\"Nazwa u\u017cytkownika\" \/>\n\t\t<\/p>\n\n\t\t<p>\n\t\t\t<label for=\"affwp-login-user-pass\">Has\u0142o<\/label>\n\t\t\t<input id=\"affwp-login-user-pass\" class=\"password required\" type=\"password\" name=\"affwp_user_pass\" \/>\n\t\t<\/p>\n\n\t\t<p>\n\t\t\t<label class=\"affwp-user-remember\" for=\"affwp-user-remember\">\n\t\t\t\t<input id=\"affwp-user-remember\" type=\"checkbox\" name=\"affwp_user_remember\" value=\"1\" \/> Zapami\u0119taj mnie\t\t\t<\/label>\n\t\t<\/p>\n\n\t\t<p>\n\t\t\t<input type=\"hidden\" name=\"affwp_redirect\" value=\"\"\/>\n\t\t\t<input type=\"hidden\" name=\"affwp_login_nonce\" value=\"028b5df4aa\" \/>\n\t\t\t<input type=\"hidden\" name=\"affwp_action\" value=\"user_login\" \/>\n\t\t\t<input type=\"submit\" class=\"button\" value=\"Zaloguj si\u0119\" \/>\n\t\t<\/p>\n\n\t\t<p class=\"affwp-lost-password\">\n\t\t\t<a href=\"https:\/\/conversaspanishinstitute.com\/pl\/strefa-prywatna-hiszpanskich-wspolpracownikow-conversa\/lost-password\/\">Zgubi\u0142e\u015b has\u0142o?<\/a>\n\t\t<\/p>\n\n\t\t\t<\/fieldset>\n\n\t<input type=\"hidden\" name=\"trp-form-language\" value=\"pl\"\/><\/form>\n<\/div>\n\t\t\t\t\t\t<\/div>\n\t\t\t\t<\/div>\n\t\t\t\t\t<\/div>\n\t\t<\/div>\n\t\t\t\t\t<\/div>\n\t\t<\/section>\n\t\t\t\t\t<\/div>\n\t\t<\/div>\n\t\t\t\t\t<\/div>\n\t\t<\/section>\n\t\t\t\t<\/div>","protected":false},"excerpt":{"rendered":"<p>Nauczyciele Obszar cz\u0142onk\u00f3w Obszar wsp\u00f3\u0142pracownik\u00f3w<\/p>","protected":false},"author":21,"featured_media":15047,"parent":0,"menu_order":0,"comment_status":"closed","ping_status":"closed","template":"","meta":{"_acf_changed":false,"footnotes":""},"class_list":["post-6917","page","type-page","status-publish","has-post-thumbnail","hentry"],"acf":[],"jetpack_sharing_enabled":true,"_links":{"self":[{"href":"https:\/\/conversaspanishinstitute.com\/pl\/wp-json\/wp\/v2\/pages\/6917","targetHints":{"allow":["GET"]}}],"collection":[{"href":"https:\/\/conversaspanishinstitute.com\/pl\/wp-json\/wp\/v2\/pages"}],"about":[{"href":"https:\/\/conversaspanishinstitute.com\/pl\/wp-json\/wp\/v2\/types\/page"}],"author":[{"embeddable":true,"href":"https:\/\/conversaspanishinstitute.com\/pl\/wp-json\/wp\/v2\/users\/21"}],"replies":[{"embeddable":true,"href":"https:\/\/conversaspanishinstitute.com\/pl\/wp-json\/wp\/v2\/comments?post=6917"}],"version-history":[{"count":10,"href":"https:\/\/conversaspanishinstitute.com\/pl\/wp-json\/wp\/v2\/pages\/6917\/revisions"}],"predecessor-version":[{"id":18378,"href":"https:\/\/conversaspanishinstitute.com\/pl\/wp-json\/wp\/v2\/pages\/6917\/revisions\/18378"}],"wp:featuredmedia":[{"embeddable":true,"href":"https:\/\/conversaspanishinstitute.com\/pl\/wp-json\/wp\/v2\/media\/15047"}],"wp:attachment":[{"href":"https:\/\/conversaspanishinstitute.com\/pl\/wp-json\/wp\/v2\/media?parent=6917"}],"curies":[{"name":"wp","href":"https:\/\/api.w.org\/{rel}","templated":true}]}}