{"id":7938,"date":"2022-03-15T19:17:44","date_gmt":"2022-03-15T19:17:44","guid":{"rendered":"http:\/\/conversaspanishinstitute.com\/?page_id=7938"},"modified":"2022-03-17T03:31:14","modified_gmt":"2022-03-17T03:31:14","slug":"cafe-con-alvaro","status":"publish","type":"page","link":"https:\/\/conversaspanishinstitute.com\/pl\/cafe-con-alvaro\/","title":{"rendered":"Caf\u00e9 con \u00c1lvaro"},"content":{"rendered":"<div data-elementor-type=\"wp-post\" data-elementor-id=\"7938\" class=\"elementor elementor-7938\" data-elementor-post-type=\"page\">\n\t\t\t\t\t\t<section data-particle_enable=\"false\" data-particle-mobile-disabled=\"false\" class=\"elementor-section elementor-top-section elementor-element elementor-element-0535c4d about-us elementor-section-boxed elementor-section-height-default elementor-section-height-default\" data-id=\"0535c4d\" data-element_type=\"section\" data-settings=\"{&quot;background_background&quot;:&quot;classic&quot;,&quot;jet_parallax_layout_list&quot;:[]}\">\n\t\t\t\t\t\t\t<div class=\"elementor-background-overlay\"><\/div>\n\t\t\t\t\t\t\t<div class=\"elementor-container elementor-column-gap-default\">\n\t\t\t\t\t<div class=\"elementor-column elementor-col-100 elementor-top-column elementor-element elementor-element-468bc7a\" data-id=\"468bc7a\" data-element_type=\"column\">\n\t\t\t<div class=\"elementor-widget-wrap elementor-element-populated\">\n\t\t\t\t\t\t<div class=\"elementor-element elementor-element-f7a2bea elementor-invisible elementor-widget elementor-widget-heading\" data-id=\"f7a2bea\" data-element_type=\"widget\" data-settings=\"{&quot;_animation&quot;:&quot;slideInUp&quot;}\" data-widget_type=\"heading.default\">\n\t\t\t\t<div class=\"elementor-widget-container\">\n\t\t\t\t\t<h1 class=\"elementor-heading-title elementor-size-small\">Kawiarnia <span class=\"yell\">con \u00c1lvaro<\/span><\/h1>\t\t\t\t<\/div>\n\t\t\t\t<\/div>\n\t\t\t\t<div class=\"elementor-element elementor-element-e1107e2 elementor-widget elementor-widget-text-editor\" data-id=\"e1107e2\" data-element_type=\"widget\" data-widget_type=\"text-editor.default\">\n\t\t\t\t<div class=\"elementor-widget-container\">\n\t\t\t\t\t\t\t\t\t<p style=\"letter-spacing: normal;\">Tutaj mo\u017cesz zadzwoni\u0107 do \u00c1lvaro, a je\u015bli nie masz jeszcze wolnego terminu, napisz na adres alvaro@conversainstitute.com z informacj\u0105 o swojej dyspozycyjno\u015bci, a my odpowiemy \ud83d\ude42\u00a0<\/p>\t\t\t\t\t\t\t\t<\/div>\n\t\t\t\t<\/div>\n\t\t\t\t\t<\/div>\n\t\t<\/div>\n\t\t\t\t\t<\/div>\n\t\t<\/section>\n\t\t\t\t<section data-particle_enable=\"false\" data-particle-mobile-disabled=\"false\" class=\"elementor-section elementor-top-section elementor-element elementor-element-5ebee23 elementor-section-boxed elementor-section-height-default elementor-section-height-default\" data-id=\"5ebee23\" data-element_type=\"section\" data-settings=\"{&quot;background_background&quot;:&quot;classic&quot;,&quot;jet_parallax_layout_list&quot;:[]}\">\n\t\t\t\t\t\t<div class=\"elementor-container elementor-column-gap-default\">\n\t\t\t\t\t<div class=\"elementor-column elementor-col-100 elementor-top-column elementor-element elementor-element-3cb34d4\" data-id=\"3cb34d4\" data-element_type=\"column\">\n\t\t\t<div class=\"elementor-widget-wrap elementor-element-populated\">\n\t\t\t\t\t\t<div class=\"elementor-element elementor-element-c164dc5 elementor-widget elementor-widget-html\" data-id=\"c164dc5\" data-element_type=\"widget\" data-widget_type=\"html.default\">\n\t\t\t\t<div class=\"elementor-widget-container\">\n\t\t\t\t\t<iframe src=\"https:\/\/koalendar.com\/e\/cafe-con-alvaro?embed=true\" width=\"100%\" height=\"800px\" frameborder=\"0\"><\/iframe>\t\t\t\t<\/div>\n\t\t\t\t<\/div>\n\t\t\t\t\t<\/div>\n\t\t<\/div>\n\t\t\t\t\t<\/div>\n\t\t<\/section>\n\t\t\t\t<section data-particle_enable=\"false\" data-particle-mobile-disabled=\"false\" class=\"elementor-section elementor-top-section elementor-element elementor-element-8747f9c elementor-section-boxed elementor-section-height-default elementor-section-height-default\" data-id=\"8747f9c\" data-element_type=\"section\" data-settings=\"{&quot;jet_parallax_layout_list&quot;:[]}\">\n\t\t\t\t\t\t<div class=\"elementor-container elementor-column-gap-default\">\n\t\t\t\t\t<div class=\"elementor-column elementor-col-100 elementor-top-column elementor-element elementor-element-65d8cbf\" data-id=\"65d8cbf\" data-element_type=\"column\">\n\t\t\t<div class=\"elementor-widget-wrap elementor-element-populated\">\n\t\t\t\t\t\t<div class=\"elementor-element elementor-element-4afa5563 elementor-widget elementor-widget-text-editor\" data-id=\"4afa5563\" data-element_type=\"widget\" data-widget_type=\"text-editor.default\">\n\t\t\t\t<div class=\"elementor-widget-container\">\n\t\t\t\t\t\t\t\t\t<p><span style=\"font-size: inherit; font-style: inherit; font-weight: inherit; letter-spacing: 0.1px;\">Jeste\u015bmy czym\u015b wi\u0119cej ni\u017c<\/span><span class=\"yell\" style=\"font-size: inherit; font-style: inherit; font-weight: inherit; letter-spacing: 0.1px;\">\u00a0szko\u0142a j\u0119zykowa<\/span><\/p>\t\t\t\t\t\t\t\t<\/div>\n\t\t\t\t<\/div>\n\t\t\t\t<div class=\"elementor-element elementor-element-2a1113b elementor-widget elementor-widget-text-editor\" data-id=\"2a1113b\" data-element_type=\"widget\" data-widget_type=\"text-editor.default\">\n\t\t\t\t<div class=\"elementor-widget-container\">\n\t\t\t\t\t\t\t\t\tW Conversa Spanish Institute,<strong> Skupiamy si\u0119 na Twoim sposobie my\u015blenia<\/strong> i pom\u00f3c Ci przezwyci\u0119\u017cy\u0107 negatywne przekonania.\n\nDzi\u0119ki naszemu unikalnemu podej\u015bciu rozwiniesz dobre zasady my\u015blenia, kt\u00f3re skieruj\u0105 Ci\u0119 na \u015bcie\u017ck\u0119 do ostatecznej nauki m\u00f3wienia po hiszpa\u0144sku. <strong>nie tylko zapami\u0119tuj s\u0142\u00f3wka<\/strong>.\n\nSkupiaj\u0105c si\u0119 na swoich <strong>motywacja, pewno\u015b\u0107 siebie i odporno\u015b\u0107<\/strong>k\u0142adziemy solidne fundamenty, kt\u00f3re pomog\u0105 Ci nauczy\u0107 si\u0119 m\u00f3wi\u0107 po hiszpa\u0144sku szybciej i \u0142atwiej.\n<h5>Jeste\u015bmy Twoj\u0105 nieuczciw\u0105 przewag\u0105 w nauce nowego j\u0119zyka.<\/h5>\t\t\t\t\t\t\t\t<\/div>\n\t\t\t\t<\/div>\n\t\t\t\t\t<\/div>\n\t\t<\/div>\n\t\t\t\t\t<\/div>\n\t\t<\/section>\n\t\t\t\t<section data-particle_enable=\"false\" data-particle-mobile-disabled=\"false\" class=\"elementor-section elementor-top-section elementor-element elementor-element-098ed3a elementor-section-boxed elementor-section-height-default elementor-section-height-default\" data-id=\"098ed3a\" data-element_type=\"section\" data-settings=\"{&quot;background_background&quot;:&quot;classic&quot;,&quot;jet_parallax_layout_list&quot;:[]}\">\n\t\t\t\t\t\t<div class=\"elementor-container elementor-column-gap-default\">\n\t\t\t\t\t<div class=\"elementor-column elementor-col-100 elementor-top-column elementor-element elementor-element-7574746\" data-id=\"7574746\" data-element_type=\"column\">\n\t\t\t<div class=\"elementor-widget-wrap elementor-element-populated\">\n\t\t\t\t\t\t<div class=\"elementor-element elementor-element-fd40db8 elementor-widget elementor-widget-image\" data-id=\"fd40db8\" data-element_type=\"widget\" data-widget_type=\"image.default\">\n\t\t\t\t<div class=\"elementor-widget-container\">\n\t\t\t\t\t\t\t\t\t\t\t\t\t\t\t<img decoding=\"async\" width=\"200\" height=\"193\" src=\"https:\/\/conversaspanishinstitute.com\/wp-content\/uploads\/2022\/01\/favicon.png\" class=\"attachment-full size-full wp-image-4449\" alt=\"\" \/>\t\t\t\t\t\t\t\t\t\t\t\t\t\t\t<\/div>\n\t\t\t\t<\/div>\n\t\t\t\t<div class=\"elementor-element elementor-element-43a2d9ec elementor-widget elementor-widget-heading\" data-id=\"43a2d9ec\" data-element_type=\"widget\" data-widget_type=\"heading.default\">\n\t\t\t\t<div class=\"elementor-widget-container\">\n\t\t\t\t\t<h2 class=\"elementor-heading-title elementor-size-default\">Nasz niesamowity <span class=\"yell\">Zesp\u00f3\u0142<\/span><\/h2>\t\t\t\t<\/div>\n\t\t\t\t<\/div>\n\t\t\t\t\t<\/div>\n\t\t<\/div>\n\t\t\t\t\t<\/div>\n\t\t<\/section>\n\t\t\t\t<section data-particle_enable=\"false\" data-particle-mobile-disabled=\"false\" class=\"elementor-section elementor-top-section elementor-element elementor-element-0753940 elementor-section-boxed elementor-section-height-default elementor-section-height-default\" data-id=\"0753940\" data-element_type=\"section\" data-settings=\"{&quot;background_background&quot;:&quot;classic&quot;,&quot;animation&quot;:&quot;none&quot;,&quot;jet_parallax_layout_list&quot;:[]}\">\n\t\t\t\t\t\t<div class=\"elementor-container elementor-column-gap-default\">\n\t\t\t\t\t<div class=\"elementor-column elementor-col-33 elementor-top-column elementor-element elementor-element-686e450 elementor-invisible\" data-id=\"686e450\" data-element_type=\"column\" data-settings=\"{&quot;background_background&quot;:&quot;gradient&quot;,&quot;animation&quot;:&quot;slideInUp&quot;}\">\n\t\t\t<div class=\"elementor-widget-wrap elementor-element-populated\">\n\t\t\t\t\t\t<div class=\"elementor-element elementor-element-58c2462c elementor-widget elementor-widget-image\" data-id=\"58c2462c\" data-element_type=\"widget\" data-widget_type=\"image.default\">\n\t\t\t\t<div class=\"elementor-widget-container\">\n\t\t\t\t\t\t\t\t\t\t\t\t\t\t\t<img fetchpriority=\"high\" decoding=\"async\" width=\"430\" height=\"417\" src=\"https:\/\/conversaspanishinstitute.com\/wp-content\/uploads\/2022\/02\/alvaro-bub.jpg\" class=\"elementor-animation-grow attachment-large size-large wp-image-6793\" alt=\"\" srcset=\"https:\/\/conversaspanishinstitute.com\/wp-content\/uploads\/2022\/02\/alvaro-bub.jpg 430w, https:\/\/conversaspanishinstitute.com\/wp-content\/uploads\/2022\/02\/alvaro-bub-300x291.jpg 300w\" sizes=\"(max-width: 430px) 100vw, 430px\" \/>\t\t\t\t\t\t\t\t\t\t\t\t\t\t\t<\/div>\n\t\t\t\t<\/div>\n\t\t\t\t<div class=\"elementor-element elementor-element-9888e57 elementor-widget elementor-widget-heading\" data-id=\"9888e57\" data-element_type=\"widget\" data-widget_type=\"heading.default\">\n\t\t\t\t<div class=\"elementor-widget-container\">\n\t\t\t\t\t<h2 class=\"elementor-heading-title elementor-size-default\"><span class=\"gra\">\u00c1lvaro Sesmillo<\/h2>\t\t\t\t<\/div>\n\t\t\t\t<\/div>\n\t\t\t\t<div class=\"elementor-element elementor-element-7ddb0d30 elementor-widget elementor-widget-text-editor\" data-id=\"7ddb0d30\" data-element_type=\"widget\" data-widget_type=\"text-editor.default\">\n\t\t\t\t<div class=\"elementor-widget-container\">\n\t\t\t\t\t\t\t\t\t<p>\u00c1lvaro uko\u0144czy\u0142 studia uniwersyteckie w zakresie filologii hiszpa\u0144skiej i studia podyplomowe w zakresie ELE na Universidad Complutense de Madrid. Uko\u0144czy\u0142 r\u00f3wnie\u017c studia magisterskie z nauczania j\u0119zyka hiszpa\u0144skiego na Uniwersytecie w Alcal\u00e1. <strong>Uczy\u0142 ELE\/EL2 w Holandii, Polsce, Singapurze i Hiszpanii.<\/strong> By\u0142 kierownikiem katedry j\u0119zyka i kultury hiszpa\u0144skiej w Akademii Morskiej oraz kierownikiem studi\u00f3w w EF w Madrycie. Jest autorem kursu cyfrowego<strong> <i>\"Hablamos<\/i> <\/strong>poziom B1 od Editorial Edinumen.<\/p>\t\t\t\t\t\t\t\t<\/div>\n\t\t\t\t<\/div>\n\t\t\t\t\t<\/div>\n\t\t<\/div>\n\t\t\t\t<div class=\"elementor-column elementor-col-33 elementor-top-column elementor-element elementor-element-fe1f132 elementor-invisible\" data-id=\"fe1f132\" data-element_type=\"column\" data-settings=\"{&quot;animation&quot;:&quot;slideInUp&quot;,&quot;background_background&quot;:&quot;gradient&quot;,&quot;animation_delay&quot;:100}\">\n\t\t\t<div class=\"elementor-widget-wrap elementor-element-populated\">\n\t\t\t\t\t\t<div class=\"elementor-element elementor-element-6cd99bb3 elementor-widget elementor-widget-image\" data-id=\"6cd99bb3\" data-element_type=\"widget\" data-widget_type=\"image.default\">\n\t\t\t\t<div class=\"elementor-widget-container\">\n\t\t\t\t\t\t\t\t\t\t\t\t\t\t\t<img decoding=\"async\" width=\"430\" height=\"417\" src=\"https:\/\/conversaspanishinstitute.com\/wp-content\/uploads\/2022\/02\/elena-esteve-buble-1.jpg\" class=\"elementor-animation-grow attachment-large size-large wp-image-6795\" alt=\"\" srcset=\"https:\/\/conversaspanishinstitute.com\/wp-content\/uploads\/2022\/02\/elena-esteve-buble-1.jpg 430w, https:\/\/conversaspanishinstitute.com\/wp-content\/uploads\/2022\/02\/elena-esteve-buble-1-300x291.jpg 300w\" sizes=\"(max-width: 430px) 100vw, 430px\" \/>\t\t\t\t\t\t\t\t\t\t\t\t\t\t\t<\/div>\n\t\t\t\t<\/div>\n\t\t\t\t<div class=\"elementor-element elementor-element-6be5559 elementor-widget elementor-widget-heading\" data-id=\"6be5559\" data-element_type=\"widget\" data-widget_type=\"heading.default\">\n\t\t\t\t<div class=\"elementor-widget-container\">\n\t\t\t\t\t<h2 class=\"elementor-heading-title elementor-size-default\"><span class=\"gra\">Elena Esteve<\/h2>\t\t\t\t<\/div>\n\t\t\t\t<\/div>\n\t\t\t\t<div class=\"elementor-element elementor-element-4e9a6ab9 elementor-widget elementor-widget-text-editor\" data-id=\"4e9a6ab9\" data-element_type=\"widget\" data-widget_type=\"text-editor.default\">\n\t\t\t\t<div class=\"elementor-widget-container\">\n\t\t\t\t\t\t\t\t\t<p>Elena studiowa\u0142a na kierunku uniwersyteckim w <strong>T\u0142umaczenia pisemne i ustne na Uniwersytecie Jaume I<\/strong>. Posiada dyplom z ELE i tytu\u0142 magistra w zakresie szkolenia nauczycieli obowi\u0105zkowego szkolnictwa \u015bredniego, szkolnictwa \u015bredniego II stopnia, szkolenia zawodowego i nauczania j\u0119zyk\u00f3w obcych. Ma szerokie do\u015bwiadczenie jako nauczyciel j\u0119zyka.<\/p>\t\t\t\t\t\t\t\t<\/div>\n\t\t\t\t<\/div>\n\t\t\t\t\t<\/div>\n\t\t<\/div>\n\t\t\t\t<div class=\"elementor-column elementor-col-33 elementor-top-column elementor-element elementor-element-8681362 elementor-invisible\" data-id=\"8681362\" data-element_type=\"column\" data-settings=\"{&quot;animation&quot;:&quot;slideInUp&quot;,&quot;background_background&quot;:&quot;gradient&quot;,&quot;animation_delay&quot;:200}\">\n\t\t\t<div class=\"elementor-widget-wrap elementor-element-populated\">\n\t\t\t\t\t\t<div class=\"elementor-element elementor-element-64fb547 elementor-widget elementor-widget-image\" data-id=\"64fb547\" data-element_type=\"widget\" data-widget_type=\"image.default\">\n\t\t\t\t<div class=\"elementor-widget-container\">\n\t\t\t\t\t\t\t\t\t\t\t\t\t\t\t<img loading=\"lazy\" decoding=\"async\" width=\"430\" height=\"417\" src=\"https:\/\/conversaspanishinstitute.com\/wp-content\/uploads\/2022\/02\/Marta-ezquerro-1.jpg\" class=\"elementor-animation-grow attachment-large size-large wp-image-6797\" alt=\"\" srcset=\"https:\/\/conversaspanishinstitute.com\/wp-content\/uploads\/2022\/02\/Marta-ezquerro-1.jpg 430w, https:\/\/conversaspanishinstitute.com\/wp-content\/uploads\/2022\/02\/Marta-ezquerro-1-300x291.jpg 300w\" sizes=\"(max-width: 430px) 100vw, 430px\" \/>\t\t\t\t\t\t\t\t\t\t\t\t\t\t\t<\/div>\n\t\t\t\t<\/div>\n\t\t\t\t<div class=\"elementor-element elementor-element-c99515a elementor-widget elementor-widget-heading\" data-id=\"c99515a\" data-element_type=\"widget\" data-widget_type=\"heading.default\">\n\t\t\t\t<div class=\"elementor-widget-container\">\n\t\t\t\t\t<h2 class=\"elementor-heading-title elementor-size-default\"><span class=\"gra\">Marta Ezquerro<\/h2>\t\t\t\t<\/div>\n\t\t\t\t<\/div>\n\t\t\t\t<div class=\"elementor-element elementor-element-c5cfaf5 elementor-widget elementor-widget-text-editor\" data-id=\"c5cfaf5\" data-element_type=\"widget\" data-widget_type=\"text-editor.default\">\n\t\t\t\t<div class=\"elementor-widget-container\">\n\t\t\t\t\t\t\t\t\t<p>Marta studiowa\u0142a filologi\u0119 hiszpa\u0144sk\u0105 na Uniwersytecie w Barcelonie. Zrobi\u0142a kursy doktoranckie <strong>(specjalizuje si\u0119 w literaturze hiszpa\u0144skiej Z\u0142otego Wieku)<\/strong> na Universidad Complutense de Madrid, zanim zacz\u0119\u0142a uczy\u0107 hiszpa\u0144skiego jako j\u0119zyka obcego. Uko\u0144czy\u0142a studia magisterskie na kierunku ELE na Uniwersytecie Men\u00e9ndez Pelayo w Santander. Uczy firmy i osoby prywatne od ponad dw\u00f3ch lat. <strong>20 lat<\/strong> Dwa lata temu rozpocz\u0119\u0142a r\u00f3wnie\u017c nauczanie online.<\/p>\t\t\t\t\t\t\t\t<\/div>\n\t\t\t\t<\/div>\n\t\t\t\t\t<\/div>\n\t\t<\/div>\n\t\t\t\t\t<\/div>\n\t\t<\/section>\n\t\t\t\t<section data-particle_enable=\"false\" data-particle-mobile-disabled=\"false\" class=\"elementor-section elementor-top-section elementor-element elementor-element-3c873cf elementor-section-boxed elementor-section-height-default elementor-section-height-default\" data-id=\"3c873cf\" data-element_type=\"section\" data-settings=\"{&quot;background_background&quot;:&quot;classic&quot;,&quot;jet_parallax_layout_list&quot;:[]}\">\n\t\t\t\t\t\t<div class=\"elementor-container elementor-column-gap-default\">\n\t\t\t\t\t<div class=\"elementor-column elementor-col-33 elementor-top-column elementor-element elementor-element-470ec13 elementor-invisible\" data-id=\"470ec13\" data-element_type=\"column\" data-settings=\"{&quot;animation&quot;:&quot;slideInUp&quot;,&quot;background_background&quot;:&quot;gradient&quot;}\">\n\t\t\t<div class=\"elementor-widget-wrap elementor-element-populated\">\n\t\t\t\t\t\t<div class=\"elementor-element elementor-element-d14f053 elementor-widget elementor-widget-image\" data-id=\"d14f053\" data-element_type=\"widget\" data-widget_type=\"image.default\">\n\t\t\t\t<div class=\"elementor-widget-container\">\n\t\t\t\t\t\t\t\t\t\t\t\t\t\t\t<img loading=\"lazy\" decoding=\"async\" width=\"430\" height=\"417\" src=\"https:\/\/conversaspanishinstitute.com\/wp-content\/uploads\/2022\/02\/olaya-buble-chat.jpg\" class=\"elementor-animation-grow attachment-large size-large wp-image-6798\" alt=\"\" srcset=\"https:\/\/conversaspanishinstitute.com\/wp-content\/uploads\/2022\/02\/olaya-buble-chat.jpg 430w, https:\/\/conversaspanishinstitute.com\/wp-content\/uploads\/2022\/02\/olaya-buble-chat-300x291.jpg 300w\" sizes=\"(max-width: 430px) 100vw, 430px\" \/>\t\t\t\t\t\t\t\t\t\t\t\t\t\t\t<\/div>\n\t\t\t\t<\/div>\n\t\t\t\t<div class=\"elementor-element elementor-element-b7a4e6e elementor-widget elementor-widget-heading\" data-id=\"b7a4e6e\" data-element_type=\"widget\" data-widget_type=\"heading.default\">\n\t\t\t\t<div class=\"elementor-widget-container\">\n\t\t\t\t\t<h2 class=\"elementor-heading-title elementor-size-default\"><span>S<\/span><span class=\"gra\">Olaya Fern\u00e1ndez<\/span><\/h2>\t\t\t\t<\/div>\n\t\t\t\t<\/div>\n\t\t\t\t<div class=\"elementor-element elementor-element-11b6c92d elementor-widget elementor-widget-text-editor\" data-id=\"11b6c92d\" data-element_type=\"widget\" data-widget_type=\"text-editor.default\">\n\t\t\t\t<div class=\"elementor-widget-container\">\n\t\t\t\t\t\t\t\t\t<p>Olaya ma <strong>Licencjat z filologii klasycznej i magister edukacji \u015bredniej z naciskiem na \u0142acin\u0119, grek\u0119 i hiszpa\u0144ski.<\/strong> Jest specjalistk\u0105 w nauczaniu ESL dzieci od 2012 roku. Olaya rozpocz\u0119\u0142a wsp\u00f3\u0142prac\u0119 z ELEInternacional w 2017 roku, tworz\u0105c tre\u015bci na bloga i od tego czasu nie przestaje nad nim pracowa\u0107. W tym roku zosta\u0142a cz\u0142onkini\u0105 ELEInternacional <strong>konsultant nauczania online dla dzieci.<\/strong><\/p>\t\t\t\t\t\t\t\t<\/div>\n\t\t\t\t<\/div>\n\t\t\t\t\t<\/div>\n\t\t<\/div>\n\t\t\t\t<div class=\"elementor-column elementor-col-33 elementor-top-column elementor-element elementor-element-0c71cc9 elementor-invisible\" data-id=\"0c71cc9\" data-element_type=\"column\" data-settings=\"{&quot;animation&quot;:&quot;slideInUp&quot;,&quot;background_background&quot;:&quot;gradient&quot;,&quot;animation_delay&quot;:100}\">\n\t\t\t<div class=\"elementor-widget-wrap elementor-element-populated\">\n\t\t\t\t\t\t<div class=\"elementor-element elementor-element-de93e2e elementor-widget elementor-widget-image\" data-id=\"de93e2e\" data-element_type=\"widget\" data-widget_type=\"image.default\">\n\t\t\t\t<div class=\"elementor-widget-container\">\n\t\t\t\t\t\t\t\t\t\t\t\t\t\t\t<img loading=\"lazy\" decoding=\"async\" width=\"430\" height=\"417\" src=\"https:\/\/conversaspanishinstitute.com\/wp-content\/uploads\/2022\/02\/pilar-buble-chat.jpg\" class=\"elementor-animation-grow attachment-large size-large wp-image-6799\" alt=\"\" srcset=\"https:\/\/conversaspanishinstitute.com\/wp-content\/uploads\/2022\/02\/pilar-buble-chat.jpg 430w, https:\/\/conversaspanishinstitute.com\/wp-content\/uploads\/2022\/02\/pilar-buble-chat-300x291.jpg 300w\" sizes=\"(max-width: 430px) 100vw, 430px\" \/>\t\t\t\t\t\t\t\t\t\t\t\t\t\t\t<\/div>\n\t\t\t\t<\/div>\n\t\t\t\t<div class=\"elementor-element elementor-element-40a08ec elementor-widget elementor-widget-heading\" data-id=\"40a08ec\" data-element_type=\"widget\" data-widget_type=\"heading.default\">\n\t\t\t\t<div class=\"elementor-widget-container\">\n\t\t\t\t\t<h2 class=\"elementor-heading-title elementor-size-default\"><span class=\"gra\">Pilar Hern\u00e1ndez<\/span><\/h2>\t\t\t\t<\/div>\n\t\t\t\t<\/div>\n\t\t\t\t<div class=\"elementor-element elementor-element-39134cc elementor-widget elementor-widget-text-editor\" data-id=\"39134cc\" data-element_type=\"widget\" data-widget_type=\"text-editor.default\">\n\t\t\t\t<div class=\"elementor-widget-container\">\n\t\t\t\t\t\t\t\t\t<p>Pilar uczy hiszpa\u0144skiego od 16 lat. <strong>Uko\u0144czy\u0142a filologi\u0119 hiszpa\u0144sk\u0105 i specjalizuje si\u0119 w nauczaniu j\u0119zyka hiszpa\u0144skiego jako j\u0119zyka obcego<\/strong>. Obecnie jest tw\u00f3rczyni\u0105 tre\u015bci i nauczycielk\u0105 hiszpa\u0144skiego.<\/p>\t\t\t\t\t\t\t\t<\/div>\n\t\t\t\t<\/div>\n\t\t\t\t\t<\/div>\n\t\t<\/div>\n\t\t\t\t<div class=\"elementor-column elementor-col-33 elementor-top-column elementor-element elementor-element-034e24f elementor-invisible\" data-id=\"034e24f\" data-element_type=\"column\" data-settings=\"{&quot;animation&quot;:&quot;slideInUp&quot;,&quot;background_background&quot;:&quot;gradient&quot;,&quot;animation_delay&quot;:200}\">\n\t\t\t<div class=\"elementor-widget-wrap elementor-element-populated\">\n\t\t\t\t\t\t<div class=\"elementor-element elementor-element-703980d elementor-widget elementor-widget-image\" data-id=\"703980d\" data-element_type=\"widget\" data-widget_type=\"image.default\">\n\t\t\t\t<div class=\"elementor-widget-container\">\n\t\t\t\t\t\t\t\t\t\t\t\t\t\t\t<img loading=\"lazy\" decoding=\"async\" width=\"430\" height=\"417\" src=\"https:\/\/conversaspanishinstitute.com\/wp-content\/uploads\/2022\/02\/andrea-buble-chat-1.jpg\" class=\"elementor-animation-grow attachment-large size-large wp-image-6794\" alt=\"\" srcset=\"https:\/\/conversaspanishinstitute.com\/wp-content\/uploads\/2022\/02\/andrea-buble-chat-1.jpg 430w, https:\/\/conversaspanishinstitute.com\/wp-content\/uploads\/2022\/02\/andrea-buble-chat-1-300x291.jpg 300w\" sizes=\"(max-width: 430px) 100vw, 430px\" \/>\t\t\t\t\t\t\t\t\t\t\t\t\t\t\t<\/div>\n\t\t\t\t<\/div>\n\t\t\t\t<div class=\"elementor-element elementor-element-64e1fb6 elementor-widget elementor-widget-heading\" data-id=\"64e1fb6\" data-element_type=\"widget\" data-widget_type=\"heading.default\">\n\t\t\t\t<div class=\"elementor-widget-container\">\n\t\t\t\t\t<h2 class=\"elementor-heading-title elementor-size-default\"><span>S<\/span><span class=\"gra\">Andrea Storey<\/span><\/h2>\t\t\t\t<\/div>\n\t\t\t\t<\/div>\n\t\t\t\t<div class=\"elementor-element elementor-element-b3041e9 elementor-widget elementor-widget-text-editor\" data-id=\"b3041e9\" data-element_type=\"widget\" data-widget_type=\"text-editor.default\">\n\t\t\t\t<div class=\"elementor-widget-container\">\n\t\t\t\t\t\t\t\t\t<p>Andrea uzyska\u0142a tytu\u0142 licencjata w dziedzinie edukacji hiszpa\u0144skiej i lingwistyki od <strong>Southern Illinois University<\/strong>. Jako studentka uniwersytetu by\u0142a asystentk\u0105 naukow\u0105 i pomaga\u0142a w restrukturyzacji programu studi\u00f3w w zakresie edukacji hiszpa\u0144skiej. Obecnie jest niezale\u017cn\u0105 t\u0142umaczk\u0105 i nauczycielk\u0105 j\u0119zyka hiszpa\u0144skiego.<\/p>\t\t\t\t\t\t\t\t<\/div>\n\t\t\t\t<\/div>\n\t\t\t\t\t<\/div>\n\t\t<\/div>\n\t\t\t\t\t<\/div>\n\t\t<\/section>\n\t\t\t\t<\/div>","protected":false},"excerpt":{"rendered":"<p>Caf\u00e9 z \u00c1lvaro Tutaj mo\u017cesz um\u00f3wi\u0107 si\u0119 na rozmow\u0119 z \u00c1lvaro, je\u015bli nie ma godziny, w kt\u00f3rej mo\u017cesz pracowa\u0107, napisz na adres alvaro@conversainstitute.com z Twoj\u0105 dyspozycyjno\u015bci\u0105, a my odpowiemy \ud83d\ude42 Jeste\u015bmy czym\u015b wi\u0119cej ni\u017c szko\u0142\u0105 j\u0119zykow\u0105 W Conversa Spanish Institute skupiamy si\u0119 na Twoim sposobie my\u015blenia i pomagamy przezwyci\u0119\u017cy\u0107 negatywne przekonania. Dzi\u0119ki naszemu unikalnemu podej\u015bciu, [...]<\/p>","protected":false},"author":1,"featured_media":0,"parent":0,"menu_order":0,"comment_status":"open","ping_status":"open","template":"elementor_header_footer","meta":{"_acf_changed":false,"footnotes":""},"class_list":["post-7938","page","type-page","status-publish","hentry"],"acf":[],"jetpack_sharing_enabled":true,"_links":{"self":[{"href":"https:\/\/conversaspanishinstitute.com\/pl\/wp-json\/wp\/v2\/pages\/7938","targetHints":{"allow":["GET"]}}],"collection":[{"href":"https:\/\/conversaspanishinstitute.com\/pl\/wp-json\/wp\/v2\/pages"}],"about":[{"href":"https:\/\/conversaspanishinstitute.com\/pl\/wp-json\/wp\/v2\/types\/page"}],"author":[{"embeddable":true,"href":"https:\/\/conversaspanishinstitute.com\/pl\/wp-json\/wp\/v2\/users\/1"}],"replies":[{"embeddable":true,"href":"https:\/\/conversaspanishinstitute.com\/pl\/wp-json\/wp\/v2\/comments?post=7938"}],"version-history":[{"count":0,"href":"https:\/\/conversaspanishinstitute.com\/pl\/wp-json\/wp\/v2\/pages\/7938\/revisions"}],"wp:attachment":[{"href":"https:\/\/conversaspanishinstitute.com\/pl\/wp-json\/wp\/v2\/media?parent=7938"}],"curies":[{"name":"wp","href":"https:\/\/api.w.org\/{rel}","templated":true}]}}