{"id":12247,"date":"2023-02-21T15:51:25","date_gmt":"2023-02-21T15:51:25","guid":{"rendered":"https:\/\/conversaspanishinstitute.com\/?post_type=product&#038;p=12247"},"modified":"2023-05-03T16:50:10","modified_gmt":"2023-05-03T16:50:10","slug":"lfschools","status":"publish","type":"product","link":"https:\/\/conversaspanishinstitute.com\/pl\/produkt\/lfschools\/","title":{"rendered":"LFSchools Spanish Immersion Trip &#8211; Sandra Tinoco"},"content":{"rendered":"<p>Wp\u0142a\u0107 pocz\u0105tkow\u0105 kwot\u0119 30% jako depozyt.<\/p>","protected":false},"excerpt":{"rendered":"<p>Curso de espa\u00f1ol 20h.<br \/>\n6 Actividades Culturales<br \/>\nKompleksowe zakwaterowanie dla rodzin<\/p>","protected":false},"featured_media":11334,"comment_status":"open","ping_status":"closed","template":"","meta":{"_acf_changed":false},"product_brand":[],"product_cat":[453],"product_tag":[],"class_list":{"0":"post-12247","1":"product","2":"type-product","3":"status-publish","4":"has-post-thumbnail","6":"product_cat-pagos","8":"first","9":"instock","10":"virtual","11":"sold-individually","12":"taxable","13":"purchasable","14":"product-type-simple"},"acf":[],"jetpack_sharing_enabled":true,"_links":{"self":[{"href":"https:\/\/conversaspanishinstitute.com\/pl\/wp-json\/wp\/v2\/product\/12247","targetHints":{"allow":["GET"]}}],"collection":[{"href":"https:\/\/conversaspanishinstitute.com\/pl\/wp-json\/wp\/v2\/product"}],"about":[{"href":"https:\/\/conversaspanishinstitute.com\/pl\/wp-json\/wp\/v2\/types\/product"}],"replies":[{"embeddable":true,"href":"https:\/\/conversaspanishinstitute.com\/pl\/wp-json\/wp\/v2\/comments?post=12247"}],"version-history":[{"count":0,"href":"https:\/\/conversaspanishinstitute.com\/pl\/wp-json\/wp\/v2\/product\/12247\/revisions"}],"wp:featuredmedia":[{"embeddable":true,"href":"https:\/\/conversaspanishinstitute.com\/pl\/wp-json\/wp\/v2\/media\/11334"}],"wp:attachment":[{"href":"https:\/\/conversaspanishinstitute.com\/pl\/wp-json\/wp\/v2\/media?parent=12247"}],"wp:term":[{"taxonomy":"product_brand","embeddable":true,"href":"https:\/\/conversaspanishinstitute.com\/pl\/wp-json\/wp\/v2\/product_brand?post=12247"},{"taxonomy":"product_cat","embeddable":true,"href":"https:\/\/conversaspanishinstitute.com\/pl\/wp-json\/wp\/v2\/product_cat?post=12247"},{"taxonomy":"product_tag","embeddable":true,"href":"https:\/\/conversaspanishinstitute.com\/pl\/wp-json\/wp\/v2\/product_tag?post=12247"}],"curies":[{"name":"wp","href":"https:\/\/api.w.org\/{rel}","templated":true}]}}