{"id":12458,"date":"2023-05-23T18:59:39","date_gmt":"2023-05-23T18:59:39","guid":{"rendered":"https:\/\/conversaspanishinstitute.com\/?post_type=product&#038;p=12458"},"modified":"2023-05-23T19:07:38","modified_gmt":"2023-05-23T19:07:38","slug":"programa-de-desarrollo-profesional-certificado-de-verano-para-profesores-de-espanol-en-valencia","status":"publish","type":"product","link":"https:\/\/conversaspanishinstitute.com\/pl\/produkt\/programa-de-desarrollo-profesional-certificado-de-verano-para-profesores-de-espanol-en-valencia\/","title":{"rendered":"Program desarrollo profesional certificado de verano para profesores de espa\u00f1ol en Valencia"},"content":{"rendered":"<p><strong>Co obejmuje formacja?<\/strong><\/p>\n<ul>\n<li>20 godzin zaj\u0119\u0107 wirtualnych + 20 godzin zaj\u0119\u0107 stacjonarnych w szkole Conversa Spanish Institute<\/li>\n<li>Bezp\u0142atny dost\u0119p do formacji ci\u0105g\u0142ej ELEInternacional przez okres jednego roku<\/li>\n<li>Wycieczka do centrum Walencji<\/li>\n<li>Certificado de asistencia<\/li>\n<\/ul>\n<p>*Nie obejmuje zakwaterowania, transportu i obs\u0142ugi podczas pobytu.<\/p>\n<p><strong>Jakie tre\u015bci zawiera szkolenie?<\/strong><\/p>\n<ul>\n<li><strong>Program kursu wirtualnego <\/strong>(za po\u015brednictwem platformy edukacyjnej) - 20 godzin\n<ul>\n<li><u>Modu\u0142 1 Nauczanie j\u0119zyk\u00f3w obcych dzieci i m\u0142odzie\u017cy<\/u> (4 godziny)\n<ul>\n<li>Etapy rozwoju poznawczego niemowl\u0105t (2 godz.)<\/li>\n<li>Jak uczy\u0107 m\u0142odzie\u017c (2 godz.)<\/li>\n<\/ul>\n<\/li>\n<li><u>M\u00f3dulo 2 La ense\u00f1anza de los contenidos del curr\u00edculo<\/u> (4 h)\n<ul>\n<li>La ense\u00f1anza del l\u00e9xico (2 godz.)<\/li>\n<li>Nauka wymowy, intonacji i ortografii (2 godz.)<\/li>\n<\/ul>\n<\/li>\n<li><u>M\u00f3dulo 3 Factores individuales en la ense\u00f1anza de idiomas I<\/u> (4h)\n<ul>\n<li>El tratamiento del error (2h)<\/li>\n<li>Odpowiedzialna nauka (2 godz.)<\/li>\n<\/ul>\n<\/li>\n<li><u>Modu\u0142 4 Czynniki indywidualne w nauczaniu j\u0119zyk\u00f3w obcych II<\/u> (4h)\n<ul>\n<li>Zmiany w czynnikach\/procesach poznawczych absolwenta L2\/LE(I) (2h)<\/li>\n<li>Zmiany w czynnikach\/procesach poznawczych absolwenta L2\/LE(II) (2h)<\/li>\n<\/ul>\n<\/li>\n<li><u>Modu\u0142 5 Tworzenie materia\u0142\u00f3w dydaktycznych<\/u> (4h)\n<ul>\n<li>Projektowanie materia\u0142\u00f3w za pomoc\u0105 Canva (1h)<\/li>\n<li>Projektowanie materia\u0142\u00f3w z <em>Power Point<\/em> (3h)<\/li>\n<\/ul>\n<\/li>\n<li><strong>Program szkolenia wst\u0119pnego<\/strong> (Walencja) - 20 godzin\n<ul>\n<li>Lunes - <u>Modu\u0142 1 Nauczanie j\u0119zyk\u00f3w obcych dzieci i m\u0142odzie\u017cy<\/u> (4h)\n<ul>\n<li>La motivaci\u00f3n en el aula de espa\u00f1ol (2h)<\/li>\n<li>Zarz\u0105dzanie aul\u0105 i zarz\u0105dzanie grup\u0105 (2 godz.)<\/li>\n<\/ul>\n<\/li>\n<li>Martes - <u>M\u00f3dulo 2 La ense\u00f1anza de los contenidos del curr\u00edculo<\/u> (4 h)\n<ul>\n<li>Ense\u00f1anza de la gram\u00e1tica. Nuevas perspectivas (2h)<\/li>\n<li>Komponent mi\u0119dzykulturowy (2 h)<\/li>\n<\/ul>\n<\/li>\n<li>Mi\u00e9rcoles - <u>M\u00f3dulo 3 Factores individuales en la ense\u00f1anza de idiomas I<\/u> (4h)\n<ul>\n<li>Aprendizaje emocional y afectivo (2h)<\/li>\n<li>Jak radzi\u0107 sobie z emocjami w auli (2 godz.)<\/li>\n<\/ul>\n<\/li>\n<li>Jueves - <u>Modu\u0142 4 Czynniki indywidualne w nauczaniu j\u0119zyk\u00f3w obcych II<\/u> (4h)\n<ul>\n<li>Rozw\u00f3j to\u017csamo\u015bci j\u0119zykowej (2 godz.)<\/li>\n<li>Pom\u00f3\u017c uczniom odnale\u017a\u0107 ich w\u0142asny g\u0142os w j\u0119zyku hiszpa\u0144skim (2h)<\/li>\n<\/ul>\n<\/li>\n<li>Viernes - <u>Modu\u0142 5 Tworzenie materia\u0142\u00f3w dydaktycznych<\/u> (4h)\n<ul>\n<li>Gamificaci\u00f3n (2h)<\/li>\n<li>Korzystanie z platform i narz\u0119dzi cyfrowych (2 godz.)<\/li>\n<\/ul>\n<\/li>\n<\/ul>\n<\/li>\n<\/ul>\n<\/li>\n<\/ul>","protected":false},"excerpt":{"rendered":"<p><strong>Co obejmuje formacja?<\/strong><\/p>\n<ul>\n<li>20 godzin zaj\u0119\u0107 wirtualnych + 20 godzin zaj\u0119\u0107 stacjonarnych w szkole Conversa Spanish Institute<\/li>\n<li>Bezp\u0142atny dost\u0119p do formacji ci\u0105g\u0142ej ELEInternacional przez okres jednego roku<\/li>\n<li>Wycieczka do centrum Walencji<\/li>\n<li>Certificado de asistencia<\/li>\n<\/ul>\n<p><strong>Dost\u0119pne opcje<\/strong><\/p>\n<ul>\n<li>17 al 21 de julio<\/li>\n<li>31 julio al 5 de agosto<\/li>\n<\/ul>\n<p>*Nie obejmuje zakwaterowania, transportu i obs\u0142ugi podczas pobytu.<\/p>","protected":false},"featured_media":12459,"comment_status":"open","ping_status":"closed","template":"","meta":{"_acf_changed":false},"product_brand":[],"product_cat":[490],"product_tag":[],"class_list":{"0":"post-12458","1":"product","2":"type-product","3":"status-publish","4":"has-post-thumbnail","6":"product_cat-verano","8":"first","9":"instock","10":"virtual","11":"taxable","12":"purchasable","13":"product-type-simple"},"acf":[],"jetpack_sharing_enabled":true,"_links":{"self":[{"href":"https:\/\/conversaspanishinstitute.com\/pl\/wp-json\/wp\/v2\/product\/12458","targetHints":{"allow":["GET"]}}],"collection":[{"href":"https:\/\/conversaspanishinstitute.com\/pl\/wp-json\/wp\/v2\/product"}],"about":[{"href":"https:\/\/conversaspanishinstitute.com\/pl\/wp-json\/wp\/v2\/types\/product"}],"replies":[{"embeddable":true,"href":"https:\/\/conversaspanishinstitute.com\/pl\/wp-json\/wp\/v2\/comments?post=12458"}],"version-history":[{"count":0,"href":"https:\/\/conversaspanishinstitute.com\/pl\/wp-json\/wp\/v2\/product\/12458\/revisions"}],"wp:featuredmedia":[{"embeddable":true,"href":"https:\/\/conversaspanishinstitute.com\/pl\/wp-json\/wp\/v2\/media\/12459"}],"wp:attachment":[{"href":"https:\/\/conversaspanishinstitute.com\/pl\/wp-json\/wp\/v2\/media?parent=12458"}],"wp:term":[{"taxonomy":"product_brand","embeddable":true,"href":"https:\/\/conversaspanishinstitute.com\/pl\/wp-json\/wp\/v2\/product_brand?post=12458"},{"taxonomy":"product_cat","embeddable":true,"href":"https:\/\/conversaspanishinstitute.com\/pl\/wp-json\/wp\/v2\/product_cat?post=12458"},{"taxonomy":"product_tag","embeddable":true,"href":"https:\/\/conversaspanishinstitute.com\/pl\/wp-json\/wp\/v2\/product_tag?post=12458"}],"curies":[{"name":"wp","href":"https:\/\/api.w.org\/{rel}","templated":true}]}}