{"id":14001,"date":"2024-03-24T18:23:51","date_gmt":"2024-03-24T18:23:51","guid":{"rendered":"https:\/\/conversaspanishinstitute.com\/?post_type=product&#038;p=14001"},"modified":"2024-03-24T18:26:08","modified_gmt":"2024-03-24T18:26:08","slug":"dostep-do-kursow-dozywotnich","status":"publish","type":"product","link":"https:\/\/conversaspanishinstitute.com\/pl\/produkt\/dostep-do-kursow-dozywotnich\/","title":{"rendered":"Dost\u0119p do kurs\u00f3w LIFETIME w j\u0119zyku hiszpa\u0144skim Conversa"},"content":{"rendered":"","protected":false},"excerpt":{"rendered":"","protected":false},"featured_media":13665,"comment_status":"open","ping_status":"closed","template":"","meta":{"_acf_changed":false},"product_brand":[],"product_cat":[300],"product_tag":[],"class_list":{"0":"post-14001","1":"product","2":"type-product","3":"status-publish","4":"has-post-thumbnail","6":"product_cat-cursos-online","8":"first","9":"instock","10":"sale","11":"taxable","12":"shipping-taxable","13":"purchasable","14":"product-type-simple"},"acf":[],"jetpack_sharing_enabled":true,"_links":{"self":[{"href":"https:\/\/conversaspanishinstitute.com\/pl\/wp-json\/wp\/v2\/product\/14001","targetHints":{"allow":["GET"]}}],"collection":[{"href":"https:\/\/conversaspanishinstitute.com\/pl\/wp-json\/wp\/v2\/product"}],"about":[{"href":"https:\/\/conversaspanishinstitute.com\/pl\/wp-json\/wp\/v2\/types\/product"}],"replies":[{"embeddable":true,"href":"https:\/\/conversaspanishinstitute.com\/pl\/wp-json\/wp\/v2\/comments?post=14001"}],"version-history":[{"count":2,"href":"https:\/\/conversaspanishinstitute.com\/pl\/wp-json\/wp\/v2\/product\/14001\/revisions"}],"predecessor-version":[{"id":14003,"href":"https:\/\/conversaspanishinstitute.com\/pl\/wp-json\/wp\/v2\/product\/14001\/revisions\/14003"}],"wp:featuredmedia":[{"embeddable":true,"href":"https:\/\/conversaspanishinstitute.com\/pl\/wp-json\/wp\/v2\/media\/13665"}],"wp:attachment":[{"href":"https:\/\/conversaspanishinstitute.com\/pl\/wp-json\/wp\/v2\/media?parent=14001"}],"wp:term":[{"taxonomy":"product_brand","embeddable":true,"href":"https:\/\/conversaspanishinstitute.com\/pl\/wp-json\/wp\/v2\/product_brand?post=14001"},{"taxonomy":"product_cat","embeddable":true,"href":"https:\/\/conversaspanishinstitute.com\/pl\/wp-json\/wp\/v2\/product_cat?post=14001"},{"taxonomy":"product_tag","embeddable":true,"href":"https:\/\/conversaspanishinstitute.com\/pl\/wp-json\/wp\/v2\/product_tag?post=14001"}],"curies":[{"name":"wp","href":"https:\/\/api.w.org\/{rel}","templated":true}]}}