{"id":17055,"date":"2024-12-04T12:06:07","date_gmt":"2024-12-04T11:06:07","guid":{"rendered":"https:\/\/conversaspanishinstitute.com\/?post_type=product&#038;p=17055"},"modified":"2025-08-19T20:33:30","modified_gmt":"2025-08-19T18:33:30","slug":"naucz-sie-hiszpanskiego-aby-zamieszkac-w-hiszpanii-ebook","status":"publish","type":"product","link":"https:\/\/conversaspanishinstitute.com\/pl\/produkt\/naucz-sie-hiszpanskiego-aby-zamieszkac-w-hiszpanii-ebook\/","title":{"rendered":"Naucz si\u0119 hiszpa\u0144skiego, aby zamieszka\u0107 w Hiszpanii eBook"},"content":{"rendered":"<p>Planujesz mieszka\u0107, pracowa\u0107 lub podr\u00f3\u017cowa\u0107 po Hiszpanii? Ten niezb\u0119dny przewodnik do nauki hiszpa\u0144skiego jest przeznaczony dla ka\u017cdego, kto chce pewnie komunikowa\u0107 si\u0119 w \u017cyciu codziennym. Niezale\u017cnie od tego, czy poruszasz si\u0119 po biurokracji, robisz zakupy na lokalnych rynkach, czy te\u017c nawi\u0105zujesz nowe znajomo\u015bci, ten praktyczny ebook dostarczy Ci kluczowego s\u0142ownictwa, wyja\u015bnie\u0144 gramatycznych i typowych zwrot\u00f3w, kt\u00f3rych potrzebujesz.<\/p>\n<p>&nbsp;<\/p>\n<p>\u2714\ufe0f Obejmuje rzeczywiste sytuacje w Hiszpanii<\/p>\n<p>\u2714\ufe0f Jasne wyja\u015bnienia gramatyczne<\/p>\n<p>\u2714\ufe0f Przydatne s\u0142ownictwo na co dzie\u0144 conversations<\/p>\n<p>\u2714\ufe0f Idealny dla pocz\u0105tkuj\u0105cych i \u015brednio zaawansowanych<\/p>\n<p>&nbsp;<\/p>\n<p>Pobierz teraz i zacznij m\u00f3wi\u0107 po hiszpa\u0144sku z pewno\u015bci\u0105 siebie!<\/p>","protected":false},"excerpt":{"rendered":"<p>Planujesz mieszka\u0107, pracowa\u0107 lub podr\u00f3\u017cowa\u0107 po Hiszpanii? Ten niezb\u0119dny przewodnik do nauki hiszpa\u0144skiego jest przeznaczony dla ka\u017cdego, kto chce pewnie komunikowa\u0107 si\u0119 w \u017cyciu codziennym. Niezale\u017cnie od tego, czy poruszasz si\u0119 po biurokracji, robisz zakupy na lokalnych rynkach, czy te\u017c nawi\u0105zujesz nowe znajomo\u015bci, ten praktyczny ebook dostarczy Ci kluczowego s\u0142ownictwa, wyja\u015bnie\u0144 gramatycznych i typowych zwrot\u00f3w, kt\u00f3rych potrzebujesz.<\/p>\n<p>&nbsp;<\/p>\n<p>\u2714\ufe0f Obejmuje rzeczywiste sytuacje w Hiszpanii<\/p>\n<p>\u2714\ufe0f Jasne wyja\u015bnienia gramatyczne<\/p>\n<p>\u2714\ufe0f Przydatne s\u0142ownictwo na co dzie\u0144 conversations<\/p>\n<p>\u2714\ufe0f Idealny dla pocz\u0105tkuj\u0105cych i \u015brednio zaawansowanych<\/p>\n<p>&nbsp;<\/p>\n<p>Pobierz teraz i zacznij m\u00f3wi\u0107 po hiszpa\u0144sku z pewno\u015bci\u0105 siebie!<\/p>","protected":false},"featured_media":17056,"comment_status":"open","ping_status":"closed","template":"","meta":{"_acf_changed":false},"product_brand":[],"product_cat":[608],"product_tag":[],"class_list":{"0":"post-17055","1":"product","2":"type-product","3":"status-publish","4":"has-post-thumbnail","6":"product_cat-ebooks","8":"first","9":"instock","10":"sale","11":"downloadable","12":"taxable","13":"shipping-taxable","14":"purchasable","15":"product-type-simple"},"acf":[],"jetpack_sharing_enabled":true,"_links":{"self":[{"href":"https:\/\/conversaspanishinstitute.com\/pl\/wp-json\/wp\/v2\/product\/17055","targetHints":{"allow":["GET"]}}],"collection":[{"href":"https:\/\/conversaspanishinstitute.com\/pl\/wp-json\/wp\/v2\/product"}],"about":[{"href":"https:\/\/conversaspanishinstitute.com\/pl\/wp-json\/wp\/v2\/types\/product"}],"replies":[{"embeddable":true,"href":"https:\/\/conversaspanishinstitute.com\/pl\/wp-json\/wp\/v2\/comments?post=17055"}],"version-history":[{"count":4,"href":"https:\/\/conversaspanishinstitute.com\/pl\/wp-json\/wp\/v2\/product\/17055\/revisions"}],"predecessor-version":[{"id":17625,"href":"https:\/\/conversaspanishinstitute.com\/pl\/wp-json\/wp\/v2\/product\/17055\/revisions\/17625"}],"wp:featuredmedia":[{"embeddable":true,"href":"https:\/\/conversaspanishinstitute.com\/pl\/wp-json\/wp\/v2\/media\/17056"}],"wp:attachment":[{"href":"https:\/\/conversaspanishinstitute.com\/pl\/wp-json\/wp\/v2\/media?parent=17055"}],"wp:term":[{"taxonomy":"product_brand","embeddable":true,"href":"https:\/\/conversaspanishinstitute.com\/pl\/wp-json\/wp\/v2\/product_brand?post=17055"},{"taxonomy":"product_cat","embeddable":true,"href":"https:\/\/conversaspanishinstitute.com\/pl\/wp-json\/wp\/v2\/product_cat?post=17055"},{"taxonomy":"product_tag","embeddable":true,"href":"https:\/\/conversaspanishinstitute.com\/pl\/wp-json\/wp\/v2\/product_tag?post=17055"}],"curies":[{"name":"wp","href":"https:\/\/api.w.org\/{rel}","templated":true}]}}