{"id":17068,"date":"2024-12-09T14:40:21","date_gmt":"2024-12-09T13:40:21","guid":{"rendered":"https:\/\/conversaspanishinstitute.com\/?post_type=product&#038;p=17068"},"modified":"2025-06-30T12:52:35","modified_gmt":"2025-06-30T10:52:35","slug":"kursy-jezyka-hiszpanskiego-trwajace-36-semestrow","status":"publish","type":"product","link":"https:\/\/conversaspanishinstitute.com\/pl\/produkt\/kursy-jezyka-hiszpanskiego-trwajace-36-semestrow\/","title":{"rendered":"Kursy j\u0119zyka hiszpa\u0144skiego o d\u0142u\u017cszym czasie trwania | 36 semanas"},"content":{"rendered":"<p>Kurs sk\u0142ada si\u0119 z\u00a0<strong>20 godzin<\/strong>\u00a0por semana durante<strong>\u00a06 miesi\u0119cy lub wi\u0119cej\u00a0<\/strong>w tym materia\u0142y i wspania\u0142y pakiet powitalny.<\/p>","protected":false},"excerpt":{"rendered":"<p>Curso espa\u00f1ol 20h\/semana - 36 semanas (9 meses descuento incluido)<\/p>","protected":false},"featured_media":18857,"comment_status":"open","ping_status":"closed","template":"","meta":{"_acf_changed":false},"product_brand":[],"product_cat":[603],"product_tag":[],"class_list":{"0":"post-17068","1":"product","2":"type-product","3":"status-publish","4":"has-post-thumbnail","6":"product_cat-curso-larga-duracion","8":"first","9":"instock","10":"purchasable","11":"product-type-simple"},"acf":[],"jetpack_sharing_enabled":true,"_links":{"self":[{"href":"https:\/\/conversaspanishinstitute.com\/pl\/wp-json\/wp\/v2\/product\/17068","targetHints":{"allow":["GET"]}}],"collection":[{"href":"https:\/\/conversaspanishinstitute.com\/pl\/wp-json\/wp\/v2\/product"}],"about":[{"href":"https:\/\/conversaspanishinstitute.com\/pl\/wp-json\/wp\/v2\/types\/product"}],"replies":[{"embeddable":true,"href":"https:\/\/conversaspanishinstitute.com\/pl\/wp-json\/wp\/v2\/comments?post=17068"}],"version-history":[{"count":3,"href":"https:\/\/conversaspanishinstitute.com\/pl\/wp-json\/wp\/v2\/product\/17068\/revisions"}],"predecessor-version":[{"id":17589,"href":"https:\/\/conversaspanishinstitute.com\/pl\/wp-json\/wp\/v2\/product\/17068\/revisions\/17589"}],"wp:featuredmedia":[{"embeddable":true,"href":"https:\/\/conversaspanishinstitute.com\/pl\/wp-json\/wp\/v2\/media\/18857"}],"wp:attachment":[{"href":"https:\/\/conversaspanishinstitute.com\/pl\/wp-json\/wp\/v2\/media?parent=17068"}],"wp:term":[{"taxonomy":"product_brand","embeddable":true,"href":"https:\/\/conversaspanishinstitute.com\/pl\/wp-json\/wp\/v2\/product_brand?post=17068"},{"taxonomy":"product_cat","embeddable":true,"href":"https:\/\/conversaspanishinstitute.com\/pl\/wp-json\/wp\/v2\/product_cat?post=17068"},{"taxonomy":"product_tag","embeddable":true,"href":"https:\/\/conversaspanishinstitute.com\/pl\/wp-json\/wp\/v2\/product_tag?post=17068"}],"curies":[{"name":"wp","href":"https:\/\/api.w.org\/{rel}","templated":true}]}}