{"id":19067,"date":"2025-09-10T11:43:11","date_gmt":"2025-09-10T09:43:11","guid":{"rendered":"https:\/\/conversaspanishinstitute.com\/?post_type=product&#038;p=19067"},"modified":"2025-09-10T11:43:12","modified_gmt":"2025-09-10T09:43:12","slug":"pakiet-6-godzin-indywidualnych","status":"publish","type":"product","link":"https:\/\/conversaspanishinstitute.com\/pl\/produkt\/pakiet-6-godzin-indywidualnych\/","title":{"rendered":"Pakiet 6 godzin indywidualnych"},"content":{"rendered":"<p>Pakiet 6 godzin zaj\u0119\u0107 indywidualnych z j\u0119zyka hiszpa\u0144skiego.<\/p>","protected":false},"excerpt":{"rendered":"<p>Pakiet 6 godzin zaj\u0119\u0107 indywidualnych z j\u0119zyka hiszpa\u0144skiego.<\/p>","protected":false},"featured_media":0,"comment_status":"open","ping_status":"closed","template":"","meta":{"_acf_changed":false},"product_brand":[],"product_cat":[429],"product_tag":[],"class_list":{"0":"post-19067","1":"product","2":"type-product","3":"status-publish","5":"product_cat-cursos-individuales","7":"first","8":"instock","9":"taxable","10":"shipping-taxable","11":"purchasable","12":"product-type-simple"},"acf":[],"jetpack_sharing_enabled":true,"_links":{"self":[{"href":"https:\/\/conversaspanishinstitute.com\/pl\/wp-json\/wp\/v2\/product\/19067","targetHints":{"allow":["GET"]}}],"collection":[{"href":"https:\/\/conversaspanishinstitute.com\/pl\/wp-json\/wp\/v2\/product"}],"about":[{"href":"https:\/\/conversaspanishinstitute.com\/pl\/wp-json\/wp\/v2\/types\/product"}],"replies":[{"embeddable":true,"href":"https:\/\/conversaspanishinstitute.com\/pl\/wp-json\/wp\/v2\/comments?post=19067"}],"version-history":[{"count":1,"href":"https:\/\/conversaspanishinstitute.com\/pl\/wp-json\/wp\/v2\/product\/19067\/revisions"}],"predecessor-version":[{"id":19068,"href":"https:\/\/conversaspanishinstitute.com\/pl\/wp-json\/wp\/v2\/product\/19067\/revisions\/19068"}],"wp:attachment":[{"href":"https:\/\/conversaspanishinstitute.com\/pl\/wp-json\/wp\/v2\/media?parent=19067"}],"wp:term":[{"taxonomy":"product_brand","embeddable":true,"href":"https:\/\/conversaspanishinstitute.com\/pl\/wp-json\/wp\/v2\/product_brand?post=19067"},{"taxonomy":"product_cat","embeddable":true,"href":"https:\/\/conversaspanishinstitute.com\/pl\/wp-json\/wp\/v2\/product_cat?post=19067"},{"taxonomy":"product_tag","embeddable":true,"href":"https:\/\/conversaspanishinstitute.com\/pl\/wp-json\/wp\/v2\/product_tag?post=19067"}],"curies":[{"name":"wp","href":"https:\/\/api.w.org\/{rel}","templated":true}]}}