{"id":19091,"date":"2025-09-12T10:59:50","date_gmt":"2025-09-12T08:59:50","guid":{"rendered":"https:\/\/conversaspanishinstitute.com\/?post_type=product&#038;p=19091"},"modified":"2025-09-12T11:02:49","modified_gmt":"2025-09-12T09:02:49","slug":"przygotowanie-do-egzaminow-z-jezyka-hiszpanskiego-dele-y-siele-en-grupo-40-horas","status":"publish","type":"product","link":"https:\/\/conversaspanishinstitute.com\/pl\/produkt\/przygotowanie-do-egzaminow-z-jezyka-hiszpanskiego-dele-y-siele-en-grupo-40-horas\/","title":{"rendered":"Przygotowanie do egzamin\u00f3w z j\u0119zyka hiszpa\u0144skiego DELE i SIELE w grupie 40-godzinnej"},"content":{"rendered":"<p>Przygotowanie zaj\u0119\u0107 z j\u0119zyka hiszpa\u0144skiego DELE i SIELE w trybie grupowym (40 godzin miesi\u0119cznie).<\/p>","protected":false},"excerpt":{"rendered":"<p>Przygotowanie zaj\u0119\u0107 z j\u0119zyka hiszpa\u0144skiego DELE i SIELE w trybie grupowym (40 godzin miesi\u0119cznie).<\/p>","protected":false},"featured_media":18007,"comment_status":"open","ping_status":"closed","template":"","meta":{"_acf_changed":false},"product_brand":[],"product_cat":[268],"product_tag":[],"class_list":{"0":"post-19091","1":"product","2":"type-product","3":"status-publish","4":"has-post-thumbnail","6":"product_cat-preparacion-dele","8":"first","9":"instock","10":"purchasable","11":"product-type-simple"},"acf":[],"jetpack_sharing_enabled":true,"_links":{"self":[{"href":"https:\/\/conversaspanishinstitute.com\/pl\/wp-json\/wp\/v2\/product\/19091","targetHints":{"allow":["GET"]}}],"collection":[{"href":"https:\/\/conversaspanishinstitute.com\/pl\/wp-json\/wp\/v2\/product"}],"about":[{"href":"https:\/\/conversaspanishinstitute.com\/pl\/wp-json\/wp\/v2\/types\/product"}],"replies":[{"embeddable":true,"href":"https:\/\/conversaspanishinstitute.com\/pl\/wp-json\/wp\/v2\/comments?post=19091"}],"version-history":[{"count":1,"href":"https:\/\/conversaspanishinstitute.com\/pl\/wp-json\/wp\/v2\/product\/19091\/revisions"}],"predecessor-version":[{"id":19093,"href":"https:\/\/conversaspanishinstitute.com\/pl\/wp-json\/wp\/v2\/product\/19091\/revisions\/19093"}],"wp:featuredmedia":[{"embeddable":true,"href":"https:\/\/conversaspanishinstitute.com\/pl\/wp-json\/wp\/v2\/media\/18007"}],"wp:attachment":[{"href":"https:\/\/conversaspanishinstitute.com\/pl\/wp-json\/wp\/v2\/media?parent=19091"}],"wp:term":[{"taxonomy":"product_brand","embeddable":true,"href":"https:\/\/conversaspanishinstitute.com\/pl\/wp-json\/wp\/v2\/product_brand?post=19091"},{"taxonomy":"product_cat","embeddable":true,"href":"https:\/\/conversaspanishinstitute.com\/pl\/wp-json\/wp\/v2\/product_cat?post=19091"},{"taxonomy":"product_tag","embeddable":true,"href":"https:\/\/conversaspanishinstitute.com\/pl\/wp-json\/wp\/v2\/product_tag?post=19091"}],"curies":[{"name":"wp","href":"https:\/\/api.w.org\/{rel}","templated":true}]}}