{"id":19231,"date":"2025-10-20T12:17:18","date_gmt":"2025-10-20T10:17:18","guid":{"rendered":"https:\/\/conversaspanishinstitute.com\/?post_type=product&#038;p=19231"},"modified":"2025-10-20T12:20:59","modified_gmt":"2025-10-20T10:20:59","slug":"kursy-jezyka-hiszpanskiego-trwajace-46-semestrow","status":"publish","type":"product","link":"https:\/\/conversaspanishinstitute.com\/pl\/produkt\/kursy-jezyka-hiszpanskiego-trwajace-46-semestrow\/","title":{"rendered":"Kursy j\u0119zyka hiszpa\u0144skiego o d\u0142u\u017cszym czasie trwania | 46 semanas"},"content":{"rendered":"<p>Kurs sk\u0142ada si\u0119 z\u00a0<strong>20 godzin<\/strong>\u00a0por semana durante<strong> 46 semanas <\/strong>w tym materia\u0142y i wspania\u0142y pakiet powitalny.<\/p>","protected":false},"excerpt":{"rendered":"<p>Curso espa\u00f1ol 20h\/semana &#8211; 46 semanas<\/p>","protected":false},"featured_media":18908,"comment_status":"open","ping_status":"closed","template":"","meta":{"_acf_changed":false},"product_brand":[],"product_cat":[603],"product_tag":[],"class_list":{"0":"post-19231","1":"product","2":"type-product","3":"status-publish","4":"has-post-thumbnail","6":"product_cat-curso-larga-duracion","8":"first","9":"instock","10":"purchasable","11":"product-type-simple"},"acf":[],"jetpack_sharing_enabled":true,"_links":{"self":[{"href":"https:\/\/conversaspanishinstitute.com\/pl\/wp-json\/wp\/v2\/product\/19231","targetHints":{"allow":["GET"]}}],"collection":[{"href":"https:\/\/conversaspanishinstitute.com\/pl\/wp-json\/wp\/v2\/product"}],"about":[{"href":"https:\/\/conversaspanishinstitute.com\/pl\/wp-json\/wp\/v2\/types\/product"}],"replies":[{"embeddable":true,"href":"https:\/\/conversaspanishinstitute.com\/pl\/wp-json\/wp\/v2\/comments?post=19231"}],"version-history":[{"count":1,"href":"https:\/\/conversaspanishinstitute.com\/pl\/wp-json\/wp\/v2\/product\/19231\/revisions"}],"predecessor-version":[{"id":19232,"href":"https:\/\/conversaspanishinstitute.com\/pl\/wp-json\/wp\/v2\/product\/19231\/revisions\/19232"}],"wp:featuredmedia":[{"embeddable":true,"href":"https:\/\/conversaspanishinstitute.com\/pl\/wp-json\/wp\/v2\/media\/18908"}],"wp:attachment":[{"href":"https:\/\/conversaspanishinstitute.com\/pl\/wp-json\/wp\/v2\/media?parent=19231"}],"wp:term":[{"taxonomy":"product_brand","embeddable":true,"href":"https:\/\/conversaspanishinstitute.com\/pl\/wp-json\/wp\/v2\/product_brand?post=19231"},{"taxonomy":"product_cat","embeddable":true,"href":"https:\/\/conversaspanishinstitute.com\/pl\/wp-json\/wp\/v2\/product_cat?post=19231"},{"taxonomy":"product_tag","embeddable":true,"href":"https:\/\/conversaspanishinstitute.com\/pl\/wp-json\/wp\/v2\/product_tag?post=19231"}],"curies":[{"name":"wp","href":"https:\/\/api.w.org\/{rel}","templated":true}]}}